{"id":10022,"date":"2022-10-21T13:06:53","date_gmt":"2022-10-21T11:06:53","guid":{"rendered":"http:\/\/kamagraeu.net\/at\/?page_id=10022"},"modified":"2022-12-27T14:05:09","modified_gmt":"2022-12-27T13:05:09","slug":"versand-lieferung","status":"publish","type":"page","link":"https:\/\/kamagraeu.net\/at\/versand-lieferung\/","title":{"rendered":"Versand &#038; Lieferung"},"content":{"rendered":"<h4>Versand &amp; Lieferung<\/h4>\n<p>Die meist gestellten Fragen \u00fcber Versand und Lieferung.<\/p>\n<h4 class=\"document\">Was geschieht mit meiner Bestellung, wenn ich nicht zu Hause bin?<\/h4>\n<p>Bei den meisten Sendungen handelt es sich um Einschreiben. Bei Abwesenheit l\u00e4sst der Mitarbeiter des Paketdienstes eine Mitteilung in Ihrem Briefkasten zur\u00fcck oder versucht, Sie telefonisch zu erreichen. Anhand Ihrer Track&amp;Trace-Daten in Ihrem KamagraOriginal.net-Konto oder bei Ihrem Kurierdienst, ist es m\u00f6glich den Versandstatus einzusehen. Wenn Sie das P\u00e4ckchen nicht pers\u00f6nlich vom Kurierdienst in Empfang nehmen konnten, nehmen Sie bitte selbst mit dem Kurierdienst Kontakt auf und vereinbaren Sie einen neuen Liefertermin. Anderenfalls wird Ihr P\u00e4ckchen nach einigen Tagen an die Apotheke zur\u00fcckgeschickt. Es k\u00f6nnen zus\u00e4tzliche Kosten durch den Kurierdienst gefordert werden, wenn Ihr Paket erneut versendet werden muss.<\/p>\n<h4>Wann kann ich meine Bestellung erwarten?<\/h4>\n<p>Anfragen, die aufgegeben und bereits abgerechnet wurden, werden am gleichen Tag an einen der mit uns zusammenarbeitenden \u00c4rzte weitergeleitet. Der Arzt bem\u00fcht sich, Ihre Anfrage ebenfalls noch am gleichen Tag zu beurteilen. Eventuell ausgestellte Rezepte k\u00f6nnen wir auf Kundenwunsch sofort an eine Apotheke weiterleiten, die sich daraufhin um die schnellstm\u00f6gliche Lieferung k\u00fcmmert. Nach Erhalt Ihrer Zahlung dauert es voraussichtlich 1 bis 3 Arbeitstage, bis die Bestellung geliefert wird.<\/p>\n<h4>Wie wird meine Bestellung verschickt?<\/h4>\n<p>Wenn wir auf Kundenwunsch das Rezept an eine Versandapotheke senden, wird Ihre Bestellung diskret verpackt und Sie erhalten Ihre Medikamente direkt nach Hause geliefert. Der Kurierdienst bittet bei der Zustellung in der Regel um eine Unterschrift; hier sind jedoch Ausnahmen m\u00f6glich. Ihre Bestellung wird in neutraler Verpackung verschickt, sodass Diskretion gew\u00e4hrleistet ist.<\/p>\n<h4>Was sind die Versandkosten?<\/h4>\n<p>Die Versandkosten betragen bei allen Bestellungen 5-10 \u20ac. Alle Bestellungen \u00fcber \u20ac 200 qualifizieren f\u00fcr einen kostenlosen Versand.<\/p>\n<h4>An welche Standorte liefern Sie?<\/h4>\n<p>Die Apotheken, mit denen wir arbeiten, liefern in fast alle L\u00e4nder Europas.<\/p>\n<h4>Was sind die durchschnittlichen Lieferzeiten?<\/h4>\n<table>\n<tbody>\n<tr>\n<td>\u00d6sterreich<\/td>\n<td>geliefert in 3-5 Werktagen<\/td>\n<\/tr>\n<tr>\n<td>Belgien<\/td>\n<td>geliefert in 3-6 Werktagen<\/td>\n<\/tr>\n<tr>\n<td>Tschechische Republik<\/td>\n<td>geliefert in 2-3 Werktagen<\/td>\n<\/tr>\n<tr>\n<td>Deutschland<\/td>\n<td>geliefert in 3-5 Werktagen<\/td>\n<\/tr>\n<tr>\n<td>Luxemburg<\/td>\n<td>geliefert in 3-5 Werktagen<\/td>\n<\/tr>\n<tr>\n<td>Niederlande<\/td>\n<td>geliefert in 3-6 Werktagen<\/td>\n<\/tr>\n<tr>\n<td>Polen<\/td>\n<td>geliefert in 2-3 Werktagen<\/td>\n<\/tr>\n<tr>\n<td>Slowakei<\/td>\n<td>geliefert in 1-2 Werktagen<\/td>\n<\/tr>\n<tr>\n<td>Andere L\u00e4nder<\/td>\n<td>geliefert in 3-7 Werktagen<\/td>\n<\/tr>\n<tr>\n<td><\/td>\n<td><\/td>\n<\/tr>\n<\/tbody>\n<\/table>\n<h4>Liefern Sie nach USA, Kanada oder S\u00fcdamerika?<\/h4>\n<p>Nein, wir liefern nicht in diesen L\u00e4ndern.<\/p>\n<h4>Verf\u00fcgt KamagraOriginal.to \u00fcber ein EU-G\u00fctezeichen f\u00fcr Internetapotheken?<\/h4>\n<p>Nein, KamagraOriginal.to ist keine Internetapotheke und verf\u00fcgt daher \u00fcber kein EU-G\u00fctezeichen. Unsere Partnerapotheken hingegen besitzen dieses G\u00fctezeichen oder kommen hierf\u00fcr in Frage.<\/p>\n<\/div>\n","protected":false},"excerpt":{"rendered":"<p>Versand &amp; Lieferung Die meist gestellten Fragen \u00fcber Versand und Lieferung. Was geschieht mit meiner Bestellung, wenn ich nicht zu Hause bin? Bei den meisten Sendungen handelt es sich um Einschreiben. Bei Abwesenheit l\u00e4sst der Mitarbeiter des Paketdienstes eine Mitteilung in Ihrem Briefkasten zur\u00fcck oder versucht, Sie telefonisch zu erreichen. Anhand Ihrer Track&amp;Trace-Daten in Ihrem [&#8230;]\n","protected":false},"author":1,"featured_media":0,"parent":0,"menu_order":0,"comment_status":"closed","ping_status":"closed","template":"","meta":{"footnotes":""},"class_list":["post-10022","page","type-page","status-publish","hentry"],"yoast_head":"<!-- This site is optimized with the Yoast SEO Premium plugin v23.0 (Yoast SEO v25.6) - https:\/\/yoast.com\/wordpress\/plugins\/seo\/ -->\n<title>Versand &amp; Lieferung - Austria<\/title>\n<meta name=\"robots\" content=\"index, follow, max-snippet:-1, max-image-preview:large, max-video-preview:-1\" \/>\n<link rel=\"canonical\" href=\"https:\/\/kamagraeu.net\/at\/versand-lieferung\/\" \/>\n<meta property=\"og:locale\" content=\"de_DE\" \/>\n<meta property=\"og:type\" content=\"article\" \/>\n<meta property=\"og:title\" content=\"Versand &amp; Lieferung\" \/>\n<meta property=\"og:description\" content=\"Versand &amp; Lieferung Die meist gestellten Fragen \u00fcber Versand und Lieferung. Was geschieht mit meiner Bestellung, wenn ich nicht zu Hause bin? Bei den meisten Sendungen handelt es sich um Einschreiben. Bei Abwesenheit l\u00e4sst der Mitarbeiter des Paketdienstes eine Mitteilung in Ihrem Briefkasten zur\u00fcck oder versucht, Sie telefonisch zu erreichen. Anhand Ihrer Track&amp;Trace-Daten in Ihrem [...]\" \/>\n<meta property=\"og:url\" content=\"https:\/\/kamagraeu.net\/at\/versand-lieferung\/\" \/>\n<meta property=\"og:site_name\" content=\"Austria\" \/>\n<meta property=\"article:modified_time\" content=\"2022-12-27T13:05:09+00:00\" \/>\n<meta name=\"twitter:card\" content=\"summary_large_image\" \/>\n<meta name=\"twitter:label1\" content=\"Gesch\u00e4tzte Lesezeit\" \/>\n\t<meta name=\"twitter:data1\" content=\"2 Minuten\" \/>\n<script type=\"application\/ld+json\" class=\"yoast-schema-graph\">{\"@context\":\"https:\/\/schema.org\",\"@graph\":[{\"@type\":\"WebPage\",\"@id\":\"https:\/\/kamagraeu.net\/at\/versand-lieferung\/\",\"url\":\"https:\/\/kamagraeu.net\/at\/versand-lieferung\/\",\"name\":\"Versand & Lieferung - Austria\",\"isPartOf\":{\"@id\":\"https:\/\/kamagraeu.net\/at\/#website\"},\"datePublished\":\"2022-10-21T11:06:53+00:00\",\"dateModified\":\"2022-12-27T13:05:09+00:00\",\"breadcrumb\":{\"@id\":\"https:\/\/kamagraeu.net\/at\/versand-lieferung\/#breadcrumb\"},\"inLanguage\":\"de-AT\",\"potentialAction\":[{\"@type\":\"ReadAction\",\"target\":[\"https:\/\/kamagraeu.net\/at\/versand-lieferung\/\"]}]},{\"@type\":\"BreadcrumbList\",\"@id\":\"https:\/\/kamagraeu.net\/at\/versand-lieferung\/#breadcrumb\",\"itemListElement\":[{\"@type\":\"ListItem\",\"position\":1,\"name\":\"Dom\u016f\",\"item\":\"https:\/\/kamagraeu.net\/at\/\"},{\"@type\":\"ListItem\",\"position\":2,\"name\":\"Versand &#038; Lieferung\"}]},{\"@type\":\"WebSite\",\"@id\":\"https:\/\/kamagraeu.net\/at\/#website\",\"url\":\"https:\/\/kamagraeu.net\/at\/\",\"name\":\"Austria\",\"description\":\"Kamagra-europe\",\"potentialAction\":[{\"@type\":\"SearchAction\",\"target\":{\"@type\":\"EntryPoint\",\"urlTemplate\":\"https:\/\/kamagraeu.net\/at\/?s={search_term_string}\"},\"query-input\":{\"@type\":\"PropertyValueSpecification\",\"valueRequired\":true,\"valueName\":\"search_term_string\"}}],\"inLanguage\":\"de-AT\"}]}<\/script>\n<!-- \/ Yoast SEO Premium plugin. -->","yoast_head_json":{"title":"Versand & Lieferung - Austria","robots":{"index":"index","follow":"follow","max-snippet":"max-snippet:-1","max-image-preview":"max-image-preview:large","max-video-preview":"max-video-preview:-1"},"canonical":"https:\/\/kamagraeu.net\/at\/versand-lieferung\/","og_locale":"de_DE","og_type":"article","og_title":"Versand & Lieferung","og_description":"Versand &amp; Lieferung Die meist gestellten Fragen \u00fcber Versand und Lieferung. Was geschieht mit meiner Bestellung, wenn ich nicht zu Hause bin? Bei den meisten Sendungen handelt es sich um Einschreiben. Bei Abwesenheit l\u00e4sst der Mitarbeiter des Paketdienstes eine Mitteilung in Ihrem Briefkasten zur\u00fcck oder versucht, Sie telefonisch zu erreichen. Anhand Ihrer Track&amp;Trace-Daten in Ihrem [...]","og_url":"https:\/\/kamagraeu.net\/at\/versand-lieferung\/","og_site_name":"Austria","article_modified_time":"2022-12-27T13:05:09+00:00","twitter_card":"summary_large_image","twitter_misc":{"Gesch\u00e4tzte Lesezeit":"2 Minuten"},"schema":{"@context":"https:\/\/schema.org","@graph":[{"@type":"WebPage","@id":"https:\/\/kamagraeu.net\/at\/versand-lieferung\/","url":"https:\/\/kamagraeu.net\/at\/versand-lieferung\/","name":"Versand & Lieferung - Austria","isPartOf":{"@id":"https:\/\/kamagraeu.net\/at\/#website"},"datePublished":"2022-10-21T11:06:53+00:00","dateModified":"2022-12-27T13:05:09+00:00","breadcrumb":{"@id":"https:\/\/kamagraeu.net\/at\/versand-lieferung\/#breadcrumb"},"inLanguage":"de-AT","potentialAction":[{"@type":"ReadAction","target":["https:\/\/kamagraeu.net\/at\/versand-lieferung\/"]}]},{"@type":"BreadcrumbList","@id":"https:\/\/kamagraeu.net\/at\/versand-lieferung\/#breadcrumb","itemListElement":[{"@type":"ListItem","position":1,"name":"Dom\u016f","item":"https:\/\/kamagraeu.net\/at\/"},{"@type":"ListItem","position":2,"name":"Versand &#038; Lieferung"}]},{"@type":"WebSite","@id":"https:\/\/kamagraeu.net\/at\/#website","url":"https:\/\/kamagraeu.net\/at\/","name":"Austria","description":"Kamagra-europe","potentialAction":[{"@type":"SearchAction","target":{"@type":"EntryPoint","urlTemplate":"https:\/\/kamagraeu.net\/at\/?s={search_term_string}"},"query-input":{"@type":"PropertyValueSpecification","valueRequired":true,"valueName":"search_term_string"}}],"inLanguage":"de-AT"}]}},"_links":{"self":[{"href":"https:\/\/kamagraeu.net\/at\/wp-json\/wp\/v2\/pages\/10022"}],"collection":[{"href":"https:\/\/kamagraeu.net\/at\/wp-json\/wp\/v2\/pages"}],"about":[{"href":"https:\/\/kamagraeu.net\/at\/wp-json\/wp\/v2\/types\/page"}],"author":[{"embeddable":true,"href":"https:\/\/kamagraeu.net\/at\/wp-json\/wp\/v2\/users\/1"}],"replies":[{"embeddable":true,"href":"https:\/\/kamagraeu.net\/at\/wp-json\/wp\/v2\/comments?post=10022"}],"version-history":[{"count":3,"href":"https:\/\/kamagraeu.net\/at\/wp-json\/wp\/v2\/pages\/10022\/revisions"}],"predecessor-version":[{"id":10261,"href":"https:\/\/kamagraeu.net\/at\/wp-json\/wp\/v2\/pages\/10022\/revisions\/10261"}],"wp:attachment":[{"href":"https:\/\/kamagraeu.net\/at\/wp-json\/wp\/v2\/media?parent=10022"}],"curies":[{"name":"wp","href":"https:\/\/api.w.org\/{rel}","templated":true}]}}