{"id":10138,"date":"2020-05-05T11:39:40","date_gmt":"2020-05-05T09:39:40","guid":{"rendered":"http:\/\/kamagraeu.net\/at\/produkt\/vidalista-20mg\/"},"modified":"2022-11-18T14:14:42","modified_gmt":"2022-11-18T13:14:42","slug":"vidalista-20mg","status":"publish","type":"product","link":"https:\/\/kamagraeu.net\/at\/produkt\/vidalista-20mg\/","title":{"rendered":"Vidalista 20mg"},"content":{"rendered":"<h4>Vidalista 20mg (Tadalafil \u2013 Generikum Cialis)<\/h4>\n<p>Vidalista 20mg (Tadalafil 20mg) in Tablettenform hilft den meisten M\u00e4nnern mit erektilen Dysfunktion \u2013 es erh\u00e4lt die Erektion nach der sexuellen Erregung aufrecht. Vidalista 20mg hilft in Kombination mit sexueller Stimulation sehr effektiv dem Blutfluss in den Penis und der nachfolgender qualitativen und lang anhaltenden Erektion. Deshalb ist es sehr als vollwertiger Cialis-Ersatz beliebt.<\/p>\n<h4>Wie funktioniert Vidalista 20mg?<\/h4>\n<p>Vidalista 20mg verf\u00fcgt \u00fcber die F\u00e4higkeit die T\u00e4tigkeit der PDE5-Enzyme zu blockieren und verhindert dadurch die Unterbrechung der qualitativen Erektion. Diese leistungsf\u00e4higen Enzyme kann man auf Gef\u00e4\u00dfen vorfinden, wo sie ausreichenden Blutzufluss in die H\u00f6hlen des Schwellk\u00f6rpers sicherstellen. Dadurch, dass die glatten Muskeln dank Vidalista 20mg entspannt sind, kommt es zur massiven Penisdurchblutung und damit zur qualitativen und langanhaltenden Erektion. Auch dank dieser langanhaltenden Erektion wird dieses Mittel \u201eWochenendtablette\u201c genannt.<\/p>\n<h4>Anwendung von Vidalista 20mg<\/h4>\n<p>Die \u00fcbliche empfohlene Dosis von Vidalista ist 20mg. Diese Dosis kann bis auf 5 mg herabgesetzt bzw. bis auf 40 mg, oder 60 mg, in Abh\u00e4ngigkeit vom Alter und Gesundheitszustand erh\u00f6ht werden. Bei der Erh\u00f6hung der Tagesdosis sollten Sie sich immer mit Ihrem Arzt beraten! Im Allgemeinen gilt, dass die Wirkung von Vidalista 20mg bis 36 Stunden andauern kann, dies kann jedoch von der Dosis, die Sie anwenden, abh\u00e4ngig sein. Im Hinblick darauf, dass Vidalista 20mg diese so lange Wirkungsdauer hat, sollten Sie nie mehr als 1 Tablette pro Tag nehmen. Nehmen Sie Vidalista 20mg 1 Stunde vor dem geplanten Geschlechtsverkehr. Schlucken Sie die ganze Tablette und sp\u00fclen Sie sie mit einem Glas Wasser runter. Vidalista 20mg wird Ihnen helfen, eine Erektion nur bei sexueller Erregung zu erreichen. Der Wirkungseintritt macht sich gew\u00f6hnlich nach einer \u00bd &#8211; 1 Stunde bemerkbar. Nehmen Sie Vidalista 20mg nicht zusammen mit Alkohol und fettreichen Speisen; diese beiden Faktoren setzen die Tadalafil-Wirkung herab!<\/p>\n<h4>Nebenwirkungen von Vidalista 20mg<\/h4>\n<p>\u00c4hnlich wie alle Arzneimittel, die Tadalafil enthalten (z.B. Cialis 20mg), k\u00f6nnen auch bei Vidalista 20mg Nebenwirkungen auftreten, die jedoch nicht bei jedem vorkommen m\u00fcssen. Die Nebenwirkungen, die im Zusammenhang mit der Anwendung dieses Pr\u00e4parats gemeldet wurden, sind gew\u00f6hnlich leicht und von kurzer Dauer. Alle Arzneimittel, einschlie\u00dflich Vidalista 20mg, k\u00f6nnen allergische Reaktionen hervorrufen. Sie sollten Kontakt mit Ihren Arzt sofort dann aufnehmen, wenn sich nach der Einnahme von Tadalafil einer der folgenden Symptome bemerkbar macht: pl\u00f6tzliche Atemnot, Atmungsschwierigkeiten oder Schwindel, Schwellung der Oberlider, des Gesichts, des Munds oder Rachens.<\/p>\n<h4>Lagerung von Vidalista 20mg<\/h4>\n<p>Bei einer Temperatur von bis zu 30 Grad Celsius lagern. In der Originalverpackung aufbewahren, damit das Mittel vor Feuchtigkeit gesch\u00fctzt ist.<\/p>\n","protected":false},"excerpt":{"rendered":"<p>Vidalista 20mg (Tadalafil 20mg) in Tablettenform hilft den meisten M\u00e4nnern mit erektilen Dysfunktion \u2013 es erh\u00e4lt die Erektion nach der sexuellen Erregung aufrecht. Vidalista 20mg hilft in Kombination mit sexueller Stimulation sehr effektiv dem Blutfluss in den Penis und der nachfolgender qualitativen und lang anhaltenden Erektion. Deshalb ist es sehr als vollwertiger Cialis-Ersatz beliebt.<\/p>\n","protected":false},"featured_media":10139,"comment_status":"closed","ping_status":"closed","template":"","meta":[],"product_brand":[],"product_cat":[18],"product_tag":[],"class_list":{"0":"post-10138","1":"product","2":"type-product","3":"status-publish","4":"has-post-thumbnail","6":"product_cat-generisches-cialis","8":"first","9":"instock","10":"shipping-taxable","11":"purchasable","12":"product-type-simple"},"yoast_head":"<!-- This site is optimized with the Yoast SEO Premium plugin v23.0 (Yoast SEO v25.6) - https:\/\/yoast.com\/wordpress\/plugins\/seo\/ -->\n<title>Vidalista 20mg - Austria<\/title>\n<meta name=\"robots\" content=\"index, follow, max-snippet:-1, max-image-preview:large, max-video-preview:-1\" \/>\n<link rel=\"canonical\" href=\"https:\/\/kamagraeu.net\/at\/produkt\/vidalista-20mg\/\" \/>\n<meta property=\"og:locale\" content=\"de_DE\" \/>\n<meta property=\"og:type\" content=\"article\" \/>\n<meta property=\"og:title\" content=\"Vidalista 20mg\" \/>\n<meta property=\"og:description\" content=\"Vidalista 20mg (Tadalafil 20mg) in Tablettenform hilft den meisten M\u00e4nnern mit erektilen Dysfunktion \u2013 es erh\u00e4lt die Erektion nach der sexuellen Erregung aufrecht. Vidalista 20mg hilft in Kombination mit sexueller Stimulation sehr effektiv dem Blutfluss in den Penis und der nachfolgender qualitativen und lang anhaltenden Erektion. Deshalb ist es sehr als vollwertiger Cialis-Ersatz beliebt.\" \/>\n<meta property=\"og:url\" content=\"https:\/\/kamagraeu.net\/at\/produkt\/vidalista-20mg\/\" \/>\n<meta property=\"og:site_name\" content=\"Austria\" \/>\n<meta property=\"article:modified_time\" content=\"2022-11-18T13:14:42+00:00\" \/>\n<meta property=\"og:image\" content=\"https:\/\/kamagraeu.net\/at\/wp-content\/uploads\/sites\/5\/2022\/11\/1-000px_vida_20_t23he.jpg\" \/>\n\t<meta property=\"og:image:width\" content=\"1000\" \/>\n\t<meta property=\"og:image:height\" content=\"1000\" \/>\n\t<meta property=\"og:image:type\" content=\"image\/jpeg\" \/>\n<meta name=\"twitter:card\" content=\"summary_large_image\" \/>\n<meta name=\"twitter:label1\" content=\"Price\" \/>\n\t<meta name=\"twitter:data1\" content=\"19.00&nbsp;&euro;\" \/>\n\t<meta name=\"twitter:label2\" content=\"Availability\" \/>\n\t<meta name=\"twitter:data2\" content=\"In stock\" \/>\n<script type=\"application\/ld+json\" class=\"yoast-schema-graph\">{\"@context\":\"https:\/\/schema.org\",\"@graph\":[{\"@type\":\"WebPage\",\"@id\":\"https:\/\/kamagraeu.net\/at\/produkt\/vidalista-20mg\/\",\"url\":\"https:\/\/kamagraeu.net\/at\/produkt\/vidalista-20mg\/\",\"name\":\"Vidalista 20mg - Austria\",\"isPartOf\":{\"@id\":\"https:\/\/kamagraeu.net\/at\/#website\"},\"primaryImageOfPage\":{\"@id\":\"https:\/\/kamagraeu.net\/at\/produkt\/vidalista-20mg\/#primaryimage\"},\"image\":{\"@id\":\"https:\/\/kamagraeu.net\/at\/produkt\/vidalista-20mg\/#primaryimage\"},\"thumbnailUrl\":\"https:\/\/kamagraeu.net\/at\/wp-content\/uploads\/sites\/5\/2022\/11\/1-000px_vida_20_t23he.jpg\",\"datePublished\":\"2020-05-05T09:39:40+00:00\",\"dateModified\":\"2022-11-18T13:14:42+00:00\",\"breadcrumb\":{\"@id\":\"https:\/\/kamagraeu.net\/at\/produkt\/vidalista-20mg\/#breadcrumb\"},\"inLanguage\":\"de-AT\",\"potentialAction\":[{\"@type\":\"ReadAction\",\"target\":[\"https:\/\/kamagraeu.net\/at\/produkt\/vidalista-20mg\/\"]}]},{\"@type\":\"ImageObject\",\"inLanguage\":\"de-AT\",\"@id\":\"https:\/\/kamagraeu.net\/at\/produkt\/vidalista-20mg\/#primaryimage\",\"url\":\"https:\/\/kamagraeu.net\/at\/wp-content\/uploads\/sites\/5\/2022\/11\/1-000px_vida_20_t23he.jpg\",\"contentUrl\":\"https:\/\/kamagraeu.net\/at\/wp-content\/uploads\/sites\/5\/2022\/11\/1-000px_vida_20_t23he.jpg\",\"width\":1000,\"height\":1000},{\"@type\":\"BreadcrumbList\",\"@id\":\"https:\/\/kamagraeu.net\/at\/produkt\/vidalista-20mg\/#breadcrumb\",\"itemListElement\":[{\"@type\":\"ListItem\",\"position\":1,\"name\":\"Dom\u016f\",\"item\":\"https:\/\/kamagraeu.net\/at\/\"},{\"@type\":\"ListItem\",\"position\":2,\"name\":\"Katalog\",\"item\":\"https:\/\/kamagraeu.net\/at\/produkt-katalog\/\"},{\"@type\":\"ListItem\",\"position\":3,\"name\":\"Vidalista 20mg\"}]},{\"@type\":\"WebSite\",\"@id\":\"https:\/\/kamagraeu.net\/at\/#website\",\"url\":\"https:\/\/kamagraeu.net\/at\/\",\"name\":\"Austria\",\"description\":\"Kamagra-europe\",\"potentialAction\":[{\"@type\":\"SearchAction\",\"target\":{\"@type\":\"EntryPoint\",\"urlTemplate\":\"https:\/\/kamagraeu.net\/at\/?s={search_term_string}\"},\"query-input\":{\"@type\":\"PropertyValueSpecification\",\"valueRequired\":true,\"valueName\":\"search_term_string\"}}],\"inLanguage\":\"de-AT\"}]}<\/script>\n<meta property=\"product:price:amount\" content=\"19.00\" \/>\n<meta property=\"product:price:currency\" content=\"EUR\" \/>\n<meta property=\"og:availability\" content=\"instock\" \/>\n<meta property=\"product:availability\" content=\"instock\" \/>\n<meta property=\"product:condition\" content=\"new\" \/>\n<!-- \/ Yoast SEO Premium plugin. -->","yoast_head_json":{"title":"Vidalista 20mg - Austria","robots":{"index":"index","follow":"follow","max-snippet":"max-snippet:-1","max-image-preview":"max-image-preview:large","max-video-preview":"max-video-preview:-1"},"canonical":"https:\/\/kamagraeu.net\/at\/produkt\/vidalista-20mg\/","og_locale":"de_DE","og_type":"article","og_title":"Vidalista 20mg","og_description":"Vidalista 20mg (Tadalafil 20mg) in Tablettenform hilft den meisten M\u00e4nnern mit erektilen Dysfunktion \u2013 es erh\u00e4lt die Erektion nach der sexuellen Erregung aufrecht. Vidalista 20mg hilft in Kombination mit sexueller Stimulation sehr effektiv dem Blutfluss in den Penis und der nachfolgender qualitativen und lang anhaltenden Erektion. Deshalb ist es sehr als vollwertiger Cialis-Ersatz beliebt.","og_url":"https:\/\/kamagraeu.net\/at\/produkt\/vidalista-20mg\/","og_site_name":"Austria","article_modified_time":"2022-11-18T13:14:42+00:00","og_image":[{"width":1000,"height":1000,"url":"https:\/\/kamagraeu.net\/at\/wp-content\/uploads\/sites\/5\/2022\/11\/1-000px_vida_20_t23he.jpg","type":"image\/jpeg"}],"twitter_card":"summary_large_image","twitter_misc":{"Price":"19.00&nbsp;&euro;","Availability":"In stock"},"schema":{"@context":"https:\/\/schema.org","@graph":[{"@type":"WebPage","@id":"https:\/\/kamagraeu.net\/at\/produkt\/vidalista-20mg\/","url":"https:\/\/kamagraeu.net\/at\/produkt\/vidalista-20mg\/","name":"Vidalista 20mg - Austria","isPartOf":{"@id":"https:\/\/kamagraeu.net\/at\/#website"},"primaryImageOfPage":{"@id":"https:\/\/kamagraeu.net\/at\/produkt\/vidalista-20mg\/#primaryimage"},"image":{"@id":"https:\/\/kamagraeu.net\/at\/produkt\/vidalista-20mg\/#primaryimage"},"thumbnailUrl":"https:\/\/kamagraeu.net\/at\/wp-content\/uploads\/sites\/5\/2022\/11\/1-000px_vida_20_t23he.jpg","datePublished":"2020-05-05T09:39:40+00:00","dateModified":"2022-11-18T13:14:42+00:00","breadcrumb":{"@id":"https:\/\/kamagraeu.net\/at\/produkt\/vidalista-20mg\/#breadcrumb"},"inLanguage":"de-AT","potentialAction":[{"@type":"ReadAction","target":["https:\/\/kamagraeu.net\/at\/produkt\/vidalista-20mg\/"]}]},{"@type":"ImageObject","inLanguage":"de-AT","@id":"https:\/\/kamagraeu.net\/at\/produkt\/vidalista-20mg\/#primaryimage","url":"https:\/\/kamagraeu.net\/at\/wp-content\/uploads\/sites\/5\/2022\/11\/1-000px_vida_20_t23he.jpg","contentUrl":"https:\/\/kamagraeu.net\/at\/wp-content\/uploads\/sites\/5\/2022\/11\/1-000px_vida_20_t23he.jpg","width":1000,"height":1000},{"@type":"BreadcrumbList","@id":"https:\/\/kamagraeu.net\/at\/produkt\/vidalista-20mg\/#breadcrumb","itemListElement":[{"@type":"ListItem","position":1,"name":"Dom\u016f","item":"https:\/\/kamagraeu.net\/at\/"},{"@type":"ListItem","position":2,"name":"Katalog","item":"https:\/\/kamagraeu.net\/at\/produkt-katalog\/"},{"@type":"ListItem","position":3,"name":"Vidalista 20mg"}]},{"@type":"WebSite","@id":"https:\/\/kamagraeu.net\/at\/#website","url":"https:\/\/kamagraeu.net\/at\/","name":"Austria","description":"Kamagra-europe","potentialAction":[{"@type":"SearchAction","target":{"@type":"EntryPoint","urlTemplate":"https:\/\/kamagraeu.net\/at\/?s={search_term_string}"},"query-input":{"@type":"PropertyValueSpecification","valueRequired":true,"valueName":"search_term_string"}}],"inLanguage":"de-AT"}]},"product_price_amount":"19.00","product_price_currency":"EUR","og_availability":"instock","product_availability":"instock","product_condition":"new"},"_links":{"self":[{"href":"https:\/\/kamagraeu.net\/at\/wp-json\/wp\/v2\/product\/10138"}],"collection":[{"href":"https:\/\/kamagraeu.net\/at\/wp-json\/wp\/v2\/product"}],"about":[{"href":"https:\/\/kamagraeu.net\/at\/wp-json\/wp\/v2\/types\/product"}],"replies":[{"embeddable":true,"href":"https:\/\/kamagraeu.net\/at\/wp-json\/wp\/v2\/comments?post=10138"}],"wp:featuredmedia":[{"embeddable":true,"href":"https:\/\/kamagraeu.net\/at\/wp-json\/wp\/v2\/media\/10139"}],"wp:attachment":[{"href":"https:\/\/kamagraeu.net\/at\/wp-json\/wp\/v2\/media?parent=10138"}],"wp:term":[{"taxonomy":"product_brand","embeddable":true,"href":"https:\/\/kamagraeu.net\/at\/wp-json\/wp\/v2\/product_brand?post=10138"},{"taxonomy":"product_cat","embeddable":true,"href":"https:\/\/kamagraeu.net\/at\/wp-json\/wp\/v2\/product_cat?post=10138"},{"taxonomy":"product_tag","embeddable":true,"href":"https:\/\/kamagraeu.net\/at\/wp-json\/wp\/v2\/product_tag?post=10138"}],"curies":[{"name":"wp","href":"https:\/\/api.w.org\/{rel}","templated":true}]}}