{"id":10146,"date":"2020-05-05T11:39:40","date_gmt":"2020-05-05T09:39:40","guid":{"rendered":"http:\/\/kamagraeu.net\/at\/produkt\/tadaforce-20mg\/"},"modified":"2022-11-18T14:14:45","modified_gmt":"2022-11-18T13:14:45","slug":"tadaforce-20mg","status":"publish","type":"product","link":"https:\/\/kamagraeu.net\/at\/produkt\/tadaforce-20mg\/","title":{"rendered":"Tadaforce 20mg"},"content":{"rendered":"<h4>Tadalafil in Tadaforce 20mg<\/h4>\n<p><strong>Tadaforce<\/strong>\u00a0<strong>20mg<\/strong>\u00a0stellt ein Generikum zum Original Cialis dar. In diesem Potenzmittel aus dem Hause\u00a0<strong><a href=\"http:\/\/zenit-pharma.com\/\">Zenit Pharma<\/a><\/strong>\u00a0sind nicht nur 20mg\u00a0<strong>Tadalafi<\/strong>l\u00a0enthalten, sondern auch der Preis ist sehr g\u00fcnstig. Das ist mitunter auch ein Grund weswegen dieses Potenzmittel bei betroffenen M\u00e4nnern immer beliebter wird. Tadalafil hat bereits bei Cialis seine Wirkung gezeigt. Die Wirkung ist bereits nach 30 Minuten zu vernehmen und h\u00e4lt rund 36 Stunden an. Zudem f\u00f6rdert Tadalafil auch die Durchblutung des m\u00e4nnlichen Gliedes, wodurch eine Erektion nicht nur schneller sondern auch leichter zu erzielen ist.\u00a0<strong>Tadaforce<\/strong>\u00a020mg gibt M\u00e4nnern mit Potenzst\u00f6rung endlich wieder die Hoffnung, dass Geschlechtsverkehr qualitativ und langanhaltend erlebt werden kann.<\/p>\n<h4>Welcher Wirkstoff ist in Tadaforce 20mg enthalten?<\/h4>\n<p>Die Filmtabletten\u00a0<strong>Tadaforce<\/strong>\u00a0<strong>20mg<\/strong>\u00a0weisen 20mg\u00a0<strong>Tadalafil<\/strong>\u00a0auf, welches bereits durch Cialis Bekanntheit errungen hat.<\/p>\n<h4>Welche Dosierung wird bei Tadaforce 20mg empfohlen?<\/h4>\n<p>T\u00e4glich sollte nicht mehr als eine Tablette\u00a0<strong>Tadaforce<\/strong>\u00a020mg eingenommen werden<\/p>\n<p>\u00dcberm\u00e4\u00dfiger Alkoholkonsum und fettreiche Speisen k\u00f6nnen den Wirkungseintritt verz\u00f6gern und die Wirkung beeintr\u00e4chtigen<\/p>\n<p><strong>Tadaforce<\/strong>\u00a020mg sollte mit einem Schluck Wasser eingenommen werden Die Wirkung dieses Potenzmittels kann sich nur durch sexuelle Stimulation entfalten, weswegen empfohlen wird, dass\u00a0<strong>Tadaforce<\/strong>\u00a020mg bereits beim Vorspiel eingenommen wird Die Wirkung tritt rund 30 Minuten nach dem Schlucken ein und h\u00e4lt bis zu 36 Stunden an, wodurch sich\u00a0<strong>Tadaforce<\/strong>\u00a020mg deutlich von anderen Potenzmitteln unterscheidet<\/p>\n<h4>Welche Personen sollten Tadaforce 20mg nicht einnehmen?<\/h4>\n<p>Personen, die einen Herzinfarkt erlitten haben Personen, die einen Schlaganfall erlitten haben Personen, die an Angina Pectoris leiden. Bei diesem Krankheitsbild werden oftmals Medikamente verschrieben, die Nitrate oder Stickoxide enthalten. Diese beiden Wirkstoffe k\u00f6nnen bei gleichzeitiger Einnahme von\u00a0<strong>Tadaforce<\/strong>\u00a020mg eine Wechselwirkung eingehen, was zur Folge haben kann, dass die Wirkung um ein Vielfaches verst\u00e4rkt wird<\/p>\n<h4>Bei welchen Medikamenten sollte Tadaforce 20mg nicht eingenommen werden?<\/h4>\n<p>Cemitidin Ketoconazol Isosorbid Mononitrat Isosorbid Dinitrat Nitrate Stickoxide Erythromycin<\/p>\n<h4>Welche Nebenwirkungen k\u00f6nnen sich bei Tadaforce 20mg zeigen?<\/h4>\n<p><strong>Tadaforce<\/strong>\u00a020mg zeichnet sich vor allem dadurch aus, dass es sehr gut vertr\u00e4glich ist. Es k\u00f6nnen sich dennoch Nebenwirkungen wie Kopfschmerzen, eine verstopfte Nase, Verdauungsprobleme oder Sehst\u00f6rungen zeigen. Diese Nebenwirkungen klingen allerdings nach Abnahme der Wirkung in den meisten F\u00e4llen wieder ab. Sollte dies nicht der Fall sein, sollte die Erektion auch 6 Stunden nach der eigentlichen Wirkung immer noch bestehen oder wenn die Nebenwirkungen als sehr unangenehm empfunden werden, sollte auf jeden Fall ein Arzt aufgesucht werden. Bis zur weiteren Abkl\u00e4rung sollte keine weitere Tablette\u00a0<strong>Tadaforce<\/strong>20mg mehr eingenommen werden.<\/p>\n<h4>Wie sollte Tadaforce 20mg gelagert werden?<\/h4>\n<p><strong>Tadaforce<\/strong>\u00a020mg sollte grunds\u00e4tzlich nicht \u00fcber 30 Grad gelagert werden. Au\u00dferdem sollten die Filmtabletten erst kurz vor der Einnahme aus dem Blister entfernt werden, damit Feuchtigkeit den Wirkstoff nicht beeintr\u00e4chtigen kann.<\/p>\n","protected":false},"excerpt":{"rendered":"<p>Tadaforce 20mg stellt ein Generikum zum Original Cialis dar. In diesem Potenzmittel aus dem Hause Zenit Pharma sind nicht nur 20mg Tadalafil enthalten, sondern auch der Preis ist sehr g\u00fcnstig.<\/p>\n","protected":false},"featured_media":10147,"comment_status":"closed","ping_status":"closed","template":"","meta":[],"product_brand":[],"product_cat":[18],"product_tag":[],"class_list":{"0":"post-10146","1":"product","2":"type-product","3":"status-publish","4":"has-post-thumbnail","6":"product_cat-generisches-cialis","8":"first","9":"outofstock","10":"shipping-taxable","11":"purchasable","12":"product-type-simple"},"yoast_head":"<!-- This site is optimized with the Yoast SEO Premium plugin v23.0 (Yoast SEO v25.6) - https:\/\/yoast.com\/wordpress\/plugins\/seo\/ -->\n<title>Tadaforce 20mg - Austria<\/title>\n<meta name=\"robots\" content=\"index, follow, max-snippet:-1, max-image-preview:large, max-video-preview:-1\" \/>\n<link rel=\"canonical\" href=\"https:\/\/kamagraeu.net\/at\/produkt\/tadaforce-20mg\/\" \/>\n<meta property=\"og:locale\" content=\"de_DE\" \/>\n<meta property=\"og:type\" content=\"article\" \/>\n<meta property=\"og:title\" content=\"Tadaforce 20mg\" \/>\n<meta property=\"og:description\" content=\"Tadaforce 20mg stellt ein Generikum zum Original Cialis dar. In diesem Potenzmittel aus dem Hause Zenit Pharma sind nicht nur 20mg Tadalafil enthalten, sondern auch der Preis ist sehr g\u00fcnstig.\" \/>\n<meta property=\"og:url\" content=\"https:\/\/kamagraeu.net\/at\/produkt\/tadaforce-20mg\/\" \/>\n<meta property=\"og:site_name\" content=\"Austria\" \/>\n<meta property=\"article:modified_time\" content=\"2022-11-18T13:14:45+00:00\" \/>\n<meta property=\"og:image\" content=\"https:\/\/kamagraeu.net\/at\/wp-content\/uploads\/sites\/5\/2022\/11\/tadaforce-20-1-624x624-1.jpg\" \/>\n\t<meta property=\"og:image:width\" content=\"624\" \/>\n\t<meta property=\"og:image:height\" content=\"624\" \/>\n\t<meta property=\"og:image:type\" content=\"image\/jpeg\" \/>\n<meta name=\"twitter:card\" content=\"summary_large_image\" \/>\n<meta name=\"twitter:label1\" content=\"Price\" \/>\n\t<meta name=\"twitter:data1\" content=\"21.00&nbsp;&euro;\" \/>\n\t<meta name=\"twitter:label2\" content=\"Availability\" \/>\n\t<meta name=\"twitter:data2\" content=\"Out of stock\" \/>\n<script type=\"application\/ld+json\" class=\"yoast-schema-graph\">{\"@context\":\"https:\/\/schema.org\",\"@graph\":[{\"@type\":\"WebPage\",\"@id\":\"https:\/\/kamagraeu.net\/at\/produkt\/tadaforce-20mg\/\",\"url\":\"https:\/\/kamagraeu.net\/at\/produkt\/tadaforce-20mg\/\",\"name\":\"Tadaforce 20mg - Austria\",\"isPartOf\":{\"@id\":\"https:\/\/kamagraeu.net\/at\/#website\"},\"primaryImageOfPage\":{\"@id\":\"https:\/\/kamagraeu.net\/at\/produkt\/tadaforce-20mg\/#primaryimage\"},\"image\":{\"@id\":\"https:\/\/kamagraeu.net\/at\/produkt\/tadaforce-20mg\/#primaryimage\"},\"thumbnailUrl\":\"https:\/\/kamagraeu.net\/at\/wp-content\/uploads\/sites\/5\/2022\/11\/tadaforce-20-1-624x624-1.jpg\",\"datePublished\":\"2020-05-05T09:39:40+00:00\",\"dateModified\":\"2022-11-18T13:14:45+00:00\",\"breadcrumb\":{\"@id\":\"https:\/\/kamagraeu.net\/at\/produkt\/tadaforce-20mg\/#breadcrumb\"},\"inLanguage\":\"de-AT\",\"potentialAction\":[{\"@type\":\"ReadAction\",\"target\":[\"https:\/\/kamagraeu.net\/at\/produkt\/tadaforce-20mg\/\"]}]},{\"@type\":\"ImageObject\",\"inLanguage\":\"de-AT\",\"@id\":\"https:\/\/kamagraeu.net\/at\/produkt\/tadaforce-20mg\/#primaryimage\",\"url\":\"https:\/\/kamagraeu.net\/at\/wp-content\/uploads\/sites\/5\/2022\/11\/tadaforce-20-1-624x624-1.jpg\",\"contentUrl\":\"https:\/\/kamagraeu.net\/at\/wp-content\/uploads\/sites\/5\/2022\/11\/tadaforce-20-1-624x624-1.jpg\",\"width\":624,\"height\":624},{\"@type\":\"BreadcrumbList\",\"@id\":\"https:\/\/kamagraeu.net\/at\/produkt\/tadaforce-20mg\/#breadcrumb\",\"itemListElement\":[{\"@type\":\"ListItem\",\"position\":1,\"name\":\"Dom\u016f\",\"item\":\"https:\/\/kamagraeu.net\/at\/\"},{\"@type\":\"ListItem\",\"position\":2,\"name\":\"Katalog\",\"item\":\"https:\/\/kamagraeu.net\/at\/produkt-katalog\/\"},{\"@type\":\"ListItem\",\"position\":3,\"name\":\"Tadaforce 20mg\"}]},{\"@type\":\"WebSite\",\"@id\":\"https:\/\/kamagraeu.net\/at\/#website\",\"url\":\"https:\/\/kamagraeu.net\/at\/\",\"name\":\"Austria\",\"description\":\"Kamagra-europe\",\"potentialAction\":[{\"@type\":\"SearchAction\",\"target\":{\"@type\":\"EntryPoint\",\"urlTemplate\":\"https:\/\/kamagraeu.net\/at\/?s={search_term_string}\"},\"query-input\":{\"@type\":\"PropertyValueSpecification\",\"valueRequired\":true,\"valueName\":\"search_term_string\"}}],\"inLanguage\":\"de-AT\"}]}<\/script>\n<meta property=\"product:price:amount\" content=\"21.00\" \/>\n<meta property=\"product:price:currency\" content=\"EUR\" \/>\n<meta property=\"og:availability\" content=\"out of stock\" \/>\n<meta property=\"product:availability\" content=\"out of stock\" \/>\n<meta property=\"product:condition\" content=\"new\" \/>\n<!-- \/ Yoast SEO Premium plugin. -->","yoast_head_json":{"title":"Tadaforce 20mg - Austria","robots":{"index":"index","follow":"follow","max-snippet":"max-snippet:-1","max-image-preview":"max-image-preview:large","max-video-preview":"max-video-preview:-1"},"canonical":"https:\/\/kamagraeu.net\/at\/produkt\/tadaforce-20mg\/","og_locale":"de_DE","og_type":"article","og_title":"Tadaforce 20mg","og_description":"Tadaforce 20mg stellt ein Generikum zum Original Cialis dar. In diesem Potenzmittel aus dem Hause Zenit Pharma sind nicht nur 20mg Tadalafil enthalten, sondern auch der Preis ist sehr g\u00fcnstig.","og_url":"https:\/\/kamagraeu.net\/at\/produkt\/tadaforce-20mg\/","og_site_name":"Austria","article_modified_time":"2022-11-18T13:14:45+00:00","og_image":[{"width":624,"height":624,"url":"https:\/\/kamagraeu.net\/at\/wp-content\/uploads\/sites\/5\/2022\/11\/tadaforce-20-1-624x624-1.jpg","type":"image\/jpeg"}],"twitter_card":"summary_large_image","twitter_misc":{"Price":"21.00&nbsp;&euro;","Availability":"Out of stock"},"schema":{"@context":"https:\/\/schema.org","@graph":[{"@type":"WebPage","@id":"https:\/\/kamagraeu.net\/at\/produkt\/tadaforce-20mg\/","url":"https:\/\/kamagraeu.net\/at\/produkt\/tadaforce-20mg\/","name":"Tadaforce 20mg - Austria","isPartOf":{"@id":"https:\/\/kamagraeu.net\/at\/#website"},"primaryImageOfPage":{"@id":"https:\/\/kamagraeu.net\/at\/produkt\/tadaforce-20mg\/#primaryimage"},"image":{"@id":"https:\/\/kamagraeu.net\/at\/produkt\/tadaforce-20mg\/#primaryimage"},"thumbnailUrl":"https:\/\/kamagraeu.net\/at\/wp-content\/uploads\/sites\/5\/2022\/11\/tadaforce-20-1-624x624-1.jpg","datePublished":"2020-05-05T09:39:40+00:00","dateModified":"2022-11-18T13:14:45+00:00","breadcrumb":{"@id":"https:\/\/kamagraeu.net\/at\/produkt\/tadaforce-20mg\/#breadcrumb"},"inLanguage":"de-AT","potentialAction":[{"@type":"ReadAction","target":["https:\/\/kamagraeu.net\/at\/produkt\/tadaforce-20mg\/"]}]},{"@type":"ImageObject","inLanguage":"de-AT","@id":"https:\/\/kamagraeu.net\/at\/produkt\/tadaforce-20mg\/#primaryimage","url":"https:\/\/kamagraeu.net\/at\/wp-content\/uploads\/sites\/5\/2022\/11\/tadaforce-20-1-624x624-1.jpg","contentUrl":"https:\/\/kamagraeu.net\/at\/wp-content\/uploads\/sites\/5\/2022\/11\/tadaforce-20-1-624x624-1.jpg","width":624,"height":624},{"@type":"BreadcrumbList","@id":"https:\/\/kamagraeu.net\/at\/produkt\/tadaforce-20mg\/#breadcrumb","itemListElement":[{"@type":"ListItem","position":1,"name":"Dom\u016f","item":"https:\/\/kamagraeu.net\/at\/"},{"@type":"ListItem","position":2,"name":"Katalog","item":"https:\/\/kamagraeu.net\/at\/produkt-katalog\/"},{"@type":"ListItem","position":3,"name":"Tadaforce 20mg"}]},{"@type":"WebSite","@id":"https:\/\/kamagraeu.net\/at\/#website","url":"https:\/\/kamagraeu.net\/at\/","name":"Austria","description":"Kamagra-europe","potentialAction":[{"@type":"SearchAction","target":{"@type":"EntryPoint","urlTemplate":"https:\/\/kamagraeu.net\/at\/?s={search_term_string}"},"query-input":{"@type":"PropertyValueSpecification","valueRequired":true,"valueName":"search_term_string"}}],"inLanguage":"de-AT"}]},"product_price_amount":"21.00","product_price_currency":"EUR","og_availability":"out of stock","product_availability":"out of stock","product_condition":"new"},"_links":{"self":[{"href":"https:\/\/kamagraeu.net\/at\/wp-json\/wp\/v2\/product\/10146"}],"collection":[{"href":"https:\/\/kamagraeu.net\/at\/wp-json\/wp\/v2\/product"}],"about":[{"href":"https:\/\/kamagraeu.net\/at\/wp-json\/wp\/v2\/types\/product"}],"replies":[{"embeddable":true,"href":"https:\/\/kamagraeu.net\/at\/wp-json\/wp\/v2\/comments?post=10146"}],"wp:featuredmedia":[{"embeddable":true,"href":"https:\/\/kamagraeu.net\/at\/wp-json\/wp\/v2\/media\/10147"}],"wp:attachment":[{"href":"https:\/\/kamagraeu.net\/at\/wp-json\/wp\/v2\/media?parent=10146"}],"wp:term":[{"taxonomy":"product_brand","embeddable":true,"href":"https:\/\/kamagraeu.net\/at\/wp-json\/wp\/v2\/product_brand?post=10146"},{"taxonomy":"product_cat","embeddable":true,"href":"https:\/\/kamagraeu.net\/at\/wp-json\/wp\/v2\/product_cat?post=10146"},{"taxonomy":"product_tag","embeddable":true,"href":"https:\/\/kamagraeu.net\/at\/wp-json\/wp\/v2\/product_tag?post=10146"}],"curies":[{"name":"wp","href":"https:\/\/api.w.org\/{rel}","templated":true}]}}