{"id":10181,"date":"2020-05-05T11:39:40","date_gmt":"2020-05-05T09:39:40","guid":{"rendered":"http:\/\/kamagraeu.net\/at\/produkt\/kamagra-original-100mg\/"},"modified":"2022-12-15T16:06:34","modified_gmt":"2022-12-15T15:06:34","slug":"kamagra-original-100mg","status":"publish","type":"product","link":"https:\/\/kamagraeu.net\/at\/produkt\/kamagra-original-100mg\/","title":{"rendered":"Kamagra original 100mg"},"content":{"rendered":"<h4>Sildenafil \u2013 Kamagra Original 100mg<\/h4>\n<table style=\"border-collapse: collapse; width: 100%; height: 216px;\">\n<tbody>\n<tr style=\"height: 24px;\">\n<td style=\"width: 25%; text-align: center; height: 24px;\">Menge<\/td>\n<td style=\"width: 25%; height: 24px; text-align: center;\">Preis pro Packung<\/td>\n<td style=\"width: 25%; height: 24px; text-align: center;\">Preis<\/td>\n<\/tr>\n<tr style=\"height: 24px;\">\n<td style=\"width: 25%; height: 24px; text-align: center;\">2<\/td>\n<td style=\"width: 25%; height: 24px; text-align: center;\">14,50 \u20ac<\/td>\n<td style=\"width: 25%; height: 24px; text-align: center;\">29,00 \u20ac<\/td>\n<\/tr>\n<tr style=\"height: 24px;\">\n<td style=\"width: 25%; height: 24px; text-align: center;\">4<\/td>\n<td style=\"width: 25%; height: 24px; text-align: center;\">12,25 \u20ac<\/td>\n<td style=\"width: 25%; height: 24px; text-align: center;\">49,00 \u20ac<\/td>\n<\/tr>\n<tr style=\"height: 24px;\">\n<td style=\"width: 25%; height: 24px; text-align: center;\">6<\/td>\n<td style=\"width: 25%; height: 24px; text-align: center;\">10,50 \u20ac<\/td>\n<td style=\"width: 25%; height: 24px; text-align: center;\">63,00 \u20ac<\/td>\n<\/tr>\n<tr style=\"height: 24px;\">\n<td style=\"width: 25%; text-align: center; height: 24px;\">8<\/td>\n<td style=\"width: 25%; text-align: center; height: 24px;\">9,25 \u20ac<\/td>\n<td style=\"width: 25%; text-align: center; height: 24px;\">74,00 \u20ac<\/td>\n<\/tr>\n<tr style=\"height: 24px;\">\n<td style=\"width: 25%; text-align: center; height: 24px;\">10<\/td>\n<td style=\"width: 25%; text-align: center; height: 24px;\">8,90 \u20ac<\/td>\n<td style=\"width: 25%; text-align: center; height: 24px;\">89,00 \u20ac<\/td>\n<\/tr>\n<tr style=\"height: 24px;\">\n<td style=\"width: 25%; text-align: center; height: 24px;\">15<\/td>\n<td style=\"width: 25%; text-align: center; height: 24px;\">8,60 \u20ac<\/td>\n<td style=\"width: 25%; text-align: center; height: 24px;\">129,00 \u20ac<\/td>\n<\/tr>\n<tr style=\"height: 24px;\">\n<td style=\"width: 25%; text-align: center; height: 24px;\">20<\/td>\n<td style=\"width: 25%; text-align: center; height: 24px;\">7,95 \u20ac<\/td>\n<td style=\"width: 25%; text-align: center; height: 24px;\">159,00 \u20ac<\/td>\n<\/tr>\n<tr style=\"height: 24px;\">\n<td style=\"width: 25%; text-align: center; height: 24px;\">30<\/td>\n<td style=\"width: 25%; text-align: center; height: 24px;\">6,90 \u20ac<\/td>\n<td style=\"width: 25%; text-align: center; height: 24px;\">207,00 \u20ac<\/td>\n<\/tr>\n<\/tbody>\n<\/table>\n<p>In Kamagra befindet sich der Wirkstoff Sildenafil, welcher Erektionsst\u00f6rungen und Impotenz entgegenwirkt. Diese m\u00e4nnlichen Probleme sind auch unter dem Namen erektile Dysfunktion bekannt. Mit Hilfe von Kamagra kann in kurzer Zeit eine langanhaltende und auch qualitative Erektion erreicht werden, wodurch sich der Geschlechtsverkehr verbessert. Mit Hilfe des Wirkstoffes Sildenafil citrate wird die Durchblutung des Penis gef\u00f6rdert, wodurch eine langanhaltende Erektion erzielt werden kann. In den letzten Jahren zeigte sich, dass Kamagra bei St\u00f6rungen der Potenz immer beliebter wird.<\/p>\n<p>Eine Tablette Kamagra beinhaltet 100mg Sildenafil.<\/p>\n<h4>Welche Dosierung gibt es bei Kamagra Original 100mg?<\/h4>\n<p>Zu Beginn wird empfohlen, dass die H\u00e4lfte einer 100mg Kamagra Tablette eingenommen wird. Die Wirkung sollte sich nach etwa 30 bis 60 Minuten zeigen. T\u00e4glich sollten nicht mehr als 100mg Kamagra eingenommen werden. Damit die Wirkung von Kamagra einsetzen kann, ist es wichtig, dass sexuelle Stimulation vorherrscht. Deswegen wird empfohlen, dass Kamagra 100mg bereits beim Vorspiel eingenommen werden. Die Wirkung h\u00e4lt rund 4 bis 6 Stunden an, wobei auch mehrmaliger Geschlechtsverkehr vollzogen werden kann. Vor der Einnahme sollte darauf geachtet werden, dass keine gr\u00f6\u00dferen Mengen Alkohol getrunken werden, da durch diesen und durch fettreiche Speisen die Wirkung von Kamagra verringert werden kann.<\/p>\n<h4>Folgende Personen d\u00fcrfen Kamagra Original 100mg nicht einnehmen<\/h4>\n<p>Patienten, die an Herzerkrankungen jeglicher Art leiden, sollten vor der Einnahme von Kamagra Abstand halten. Auch bei Blutdruckleiden oder bei Blutgerinnungsst\u00f6rungen sollte Kamagra auf keinen Fall eingenommen werden. Wer auf den Inhaltsstoff Sildenafil allergisch reagiert, darf Kamagra ebenfalls nicht einnehmen. Der enthaltende Wirkstoff kann zudem eine Wechselwirkung mit Medikamenten eingehen, die Stickoxide oder Nitrate enthalten. Diese Medikamente werden vor allem bei Angina Pectoris verschrieben. Wer an Angina Pectoris leidet, sich aber nicht sicher ist, ob die eingenommen Medikamente Stickoxide oder Nitrate enthalten, der sollte vor der Einnahme von Kamagra R\u00fccksprache mit einem Arzt halten. Vor allem wer Cimetidin, Ketoconazol oder Erythromycin einnimmt, sollte die Genehmigung durch den behandelten Arzt einholen.<\/p>\n<h4>Welche Nebenwirkungen k\u00f6nnen sich zeigen?<\/h4>\n<p>Wie jedes Medikament kann auch Kamagra Nebenwirkungen zeigen, obwohl dieses Potenzmittel grunds\u00e4tzlich gut vertragen wird. Generell kann davon ausgegangen werden, dass die Nebenwirkungen vor\u00fcbergehend sind, und mit der Abnahme der Wirkung geringer werden. Vor allem Kopfschmerzen und Gesichtsr\u00f6tungen k\u00f6nnen zu den h\u00e4ufigsten Nebenwirkungen gez\u00e4hlt werden. Seltene Nebenwirkungen sind Schwindelgef\u00fchl, eine verstopfte Nase und Verdauungsst\u00f6rungen. Zudem muss ein Arzt aufgesucht werden, wenn die Erektion mehr als 5 Stunden anh\u00e4lt. Sollte eine Nebenwirkung in starker Auspr\u00e4gung auftreten, sollte keine weitere Kamagra eingenommen und zudem der behandelnde Arzt so rasch wie m\u00f6glich aufgesucht werden.<\/p>\n","protected":false},"excerpt":{"rendered":"<div class=\"elementor-element elementor-element-4d2490de elementor-widget elementor-widget-woocommerce-product-short-description\" data-id=\"4d2490de\" data-element_type=\"widget\" data-widget_type=\"woocommerce-product-short-description.default\">\n<div class=\"elementor-widget-container\">\n<div class=\"woocommerce-product-details__short-description\">\n<table style=\"border-collapse: collapse; width: 100%; height: 144px;\">\n<tbody>\n<tr style=\"height: 24px;\">\n<td style=\"width: 27.6461%; height: 24px;\"><span class=\"attribute-label\"><strong><span class=\"attribute-label-text\">Packungsinhalt<\/span>:<\/strong> <\/span><\/td>\n<td style=\"width: 72.3539%; height: 24px;\"><span class=\"attribute-value\">4 \u00fcberzogene Tabletten<\/span><\/td>\n<\/tr>\n<tr style=\"height: 24px;\">\n<td style=\"width: 27.6461%; height: 24px;\"><strong><span class=\"attribute-label\"><span class=\"attribute-label-text\">Wirkstoff<\/span>:<\/span><\/strong><\/td>\n<td style=\"width: 72.3539%; height: 24px;\">Sildenafil<\/td>\n<\/tr>\n<tr style=\"height: 24px;\">\n<td style=\"width: 27.6461%; height: 24px;\"><strong><span class=\"attribute-label\"><span class=\"attribute-label-text\">Wirkungseintritt<\/span>: <\/span><\/strong><\/td>\n<td style=\"width: 72.3539%; height: 24px;\"><span class=\"attribute-value\">30-60 Minuten<\/span><\/td>\n<\/tr>\n<tr style=\"height: 24px;\">\n<td style=\"width: 27.6461%; height: 24px;\"><strong><span class=\"attribute-label\"><span class=\"attribute-label-text\">Wirkungszeit<\/span>:<\/span><\/strong><\/td>\n<td style=\"width: 72.3539%; height: 24px;\"><span class=\"attribute-value\">4-6 Stunden<\/span><\/td>\n<\/tr>\n<tr style=\"height: 24px;\">\n<td style=\"width: 27.6461%; height: 24px;\"><strong>Hersteller: <\/strong><\/td>\n<td style=\"width: 72.3539%; height: 24px;\"><a href=\"http:\/\/www.ajantapharma.com\/\">Ajanta Pharma<\/a><\/td>\n<\/tr>\n<\/tbody>\n<\/table>\n<\/div>\n<\/div>\n<\/div>\n","protected":false},"featured_media":10182,"comment_status":"closed","ping_status":"closed","template":"","meta":[],"product_brand":[],"product_cat":[16,17],"product_tag":[],"class_list":{"0":"post-10181","1":"product","2":"type-product","3":"status-publish","4":"has-post-thumbnail","6":"product_cat-generisches-viagra","7":"product_cat-kamagra","9":"first","10":"instock","11":"shipping-taxable","12":"purchasable","13":"product-type-simple"},"yoast_head":"<!-- This site is optimized with the Yoast SEO Premium plugin v23.0 (Yoast SEO v25.6) - https:\/\/yoast.com\/wordpress\/plugins\/seo\/ -->\n<title>Kamagra original 100mg - Austria<\/title>\n<meta name=\"robots\" content=\"index, follow, max-snippet:-1, max-image-preview:large, max-video-preview:-1\" \/>\n<link rel=\"canonical\" href=\"https:\/\/kamagraeu.net\/at\/produkt\/kamagra-original-100mg\/\" \/>\n<meta property=\"og:locale\" content=\"de_DE\" \/>\n<meta property=\"og:type\" content=\"article\" \/>\n<meta property=\"og:title\" content=\"Kamagra original 100mg\" \/>\n<meta property=\"og:description\" content=\"Packungsinhalt:  4 \u00fcberzogene Tabletten   Wirkstoff: Sildenafil   Wirkungseintritt:  30-60 Minuten   Wirkungszeit: 4-6 Stunden   Hersteller:  Ajanta Pharma\" \/>\n<meta property=\"og:url\" content=\"https:\/\/kamagraeu.net\/at\/produkt\/kamagra-original-100mg\/\" \/>\n<meta property=\"og:site_name\" content=\"Austria\" \/>\n<meta property=\"article:modified_time\" content=\"2022-12-15T15:06:34+00:00\" \/>\n<meta property=\"og:image\" content=\"https:\/\/kamagraeu.net\/at\/wp-content\/uploads\/sites\/5\/2022\/11\/1000_kamagra100-_0nlev.png\" \/>\n\t<meta property=\"og:image:width\" content=\"1000\" \/>\n\t<meta property=\"og:image:height\" content=\"1000\" \/>\n\t<meta property=\"og:image:type\" content=\"image\/png\" \/>\n<meta name=\"twitter:card\" content=\"summary_large_image\" \/>\n<meta name=\"twitter:label1\" content=\"Price\" \/>\n\t<meta name=\"twitter:data1\" content=\"15.00&nbsp;&euro;\" \/>\n\t<meta name=\"twitter:label2\" content=\"Availability\" \/>\n\t<meta name=\"twitter:data2\" content=\"In stock\" \/>\n<script type=\"application\/ld+json\" class=\"yoast-schema-graph\">{\"@context\":\"https:\/\/schema.org\",\"@graph\":[{\"@type\":\"WebPage\",\"@id\":\"https:\/\/kamagraeu.net\/at\/produkt\/kamagra-original-100mg\/\",\"url\":\"https:\/\/kamagraeu.net\/at\/produkt\/kamagra-original-100mg\/\",\"name\":\"Kamagra original 100mg - Austria\",\"isPartOf\":{\"@id\":\"https:\/\/kamagraeu.net\/at\/#website\"},\"primaryImageOfPage\":{\"@id\":\"https:\/\/kamagraeu.net\/at\/produkt\/kamagra-original-100mg\/#primaryimage\"},\"image\":{\"@id\":\"https:\/\/kamagraeu.net\/at\/produkt\/kamagra-original-100mg\/#primaryimage\"},\"thumbnailUrl\":\"https:\/\/kamagraeu.net\/at\/wp-content\/uploads\/sites\/5\/2022\/11\/1000_kamagra100-_0nlev.png\",\"datePublished\":\"2020-05-05T09:39:40+00:00\",\"dateModified\":\"2022-12-15T15:06:34+00:00\",\"breadcrumb\":{\"@id\":\"https:\/\/kamagraeu.net\/at\/produkt\/kamagra-original-100mg\/#breadcrumb\"},\"inLanguage\":\"de-AT\",\"potentialAction\":[{\"@type\":\"ReadAction\",\"target\":[\"https:\/\/kamagraeu.net\/at\/produkt\/kamagra-original-100mg\/\"]}]},{\"@type\":\"ImageObject\",\"inLanguage\":\"de-AT\",\"@id\":\"https:\/\/kamagraeu.net\/at\/produkt\/kamagra-original-100mg\/#primaryimage\",\"url\":\"https:\/\/kamagraeu.net\/at\/wp-content\/uploads\/sites\/5\/2022\/11\/1000_kamagra100-_0nlev.png\",\"contentUrl\":\"https:\/\/kamagraeu.net\/at\/wp-content\/uploads\/sites\/5\/2022\/11\/1000_kamagra100-_0nlev.png\",\"width\":1000,\"height\":1000},{\"@type\":\"BreadcrumbList\",\"@id\":\"https:\/\/kamagraeu.net\/at\/produkt\/kamagra-original-100mg\/#breadcrumb\",\"itemListElement\":[{\"@type\":\"ListItem\",\"position\":1,\"name\":\"Dom\u016f\",\"item\":\"https:\/\/kamagraeu.net\/at\/\"},{\"@type\":\"ListItem\",\"position\":2,\"name\":\"Katalog\",\"item\":\"https:\/\/kamagraeu.net\/at\/produkt-katalog\/\"},{\"@type\":\"ListItem\",\"position\":3,\"name\":\"Kamagra original 100mg\"}]},{\"@type\":\"WebSite\",\"@id\":\"https:\/\/kamagraeu.net\/at\/#website\",\"url\":\"https:\/\/kamagraeu.net\/at\/\",\"name\":\"Austria\",\"description\":\"Kamagra-europe\",\"potentialAction\":[{\"@type\":\"SearchAction\",\"target\":{\"@type\":\"EntryPoint\",\"urlTemplate\":\"https:\/\/kamagraeu.net\/at\/?s={search_term_string}\"},\"query-input\":{\"@type\":\"PropertyValueSpecification\",\"valueRequired\":true,\"valueName\":\"search_term_string\"}}],\"inLanguage\":\"de-AT\"}]}<\/script>\n<meta property=\"product:price:amount\" content=\"15.00\" \/>\n<meta property=\"product:price:currency\" content=\"EUR\" \/>\n<meta property=\"og:availability\" content=\"instock\" \/>\n<meta property=\"product:availability\" content=\"instock\" \/>\n<meta property=\"product:condition\" content=\"new\" \/>\n<!-- \/ Yoast SEO Premium plugin. -->","yoast_head_json":{"title":"Kamagra original 100mg - Austria","robots":{"index":"index","follow":"follow","max-snippet":"max-snippet:-1","max-image-preview":"max-image-preview:large","max-video-preview":"max-video-preview:-1"},"canonical":"https:\/\/kamagraeu.net\/at\/produkt\/kamagra-original-100mg\/","og_locale":"de_DE","og_type":"article","og_title":"Kamagra original 100mg","og_description":"Packungsinhalt:  4 \u00fcberzogene Tabletten   Wirkstoff: Sildenafil   Wirkungseintritt:  30-60 Minuten   Wirkungszeit: 4-6 Stunden   Hersteller:  Ajanta Pharma","og_url":"https:\/\/kamagraeu.net\/at\/produkt\/kamagra-original-100mg\/","og_site_name":"Austria","article_modified_time":"2022-12-15T15:06:34+00:00","og_image":[{"width":1000,"height":1000,"url":"https:\/\/kamagraeu.net\/at\/wp-content\/uploads\/sites\/5\/2022\/11\/1000_kamagra100-_0nlev.png","type":"image\/png"}],"twitter_card":"summary_large_image","twitter_misc":{"Price":"15.00&nbsp;&euro;","Availability":"In stock"},"schema":{"@context":"https:\/\/schema.org","@graph":[{"@type":"WebPage","@id":"https:\/\/kamagraeu.net\/at\/produkt\/kamagra-original-100mg\/","url":"https:\/\/kamagraeu.net\/at\/produkt\/kamagra-original-100mg\/","name":"Kamagra original 100mg - Austria","isPartOf":{"@id":"https:\/\/kamagraeu.net\/at\/#website"},"primaryImageOfPage":{"@id":"https:\/\/kamagraeu.net\/at\/produkt\/kamagra-original-100mg\/#primaryimage"},"image":{"@id":"https:\/\/kamagraeu.net\/at\/produkt\/kamagra-original-100mg\/#primaryimage"},"thumbnailUrl":"https:\/\/kamagraeu.net\/at\/wp-content\/uploads\/sites\/5\/2022\/11\/1000_kamagra100-_0nlev.png","datePublished":"2020-05-05T09:39:40+00:00","dateModified":"2022-12-15T15:06:34+00:00","breadcrumb":{"@id":"https:\/\/kamagraeu.net\/at\/produkt\/kamagra-original-100mg\/#breadcrumb"},"inLanguage":"de-AT","potentialAction":[{"@type":"ReadAction","target":["https:\/\/kamagraeu.net\/at\/produkt\/kamagra-original-100mg\/"]}]},{"@type":"ImageObject","inLanguage":"de-AT","@id":"https:\/\/kamagraeu.net\/at\/produkt\/kamagra-original-100mg\/#primaryimage","url":"https:\/\/kamagraeu.net\/at\/wp-content\/uploads\/sites\/5\/2022\/11\/1000_kamagra100-_0nlev.png","contentUrl":"https:\/\/kamagraeu.net\/at\/wp-content\/uploads\/sites\/5\/2022\/11\/1000_kamagra100-_0nlev.png","width":1000,"height":1000},{"@type":"BreadcrumbList","@id":"https:\/\/kamagraeu.net\/at\/produkt\/kamagra-original-100mg\/#breadcrumb","itemListElement":[{"@type":"ListItem","position":1,"name":"Dom\u016f","item":"https:\/\/kamagraeu.net\/at\/"},{"@type":"ListItem","position":2,"name":"Katalog","item":"https:\/\/kamagraeu.net\/at\/produkt-katalog\/"},{"@type":"ListItem","position":3,"name":"Kamagra original 100mg"}]},{"@type":"WebSite","@id":"https:\/\/kamagraeu.net\/at\/#website","url":"https:\/\/kamagraeu.net\/at\/","name":"Austria","description":"Kamagra-europe","potentialAction":[{"@type":"SearchAction","target":{"@type":"EntryPoint","urlTemplate":"https:\/\/kamagraeu.net\/at\/?s={search_term_string}"},"query-input":{"@type":"PropertyValueSpecification","valueRequired":true,"valueName":"search_term_string"}}],"inLanguage":"de-AT"}]},"product_price_amount":"15.00","product_price_currency":"EUR","og_availability":"instock","product_availability":"instock","product_condition":"new"},"_links":{"self":[{"href":"https:\/\/kamagraeu.net\/at\/wp-json\/wp\/v2\/product\/10181"}],"collection":[{"href":"https:\/\/kamagraeu.net\/at\/wp-json\/wp\/v2\/product"}],"about":[{"href":"https:\/\/kamagraeu.net\/at\/wp-json\/wp\/v2\/types\/product"}],"replies":[{"embeddable":true,"href":"https:\/\/kamagraeu.net\/at\/wp-json\/wp\/v2\/comments?post=10181"}],"wp:featuredmedia":[{"embeddable":true,"href":"https:\/\/kamagraeu.net\/at\/wp-json\/wp\/v2\/media\/10182"}],"wp:attachment":[{"href":"https:\/\/kamagraeu.net\/at\/wp-json\/wp\/v2\/media?parent=10181"}],"wp:term":[{"taxonomy":"product_brand","embeddable":true,"href":"https:\/\/kamagraeu.net\/at\/wp-json\/wp\/v2\/product_brand?post=10181"},{"taxonomy":"product_cat","embeddable":true,"href":"https:\/\/kamagraeu.net\/at\/wp-json\/wp\/v2\/product_cat?post=10181"},{"taxonomy":"product_tag","embeddable":true,"href":"https:\/\/kamagraeu.net\/at\/wp-json\/wp\/v2\/product_tag?post=10181"}],"curies":[{"name":"wp","href":"https:\/\/api.w.org\/{rel}","templated":true}]}}