{"id":10188,"date":"2020-05-05T11:39:40","date_gmt":"2020-05-05T09:39:40","guid":{"rendered":"http:\/\/kamagraeu.net\/at\/produkt\/tadarise-40mg\/"},"modified":"2022-11-18T14:15:03","modified_gmt":"2022-11-18T13:15:03","slug":"tadarise-40mg","status":"publish","type":"product","link":"https:\/\/kamagraeu.net\/at\/produkt\/tadarise-40mg\/","title":{"rendered":"Tadarise 40mg"},"content":{"rendered":"<h4>Tadalafil in Tadarise 40mg<\/h4>\n<table style=\"border-collapse: collapse; width: 100%; height: 216px;\">\n<tbody>\n<tr style=\"height: 24px;\">\n<td style=\"width: 25%; text-align: center; height: 24px;\">Menge<\/td>\n<td style=\"width: 25%; height: 24px; text-align: center;\">Preis pro Packung<\/td>\n<td style=\"width: 25%; height: 24px; text-align: center;\">Preis<\/td>\n<\/tr>\n<tr style=\"height: 24px;\">\n<td style=\"width: 25%; height: 24px; text-align: center;\">2<\/td>\n<td style=\"width: 25%; height: 24px; text-align: center;\">19,50 \u20ac<\/td>\n<td style=\"width: 25%; height: 24px; text-align: center;\">39,00 \u20ac<\/td>\n<\/tr>\n<tr style=\"height: 24px;\">\n<td style=\"width: 25%; height: 24px; text-align: center;\">4<\/td>\n<td style=\"width: 25%; height: 24px; text-align: center;\">17,25 \u20ac<\/td>\n<td style=\"width: 25%; height: 24px; text-align: center;\">69,00 \u20ac<\/td>\n<\/tr>\n<tr style=\"height: 24px;\">\n<td style=\"width: 25%; height: 24px; text-align: center;\">6<\/td>\n<td style=\"width: 25%; height: 24px; text-align: center;\">14,83 \u20ac<\/td>\n<td style=\"width: 25%; height: 24px; text-align: center;\">89,00 \u20ac<\/td>\n<\/tr>\n<tr style=\"height: 24px;\">\n<td style=\"width: 25%; text-align: center; height: 24px;\">8<\/td>\n<td style=\"width: 25%; text-align: center; height: 24px;\">13,63 \u20ac<\/td>\n<td style=\"width: 25%; text-align: center; height: 24px;\">109,00 \u20ac<\/td>\n<\/tr>\n<tr style=\"height: 24px;\">\n<td style=\"width: 25%; text-align: center; height: 24px;\">10<\/td>\n<td style=\"width: 25%; text-align: center; height: 24px;\">11,90 \u20ac<\/td>\n<td style=\"width: 25%; text-align: center; height: 24px;\">119,00 \u20ac<\/td>\n<\/tr>\n<tr style=\"height: 24px;\">\n<td style=\"width: 25%; text-align: center; height: 24px;\">15<\/td>\n<td style=\"width: 25%; text-align: center; height: 24px;\">11,27 \u20ac<\/td>\n<td style=\"width: 25%; text-align: center; height: 24px;\">169,00 \u20ac<\/td>\n<\/tr>\n<tr style=\"height: 24px;\">\n<td style=\"width: 25%; text-align: center; height: 24px;\">20<\/td>\n<td style=\"width: 25%; text-align: center; height: 24px;\">10,70 \u20ac<\/td>\n<td style=\"width: 25%; text-align: center; height: 24px;\">214,00 \u20ac<\/td>\n<\/tr>\n<tr style=\"height: 24px;\">\n<td style=\"width: 25%; text-align: center; height: 24px;\">30<\/td>\n<td style=\"width: 25%; text-align: center; height: 24px;\">9,80 \u20ac<\/td>\n<td style=\"width: 25%; text-align: center; height: 24px;\">294,00 \u20ac<\/td>\n<\/tr>\n<\/tbody>\n<\/table>\n<p>Der Pharmakonzern Sunrise brachte vor einiger Zeit das Potenzmittel Tadarise 40mg auf den Markt. Hiermit wurde hochwertige Qualit\u00e4t mit einem g\u00fcnstigen Preis kombiniert. Tadarise 40mg besteht aus 40mg Tadalafil, welches bereits von Cialis ein Begriff ist. Mit diesem Potenzmittel kann Erektionsst\u00f6rungen der Riegel vorgeschoben werden. Durch Tadalafil hebt sich das Potenzmittel Tadarise von anderen Produkten wie beispielsweise Viagra ab, da die Wirkungsdauer bis zu 36 Stunden reicht. Der Wirkungseintritt zeigt sich bereits 30 Minuten nach der Einnahme und erfolgt nur, wenn auch ein sexueller Reiz gesetzt wird. Durch den Wirkstoff Tadalafil wird zudem die Durchblutung des m\u00e4nnlichen Gliedes gef\u00f6rdert, wodurch die Erektion nicht nur schneller sondern auch leichter erfolgt. M\u00e4nner k\u00f6nnen dank Tadaris 20mg endlich wieder qualitativen und langanhaltenden Geschlechtsverkehr erleben.<\/p>\n<h4>Welchen Wirkstoff weist Tadaris 20mg auf?<\/h4>\n<p>Die Tabletten Tadaris 20mg weisen 20mg Tadalafil auf, welches sich bereits durch Cialis einen Namen gemacht hat.<\/p>\n<h4>Welche Dosierung wird bei Tadaris empfohlen?<\/h4>\n<p>T\u00e4glich sollte nicht mehr als eine Tablette Tadaris 20mg eingenommen werden. Die Tablette sollte mit einem Schluck Wasser geschluckt werden. \u00dcberm\u00e4\u00dfiger Alkoholkonsum und fettige Speisen k\u00f6nnen die Wirkungsdauer und auch den Wirkungseintritt von Tadaris erheblich beeintr\u00e4chtigen. Die Wirkung tritt etwa 30 Minuten nach der Einnahme ein und besteht rund 36 Stunden. Innerhalb dieser Zeit kann auch mehrmaliger Geschlechtsverkehr vollzogen werden. Damit Tadaris 20mg seine Wirkung zeigen kann, muss allerdings eine sexuelle Stimulation gegeben sein, weswegen empfohlen wird, dass die Tabletten bereits beim Vorspiel eingenommen werden.<\/p>\n<h4>Welche Personen sollten Tadaris 20mg nicht einnehmen?<\/h4>\n<p>Personen, die bereits einen Herzinfarkt oder einen Schlaganfall erlitten haben Personen, die an Hypertonie oder Hypotonie leiden Personen, die an einer Angina Pectoris leiden. Hier werden oftmals Medikamente verschrieben, die Nitrate oder Stickoxide enthalten. Bei diesen beiden Wirkstoffen kann es bei gleichzeitiger Einnahme von Tadaris 20mg zu einer Vervielfachung der Wirkung kommen.<\/p>\n<h4>Welche Medikamente sollten nicht gleichzeitig mit Tadaris 20mg eingenommen werden?<\/h4>\n<p>Nitrate Stickoxide Isosorbid Mononitrat Isosorbid Dinitrat Erythromicyn Cemitidin Ketoconazol<\/p>\n<h4>Welche Nebenwirkungen k\u00f6nnen sich bei Tadaris 20mg zeigen?<\/h4>\n<p>Grunds\u00e4tzlich wird das Potenzmittel Tadaris 20mg gut vertragen. Dennoch kann es wie bei jedem Medikament auch hier nach der Einnahme zu Nebenwirkungen kommen. Neben Kopfschmerzen und R\u00f6tungen des Gesichts kann es auch zu Verdauungsproblemen, zu Sehst\u00f6rungen und zu einer verstopften Nase kommen. Generell kann davon ausgegangen werden, dass die Nebenwirkungen nach Abklingen der Wirkung ebenfalls nachlassen. Sollten die Nebenwirkungen ein Ausma\u00df erreichen, das unangenehm ist, oder wenn die Erektion auch 6 Stunden nach der eigentlichen Wirkung immer noch besteht, sollte unbedingt ein Arzt aufgesucht werden. Bis zur Abkl\u00e4rung sollte keine weitere Tablette Tadaris 20mg mehr geschluckt werden.<\/p>\n<h4>Wie sollte Tadaris 20mg gelagert werden?<\/h4>\n<p>Tadaris 20mg sollten nicht \u00fcber 30 Grad gelagert werden. Die Tabletten sollten erst kurz vor der Einnahme aus dem Blister entnommen werden, damit der Wirkstoff vor Feuchtigkeit gesch\u00fctzt werden kann.<\/p>\n","protected":false},"excerpt":{"rendered":"<p>Der Pharmakonzern Sunrise brachte vor einiger Zeit das\u00a0<strong>Potenzmittel<\/strong>\u00a0<strong>Tadarise 40mg<\/strong>\u00a0auf den Markt. Hiermit wurde hochwertige Qualit\u00e4t mit einem g\u00fcnstigen Preis kombiniert. Tadarise 40mg besteht aus 40mg\u00a0<strong>Tadalafil<\/strong>, welches bereits von Cialis ein Begriff ist. Mit diesem Potenzmittel kann Erektionsst\u00f6rungen der Riegel vorgeschoben werden.<\/p>\n","protected":false},"featured_media":10189,"comment_status":"closed","ping_status":"closed","template":"","meta":[],"product_brand":[],"product_cat":[26],"product_tag":[],"class_list":{"0":"post-10188","1":"product","2":"type-product","3":"status-publish","4":"has-post-thumbnail","6":"product_cat-generisches-spedra","8":"first","9":"instock","10":"shipping-taxable","11":"purchasable","12":"product-type-simple"},"yoast_head":"<!-- This site is optimized with the Yoast SEO Premium plugin v23.0 (Yoast SEO v25.6) - https:\/\/yoast.com\/wordpress\/plugins\/seo\/ -->\n<title>Tadarise 40mg - Austria<\/title>\n<meta name=\"robots\" content=\"index, follow, max-snippet:-1, max-image-preview:large, max-video-preview:-1\" \/>\n<link rel=\"canonical\" href=\"https:\/\/kamagraeu.net\/at\/produkt\/tadarise-40mg\/\" \/>\n<meta property=\"og:locale\" content=\"de_DE\" \/>\n<meta property=\"og:type\" content=\"article\" \/>\n<meta property=\"og:title\" content=\"Tadarise 40mg\" \/>\n<meta property=\"og:description\" content=\"Der Pharmakonzern Sunrise brachte vor einiger Zeit das\u00a0Potenzmittel\u00a0Tadarise 40mg\u00a0auf den Markt. Hiermit wurde hochwertige Qualit\u00e4t mit einem g\u00fcnstigen Preis kombiniert. Tadarise 40mg besteht aus 40mg\u00a0Tadalafil, welches bereits von Cialis ein Begriff ist. Mit diesem Potenzmittel kann Erektionsst\u00f6rungen der Riegel vorgeschoben werden.\" \/>\n<meta property=\"og:url\" content=\"https:\/\/kamagraeu.net\/at\/produkt\/tadarise-40mg\/\" \/>\n<meta property=\"og:site_name\" content=\"Austria\" \/>\n<meta property=\"article:modified_time\" content=\"2022-11-18T13:15:03+00:00\" \/>\n<meta property=\"og:image\" content=\"https:\/\/kamagraeu.net\/at\/wp-content\/uploads\/sites\/5\/2022\/11\/1-000px-tadarise-40_2cdyu.png\" \/>\n\t<meta property=\"og:image:width\" content=\"1000\" \/>\n\t<meta property=\"og:image:height\" content=\"1000\" \/>\n\t<meta property=\"og:image:type\" content=\"image\/png\" \/>\n<meta name=\"twitter:card\" content=\"summary_large_image\" \/>\n<meta name=\"twitter:label1\" content=\"Price\" \/>\n\t<meta name=\"twitter:data1\" content=\"26.00&nbsp;&euro;\" \/>\n\t<meta name=\"twitter:label2\" content=\"Availability\" \/>\n\t<meta name=\"twitter:data2\" content=\"In stock\" \/>\n<script type=\"application\/ld+json\" class=\"yoast-schema-graph\">{\"@context\":\"https:\/\/schema.org\",\"@graph\":[{\"@type\":\"WebPage\",\"@id\":\"https:\/\/kamagraeu.net\/at\/produkt\/tadarise-40mg\/\",\"url\":\"https:\/\/kamagraeu.net\/at\/produkt\/tadarise-40mg\/\",\"name\":\"Tadarise 40mg - Austria\",\"isPartOf\":{\"@id\":\"https:\/\/kamagraeu.net\/at\/#website\"},\"primaryImageOfPage\":{\"@id\":\"https:\/\/kamagraeu.net\/at\/produkt\/tadarise-40mg\/#primaryimage\"},\"image\":{\"@id\":\"https:\/\/kamagraeu.net\/at\/produkt\/tadarise-40mg\/#primaryimage\"},\"thumbnailUrl\":\"https:\/\/kamagraeu.net\/at\/wp-content\/uploads\/sites\/5\/2022\/11\/1-000px-tadarise-40_2cdyu.png\",\"datePublished\":\"2020-05-05T09:39:40+00:00\",\"dateModified\":\"2022-11-18T13:15:03+00:00\",\"breadcrumb\":{\"@id\":\"https:\/\/kamagraeu.net\/at\/produkt\/tadarise-40mg\/#breadcrumb\"},\"inLanguage\":\"de-AT\",\"potentialAction\":[{\"@type\":\"ReadAction\",\"target\":[\"https:\/\/kamagraeu.net\/at\/produkt\/tadarise-40mg\/\"]}]},{\"@type\":\"ImageObject\",\"inLanguage\":\"de-AT\",\"@id\":\"https:\/\/kamagraeu.net\/at\/produkt\/tadarise-40mg\/#primaryimage\",\"url\":\"https:\/\/kamagraeu.net\/at\/wp-content\/uploads\/sites\/5\/2022\/11\/1-000px-tadarise-40_2cdyu.png\",\"contentUrl\":\"https:\/\/kamagraeu.net\/at\/wp-content\/uploads\/sites\/5\/2022\/11\/1-000px-tadarise-40_2cdyu.png\",\"width\":1000,\"height\":1000},{\"@type\":\"BreadcrumbList\",\"@id\":\"https:\/\/kamagraeu.net\/at\/produkt\/tadarise-40mg\/#breadcrumb\",\"itemListElement\":[{\"@type\":\"ListItem\",\"position\":1,\"name\":\"Dom\u016f\",\"item\":\"https:\/\/kamagraeu.net\/at\/\"},{\"@type\":\"ListItem\",\"position\":2,\"name\":\"Katalog\",\"item\":\"https:\/\/kamagraeu.net\/at\/produkt-katalog\/\"},{\"@type\":\"ListItem\",\"position\":3,\"name\":\"Tadarise 40mg\"}]},{\"@type\":\"WebSite\",\"@id\":\"https:\/\/kamagraeu.net\/at\/#website\",\"url\":\"https:\/\/kamagraeu.net\/at\/\",\"name\":\"Austria\",\"description\":\"Kamagra-europe\",\"potentialAction\":[{\"@type\":\"SearchAction\",\"target\":{\"@type\":\"EntryPoint\",\"urlTemplate\":\"https:\/\/kamagraeu.net\/at\/?s={search_term_string}\"},\"query-input\":{\"@type\":\"PropertyValueSpecification\",\"valueRequired\":true,\"valueName\":\"search_term_string\"}}],\"inLanguage\":\"de-AT\"}]}<\/script>\n<meta property=\"product:price:amount\" content=\"26.00\" \/>\n<meta property=\"product:price:currency\" content=\"EUR\" \/>\n<meta property=\"og:availability\" content=\"instock\" \/>\n<meta property=\"product:availability\" content=\"instock\" \/>\n<meta property=\"product:condition\" content=\"new\" \/>\n<!-- \/ Yoast SEO Premium plugin. -->","yoast_head_json":{"title":"Tadarise 40mg - Austria","robots":{"index":"index","follow":"follow","max-snippet":"max-snippet:-1","max-image-preview":"max-image-preview:large","max-video-preview":"max-video-preview:-1"},"canonical":"https:\/\/kamagraeu.net\/at\/produkt\/tadarise-40mg\/","og_locale":"de_DE","og_type":"article","og_title":"Tadarise 40mg","og_description":"Der Pharmakonzern Sunrise brachte vor einiger Zeit das\u00a0Potenzmittel\u00a0Tadarise 40mg\u00a0auf den Markt. Hiermit wurde hochwertige Qualit\u00e4t mit einem g\u00fcnstigen Preis kombiniert. Tadarise 40mg besteht aus 40mg\u00a0Tadalafil, welches bereits von Cialis ein Begriff ist. Mit diesem Potenzmittel kann Erektionsst\u00f6rungen der Riegel vorgeschoben werden.","og_url":"https:\/\/kamagraeu.net\/at\/produkt\/tadarise-40mg\/","og_site_name":"Austria","article_modified_time":"2022-11-18T13:15:03+00:00","og_image":[{"width":1000,"height":1000,"url":"https:\/\/kamagraeu.net\/at\/wp-content\/uploads\/sites\/5\/2022\/11\/1-000px-tadarise-40_2cdyu.png","type":"image\/png"}],"twitter_card":"summary_large_image","twitter_misc":{"Price":"26.00&nbsp;&euro;","Availability":"In stock"},"schema":{"@context":"https:\/\/schema.org","@graph":[{"@type":"WebPage","@id":"https:\/\/kamagraeu.net\/at\/produkt\/tadarise-40mg\/","url":"https:\/\/kamagraeu.net\/at\/produkt\/tadarise-40mg\/","name":"Tadarise 40mg - Austria","isPartOf":{"@id":"https:\/\/kamagraeu.net\/at\/#website"},"primaryImageOfPage":{"@id":"https:\/\/kamagraeu.net\/at\/produkt\/tadarise-40mg\/#primaryimage"},"image":{"@id":"https:\/\/kamagraeu.net\/at\/produkt\/tadarise-40mg\/#primaryimage"},"thumbnailUrl":"https:\/\/kamagraeu.net\/at\/wp-content\/uploads\/sites\/5\/2022\/11\/1-000px-tadarise-40_2cdyu.png","datePublished":"2020-05-05T09:39:40+00:00","dateModified":"2022-11-18T13:15:03+00:00","breadcrumb":{"@id":"https:\/\/kamagraeu.net\/at\/produkt\/tadarise-40mg\/#breadcrumb"},"inLanguage":"de-AT","potentialAction":[{"@type":"ReadAction","target":["https:\/\/kamagraeu.net\/at\/produkt\/tadarise-40mg\/"]}]},{"@type":"ImageObject","inLanguage":"de-AT","@id":"https:\/\/kamagraeu.net\/at\/produkt\/tadarise-40mg\/#primaryimage","url":"https:\/\/kamagraeu.net\/at\/wp-content\/uploads\/sites\/5\/2022\/11\/1-000px-tadarise-40_2cdyu.png","contentUrl":"https:\/\/kamagraeu.net\/at\/wp-content\/uploads\/sites\/5\/2022\/11\/1-000px-tadarise-40_2cdyu.png","width":1000,"height":1000},{"@type":"BreadcrumbList","@id":"https:\/\/kamagraeu.net\/at\/produkt\/tadarise-40mg\/#breadcrumb","itemListElement":[{"@type":"ListItem","position":1,"name":"Dom\u016f","item":"https:\/\/kamagraeu.net\/at\/"},{"@type":"ListItem","position":2,"name":"Katalog","item":"https:\/\/kamagraeu.net\/at\/produkt-katalog\/"},{"@type":"ListItem","position":3,"name":"Tadarise 40mg"}]},{"@type":"WebSite","@id":"https:\/\/kamagraeu.net\/at\/#website","url":"https:\/\/kamagraeu.net\/at\/","name":"Austria","description":"Kamagra-europe","potentialAction":[{"@type":"SearchAction","target":{"@type":"EntryPoint","urlTemplate":"https:\/\/kamagraeu.net\/at\/?s={search_term_string}"},"query-input":{"@type":"PropertyValueSpecification","valueRequired":true,"valueName":"search_term_string"}}],"inLanguage":"de-AT"}]},"product_price_amount":"26.00","product_price_currency":"EUR","og_availability":"instock","product_availability":"instock","product_condition":"new"},"_links":{"self":[{"href":"https:\/\/kamagraeu.net\/at\/wp-json\/wp\/v2\/product\/10188"}],"collection":[{"href":"https:\/\/kamagraeu.net\/at\/wp-json\/wp\/v2\/product"}],"about":[{"href":"https:\/\/kamagraeu.net\/at\/wp-json\/wp\/v2\/types\/product"}],"replies":[{"embeddable":true,"href":"https:\/\/kamagraeu.net\/at\/wp-json\/wp\/v2\/comments?post=10188"}],"wp:featuredmedia":[{"embeddable":true,"href":"https:\/\/kamagraeu.net\/at\/wp-json\/wp\/v2\/media\/10189"}],"wp:attachment":[{"href":"https:\/\/kamagraeu.net\/at\/wp-json\/wp\/v2\/media?parent=10188"}],"wp:term":[{"taxonomy":"product_brand","embeddable":true,"href":"https:\/\/kamagraeu.net\/at\/wp-json\/wp\/v2\/product_brand?post=10188"},{"taxonomy":"product_cat","embeddable":true,"href":"https:\/\/kamagraeu.net\/at\/wp-json\/wp\/v2\/product_cat?post=10188"},{"taxonomy":"product_tag","embeddable":true,"href":"https:\/\/kamagraeu.net\/at\/wp-json\/wp\/v2\/product_tag?post=10188"}],"curies":[{"name":"wp","href":"https:\/\/api.w.org\/{rel}","templated":true}]}}