{"id":10213,"date":"2020-05-05T11:40:03","date_gmt":"2020-05-05T09:40:03","guid":{"rendered":"http:\/\/kamagraeu.net\/at\/produkt\/tadapox-80mg\/"},"modified":"2022-11-18T14:15:11","modified_gmt":"2022-11-18T13:15:11","slug":"tadapox-80mg","status":"publish","type":"product","link":"https:\/\/kamagraeu.net\/at\/produkt\/tadapox-80mg\/","title":{"rendered":"Tadapox 80mg"},"content":{"rendered":"<h4>Tadapox 80mg<\/h4>\n<p>Dadurch k\u00f6nnen mit diesem 2 in 1 Medikament gleich zwei Potenzprobleme in Angriff genommen werden.\u00a0<strong>Tadalfil<\/strong>\u00a0f\u00f6rdert die Durchblutung des m\u00e4nnlichen Gliedes wodurch eine langanhaltende Erektion f\u00fcr den unbeschwerten Geschlechtsverkehr m\u00f6glich wird. Durch\u00a0<strong>Dapoxetine<\/strong>\u00a060mg kann die fr\u00fchzeitige Ejakulation bek\u00e4mpft werden.\u00a0<strong>Tadapox 80mg<\/strong>\u00a0wirkt rund 30 bis 60 Minuten nach der Einnahme, wobei die Wirkung rund 36 Stunden anh\u00e4lt, weswegen dieses Potenzmittel auch als Wochenendpille bezeichnet wird.<\/p>\n<h4>Inhaltstoffe im Tadapox 80mg<\/h4>\n<p>Jede Tablette\u00a0<strong>Tadapox 80mg<\/strong>\u00a0weist 20mg Tadalafil auf, welches bereits von\u00a0<strong>Cialis<\/strong>\u00a020mg bekannt ist. Zus\u00e4tzlich wurde jede Tablette mit Dapoxetine 60mg erweitert, wodurch auch dem fr\u00fchzeitigen Samenerguss entgegengewirkt werden kann.<\/p>\n<h4>Welche Dosierung wird bei Tadapox 80mg empfohlen?<\/h4>\n<p>Bei\u00a0<strong>Tadapox<\/strong>\u00a0sollte vorab nur eine halbe Tablette eingenommen werden. Die Wirkung setzt bei sexueller Stimulation nach rund 30 bis 60 Minuten ein und h\u00e4lt rund 36 Stunden lang an. Sollte sich nach dieser Zeit keine Wirkung zeigen, kann die andere H\u00e4lfte eingenommen werden. Allerdings sollte die Tagesdosis von 80mg nicht \u00fcberschritten werden. Da es sich bei Tadapox 80mg nicht um ein Aphrodisiakum handelt, kann die sexuelle Lust nicht gesteigert werden. Dieses Potenzmittel sollte allerdings schon beim Vorspiel zum Einsatz kommen. Durch Alkohol oder fettreiche Speisen kann die Wirkung verz\u00f6gert oder ver\u00e4ndert werden.<\/p>\n<h4>Wer sollte Tadapox 80mg nicht einnehmen?<\/h4>\n<p>Wer bereits einen Herzinfarkt hatte oder an anderen Herzerkrankungen leidet, sollte dieses Potenzmittel meiden. Auch bei niedrigem Blutdruck oder bei St\u00f6rungen der Blutgerinnung ist die Einnahme von\u00a0<strong>Tadapox 80mg<\/strong>\u00a0kontraproduziert. Die gleichzeitige Einnahme von Stickoxid, Nitraten und Tadapox 80mg kann zu unerw\u00fcnschten Wechselwirkungen kommen. Diese beiden Inhaltstoffe sind vor allem in Medikamenten enthalten, die bei Angina Pectoris eingenommen werden. Vor der ersten Einnahme sollte auf jeden Fall ein Arzt aufgesucht werden. Dieser kann nicht nur Informationen zum Potenzmittel selbst geben, sondern auch das Rezept verschreiben.<\/p>\n<h4>Tadapox 80mg darf nicht von Personen eingenommen werden, die folgende Leiden haben<\/h4>\n<p>&#8211; Manie oder manische Depression &#8211; Diabetes &#8211; Lebererkrankungen &#8211; Psychose &#8211; Anf\u00e4lle &#8211; ungew\u00f6hnliche Reaktionen oder Allergien auf Dapoxetine<\/p>\n<h4>Welche Nebenwirkungen k\u00f6nnen sich zeigen?<\/h4>\n<p>Bei\u00a0<strong>Tadapox 80mg<\/strong>\u00a0handelt es sich um ein\u00a0<strong>Potenzmittel<\/strong>, das sich vor allem durch die leichte Vertr\u00e4glichkeit und die geringen Nebenwirkungen auszeichnet. Dennoch kann es wie bei jedem anderen Medikament auch hier zu unerw\u00fcnschten Begleiterscheinungen kommen. Neben leichtem Schwindel und leichten Sehst\u00f6rungen kann es nach der Einnahme von Tadapox 80mg zu Kopfschmerzen oder Gesichtsr\u00f6tungen kommen. Auch eine verstopfte Nase kann sich zeigen. Sollten sich diese oder \u00e4hnliche Nebenwirkungen nach der Einnahme bemerkbar machen, sollte auf jeden Fall ein Arzt aufgesucht werden. Bis zur weiteren Abkl\u00e4rung darf keine weitere Tablette Tadapox 80mg eingenommen werden. Gleiches ist auch zu beachten wenn die Erektion l\u00e4nger als 6 Stunden nach der eigentlichen Wirkung immer noch bestehen bleibt.<\/p>\n<h4>Wie sollte Tadapox 80mg gelagert werden?<\/h4>\n<p>Bis zur Einnahme sollten die Tabletten sowohl im Blister als auch in der Verpackung belassen werden, damit diese vor Feuchtigkeit gesch\u00fctzt sind. Temperaturen \u00fcber 30 Grad k\u00f6nnen sich negativ auf die Inhaltsstoffe auswirken.<\/p>\n","protected":false},"excerpt":{"rendered":"<p>Dadurch k\u00f6nnen mit diesem 2 in 1 Medikament gleich zwei Potenzprobleme in Angriff genommen werden.\u00a0<strong>Tadalfil<\/strong>\u00a0f\u00f6rdert die Durchblutung des m\u00e4nnlichen Gliedes wodurch eine langanhaltende Erektion f\u00fcr den unbeschwerten Geschlechtsverkehr m\u00f6glich wird. Durch\u00a0<strong>Dapoxetine<\/strong>\u00a060mg kann die fr\u00fchzeitige Ejakulation bek\u00e4mpft werden.\u00a0<strong>Tadapox 80mg<\/strong>\u00a0wirkt rund 30 bis 60 Minuten nach der Einnahme, wobei die Wirkung rund 36 Stunden anh\u00e4lt, weswegen dieses Potenzmittel auch als Wochenendpille bezeichnet wird.<\/p>\n","protected":false},"featured_media":10214,"comment_status":"closed","ping_status":"closed","template":"","meta":[],"product_brand":[],"product_cat":[19],"product_tag":[],"class_list":{"0":"post-10213","1":"product","2":"type-product","3":"status-publish","4":"has-post-thumbnail","6":"product_cat-vorzeitige-ejakulation","8":"first","9":"outofstock","10":"shipping-taxable","11":"purchasable","12":"product-type-simple"},"yoast_head":"<!-- This site is optimized with the Yoast SEO Premium plugin v23.0 (Yoast SEO v25.6) - https:\/\/yoast.com\/wordpress\/plugins\/seo\/ -->\n<title>Tadapox 80mg - Austria<\/title>\n<meta name=\"robots\" content=\"index, follow, max-snippet:-1, max-image-preview:large, max-video-preview:-1\" \/>\n<link rel=\"canonical\" href=\"https:\/\/kamagraeu.net\/at\/produkt\/tadapox-80mg\/\" \/>\n<meta property=\"og:locale\" content=\"de_DE\" \/>\n<meta property=\"og:type\" content=\"article\" \/>\n<meta property=\"og:title\" content=\"Tadapox 80mg\" \/>\n<meta property=\"og:description\" content=\"Dadurch k\u00f6nnen mit diesem 2 in 1 Medikament gleich zwei Potenzprobleme in Angriff genommen werden.\u00a0Tadalfil\u00a0f\u00f6rdert die Durchblutung des m\u00e4nnlichen Gliedes wodurch eine langanhaltende Erektion f\u00fcr den unbeschwerten Geschlechtsverkehr m\u00f6glich wird. Durch\u00a0Dapoxetine\u00a060mg kann die fr\u00fchzeitige Ejakulation bek\u00e4mpft werden.\u00a0Tadapox 80mg\u00a0wirkt rund 30 bis 60 Minuten nach der Einnahme, wobei die Wirkung rund 36 Stunden anh\u00e4lt, weswegen dieses Potenzmittel auch als Wochenendpille bezeichnet wird.\" \/>\n<meta property=\"og:url\" content=\"https:\/\/kamagraeu.net\/at\/produkt\/tadapox-80mg\/\" \/>\n<meta property=\"og:site_name\" content=\"Austria\" \/>\n<meta property=\"article:modified_time\" content=\"2022-11-18T13:15:11+00:00\" \/>\n<meta property=\"og:image\" content=\"https:\/\/kamagraeu.net\/at\/wp-content\/uploads\/sites\/5\/2022\/11\/tadapox-1.jpg\" \/>\n\t<meta property=\"og:image:width\" content=\"800\" \/>\n\t<meta property=\"og:image:height\" content=\"800\" \/>\n\t<meta property=\"og:image:type\" content=\"image\/jpeg\" \/>\n<meta name=\"twitter:card\" content=\"summary_large_image\" \/>\n<meta name=\"twitter:label1\" content=\"Price\" \/>\n\t<meta name=\"twitter:data1\" content=\"24.00&nbsp;&euro;\" \/>\n\t<meta name=\"twitter:label2\" content=\"Availability\" \/>\n\t<meta name=\"twitter:data2\" content=\"Out of stock\" \/>\n<script type=\"application\/ld+json\" class=\"yoast-schema-graph\">{\"@context\":\"https:\/\/schema.org\",\"@graph\":[{\"@type\":\"WebPage\",\"@id\":\"https:\/\/kamagraeu.net\/at\/produkt\/tadapox-80mg\/\",\"url\":\"https:\/\/kamagraeu.net\/at\/produkt\/tadapox-80mg\/\",\"name\":\"Tadapox 80mg - Austria\",\"isPartOf\":{\"@id\":\"https:\/\/kamagraeu.net\/at\/#website\"},\"primaryImageOfPage\":{\"@id\":\"https:\/\/kamagraeu.net\/at\/produkt\/tadapox-80mg\/#primaryimage\"},\"image\":{\"@id\":\"https:\/\/kamagraeu.net\/at\/produkt\/tadapox-80mg\/#primaryimage\"},\"thumbnailUrl\":\"https:\/\/kamagraeu.net\/at\/wp-content\/uploads\/sites\/5\/2022\/11\/tadapox-1.jpg\",\"datePublished\":\"2020-05-05T09:40:03+00:00\",\"dateModified\":\"2022-11-18T13:15:11+00:00\",\"breadcrumb\":{\"@id\":\"https:\/\/kamagraeu.net\/at\/produkt\/tadapox-80mg\/#breadcrumb\"},\"inLanguage\":\"de-AT\",\"potentialAction\":[{\"@type\":\"ReadAction\",\"target\":[\"https:\/\/kamagraeu.net\/at\/produkt\/tadapox-80mg\/\"]}]},{\"@type\":\"ImageObject\",\"inLanguage\":\"de-AT\",\"@id\":\"https:\/\/kamagraeu.net\/at\/produkt\/tadapox-80mg\/#primaryimage\",\"url\":\"https:\/\/kamagraeu.net\/at\/wp-content\/uploads\/sites\/5\/2022\/11\/tadapox-1.jpg\",\"contentUrl\":\"https:\/\/kamagraeu.net\/at\/wp-content\/uploads\/sites\/5\/2022\/11\/tadapox-1.jpg\",\"width\":800,\"height\":800},{\"@type\":\"BreadcrumbList\",\"@id\":\"https:\/\/kamagraeu.net\/at\/produkt\/tadapox-80mg\/#breadcrumb\",\"itemListElement\":[{\"@type\":\"ListItem\",\"position\":1,\"name\":\"Dom\u016f\",\"item\":\"https:\/\/kamagraeu.net\/at\/\"},{\"@type\":\"ListItem\",\"position\":2,\"name\":\"Katalog\",\"item\":\"https:\/\/kamagraeu.net\/at\/produkt-katalog\/\"},{\"@type\":\"ListItem\",\"position\":3,\"name\":\"Tadapox 80mg\"}]},{\"@type\":\"WebSite\",\"@id\":\"https:\/\/kamagraeu.net\/at\/#website\",\"url\":\"https:\/\/kamagraeu.net\/at\/\",\"name\":\"Austria\",\"description\":\"Kamagra-europe\",\"potentialAction\":[{\"@type\":\"SearchAction\",\"target\":{\"@type\":\"EntryPoint\",\"urlTemplate\":\"https:\/\/kamagraeu.net\/at\/?s={search_term_string}\"},\"query-input\":{\"@type\":\"PropertyValueSpecification\",\"valueRequired\":true,\"valueName\":\"search_term_string\"}}],\"inLanguage\":\"de-AT\"}]}<\/script>\n<meta property=\"product:price:amount\" content=\"24.00\" \/>\n<meta property=\"product:price:currency\" content=\"EUR\" \/>\n<meta property=\"og:availability\" content=\"out of stock\" \/>\n<meta property=\"product:availability\" content=\"out of stock\" \/>\n<meta property=\"product:condition\" content=\"new\" \/>\n<!-- \/ Yoast SEO Premium plugin. -->","yoast_head_json":{"title":"Tadapox 80mg - Austria","robots":{"index":"index","follow":"follow","max-snippet":"max-snippet:-1","max-image-preview":"max-image-preview:large","max-video-preview":"max-video-preview:-1"},"canonical":"https:\/\/kamagraeu.net\/at\/produkt\/tadapox-80mg\/","og_locale":"de_DE","og_type":"article","og_title":"Tadapox 80mg","og_description":"Dadurch k\u00f6nnen mit diesem 2 in 1 Medikament gleich zwei Potenzprobleme in Angriff genommen werden.\u00a0Tadalfil\u00a0f\u00f6rdert die Durchblutung des m\u00e4nnlichen Gliedes wodurch eine langanhaltende Erektion f\u00fcr den unbeschwerten Geschlechtsverkehr m\u00f6glich wird. Durch\u00a0Dapoxetine\u00a060mg kann die fr\u00fchzeitige Ejakulation bek\u00e4mpft werden.\u00a0Tadapox 80mg\u00a0wirkt rund 30 bis 60 Minuten nach der Einnahme, wobei die Wirkung rund 36 Stunden anh\u00e4lt, weswegen dieses Potenzmittel auch als Wochenendpille bezeichnet wird.","og_url":"https:\/\/kamagraeu.net\/at\/produkt\/tadapox-80mg\/","og_site_name":"Austria","article_modified_time":"2022-11-18T13:15:11+00:00","og_image":[{"width":800,"height":800,"url":"https:\/\/kamagraeu.net\/at\/wp-content\/uploads\/sites\/5\/2022\/11\/tadapox-1.jpg","type":"image\/jpeg"}],"twitter_card":"summary_large_image","twitter_misc":{"Price":"24.00&nbsp;&euro;","Availability":"Out of stock"},"schema":{"@context":"https:\/\/schema.org","@graph":[{"@type":"WebPage","@id":"https:\/\/kamagraeu.net\/at\/produkt\/tadapox-80mg\/","url":"https:\/\/kamagraeu.net\/at\/produkt\/tadapox-80mg\/","name":"Tadapox 80mg - Austria","isPartOf":{"@id":"https:\/\/kamagraeu.net\/at\/#website"},"primaryImageOfPage":{"@id":"https:\/\/kamagraeu.net\/at\/produkt\/tadapox-80mg\/#primaryimage"},"image":{"@id":"https:\/\/kamagraeu.net\/at\/produkt\/tadapox-80mg\/#primaryimage"},"thumbnailUrl":"https:\/\/kamagraeu.net\/at\/wp-content\/uploads\/sites\/5\/2022\/11\/tadapox-1.jpg","datePublished":"2020-05-05T09:40:03+00:00","dateModified":"2022-11-18T13:15:11+00:00","breadcrumb":{"@id":"https:\/\/kamagraeu.net\/at\/produkt\/tadapox-80mg\/#breadcrumb"},"inLanguage":"de-AT","potentialAction":[{"@type":"ReadAction","target":["https:\/\/kamagraeu.net\/at\/produkt\/tadapox-80mg\/"]}]},{"@type":"ImageObject","inLanguage":"de-AT","@id":"https:\/\/kamagraeu.net\/at\/produkt\/tadapox-80mg\/#primaryimage","url":"https:\/\/kamagraeu.net\/at\/wp-content\/uploads\/sites\/5\/2022\/11\/tadapox-1.jpg","contentUrl":"https:\/\/kamagraeu.net\/at\/wp-content\/uploads\/sites\/5\/2022\/11\/tadapox-1.jpg","width":800,"height":800},{"@type":"BreadcrumbList","@id":"https:\/\/kamagraeu.net\/at\/produkt\/tadapox-80mg\/#breadcrumb","itemListElement":[{"@type":"ListItem","position":1,"name":"Dom\u016f","item":"https:\/\/kamagraeu.net\/at\/"},{"@type":"ListItem","position":2,"name":"Katalog","item":"https:\/\/kamagraeu.net\/at\/produkt-katalog\/"},{"@type":"ListItem","position":3,"name":"Tadapox 80mg"}]},{"@type":"WebSite","@id":"https:\/\/kamagraeu.net\/at\/#website","url":"https:\/\/kamagraeu.net\/at\/","name":"Austria","description":"Kamagra-europe","potentialAction":[{"@type":"SearchAction","target":{"@type":"EntryPoint","urlTemplate":"https:\/\/kamagraeu.net\/at\/?s={search_term_string}"},"query-input":{"@type":"PropertyValueSpecification","valueRequired":true,"valueName":"search_term_string"}}],"inLanguage":"de-AT"}]},"product_price_amount":"24.00","product_price_currency":"EUR","og_availability":"out of stock","product_availability":"out of stock","product_condition":"new"},"_links":{"self":[{"href":"https:\/\/kamagraeu.net\/at\/wp-json\/wp\/v2\/product\/10213"}],"collection":[{"href":"https:\/\/kamagraeu.net\/at\/wp-json\/wp\/v2\/product"}],"about":[{"href":"https:\/\/kamagraeu.net\/at\/wp-json\/wp\/v2\/types\/product"}],"replies":[{"embeddable":true,"href":"https:\/\/kamagraeu.net\/at\/wp-json\/wp\/v2\/comments?post=10213"}],"wp:featuredmedia":[{"embeddable":true,"href":"https:\/\/kamagraeu.net\/at\/wp-json\/wp\/v2\/media\/10214"}],"wp:attachment":[{"href":"https:\/\/kamagraeu.net\/at\/wp-json\/wp\/v2\/media?parent=10213"}],"wp:term":[{"taxonomy":"product_brand","embeddable":true,"href":"https:\/\/kamagraeu.net\/at\/wp-json\/wp\/v2\/product_brand?post=10213"},{"taxonomy":"product_cat","embeddable":true,"href":"https:\/\/kamagraeu.net\/at\/wp-json\/wp\/v2\/product_cat?post=10213"},{"taxonomy":"product_tag","embeddable":true,"href":"https:\/\/kamagraeu.net\/at\/wp-json\/wp\/v2\/product_tag?post=10213"}],"curies":[{"name":"wp","href":"https:\/\/api.w.org\/{rel}","templated":true}]}}