{"id":4791,"date":"2022-09-08T15:05:07","date_gmt":"2022-09-08T13:05:07","guid":{"rendered":"http:\/\/kamagraeu.net\/at\/produkt\/cenforce-150mg\/"},"modified":"2022-11-18T14:15:15","modified_gmt":"2022-11-18T13:15:15","slug":"cenforce-150mg","status":"publish","type":"product","link":"https:\/\/kamagraeu.net\/at\/produkt\/cenforce-150mg\/","title":{"rendered":"Cenforce 150mg"},"content":{"rendered":"<h2>Cenforce 150mg<\/h2>\n<p><strong>Cenforce<\/strong> (Tabletten, 150mg Sildenafil-Citrat) sind ein beliebtes, effektives und g\u00e4ngiges Pharmazeutikum zur Behandlung erektiler Dysfunktion. Cenforce 150mg wird nach den h\u00f6chsten Qualit\u00e4tsstandards produziert, um eine einwandfreie Sicherheit und Wirkung zu gew\u00e4hrleisten. Anwender von Cenforce 150mg berichten \u00fcber einen erfolgreichen Geschlechtsakt und setzen in den meisten F\u00e4llen die Behandlung fort. Die effektive Wirkungsdauer von Cenforce 150mg betr\u00e4gt <strong>4 bis 6 Stunden<\/strong>, jedoch r\u00e4umen viele \u00c4rzte l\u00e4ngere Wirkungszeiten ein.<\/p>\n<h2>Sildenafil 150mg<\/h2>\n<p>Der Wirkstoff von Cenforce 150mg ist <strong>Sildenafil-Citrat 150 mg<\/strong>. Es geh\u00f6rt zur Familie der PDE-5-Hemmer mit vasodilatatorischer Wirkung. Die Wirkung resultiert aus der Erweiterung der Blutgef\u00e4\u00dfe im K\u00f6rper, insbesondere derer im Genitalbereich. Dies wiederum sorgt f\u00fcr einen st\u00e4rkeren Blutfluss, durch den es zur Erektion kommt. Sildenafil 150mg ist derzeit der bei erektiler Dysfunktion eingesetzte Standardwirkstoff.<\/p>\n<p>Cenforce 150mg ist kein Aphrodisiakum. Eine sexuelle Stimulation ist Voraussetzung f\u00fcr eine Erektion.<\/p>\n<h2>Viagra Generika 150mg. G\u00fcnstige Alternative<\/h2>\n<p><strong>Cenforce 150mg <\/strong>ist ein vollwertiger Ersatz f\u00fcr das Medikament Viagra 150mg. Cenforce 150mg mit dem Wirkstoff Sildenafil behandelt Impotenz und Erektionsst\u00f6rungen (erektile Dysfunktion) und nach der Einnahme kann jeder Mann eine qualitative und langanhaltende Erektion erreichen und besseren und l\u00e4ngeren Geschlechtsverkehr genie\u00dfen. Cenforce 150mg enth\u00e4lt den Stoff Sildenafil citrate, der die Durchblutung des Penis stimuliert und dadurch dabei hilft eine einfachere qualitative und schnellere Erektion zu erreichen.<\/p>\n<p>Cenforce 150mg &#8211; Sildenafil wirkt ca. 30-60 Minuten nach der Einnahme und die Wirkung h\u00e4lt 4-6 Stunden an. Cenforce 150mg ist ein beliebtes Medikament zur Behandlung von Impotenz, also einer erektilen Dysfunktion und von Erektionsst\u00f6rungen.<\/p>\n<p>In Cenforce 150mg enthaltene Wirkstoffe<\/p>\n<p>Eine Tablette Cenforce 150mg enth\u00e4lt 150mg des Wirkstoffes Sildenafil citrate.<\/p>\n<h2>Dosierung von Cenforce 150mg<\/h2>\n<p>Die empfohlene Anfangsdosis betr\u00e4gt eine halbe 150mg Tablette Cenforce 150mg\u00a0&#8211; Sildenafil ca. 30-60 Minuten vor der sexuellen Aktivit\u00e4t. Cenforce 150mg\u00a0&#8211; Sildenafil sollte nicht mehr als eine 150mg Tablette Cenforce 150mg &#8211; Sildenafil t\u00e4glich eingenommen werden. Die Wirkungen von Cenforce 150mg stellen sich bei einer sexuellen Stimulation ein. Cenforce 150mg &#8211; Sildenafil ist kein Aphrodisiakum, daher wird die sexuelle Lust nicht gesteigert.<\/p>\n<h2>Wirkungdauer<\/h2>\n<p>Die Wirkung von Cenforce 150mg &#8211; Sildenafil stellt sich innerhalb von 30-60 Minuten nach der Einnahme ein. Die Wirkung von Cenforce 150mg\u00a0&#8211; Sildenafil h\u00e4lt 4-6 Stunden an. Vor der Einnahme des Medikaments Cenforce 150mg &#8211; Sildenafil sollte \u00fcberm\u00e4\u00dfiger Alkoholkonsum vermieden werden. Alkohol und fettreiche Speisen verringern die Wirkung.<\/p>\n<h2>Das Produkt Cenforce 150mg\u00a0d\u00fcrfen folgende Personen nicht einnehmen<\/h2>\n<p>Patienten, die einen Herzinfarkt erlitten oder andere Herzbeschwerden, niedrigen Blutdruck haben oder an Bluthochdruck leiden, oder eine schlechte Blutgerinnung haben. Alle Personen, die auf Sildenafil allergisch reagieren. Alle Personen, die Medikamente einnehmen, die Stickoxide oder Nitrate enthalten, die unter anderem bei bestimmten Erkrankungen an Angina Pectoris (Schmerzen in der Brust) verwendet werden.<\/p>\n<p>Zu den am h\u00e4ufigsten verwendeten Nitraten geh\u00f6ren Nitroglycerin und Isosorbid dinitro. Wenn Sie an Angina Pectoris leiden und sich nicht sicher sind, ob die von Ihnen momentan eingenommenen Medikamente einem der oben angef\u00fchrten entsprechen, beraten Sie sich vor der Einnahme von Cenforce 150mg mit Ihrem Arzt. Die gemeinsame Einnahme von Cenforce 150mg mit anderen Medikamenten erfordert eine Genehmigung durch Ihren behandelnden Arzt, insbesondere in dem Fall, wenn Sie Cimetidin, Erythromycin und Ketoconazol zu sich nehmen.<\/p>\n","protected":false},"excerpt":{"rendered":"<p><strong>Cenforce<\/strong> (Tabletten, 150mg Sildenafil-Citrat) sind ein beliebtes, effektives und g\u00e4ngiges Pharmazeutikum zur Behandlung erektiler Dysfunktion. Cenforce 150mg wird nach den h\u00f6chsten Qualit\u00e4tsstandards produziert, um eine einwandfreie Sicherheit und Wirkung zu gew\u00e4hrleisten. Anwender von Cenforce 150mg berichten \u00fcber einen erfolgreichen Geschlechtsakt und setzen in den meisten F\u00e4llen die Behandlung fort. Die effektive Wirkungsdauer von Cenforce 150mg betr\u00e4gt <strong>4 bis 6 Stunden<\/strong>, jedoch r\u00e4umen viele \u00c4rzte l\u00e4ngere Wirkungszeiten ein.<\/p>\n","protected":false},"featured_media":10220,"comment_status":"closed","ping_status":"closed","template":"","meta":[],"product_brand":[],"product_cat":[16],"product_tag":[],"class_list":{"0":"post-4791","1":"product","2":"type-product","3":"status-publish","4":"has-post-thumbnail","6":"product_cat-generisches-viagra","8":"first","9":"instock","10":"shipping-taxable","11":"purchasable","12":"product-type-simple"},"yoast_head":"<!-- This site is optimized with the Yoast SEO Premium plugin v23.0 (Yoast SEO v25.6) - https:\/\/yoast.com\/wordpress\/plugins\/seo\/ -->\n<title>Cenforce 150mg - Austria<\/title>\n<meta name=\"robots\" content=\"index, follow, max-snippet:-1, max-image-preview:large, max-video-preview:-1\" \/>\n<link rel=\"canonical\" href=\"https:\/\/kamagraeu.net\/at\/produkt\/cenforce-150mg\/\" \/>\n<meta property=\"og:locale\" content=\"de_DE\" \/>\n<meta property=\"og:type\" content=\"article\" \/>\n<meta property=\"og:title\" content=\"Cenforce 150mg\" \/>\n<meta property=\"og:description\" content=\"Cenforce (Tabletten, 150mg Sildenafil-Citrat) sind ein beliebtes, effektives und g\u00e4ngiges Pharmazeutikum zur Behandlung erektiler Dysfunktion. Cenforce 150mg wird nach den h\u00f6chsten Qualit\u00e4tsstandards produziert, um eine einwandfreie Sicherheit und Wirkung zu gew\u00e4hrleisten. Anwender von Cenforce 150mg berichten \u00fcber einen erfolgreichen Geschlechtsakt und setzen in den meisten F\u00e4llen die Behandlung fort. Die effektive Wirkungsdauer von Cenforce 150mg betr\u00e4gt 4 bis 6 Stunden, jedoch r\u00e4umen viele \u00c4rzte l\u00e4ngere Wirkungszeiten ein.\" \/>\n<meta property=\"og:url\" content=\"https:\/\/kamagraeu.net\/at\/produkt\/cenforce-150mg\/\" \/>\n<meta property=\"og:site_name\" content=\"Austria\" \/>\n<meta property=\"article:modified_time\" content=\"2022-11-18T13:15:15+00:00\" \/>\n<meta property=\"og:image\" content=\"https:\/\/kamagraeu.net\/at\/wp-content\/uploads\/sites\/5\/2022\/11\/1-000px_cen_150_feqhy.jpg\" \/>\n\t<meta property=\"og:image:width\" content=\"1000\" \/>\n\t<meta property=\"og:image:height\" content=\"1000\" \/>\n\t<meta property=\"og:image:type\" content=\"image\/jpeg\" \/>\n<meta name=\"twitter:card\" content=\"summary_large_image\" \/>\n<meta name=\"twitter:label1\" content=\"Price\" \/>\n\t<meta name=\"twitter:data1\" content=\"23.00&nbsp;&euro;\" \/>\n\t<meta name=\"twitter:label2\" content=\"Availability\" \/>\n\t<meta name=\"twitter:data2\" content=\"In stock\" \/>\n<script type=\"application\/ld+json\" class=\"yoast-schema-graph\">{\"@context\":\"https:\/\/schema.org\",\"@graph\":[{\"@type\":\"WebPage\",\"@id\":\"https:\/\/kamagraeu.net\/at\/produkt\/cenforce-150mg\/\",\"url\":\"https:\/\/kamagraeu.net\/at\/produkt\/cenforce-150mg\/\",\"name\":\"Cenforce 150mg - Austria\",\"isPartOf\":{\"@id\":\"https:\/\/kamagraeu.net\/at\/#website\"},\"primaryImageOfPage\":{\"@id\":\"https:\/\/kamagraeu.net\/at\/produkt\/cenforce-150mg\/#primaryimage\"},\"image\":{\"@id\":\"https:\/\/kamagraeu.net\/at\/produkt\/cenforce-150mg\/#primaryimage\"},\"thumbnailUrl\":\"https:\/\/kamagraeu.net\/at\/wp-content\/uploads\/sites\/5\/2022\/11\/1-000px_cen_150_feqhy.jpg\",\"datePublished\":\"2022-09-08T13:05:07+00:00\",\"dateModified\":\"2022-11-18T13:15:15+00:00\",\"breadcrumb\":{\"@id\":\"https:\/\/kamagraeu.net\/at\/produkt\/cenforce-150mg\/#breadcrumb\"},\"inLanguage\":\"de-AT\",\"potentialAction\":[{\"@type\":\"ReadAction\",\"target\":[\"https:\/\/kamagraeu.net\/at\/produkt\/cenforce-150mg\/\"]}]},{\"@type\":\"ImageObject\",\"inLanguage\":\"de-AT\",\"@id\":\"https:\/\/kamagraeu.net\/at\/produkt\/cenforce-150mg\/#primaryimage\",\"url\":\"https:\/\/kamagraeu.net\/at\/wp-content\/uploads\/sites\/5\/2022\/11\/1-000px_cen_150_feqhy.jpg\",\"contentUrl\":\"https:\/\/kamagraeu.net\/at\/wp-content\/uploads\/sites\/5\/2022\/11\/1-000px_cen_150_feqhy.jpg\",\"width\":1000,\"height\":1000},{\"@type\":\"BreadcrumbList\",\"@id\":\"https:\/\/kamagraeu.net\/at\/produkt\/cenforce-150mg\/#breadcrumb\",\"itemListElement\":[{\"@type\":\"ListItem\",\"position\":1,\"name\":\"Dom\u016f\",\"item\":\"https:\/\/kamagraeu.net\/at\/\"},{\"@type\":\"ListItem\",\"position\":2,\"name\":\"Katalog\",\"item\":\"https:\/\/kamagraeu.net\/at\/produkt-katalog\/\"},{\"@type\":\"ListItem\",\"position\":3,\"name\":\"Cenforce 150mg\"}]},{\"@type\":\"WebSite\",\"@id\":\"https:\/\/kamagraeu.net\/at\/#website\",\"url\":\"https:\/\/kamagraeu.net\/at\/\",\"name\":\"Austria\",\"description\":\"Kamagra-europe\",\"potentialAction\":[{\"@type\":\"SearchAction\",\"target\":{\"@type\":\"EntryPoint\",\"urlTemplate\":\"https:\/\/kamagraeu.net\/at\/?s={search_term_string}\"},\"query-input\":{\"@type\":\"PropertyValueSpecification\",\"valueRequired\":true,\"valueName\":\"search_term_string\"}}],\"inLanguage\":\"de-AT\"}]}<\/script>\n<meta property=\"product:price:amount\" content=\"23.00\" \/>\n<meta property=\"product:price:currency\" content=\"EUR\" \/>\n<meta property=\"og:availability\" content=\"instock\" \/>\n<meta property=\"product:availability\" content=\"instock\" \/>\n<meta property=\"product:condition\" content=\"new\" \/>\n<!-- \/ Yoast SEO Premium plugin. -->","yoast_head_json":{"title":"Cenforce 150mg - Austria","robots":{"index":"index","follow":"follow","max-snippet":"max-snippet:-1","max-image-preview":"max-image-preview:large","max-video-preview":"max-video-preview:-1"},"canonical":"https:\/\/kamagraeu.net\/at\/produkt\/cenforce-150mg\/","og_locale":"de_DE","og_type":"article","og_title":"Cenforce 150mg","og_description":"Cenforce (Tabletten, 150mg Sildenafil-Citrat) sind ein beliebtes, effektives und g\u00e4ngiges Pharmazeutikum zur Behandlung erektiler Dysfunktion. Cenforce 150mg wird nach den h\u00f6chsten Qualit\u00e4tsstandards produziert, um eine einwandfreie Sicherheit und Wirkung zu gew\u00e4hrleisten. Anwender von Cenforce 150mg berichten \u00fcber einen erfolgreichen Geschlechtsakt und setzen in den meisten F\u00e4llen die Behandlung fort. Die effektive Wirkungsdauer von Cenforce 150mg betr\u00e4gt 4 bis 6 Stunden, jedoch r\u00e4umen viele \u00c4rzte l\u00e4ngere Wirkungszeiten ein.","og_url":"https:\/\/kamagraeu.net\/at\/produkt\/cenforce-150mg\/","og_site_name":"Austria","article_modified_time":"2022-11-18T13:15:15+00:00","og_image":[{"width":1000,"height":1000,"url":"https:\/\/kamagraeu.net\/at\/wp-content\/uploads\/sites\/5\/2022\/11\/1-000px_cen_150_feqhy.jpg","type":"image\/jpeg"}],"twitter_card":"summary_large_image","twitter_misc":{"Price":"23.00&nbsp;&euro;","Availability":"In stock"},"schema":{"@context":"https:\/\/schema.org","@graph":[{"@type":"WebPage","@id":"https:\/\/kamagraeu.net\/at\/produkt\/cenforce-150mg\/","url":"https:\/\/kamagraeu.net\/at\/produkt\/cenforce-150mg\/","name":"Cenforce 150mg - Austria","isPartOf":{"@id":"https:\/\/kamagraeu.net\/at\/#website"},"primaryImageOfPage":{"@id":"https:\/\/kamagraeu.net\/at\/produkt\/cenforce-150mg\/#primaryimage"},"image":{"@id":"https:\/\/kamagraeu.net\/at\/produkt\/cenforce-150mg\/#primaryimage"},"thumbnailUrl":"https:\/\/kamagraeu.net\/at\/wp-content\/uploads\/sites\/5\/2022\/11\/1-000px_cen_150_feqhy.jpg","datePublished":"2022-09-08T13:05:07+00:00","dateModified":"2022-11-18T13:15:15+00:00","breadcrumb":{"@id":"https:\/\/kamagraeu.net\/at\/produkt\/cenforce-150mg\/#breadcrumb"},"inLanguage":"de-AT","potentialAction":[{"@type":"ReadAction","target":["https:\/\/kamagraeu.net\/at\/produkt\/cenforce-150mg\/"]}]},{"@type":"ImageObject","inLanguage":"de-AT","@id":"https:\/\/kamagraeu.net\/at\/produkt\/cenforce-150mg\/#primaryimage","url":"https:\/\/kamagraeu.net\/at\/wp-content\/uploads\/sites\/5\/2022\/11\/1-000px_cen_150_feqhy.jpg","contentUrl":"https:\/\/kamagraeu.net\/at\/wp-content\/uploads\/sites\/5\/2022\/11\/1-000px_cen_150_feqhy.jpg","width":1000,"height":1000},{"@type":"BreadcrumbList","@id":"https:\/\/kamagraeu.net\/at\/produkt\/cenforce-150mg\/#breadcrumb","itemListElement":[{"@type":"ListItem","position":1,"name":"Dom\u016f","item":"https:\/\/kamagraeu.net\/at\/"},{"@type":"ListItem","position":2,"name":"Katalog","item":"https:\/\/kamagraeu.net\/at\/produkt-katalog\/"},{"@type":"ListItem","position":3,"name":"Cenforce 150mg"}]},{"@type":"WebSite","@id":"https:\/\/kamagraeu.net\/at\/#website","url":"https:\/\/kamagraeu.net\/at\/","name":"Austria","description":"Kamagra-europe","potentialAction":[{"@type":"SearchAction","target":{"@type":"EntryPoint","urlTemplate":"https:\/\/kamagraeu.net\/at\/?s={search_term_string}"},"query-input":{"@type":"PropertyValueSpecification","valueRequired":true,"valueName":"search_term_string"}}],"inLanguage":"de-AT"}]},"product_price_amount":"23.00","product_price_currency":"EUR","og_availability":"instock","product_availability":"instock","product_condition":"new"},"_links":{"self":[{"href":"https:\/\/kamagraeu.net\/at\/wp-json\/wp\/v2\/product\/4791"}],"collection":[{"href":"https:\/\/kamagraeu.net\/at\/wp-json\/wp\/v2\/product"}],"about":[{"href":"https:\/\/kamagraeu.net\/at\/wp-json\/wp\/v2\/types\/product"}],"replies":[{"embeddable":true,"href":"https:\/\/kamagraeu.net\/at\/wp-json\/wp\/v2\/comments?post=4791"}],"wp:featuredmedia":[{"embeddable":true,"href":"https:\/\/kamagraeu.net\/at\/wp-json\/wp\/v2\/media\/10220"}],"wp:attachment":[{"href":"https:\/\/kamagraeu.net\/at\/wp-json\/wp\/v2\/media?parent=4791"}],"wp:term":[{"taxonomy":"product_brand","embeddable":true,"href":"https:\/\/kamagraeu.net\/at\/wp-json\/wp\/v2\/product_brand?post=4791"},{"taxonomy":"product_cat","embeddable":true,"href":"https:\/\/kamagraeu.net\/at\/wp-json\/wp\/v2\/product_cat?post=4791"},{"taxonomy":"product_tag","embeddable":true,"href":"https:\/\/kamagraeu.net\/at\/wp-json\/wp\/v2\/product_tag?post=4791"}],"curies":[{"name":"wp","href":"https:\/\/api.w.org\/{rel}","templated":true}]}}