{"id":125,"date":"2020-05-05T11:44:29","date_gmt":"2020-05-05T09:44:29","guid":{"rendered":"http:\/\/kamagraeu.net\/de\/?page_id=125"},"modified":"2024-08-14T21:03:34","modified_gmt":"2024-08-14T19:03:34","slug":"kontakt","status":"publish","type":"page","link":"https:\/\/kamagraeu.net\/de\/kontakt\/","title":{"rendered":"KONTAKT"},"content":{"rendered":"\n\t<section class=\"section dark\" id=\"section_1389154314\">\n\t\t<div class=\"section-bg fill\" >\n\t\t\t\t\t\t\t\t\t\n\t\t\t\n\n\t\t<\/div>\n\n\t\t\n\n\t\t<div class=\"section-content relative\">\n\t\t\t\n<div class=\"row\"  id=\"row-236594274\">\n\n\t<div id=\"col-2125629999\" class=\"col small-12 large-12\"  >\n\t\t\t\t<div class=\"col-inner text-center\"  >\n\t\t\t\n\t\t\t\n<h2 style=\"font-size: 200%;\"><span style=\"color: #000000;\">Haben Sie die Antwort nicht in den <a style=\"color: #000000;\" href=\"https:\/\/kamagraeu.net\/de\/faq\/\"><u>FAQ<\/u><\/a> gefunden?<\/span><\/h2>\n<p style=\"text-align: center;\"><span style=\"color: #000000;\">Kein Problem, wir helfen Ihnen gerne! Schicken Sie uns einfach Ihre Frage oder Anliegen, und wir k\u00fcmmern uns darum, dass Sie die ben\u00f6tigten Informationen erhalten.<\/span><\/p>\n<p style=\"text-align: center;\"><span style=\"color: #000000;\">Wir sind f\u00fcr Sie da und bem\u00fchen uns, so schnell wie m\u00f6glich zu antworten &#8211; in der Regel innerhalb von 24 Stunden an Werktagen.<\/span><\/p>\n<p style=\"text-align: center;\"><span style=\"color: #000000;\">Z\u00f6gern Sie also nicht, uns zu kontaktieren, wenn Sie Hilfe oder weitere Informationen ben\u00f6tigen, und wir werden uns um Sie k\u00fcmmern!<\/span><\/p>\n\t<div id=\"gap-1043413134\" class=\"gap-element clearfix\" style=\"display:block; height:auto;\">\n\t\t\n<style>\n#gap-1043413134 {\n  padding-top: 30px;\n}\n<\/style>\n\t<\/div>\n\t\n\t\t<\/div>\n\t\t\t\t\n<style>\n#col-2125629999 > .col-inner {\n  padding: 20px 0px 0px 0px;\n}\n<\/style>\n\t<\/div>\n\n\t\n<\/div>\n\t\t<\/div>\n\n\t\t\n<style>\n#section_1389154314 {\n  padding-top: 40px;\n  padding-bottom: 40px;\n  background-color: rgb(237, 237, 237);\n}\n<\/style>\n\t<\/section>\n\t\n\n\t<section class=\"section\" id=\"section_226753386\">\n\t\t<div class=\"section-bg fill\" >\n\t\t\t\t\t\t\t\t\t<div class=\"section-bg-overlay absolute fill\"><\/div>\n\t\t\t\n\n\t\t<\/div>\n\n\t\t\n\n\t\t<div class=\"section-content relative\">\n\t\t\t\n<div class=\"row\"  id=\"row-25581519\">\n\n\t<div id=\"col-1529593916\" class=\"col small-12 large-12\"  >\n\t\t\t\t<div class=\"col-inner\"  >\n\t\t\t\n\t\t\t\n<div class=\"row align-equal\"  id=\"row-1854097091\">\n\n\t<div id=\"col-72904487\" class=\"col medium-6 small-12 large-6\"  >\n\t\t\t\t<div class=\"col-inner text-center\"  >\n\t\t\t\n\t\t\t\n\n\t\t<div class=\"icon-box featured-box icon-box-center text-center\"  >\n\t\t\t\t\t<div class=\"icon-box-img\" style=\"width: 60px\">\n\t\t\t\t<div class=\"icon\">\n\t\t\t\t\t<div class=\"icon-inner\" >\n\t\t\t\t\t\t<?xml version=\"1.0\" encoding=\"utf-8\"?>\r\n\r\n<!DOCTYPE svg PUBLIC \"-\/\/W3C\/\/DTD SVG 1.1\/\/EN\" \"http:\/\/www.w3.org\/Graphics\/SVG\/1.1\/DTD\/svg11.dtd\">\r\n<!-- Uploaded to: SVG Repo, www.svgrepo.com, Generator: SVG Repo Mixer Tools -->\n<svg version=\"1.1\" id=\"IDEA\" xmlns=\"http:\/\/www.w3.org\/2000\/svg\" xmlns:xlink=\"http:\/\/www.w3.org\/1999\/xlink\" \r\n\t width=\"800px\" height=\"800px\" viewBox=\"0 0 1800 1800\" enable-background=\"new 0 0 1800 1800\" xml:space=\"preserve\">\r\n<g>\r\n\t<path fill=\"#333333\" d=\"M900.114,54.882c-329.509,0-597.583,268.077-597.583,597.59c0,219.592,118.159,418.518,309.714,523.794\r\n\t\tv152.835h-0.127v122.121h-0.172v185.238h172.682c3.58,60.518,53.924,108.656,115.315,108.656\r\n\t\tc61.39,0,111.736-48.139,115.31-108.656h172.571v-122.122h0.177v-185.237h-0.019v-152.835\r\n\t\tc191.557-105.276,309.715-304.203,309.715-523.794C1497.697,322.959,1229.623,54.882,900.114,54.882z M675.235,1392.218h449.649\r\n\t\tv59.005H675.235V1392.218z M899.943,1682.002c-29.441,0-48.627-22.507-51.876-45.541h103.788\r\n\t\tC948.464,1662.119,926.504,1682.002,899.943,1682.002z M1124.708,1573.344H675.063v-59.005h449.645V1573.344z M1142.116,1129.132\r\n\t\tl-17.25,8.778v189.457H931.559V861l187.201-187.21c12.323-12.323,12.323-32.302-0.005-44.63\r\n\t\tc-12.318-12.318-32.302-12.323-44.629,0.004L900,803.299L725.875,629.165c-12.323-12.323-32.307-12.328-44.63-0.004\r\n\t\tc-12.328,12.328-12.328,32.307-0.005,44.63L868.441,861v466.367H675.362V1137.91l-17.249-8.778\r\n\t\tc-180.4-91.778-292.465-274.427-292.465-476.66c0-294.71,239.761-534.471,534.466-534.471\r\n\t\tc294.706,0,534.466,239.761,534.466,534.471C1434.58,854.705,1322.516,1037.354,1142.116,1129.132z\"\/>\r\n\t<path fill=\"#333333\" d=\"M1066.667,246.225c-17.43,0-31.558,14.128-31.558,31.559s14.128,31.558,31.558,31.558\r\n\t\tc49.641,0,165.99,59.634,165.99,175.279c0,17.431,14.128,31.559,31.558,31.559c17.431,0,31.559-14.128,31.559-31.559\r\n\t\tC1295.773,328.101,1146.624,246.225,1066.667,246.225z\"\/>\r\n\t<path fill=\"#333333\" d=\"M209.331,712.881c0-17.43-14.128-31.558-31.558-31.558H34.686c-17.43,0-31.558,14.128-31.558,31.558\r\n\t\ts14.128,31.558,31.558,31.558h143.087C195.203,744.439,209.331,730.312,209.331,712.881z\"\/>\r\n\t<path fill=\"#333333\" d=\"M220.157,300.096c6.164,6.163,14.239,9.245,22.317,9.245c8.075,0,16.153-3.082,22.313-9.241\r\n\t\tc12.328-12.328,12.328-32.307,0.004-44.629L163.623,154.297c-12.318-12.319-32.303-12.323-44.63-0.004\r\n\t\tc-12.327,12.327-12.327,32.307-0.004,44.63L220.157,300.096z\"\/>\r\n\t<path fill=\"#333333\" d=\"M220.17,1125.662l-101.178,101.174c-12.327,12.327-12.327,32.307-0.004,44.634\r\n\t\tc6.164,6.164,14.238,9.246,22.317,9.246c8.074,0,16.153-3.082,22.312-9.246l101.179-101.173\r\n\t\tc12.327-12.327,12.327-32.307,0.004-44.625C252.478,1113.344,232.493,1113.344,220.17,1125.662z\"\/>\r\n\t<path fill=\"#333333\" d=\"M1765.314,681.323h-143.083c-17.43,0-31.559,14.128-31.559,31.558s14.129,31.558,31.559,31.558h143.083\r\n\t\tc17.43,0,31.558-14.128,31.558-31.558S1782.744,681.323,1765.314,681.323z\"\/>\r\n\t<path fill=\"#333333\" d=\"M1557.521,309.341c8.074,0,16.153-3.082,22.316-9.241l101.174-101.173\r\n\t\tc12.322-12.327,12.322-32.307,0-44.634c-12.328-12.319-32.307-12.319-44.635,0l-101.173,101.173\r\n\t\tc-12.323,12.328-12.323,32.307,0,44.634C1541.368,306.259,1549.447,309.341,1557.521,309.341z\"\/>\r\n\t<path fill=\"#333333\" d=\"M1579.829,1125.662c-12.318-12.318-32.302-12.318-44.63,0.01c-12.323,12.318-12.323,32.298,0.005,44.625\r\n\t\tl101.178,101.173c6.159,6.164,14.238,9.246,22.312,9.246c8.075,0,16.154-3.082,22.318-9.246\r\n\t\tc12.322-12.327,12.322-32.307-0.005-44.634L1579.829,1125.662z\"\/>\r\n<\/g>\r\n<\/svg>\t\t\t\t\t<\/div>\n\t\t\t\t<\/div>\n\t\t\t<\/div>\n\t\t\t\t<div class=\"icon-box-text last-reset\">\n\t\t\t\t\t\t\t\t\t\n<h4>Verbinde dich mit einem Experten<\/p>\n<\/h4>\n<p>Wissen Sie nicht, welches Produkt Sie w\u00e4hlen sollen?<\/p>\n\t<div id=\"gap-380862783\" class=\"gap-element clearfix\" style=\"display:block; height:auto;\">\n\t\t\n<style>\n#gap-380862783 {\n  padding-top: 20px;\n}\n<\/style>\n\t<\/div>\n\t\n<a class=\"button secondary\"  >\n\t\t<span>Kontaktformular<\/span>\n\t<\/a>\n\n\t\t<\/div>\n\t<\/div>\n\t\n\t\n\t\t<\/div>\n\t\t\t\t\t<\/div>\n\n\t\n\n\t<div id=\"col-903289407\" class=\"col medium-6 small-12 large-6\"  >\n\t\t\t\t<div class=\"col-inner text-center\"  >\n\t\t\t\n\t\t\t\n\n\t\t<div class=\"icon-box featured-box icon-box-center text-center\"  >\n\t\t\t\t\t<div class=\"icon-box-img\" style=\"width: 60px\">\n\t\t\t\t<div class=\"icon\">\n\t\t\t\t\t<div class=\"icon-inner\" >\n\t\t\t\t\t\t<?xml version=\"1.0\" encoding=\"utf-8\"?>\r\n\r\n<!DOCTYPE svg PUBLIC \"-\/\/W3C\/\/DTD SVG 1.1\/\/EN\" \"http:\/\/www.w3.org\/Graphics\/SVG\/1.1\/DTD\/svg11.dtd\">\r\n<!-- Uploaded to: SVG Repo, www.svgrepo.com, Generator: SVG Repo Mixer Tools -->\n<svg version=\"1.1\" id=\"MESSAGE\" xmlns=\"http:\/\/www.w3.org\/2000\/svg\" xmlns:xlink=\"http:\/\/www.w3.org\/1999\/xlink\" \r\n\t width=\"800px\" height=\"800px\" viewBox=\"0 0 1800 1800\" enable-background=\"new 0 0 1800 1800\" xml:space=\"preserve\">\r\n<g>\r\n\t<g>\r\n\t\t<path fill=\"#333333\" d=\"M251.485,1662c-5.408,0-10.816-1.398-15.663-4.195c-9.693-5.598-15.663-15.938-15.663-27.13v-201.559\r\n\t\t\tH86.872c-44.37,0-80.467-36.097-80.467-80.463V380.479c0-44.367,36.098-80.462,80.467-80.462h1467.337\r\n\t\t\tc44.375,0,80.473,36.095,80.473,80.462v968.174c0,44.366-36.098,80.463-80.473,80.463H663.253l-396.105,228.688\r\n\t\t\tC262.302,1660.602,256.894,1662,251.485,1662z M86.872,362.667c-9.824,0-17.817,7.991-17.817,17.813v968.174\r\n\t\t\tc0,9.824,7.993,17.813,17.817,17.813h164.614c17.301,0,31.325,14.023,31.325,31.324v178.629l356.388-205.758\r\n\t\t\tc4.761-2.749,10.163-4.195,15.662-4.195h899.349c9.829,0,17.822-7.989,17.822-17.813V380.479c0-9.822-7.993-17.813-17.822-17.813\r\n\t\t\tH86.872z\"\/>\r\n\t<\/g>\r\n\t<g>\r\n\t\t<path fill=\"#333333\" d=\"M952.785,607.586H253.36c-17.302,0-31.325-14.023-31.325-31.325c0-17.301,14.023-31.325,31.325-31.325\r\n\t\t\th699.425c17.301,0,31.324,14.024,31.324,31.325C984.109,593.563,970.086,607.586,952.785,607.586z\"\/>\r\n\t<\/g>\r\n\t<g>\r\n\t\t<path fill=\"#333333\" d=\"M1387.721,794.601H253.36c-17.302,0-31.325-14.024-31.325-31.325c0-17.302,14.023-31.325,31.325-31.325\r\n\t\t\th1134.36c17.302,0,31.326,14.023,31.326,31.325C1419.047,780.577,1405.022,794.601,1387.721,794.601z\"\/>\r\n\t<\/g>\r\n\t<g>\r\n\t\t<path fill=\"#333333\" d=\"M1387.721,981.611H253.36c-17.302,0-31.325-14.023-31.325-31.324c0-17.302,14.023-31.325,31.325-31.325\r\n\t\t\th1134.36c17.302,0,31.326,14.023,31.326,31.325C1419.047,967.588,1405.022,981.611,1387.721,981.611z\"\/>\r\n\t<\/g>\r\n\t<g>\r\n\t\t<path fill=\"#333333\" d=\"M1387.721,1168.627H253.36c-17.302,0-31.325-14.024-31.325-31.325c0-17.302,14.023-31.325,31.325-31.325\r\n\t\t\th1134.36c17.302,0,31.326,14.023,31.326,31.325C1419.047,1154.603,1405.022,1168.627,1387.721,1168.627z\"\/>\r\n\t<\/g>\r\n\t<g>\r\n\t\t<path fill=\"#333333\" d=\"M1712.124,145H244.786c-44.37,0-80.467,36.097-80.467,80.467v85.476h62.65v-85.476\r\n\t\t\tc0-9.824,7.993-17.816,17.817-17.816h1467.338c9.828,0,17.821,7.993,17.821,17.816v968.17c0,9.824-7.993,17.813-17.821,17.813\r\n\t\t\th-108.769v62.65h108.769c44.374,0,80.472-36.098,80.472-80.463v-968.17C1792.596,181.097,1756.498,145,1712.124,145z\"\/>\r\n\t<\/g>\r\n<\/g>\r\n<\/svg>\t\t\t\t\t<\/div>\n\t\t\t\t<\/div>\n\t\t\t<\/div>\n\t\t\t\t<div class=\"icon-box-text last-reset\">\n\t\t\t\t\t\t\t\t\t\n<h4>Haben Sie Fragen zur Bestellung?<\/p>\n<\/h4>\n<p>Manchmal braucht man ein wenig Hilfe. Keine Sorge, wir sind f\u00fcr Sie da.<\/p>\n\t<div id=\"gap-486274303\" class=\"gap-element clearfix\" style=\"display:block; height:auto;\">\n\t\t\n<style>\n#gap-486274303 {\n  padding-top: 20px;\n}\n<\/style>\n\t<\/div>\n\t\n\t\t<\/div>\n\t<\/div>\n\t\n\t\n<a class=\"button secondary\"  >\n\t\t<span>Kontaktformular<\/span>\n\t<\/a>\n\n\t\t<\/div>\n\t\t\t\t\t<\/div>\n\n\t\n\n\t<div id=\"col-259309371\" class=\"col small-12 large-12\"  >\n\t\t\t\t<div class=\"col-inner text-center\" style=\"background-color:rgb(255,255,255);\" >\n\t\t\t\n\t\t\t\n<h3>Eine Frage stellen<\/h3>\n<div class=\"is-divider divider clearfix\" ><\/div>\n<div class=\"row align-center\"  id=\"row-1258419388\">\n\n\t<div id=\"col-828444765\" class=\"col medium-11 small-12 large-9\"  >\n\t\t\t\t<div class=\"col-inner text-left\"  >\n\t\t\t\n\t\t\t\n\n<div class=\"wpcf7 no-js\" id=\"wpcf7-f12645-o1\" lang=\"cs-CZ\" dir=\"ltr\" data-wpcf7-id=\"12645\">\n<div class=\"screen-reader-response\"><p role=\"status\" aria-live=\"polite\" aria-atomic=\"true\"><\/p> <ul><\/ul><\/div>\n<form action=\"\/de\/wp-json\/wp\/v2\/pages\/125#wpcf7-f12645-o1\" method=\"post\" class=\"wpcf7-form init\" aria-label=\"Kontaktn\u00ed formul\u00e1\u0159\" novalidate=\"novalidate\" data-status=\"init\">\n<div style=\"display: none;\">\n<input type=\"hidden\" name=\"_wpcf7\" value=\"12645\" \/>\n<input type=\"hidden\" name=\"_wpcf7_version\" value=\"6.0.6\" \/>\n<input type=\"hidden\" name=\"_wpcf7_locale\" value=\"cs_CZ\" \/>\n<input type=\"hidden\" name=\"_wpcf7_unit_tag\" value=\"wpcf7-f12645-o1\" \/>\n<input type=\"hidden\" name=\"_wpcf7_container_post\" value=\"0\" \/>\n<input type=\"hidden\" name=\"_wpcf7_posted_data_hash\" value=\"\" \/>\n<input type=\"hidden\" name=\"_wpcf7_recaptcha_response\" value=\"\" \/>\n<\/div>\n<p><label>Ihr Name*<\/label><br \/>\n<span class=\"wpcf7-form-control-wrap\" data-name=\"your-name\"><input size=\"40\" maxlength=\"400\" class=\"wpcf7-form-control wpcf7-text wpcf7-validates-as-required\" aria-required=\"true\" aria-invalid=\"false\" value=\"\" type=\"text\" name=\"your-name\" \/><\/span>\n<\/p>\n<p><label>Ihre E-Mail-Adresse*<\/label><br \/>\n<span class=\"wpcf7-form-control-wrap\" data-name=\"your-email\"><input size=\"40\" maxlength=\"400\" class=\"wpcf7-form-control wpcf7-email wpcf7-validates-as-required wpcf7-text wpcf7-validates-as-email\" aria-required=\"true\" aria-invalid=\"false\" value=\"\" type=\"email\" name=\"your-email\" \/><\/span>\n<\/p>\n<p><label>Bestellnummer<\/label><br \/>\n<span class=\"wpcf7-form-control-wrap\" data-name=\"Bestellnummer\"><input size=\"40\" maxlength=\"400\" class=\"wpcf7-form-control wpcf7-text\" aria-invalid=\"false\" value=\"\" type=\"text\" name=\"Bestellnummer\" \/><\/span>\n<\/p>\n<p><label>Ihre Nachricht*<\/label><br \/>\n<span class=\"wpcf7-form-control-wrap\" data-name=\"your-message\"><textarea cols=\"40\" rows=\"10\" maxlength=\"2000\" class=\"wpcf7-form-control wpcf7-textarea\" aria-invalid=\"false\" name=\"your-message\"><\/textarea><\/span>\n<\/p>\n\n<p><input class=\"wpcf7-form-control wpcf7-submit has-spinner button\" type=\"submit\" value=\"Senden\" \/>\n<\/p><div class=\"wpcf7-response-output\" aria-hidden=\"true\"><\/div>\n<\/form>\n<\/div>\n\n<h6>Firma<\/h6>\n<p><strong>ED Pharmaceutical Ltd.<\/strong><br \/>Landsberger Str. 213,<br \/>126 23 Berlin<br \/>Deutschland<\/p>\n<h6>Kontaktdaten<\/h6>\n<p>+44 658 956 025<br \/><strong>contact@kamagraeu.net<\/strong><\/p>\n<div class=\"social-icons follow-icons\" style=\"font-size:80%\"><a href=\"#\" target=\"_blank\" data-label=\"Facebook\" class=\"icon primary button circle facebook tooltip\" title=\"Auf Facebook folgen\" aria-label=\"Auf Facebook folgen\" rel=\"noopener nofollow\" ><i class=\"icon-facebook\" ><\/i><\/a><a href=\"#\" target=\"_blank\" data-label=\"Instagram\" class=\"icon primary button circle instagram tooltip\" title=\"Auf Instagram folgen\" aria-label=\"Auf Instagram folgen\" rel=\"noopener nofollow\" ><i class=\"icon-instagram\" ><\/i><\/a><a href=\"#\" data-label=\"Twitter\" target=\"_blank\" class=\"icon primary button circle twitter tooltip\" title=\"Auf Twitter folgen\" aria-label=\"Auf Twitter folgen\" rel=\"noopener nofollow\" ><i class=\"icon-twitter\" ><\/i><\/a><a href=\"#\" data-label=\"LinkedIn\" target=\"_blank\" class=\"icon primary button circle linkedin tooltip\" title=\"Auf Linkedin folgen\" aria-label=\"Auf Linkedin folgen\" rel=\"noopener nofollow\" ><i class=\"icon-linkedin\" ><\/i><\/a><\/div>\n\t\t<\/div>\n\t\t\t\t\t<\/div>\n\n\t\n<\/div>\n<h4>Firmendetails<\/h4>\n<p>VAT: VS123456789 \/\/ CIF: BL1247890<\n<\/p>\n\t\t<\/div>\n\t\t\t\t\t<\/div>\n\n\t\n\n<style>\n#row-1854097091 > .col > .col-inner {\n  padding: 40px 40px 40px 40px;\n  background-color: rgb(255,255,255);\n}\n<\/style>\n<\/div>\n\t\t<\/div>\n\t\t\t\t\n<style>\n#col-1529593916 > .col-inner {\n  margin: -100px 0px 0px 0px;\n}\n<\/style>\n\t<\/div>\n\n\t\n<\/div>\n<div class=\"row\"  id=\"row-1925906509\">\n<\/div>\n\t\t<\/div>\n\n\t\t\n<style>\n#section_226753386 {\n  padding-top: 30px;\n  padding-bottom: 30px;\n}\n#section_226753386 .section-bg-overlay {\n  background-color: rgba(230, 230, 230, 0.552);\n}\n<\/style>\n\t<\/section>\n\t\n","protected":false},"excerpt":{"rendered":"","protected":false},"author":1,"featured_media":0,"parent":0,"menu_order":0,"comment_status":"closed","ping_status":"closed","template":"page-blank.php","meta":{"footnotes":""},"class_list":["post-125","page","type-page","status-publish","hentry"],"yoast_head":"<!-- This site is optimized with the Yoast SEO Premium plugin v23.0 (Yoast SEO v25.6) - https:\/\/yoast.com\/wordpress\/plugins\/seo\/ -->\n<title>KONTAKT | Deutsch<\/title>\n<meta name=\"robots\" content=\"index, follow, max-snippet:-1, max-image-preview:large, max-video-preview:-1\" \/>\n<link rel=\"canonical\" href=\"https:\/\/kamagraeu.net\/de\/kontakt\/\" \/>\n<meta property=\"og:locale\" content=\"de_DE\" \/>\n<meta property=\"og:type\" content=\"article\" \/>\n<meta property=\"og:title\" content=\"KONTAKT\" \/>\n<meta property=\"og:url\" content=\"https:\/\/kamagraeu.net\/de\/kontakt\/\" \/>\n<meta property=\"og:site_name\" content=\"Deutsch\" \/>\n<meta property=\"article:modified_time\" content=\"2024-08-14T19:03:34+00:00\" \/>\n<meta name=\"twitter:card\" content=\"summary_large_image\" \/>\n<meta name=\"twitter:label1\" content=\"Gesch\u00e4tzte Lesezeit\" \/>\n\t<meta name=\"twitter:data1\" content=\"2\u00a0Minuten\" \/>\n<script type=\"application\/ld+json\" class=\"yoast-schema-graph\">{\"@context\":\"https:\/\/schema.org\",\"@graph\":[{\"@type\":\"WebPage\",\"@id\":\"https:\/\/kamagraeu.net\/de\/kontakt\/\",\"url\":\"https:\/\/kamagraeu.net\/de\/kontakt\/\",\"name\":\"KONTAKT | Deutsch\",\"isPartOf\":{\"@id\":\"https:\/\/kamagraeu.net\/de\/#website\"},\"datePublished\":\"2020-05-05T09:44:29+00:00\",\"dateModified\":\"2024-08-14T19:03:34+00:00\",\"breadcrumb\":{\"@id\":\"https:\/\/kamagraeu.net\/de\/kontakt\/#breadcrumb\"},\"inLanguage\":\"de\",\"potentialAction\":[{\"@type\":\"ReadAction\",\"target\":[\"https:\/\/kamagraeu.net\/de\/kontakt\/\"]}]},{\"@type\":\"BreadcrumbList\",\"@id\":\"https:\/\/kamagraeu.net\/de\/kontakt\/#breadcrumb\",\"itemListElement\":[{\"@type\":\"ListItem\",\"position\":1,\"name\":\"Home\",\"item\":\"https:\/\/kamagraeu.net\/de\/\"},{\"@type\":\"ListItem\",\"position\":2,\"name\":\"KONTAKT\"}]},{\"@type\":\"WebSite\",\"@id\":\"https:\/\/kamagraeu.net\/de\/#website\",\"url\":\"https:\/\/kamagraeu.net\/de\/\",\"name\":\"KamagraEU.net\",\"description\":\"Kamagra kaufen\",\"publisher\":{\"@id\":\"https:\/\/kamagraeu.net\/de\/#organization\"},\"alternateName\":\"KamagrEU\",\"potentialAction\":[{\"@type\":\"SearchAction\",\"target\":{\"@type\":\"EntryPoint\",\"urlTemplate\":\"https:\/\/kamagraeu.net\/de\/?s={search_term_string}\"},\"query-input\":{\"@type\":\"PropertyValueSpecification\",\"valueRequired\":true,\"valueName\":\"search_term_string\"}}],\"inLanguage\":\"de\"},{\"@type\":\"Organization\",\"@id\":\"https:\/\/kamagraeu.net\/de\/#organization\",\"name\":\"Kamagraeu.net\",\"alternateName\":\"KamagrEU\",\"url\":\"https:\/\/kamagraeu.net\/de\/\",\"logo\":{\"@type\":\"ImageObject\",\"inLanguage\":\"de\",\"@id\":\"https:\/\/kamagraeu.net\/de\/#\/schema\/logo\/image\/\",\"url\":\"https:\/\/kamagraeu.net\/de\/wp-content\/uploads\/sites\/2\/2020\/05\/cropped-logo.png\",\"contentUrl\":\"https:\/\/kamagraeu.net\/de\/wp-content\/uploads\/sites\/2\/2020\/05\/cropped-logo.png\",\"width\":812,\"height\":192,\"caption\":\"Kamagraeu.net\"},\"image\":{\"@id\":\"https:\/\/kamagraeu.net\/de\/#\/schema\/logo\/image\/\"},\"description\":\"Kamagra Verkauf - Medikamente zur Unterst\u00fctzung und Behandlung von Erektionsproblemen. \u00dcber 40 Produkte auf Lager. Wir helfen sowohl bei der Verz\u00f6gerung der Ejakulation als auch bei der Verbesserung der Erektion.\",\"email\":\"info@kamagraeu.net\",\"telephone\":\"+49 30 315144533\",\"numberOfEmployees\":{\"@type\":\"QuantitativeValue\",\"minValue\":\"11\",\"maxValue\":\"50\"}}]}<\/script>\n<!-- \/ Yoast SEO Premium plugin. -->","yoast_head_json":{"title":"KONTAKT | Deutsch","robots":{"index":"index","follow":"follow","max-snippet":"max-snippet:-1","max-image-preview":"max-image-preview:large","max-video-preview":"max-video-preview:-1"},"canonical":"https:\/\/kamagraeu.net\/de\/kontakt\/","og_locale":"de_DE","og_type":"article","og_title":"KONTAKT","og_url":"https:\/\/kamagraeu.net\/de\/kontakt\/","og_site_name":"Deutsch","article_modified_time":"2024-08-14T19:03:34+00:00","twitter_card":"summary_large_image","twitter_misc":{"Gesch\u00e4tzte Lesezeit":"2\u00a0Minuten"},"schema":{"@context":"https:\/\/schema.org","@graph":[{"@type":"WebPage","@id":"https:\/\/kamagraeu.net\/de\/kontakt\/","url":"https:\/\/kamagraeu.net\/de\/kontakt\/","name":"KONTAKT | Deutsch","isPartOf":{"@id":"https:\/\/kamagraeu.net\/de\/#website"},"datePublished":"2020-05-05T09:44:29+00:00","dateModified":"2024-08-14T19:03:34+00:00","breadcrumb":{"@id":"https:\/\/kamagraeu.net\/de\/kontakt\/#breadcrumb"},"inLanguage":"de","potentialAction":[{"@type":"ReadAction","target":["https:\/\/kamagraeu.net\/de\/kontakt\/"]}]},{"@type":"BreadcrumbList","@id":"https:\/\/kamagraeu.net\/de\/kontakt\/#breadcrumb","itemListElement":[{"@type":"ListItem","position":1,"name":"Home","item":"https:\/\/kamagraeu.net\/de\/"},{"@type":"ListItem","position":2,"name":"KONTAKT"}]},{"@type":"WebSite","@id":"https:\/\/kamagraeu.net\/de\/#website","url":"https:\/\/kamagraeu.net\/de\/","name":"KamagraEU.net","description":"Kamagra kaufen","publisher":{"@id":"https:\/\/kamagraeu.net\/de\/#organization"},"alternateName":"KamagrEU","potentialAction":[{"@type":"SearchAction","target":{"@type":"EntryPoint","urlTemplate":"https:\/\/kamagraeu.net\/de\/?s={search_term_string}"},"query-input":{"@type":"PropertyValueSpecification","valueRequired":true,"valueName":"search_term_string"}}],"inLanguage":"de"},{"@type":"Organization","@id":"https:\/\/kamagraeu.net\/de\/#organization","name":"Kamagraeu.net","alternateName":"KamagrEU","url":"https:\/\/kamagraeu.net\/de\/","logo":{"@type":"ImageObject","inLanguage":"de","@id":"https:\/\/kamagraeu.net\/de\/#\/schema\/logo\/image\/","url":"https:\/\/kamagraeu.net\/de\/wp-content\/uploads\/sites\/2\/2020\/05\/cropped-logo.png","contentUrl":"https:\/\/kamagraeu.net\/de\/wp-content\/uploads\/sites\/2\/2020\/05\/cropped-logo.png","width":812,"height":192,"caption":"Kamagraeu.net"},"image":{"@id":"https:\/\/kamagraeu.net\/de\/#\/schema\/logo\/image\/"},"description":"Kamagra Verkauf - Medikamente zur Unterst\u00fctzung und Behandlung von Erektionsproblemen. \u00dcber 40 Produkte auf Lager. Wir helfen sowohl bei der Verz\u00f6gerung der Ejakulation als auch bei der Verbesserung der Erektion.","email":"info@kamagraeu.net","telephone":"+49 30 315144533","numberOfEmployees":{"@type":"QuantitativeValue","minValue":"11","maxValue":"50"}}]}},"_links":{"self":[{"href":"https:\/\/kamagraeu.net\/de\/wp-json\/wp\/v2\/pages\/125"}],"collection":[{"href":"https:\/\/kamagraeu.net\/de\/wp-json\/wp\/v2\/pages"}],"about":[{"href":"https:\/\/kamagraeu.net\/de\/wp-json\/wp\/v2\/types\/page"}],"author":[{"embeddable":true,"href":"https:\/\/kamagraeu.net\/de\/wp-json\/wp\/v2\/users\/1"}],"replies":[{"embeddable":true,"href":"https:\/\/kamagraeu.net\/de\/wp-json\/wp\/v2\/comments?post=125"}],"version-history":[{"count":47,"href":"https:\/\/kamagraeu.net\/de\/wp-json\/wp\/v2\/pages\/125\/revisions"}],"predecessor-version":[{"id":13910,"href":"https:\/\/kamagraeu.net\/de\/wp-json\/wp\/v2\/pages\/125\/revisions\/13910"}],"wp:attachment":[{"href":"https:\/\/kamagraeu.net\/de\/wp-json\/wp\/v2\/media?parent=125"}],"curies":[{"name":"wp","href":"https:\/\/api.w.org\/{rel}","templated":true}]}}