{"id":129,"date":"2020-05-05T11:45:46","date_gmt":"2020-05-05T09:45:46","guid":{"rendered":"http:\/\/kamagraeu.net\/de\/?page_id=129"},"modified":"2024-05-21T16:45:55","modified_gmt":"2024-05-21T14:45:55","slug":"ome-allgemeine-geschaeftsbedingungen","status":"publish","type":"page","link":"https:\/\/kamagraeu.net\/de\/ome-allgemeine-geschaeftsbedingungen\/","title":{"rendered":"Allgemeine Gesch\u00e4ftsbedingungen"},"content":{"rendered":"<div class=\"row\"  id=\"row-867774843\">\n\n\t<div id=\"col-1042988846\" class=\"col small-12 large-12\"  >\n\t\t\t\t<div class=\"col-inner\"  >\n\t\t\t\n\t\t\t\n<h1><span style=\"font-weight: 100; margin: 0;\">AGB<\/span><br \/>Allgemeine Gesch\u00e4ftsbedingungen<\/h1>\n<div class=\"is-divider divider clearfix\" style=\"max-width:90%;height:1px;\"><\/div>\n<h2>1. Verkaufsbedingungen<\/h2>\n<p>Unser Online-Shop ist lediglich f\u00fcr schriftliche Verbindlichkeiten haftbar. Der Vertag kann nur durch die Zustimmung der Gesch\u00e4ftsbedingungen zwischen unserem Shop und Ihnen als Kunde zustande kommen.\u00a0 Durch das Absenden Ihrer Bestellung werden die Gesch\u00e4ftsbedingungen automatisch akzeptiert.\u00a0<\/p>\n<h2>2. Verf\u00fcgbarkeit und Angebote<\/h2>\n<p>Die im Online-Shop erh\u00e4ltlichen Waren, welche die Kennzeichnung \u201eLAGERND\u201c besitzen, stehen sofort zur Verf\u00fcgung. Sollte die gelagerte Ware aus anderen Gr\u00fcnden nicht geliefert werden, informieren wir Sie umfassend dar\u00fcber. Waren, mit der\u00a0 Kennzeichnung \u201eNICHT LAGERND\u201c stehen nicht f\u00fcr den Kauf zur Verf\u00fcgung.\u00a0<\/p>\n<h2>3. Warenbeschreibung<\/h2>\n<p>Wir weisen Sie darauf hin, dass die gelieferten Waren im Aussehen einen Unterschied, im Gegensatz zu unseren Abbildungen, aufweisen.\u00a0<\/p>\n<h2>4. Zahlungsbedingungen<\/h2>\n<p>Die Preise sind inkl. MwSt. ausgewiesen. Waren werden per SEPA-\u00dcberweisung bezahlt.\u00a0<\/p>\n<h2>5. Kosten f\u00fcr den Transport<\/h2>\n<p>Wir bieten Ihnen f\u00fcr alle Waren eine Gratiszustellung. Wird von Ihnen eine andere Zustellungsart, als angegeben, gew\u00fcnscht ist diese Zustellung in der vollen H\u00f6he an Versandkosten zu \u00fcbernehmen.\u00a0<\/p>\n<h2>6. Lieferbedingungen<\/h2>\n<p>Die Lieferfrist beginnt mit dem Erhalt der Bestelllung. Bei unvorhersehbaren Umst\u00e4nden, beh\u00e4lt sich der Shop das Recht vor, Lieferfristen zu verl\u00e4ngern. \u00dcber diese Umst\u00e4nde werden Sie informiert.<br \/>Unser Shop haftet nicht f\u00fcr die Lieferverl\u00e4ngerung, wenn\u00a0 diese durch den Spediteur verursacht werden. F\u00fcr Transportsch\u00e4den haftet der Spediteur.\u00a0<\/p>\n<h2>7. Stornierung<\/h2>\n<p>Als Kunde haben Sie das\u00a0 Recht vom Vertrag, innerhalb von 14 Tagen schriftlich ohne Angaben der Gr\u00fcnde zur\u00fcckzutreten.\u00a0<\/p>\n<h2>8. Warenr\u00fcckgabe<\/h2>\n<p>Gibt der Kunden die Ware aus unterschiedlichen Gr\u00fcnden nicht vollst\u00e4ndig oder in einem besch\u00e4digten Zustand zur\u00fcck, kann er keine R\u00fcckerstattung der Einkaufssummen erhalten.\u00a0<\/p>\n<h2>9. Haftung<\/h2>\n<p>Unsere Informationen ersetzen den Arztbesuch nicht! Gesundheitliche Probleme sollten mit einem Arzt besprochen werden. Zus\u00e4tzlich ist die Einnahme unserer Medikamente mit einem Arzt zu besprechen.\u00a0<\/p>\n<h2>10. Schutz pers\u00f6nlicher Daten<\/h2>\n<p>Unser Shop garantiert die vertrauliche Behandlung aller Daten. Pers\u00f6nliche Daten werden nicht an Dritte weitergegeben und dienen nur der Bestellung.\u00a0<\/p>\n<p>\u00a0<\/p>\n\t\t<\/div>\n\t\t\t\t\t<\/div>\n\n\t\n<\/div>\n","protected":false},"excerpt":{"rendered":"","protected":false},"author":1,"featured_media":0,"parent":0,"menu_order":0,"comment_status":"closed","ping_status":"closed","template":"","meta":{"footnotes":""},"class_list":["post-129","page","type-page","status-publish","hentry"],"yoast_head":"<!-- This site is optimized with the Yoast SEO Premium plugin v23.0 (Yoast SEO v25.6) - https:\/\/yoast.com\/wordpress\/plugins\/seo\/ -->\n<title>Allgemeine Gesch\u00e4ftsbedingungen | Deutsch<\/title>\n<meta name=\"robots\" content=\"index, follow, max-snippet:-1, max-image-preview:large, max-video-preview:-1\" \/>\n<link rel=\"canonical\" href=\"https:\/\/kamagraeu.net\/de\/ome-allgemeine-geschaeftsbedingungen\/\" \/>\n<meta property=\"og:locale\" content=\"de_DE\" \/>\n<meta property=\"og:type\" content=\"article\" \/>\n<meta property=\"og:title\" content=\"Allgemeine Gesch\u00e4ftsbedingungen\" \/>\n<meta property=\"og:url\" content=\"https:\/\/kamagraeu.net\/de\/ome-allgemeine-geschaeftsbedingungen\/\" \/>\n<meta property=\"og:site_name\" content=\"Deutsch\" \/>\n<meta property=\"article:modified_time\" content=\"2024-05-21T14:45:55+00:00\" \/>\n<meta name=\"twitter:card\" content=\"summary_large_image\" \/>\n<meta name=\"twitter:label1\" content=\"Gesch\u00e4tzte Lesezeit\" \/>\n\t<meta name=\"twitter:data1\" content=\"2\u00a0Minuten\" \/>\n<script type=\"application\/ld+json\" class=\"yoast-schema-graph\">{\"@context\":\"https:\/\/schema.org\",\"@graph\":[{\"@type\":\"WebPage\",\"@id\":\"https:\/\/kamagraeu.net\/de\/ome-allgemeine-geschaeftsbedingungen\/\",\"url\":\"https:\/\/kamagraeu.net\/de\/ome-allgemeine-geschaeftsbedingungen\/\",\"name\":\"Allgemeine Gesch\u00e4ftsbedingungen | Deutsch\",\"isPartOf\":{\"@id\":\"https:\/\/kamagraeu.net\/de\/#website\"},\"datePublished\":\"2020-05-05T09:45:46+00:00\",\"dateModified\":\"2024-05-21T14:45:55+00:00\",\"breadcrumb\":{\"@id\":\"https:\/\/kamagraeu.net\/de\/ome-allgemeine-geschaeftsbedingungen\/#breadcrumb\"},\"inLanguage\":\"de\",\"potentialAction\":[{\"@type\":\"ReadAction\",\"target\":[\"https:\/\/kamagraeu.net\/de\/ome-allgemeine-geschaeftsbedingungen\/\"]}]},{\"@type\":\"BreadcrumbList\",\"@id\":\"https:\/\/kamagraeu.net\/de\/ome-allgemeine-geschaeftsbedingungen\/#breadcrumb\",\"itemListElement\":[{\"@type\":\"ListItem\",\"position\":1,\"name\":\"Home\",\"item\":\"https:\/\/kamagraeu.net\/de\/\"},{\"@type\":\"ListItem\",\"position\":2,\"name\":\"Allgemeine Gesch\u00e4ftsbedingungen\"}]},{\"@type\":\"WebSite\",\"@id\":\"https:\/\/kamagraeu.net\/de\/#website\",\"url\":\"https:\/\/kamagraeu.net\/de\/\",\"name\":\"KamagraEU.net\",\"description\":\"Kamagra kaufen\",\"publisher\":{\"@id\":\"https:\/\/kamagraeu.net\/de\/#organization\"},\"alternateName\":\"KamagrEU\",\"potentialAction\":[{\"@type\":\"SearchAction\",\"target\":{\"@type\":\"EntryPoint\",\"urlTemplate\":\"https:\/\/kamagraeu.net\/de\/?s={search_term_string}\"},\"query-input\":{\"@type\":\"PropertyValueSpecification\",\"valueRequired\":true,\"valueName\":\"search_term_string\"}}],\"inLanguage\":\"de\"},{\"@type\":\"Organization\",\"@id\":\"https:\/\/kamagraeu.net\/de\/#organization\",\"name\":\"Kamagraeu.net\",\"alternateName\":\"KamagrEU\",\"url\":\"https:\/\/kamagraeu.net\/de\/\",\"logo\":{\"@type\":\"ImageObject\",\"inLanguage\":\"de\",\"@id\":\"https:\/\/kamagraeu.net\/de\/#\/schema\/logo\/image\/\",\"url\":\"https:\/\/kamagraeu.net\/de\/wp-content\/uploads\/sites\/2\/2020\/05\/cropped-logo.png\",\"contentUrl\":\"https:\/\/kamagraeu.net\/de\/wp-content\/uploads\/sites\/2\/2020\/05\/cropped-logo.png\",\"width\":812,\"height\":192,\"caption\":\"Kamagraeu.net\"},\"image\":{\"@id\":\"https:\/\/kamagraeu.net\/de\/#\/schema\/logo\/image\/\"},\"description\":\"Kamagra Verkauf - Medikamente zur Unterst\u00fctzung und Behandlung von Erektionsproblemen. \u00dcber 40 Produkte auf Lager. Wir helfen sowohl bei der Verz\u00f6gerung der Ejakulation als auch bei der Verbesserung der Erektion.\",\"email\":\"info@kamagraeu.net\",\"telephone\":\"+49 30 315144533\",\"numberOfEmployees\":{\"@type\":\"QuantitativeValue\",\"minValue\":\"11\",\"maxValue\":\"50\"}}]}<\/script>\n<!-- \/ Yoast SEO Premium plugin. -->","yoast_head_json":{"title":"Allgemeine Gesch\u00e4ftsbedingungen | Deutsch","robots":{"index":"index","follow":"follow","max-snippet":"max-snippet:-1","max-image-preview":"max-image-preview:large","max-video-preview":"max-video-preview:-1"},"canonical":"https:\/\/kamagraeu.net\/de\/ome-allgemeine-geschaeftsbedingungen\/","og_locale":"de_DE","og_type":"article","og_title":"Allgemeine Gesch\u00e4ftsbedingungen","og_url":"https:\/\/kamagraeu.net\/de\/ome-allgemeine-geschaeftsbedingungen\/","og_site_name":"Deutsch","article_modified_time":"2024-05-21T14:45:55+00:00","twitter_card":"summary_large_image","twitter_misc":{"Gesch\u00e4tzte Lesezeit":"2\u00a0Minuten"},"schema":{"@context":"https:\/\/schema.org","@graph":[{"@type":"WebPage","@id":"https:\/\/kamagraeu.net\/de\/ome-allgemeine-geschaeftsbedingungen\/","url":"https:\/\/kamagraeu.net\/de\/ome-allgemeine-geschaeftsbedingungen\/","name":"Allgemeine Gesch\u00e4ftsbedingungen | Deutsch","isPartOf":{"@id":"https:\/\/kamagraeu.net\/de\/#website"},"datePublished":"2020-05-05T09:45:46+00:00","dateModified":"2024-05-21T14:45:55+00:00","breadcrumb":{"@id":"https:\/\/kamagraeu.net\/de\/ome-allgemeine-geschaeftsbedingungen\/#breadcrumb"},"inLanguage":"de","potentialAction":[{"@type":"ReadAction","target":["https:\/\/kamagraeu.net\/de\/ome-allgemeine-geschaeftsbedingungen\/"]}]},{"@type":"BreadcrumbList","@id":"https:\/\/kamagraeu.net\/de\/ome-allgemeine-geschaeftsbedingungen\/#breadcrumb","itemListElement":[{"@type":"ListItem","position":1,"name":"Home","item":"https:\/\/kamagraeu.net\/de\/"},{"@type":"ListItem","position":2,"name":"Allgemeine Gesch\u00e4ftsbedingungen"}]},{"@type":"WebSite","@id":"https:\/\/kamagraeu.net\/de\/#website","url":"https:\/\/kamagraeu.net\/de\/","name":"KamagraEU.net","description":"Kamagra kaufen","publisher":{"@id":"https:\/\/kamagraeu.net\/de\/#organization"},"alternateName":"KamagrEU","potentialAction":[{"@type":"SearchAction","target":{"@type":"EntryPoint","urlTemplate":"https:\/\/kamagraeu.net\/de\/?s={search_term_string}"},"query-input":{"@type":"PropertyValueSpecification","valueRequired":true,"valueName":"search_term_string"}}],"inLanguage":"de"},{"@type":"Organization","@id":"https:\/\/kamagraeu.net\/de\/#organization","name":"Kamagraeu.net","alternateName":"KamagrEU","url":"https:\/\/kamagraeu.net\/de\/","logo":{"@type":"ImageObject","inLanguage":"de","@id":"https:\/\/kamagraeu.net\/de\/#\/schema\/logo\/image\/","url":"https:\/\/kamagraeu.net\/de\/wp-content\/uploads\/sites\/2\/2020\/05\/cropped-logo.png","contentUrl":"https:\/\/kamagraeu.net\/de\/wp-content\/uploads\/sites\/2\/2020\/05\/cropped-logo.png","width":812,"height":192,"caption":"Kamagraeu.net"},"image":{"@id":"https:\/\/kamagraeu.net\/de\/#\/schema\/logo\/image\/"},"description":"Kamagra Verkauf - Medikamente zur Unterst\u00fctzung und Behandlung von Erektionsproblemen. \u00dcber 40 Produkte auf Lager. Wir helfen sowohl bei der Verz\u00f6gerung der Ejakulation als auch bei der Verbesserung der Erektion.","email":"info@kamagraeu.net","telephone":"+49 30 315144533","numberOfEmployees":{"@type":"QuantitativeValue","minValue":"11","maxValue":"50"}}]}},"_links":{"self":[{"href":"https:\/\/kamagraeu.net\/de\/wp-json\/wp\/v2\/pages\/129"}],"collection":[{"href":"https:\/\/kamagraeu.net\/de\/wp-json\/wp\/v2\/pages"}],"about":[{"href":"https:\/\/kamagraeu.net\/de\/wp-json\/wp\/v2\/types\/page"}],"author":[{"embeddable":true,"href":"https:\/\/kamagraeu.net\/de\/wp-json\/wp\/v2\/users\/1"}],"replies":[{"embeddable":true,"href":"https:\/\/kamagraeu.net\/de\/wp-json\/wp\/v2\/comments?post=129"}],"version-history":[{"count":9,"href":"https:\/\/kamagraeu.net\/de\/wp-json\/wp\/v2\/pages\/129\/revisions"}],"predecessor-version":[{"id":12836,"href":"https:\/\/kamagraeu.net\/de\/wp-json\/wp\/v2\/pages\/129\/revisions\/12836"}],"wp:attachment":[{"href":"https:\/\/kamagraeu.net\/de\/wp-json\/wp\/v2\/media?parent=129"}],"curies":[{"name":"wp","href":"https:\/\/api.w.org\/{rel}","templated":true}]}}