{"id":133,"date":"2020-05-05T11:46:33","date_gmt":"2020-05-05T09:46:33","guid":{"rendered":"http:\/\/kamagraeu.net\/de\/?page_id=133"},"modified":"2022-12-30T15:12:56","modified_gmt":"2022-12-30T14:12:56","slug":"cart","status":"publish","type":"page","link":"https:\/\/kamagraeu.net\/de\/cart\/","title":{"rendered":"cart"},"content":{"rendered":"\n","protected":false},"excerpt":{"rendered":"","protected":false},"author":1,"featured_media":0,"parent":0,"menu_order":0,"comment_status":"closed","ping_status":"closed","template":"page-blank.php","meta":{"footnotes":""},"class_list":["post-133","page","type-page","status-publish","hentry"],"yoast_head":"<!-- This site is optimized with the Yoast SEO Premium plugin v23.0 (Yoast SEO v25.6) - https:\/\/yoast.com\/wordpress\/plugins\/seo\/ -->\n<title>cart | Deutsch<\/title>\n<meta name=\"robots\" content=\"index, follow, max-snippet:-1, max-image-preview:large, max-video-preview:-1\" \/>\n<link rel=\"canonical\" href=\"https:\/\/kamagraeu.net\/de\/cart\/\" \/>\n<meta property=\"og:locale\" content=\"de_DE\" \/>\n<meta property=\"og:type\" content=\"article\" \/>\n<meta property=\"og:title\" content=\"cart\" \/>\n<meta property=\"og:url\" content=\"https:\/\/kamagraeu.net\/de\/cart\/\" \/>\n<meta property=\"og:site_name\" content=\"Deutsch\" \/>\n<meta property=\"article:modified_time\" content=\"2022-12-30T14:12:56+00:00\" \/>\n<meta name=\"twitter:card\" content=\"summary_large_image\" \/>\n<script type=\"application\/ld+json\" class=\"yoast-schema-graph\">{\"@context\":\"https:\/\/schema.org\",\"@graph\":[{\"@type\":\"WebPage\",\"@id\":\"https:\/\/kamagraeu.net\/de\/cart\/\",\"url\":\"https:\/\/kamagraeu.net\/de\/cart\/\",\"name\":\"cart | Deutsch\",\"isPartOf\":{\"@id\":\"https:\/\/kamagraeu.net\/de\/#website\"},\"datePublished\":\"2020-05-05T09:46:33+00:00\",\"dateModified\":\"2022-12-30T14:12:56+00:00\",\"breadcrumb\":{\"@id\":\"https:\/\/kamagraeu.net\/de\/cart\/#breadcrumb\"},\"inLanguage\":\"de\",\"potentialAction\":[{\"@type\":\"ReadAction\",\"target\":[\"https:\/\/kamagraeu.net\/de\/cart\/\"]}]},{\"@type\":\"BreadcrumbList\",\"@id\":\"https:\/\/kamagraeu.net\/de\/cart\/#breadcrumb\",\"itemListElement\":[{\"@type\":\"ListItem\",\"position\":1,\"name\":\"Home\",\"item\":\"https:\/\/kamagraeu.net\/de\/\"},{\"@type\":\"ListItem\",\"position\":2,\"name\":\"cart\"}]},{\"@type\":\"WebSite\",\"@id\":\"https:\/\/kamagraeu.net\/de\/#website\",\"url\":\"https:\/\/kamagraeu.net\/de\/\",\"name\":\"KamagraEU.net\",\"description\":\"Kamagra kaufen\",\"publisher\":{\"@id\":\"https:\/\/kamagraeu.net\/de\/#organization\"},\"alternateName\":\"KamagrEU\",\"potentialAction\":[{\"@type\":\"SearchAction\",\"target\":{\"@type\":\"EntryPoint\",\"urlTemplate\":\"https:\/\/kamagraeu.net\/de\/?s={search_term_string}\"},\"query-input\":{\"@type\":\"PropertyValueSpecification\",\"valueRequired\":true,\"valueName\":\"search_term_string\"}}],\"inLanguage\":\"de\"},{\"@type\":\"Organization\",\"@id\":\"https:\/\/kamagraeu.net\/de\/#organization\",\"name\":\"Kamagraeu.net\",\"alternateName\":\"KamagrEU\",\"url\":\"https:\/\/kamagraeu.net\/de\/\",\"logo\":{\"@type\":\"ImageObject\",\"inLanguage\":\"de\",\"@id\":\"https:\/\/kamagraeu.net\/de\/#\/schema\/logo\/image\/\",\"url\":\"https:\/\/kamagraeu.net\/de\/wp-content\/uploads\/sites\/2\/2020\/05\/cropped-logo.png\",\"contentUrl\":\"https:\/\/kamagraeu.net\/de\/wp-content\/uploads\/sites\/2\/2020\/05\/cropped-logo.png\",\"width\":812,\"height\":192,\"caption\":\"Kamagraeu.net\"},\"image\":{\"@id\":\"https:\/\/kamagraeu.net\/de\/#\/schema\/logo\/image\/\"},\"description\":\"Kamagra Verkauf - Medikamente zur Unterst\u00fctzung und Behandlung von Erektionsproblemen. \u00dcber 40 Produkte auf Lager. Wir helfen sowohl bei der Verz\u00f6gerung der Ejakulation als auch bei der Verbesserung der Erektion.\",\"email\":\"info@kamagraeu.net\",\"telephone\":\"+49 30 315144533\",\"numberOfEmployees\":{\"@type\":\"QuantitativeValue\",\"minValue\":\"11\",\"maxValue\":\"50\"}}]}<\/script>\n<!-- \/ Yoast SEO Premium plugin. -->","yoast_head_json":{"title":"cart | Deutsch","robots":{"index":"index","follow":"follow","max-snippet":"max-snippet:-1","max-image-preview":"max-image-preview:large","max-video-preview":"max-video-preview:-1"},"canonical":"https:\/\/kamagraeu.net\/de\/cart\/","og_locale":"de_DE","og_type":"article","og_title":"cart","og_url":"https:\/\/kamagraeu.net\/de\/cart\/","og_site_name":"Deutsch","article_modified_time":"2022-12-30T14:12:56+00:00","twitter_card":"summary_large_image","schema":{"@context":"https:\/\/schema.org","@graph":[{"@type":"WebPage","@id":"https:\/\/kamagraeu.net\/de\/cart\/","url":"https:\/\/kamagraeu.net\/de\/cart\/","name":"cart | Deutsch","isPartOf":{"@id":"https:\/\/kamagraeu.net\/de\/#website"},"datePublished":"2020-05-05T09:46:33+00:00","dateModified":"2022-12-30T14:12:56+00:00","breadcrumb":{"@id":"https:\/\/kamagraeu.net\/de\/cart\/#breadcrumb"},"inLanguage":"de","potentialAction":[{"@type":"ReadAction","target":["https:\/\/kamagraeu.net\/de\/cart\/"]}]},{"@type":"BreadcrumbList","@id":"https:\/\/kamagraeu.net\/de\/cart\/#breadcrumb","itemListElement":[{"@type":"ListItem","position":1,"name":"Home","item":"https:\/\/kamagraeu.net\/de\/"},{"@type":"ListItem","position":2,"name":"cart"}]},{"@type":"WebSite","@id":"https:\/\/kamagraeu.net\/de\/#website","url":"https:\/\/kamagraeu.net\/de\/","name":"KamagraEU.net","description":"Kamagra kaufen","publisher":{"@id":"https:\/\/kamagraeu.net\/de\/#organization"},"alternateName":"KamagrEU","potentialAction":[{"@type":"SearchAction","target":{"@type":"EntryPoint","urlTemplate":"https:\/\/kamagraeu.net\/de\/?s={search_term_string}"},"query-input":{"@type":"PropertyValueSpecification","valueRequired":true,"valueName":"search_term_string"}}],"inLanguage":"de"},{"@type":"Organization","@id":"https:\/\/kamagraeu.net\/de\/#organization","name":"Kamagraeu.net","alternateName":"KamagrEU","url":"https:\/\/kamagraeu.net\/de\/","logo":{"@type":"ImageObject","inLanguage":"de","@id":"https:\/\/kamagraeu.net\/de\/#\/schema\/logo\/image\/","url":"https:\/\/kamagraeu.net\/de\/wp-content\/uploads\/sites\/2\/2020\/05\/cropped-logo.png","contentUrl":"https:\/\/kamagraeu.net\/de\/wp-content\/uploads\/sites\/2\/2020\/05\/cropped-logo.png","width":812,"height":192,"caption":"Kamagraeu.net"},"image":{"@id":"https:\/\/kamagraeu.net\/de\/#\/schema\/logo\/image\/"},"description":"Kamagra Verkauf - Medikamente zur Unterst\u00fctzung und Behandlung von Erektionsproblemen. \u00dcber 40 Produkte auf Lager. Wir helfen sowohl bei der Verz\u00f6gerung der Ejakulation als auch bei der Verbesserung der Erektion.","email":"info@kamagraeu.net","telephone":"+49 30 315144533","numberOfEmployees":{"@type":"QuantitativeValue","minValue":"11","maxValue":"50"}}]}},"_links":{"self":[{"href":"https:\/\/kamagraeu.net\/de\/wp-json\/wp\/v2\/pages\/133"}],"collection":[{"href":"https:\/\/kamagraeu.net\/de\/wp-json\/wp\/v2\/pages"}],"about":[{"href":"https:\/\/kamagraeu.net\/de\/wp-json\/wp\/v2\/types\/page"}],"author":[{"embeddable":true,"href":"https:\/\/kamagraeu.net\/de\/wp-json\/wp\/v2\/users\/1"}],"replies":[{"embeddable":true,"href":"https:\/\/kamagraeu.net\/de\/wp-json\/wp\/v2\/comments?post=133"}],"version-history":[{"count":3,"href":"https:\/\/kamagraeu.net\/de\/wp-json\/wp\/v2\/pages\/133\/revisions"}],"predecessor-version":[{"id":6411,"href":"https:\/\/kamagraeu.net\/de\/wp-json\/wp\/v2\/pages\/133\/revisions\/6411"}],"wp:attachment":[{"href":"https:\/\/kamagraeu.net\/de\/wp-json\/wp\/v2\/media?parent=133"}],"curies":[{"name":"wp","href":"https:\/\/api.w.org\/{rel}","templated":true}]}}