{"id":10,"date":"2020-05-05T11:39:39","date_gmt":"2020-05-05T09:39:39","guid":{"rendered":"http:\/\/kamagraeu.net\/de\/produkt\/import-placeholder-for-1271\/"},"modified":"2024-07-23T15:30:09","modified_gmt":"2024-07-23T13:30:09","slug":"kamagra-brausetabletten-100mg","status":"publish","type":"product","link":"https:\/\/kamagraeu.net\/de\/produkt\/kamagra-brausetabletten-100mg\/","title":{"rendered":"Kamagra Brausetabletten 100 mg"},"content":{"rendered":"<div class=\"prodtabs__item__content\">\n<h4 style=\"font-weight: 500;\"><\/h4>\n<div class=\"prodtabs__item__content__text\">\n<h4><img loading=\"lazy\" decoding=\"async\" class=\"alignnone wp-image-263 size-full\" src=\"http:\/\/kamagraeu.net\/de\/wp-content\/uploads\/sites\/2\/2020\/05\/slide-5-1024x214de.png\" alt=\"\" width=\"1024\" height=\"214\" srcset=\"https:\/\/kamagraeu.net\/de\/wp-content\/uploads\/sites\/2\/2020\/05\/slide-5-1024x214de.png 1024w, https:\/\/kamagraeu.net\/de\/wp-content\/uploads\/sites\/2\/2020\/05\/slide-5-1024x214de-300x63.png 300w, https:\/\/kamagraeu.net\/de\/wp-content\/uploads\/sites\/2\/2020\/05\/slide-5-1024x214de-768x161.png 768w, https:\/\/kamagraeu.net\/de\/wp-content\/uploads\/sites\/2\/2020\/05\/slide-5-1024x214de-600x125.png 600w\" sizes=\"(max-width: 1024px) 100vw, 1024px\" \/><\/h4>\n<h4 style=\"font-weight: 500;\">In Kamagra Brausetabletten 100mg ist Sildenafil enthalten<\/h4>\n<p style=\"font-weight: 400;\">Brausetabletten von Kamagra stellen einen 100%igen Ersatz zu\u00a0<strong>Viagra<\/strong>\u00a0dar. Hierbei handelt es sich um ein Generikum, welches in Form von Brausetabletten zugef\u00fchrt wird. Jede Brausetablette weist 100mg\u00a0<strong>Sildenafil<\/strong>\u00a0auf. Die Brausetabletten mit Orangengeschmack werden in Wasser aufgel\u00f6st und getrunken. Hierdurch tritt die Wirkung besonders rasch ein.\u00a0<strong>Kamagra Brausetabletten<\/strong>\u00a0helfen erfolgreich beim Kampf gegen erektile Dysfunktion und sorgen f\u00fcr qualitativen und langanhaltenden Geschlechtsverkehr. Rund 20 bis 30 Minuten vor der Geschlechtsverkehr sollten die Kamagra Brausetabletten bereits eingenommen werden. Die Wirkung h\u00e4lt rund 4 bis 6 Stunden an. Damit die Wirkung einsetzen kann, muss allerdings eine sexuelle Stimulation gegeben sein, weswegen es sich empfiehlt Kamagra 100 Brausetabletten bereits beim Vorspiel einzunehmen. Vor allem durch den angenehmen Geschmack von Orangen und die einfache Einnahme sind Kamagra Brausetabletten sehr beliebt geworden.<\/p>\n<table style=\"border-collapse: collapse; width: 100%; height: 96px;\">\n<tbody>\n<tr style=\"height: 24px;\">\n<td style=\"width: 25%; text-align: center; height: 24px;\">Menge<\/td>\n<td style=\"width: 25%; height: 24px; text-align: center;\">Preis pro Packung<\/td>\n<td style=\"width: 25%; height: 24px; text-align: center;\">Preis<\/td>\n<\/tr>\n<tr style=\"height: 24px;\">\n<td style=\"width: 25%; height: 24px; text-align: center;\">2<\/td>\n<td style=\"width: 25%; height: 24px; text-align: center;\">\u00a022,00 \u20ac<\/td>\n<td style=\"width: 25%; height: 24px; text-align: center;\">\u00a044,00 \u20ac<\/td>\n<\/tr>\n<tr style=\"height: 24px;\">\n<td style=\"width: 25%; height: 24px; text-align: center;\">4<\/td>\n<td style=\"width: 25%; height: 24px; text-align: center;\">18,50 \u20ac<\/td>\n<td style=\"width: 25%; height: 24px; text-align: center;\">74,00 \u20ac<\/td>\n<\/tr>\n<tr style=\"height: 24px;\">\n<td style=\"width: 25%; height: 24px; text-align: center;\">6<\/td>\n<td style=\"width: 25%; height: 24px; text-align: center;\">16,50 \u20ac<\/td>\n<td style=\"width: 25%; height: 24px; text-align: center;\">99,00 \u20ac<\/td>\n<\/tr>\n<tr>\n<td style=\"width: 25%; text-align: center;\">8<\/td>\n<td style=\"width: 25%; text-align: center;\">14,88 \u20ac<\/td>\n<td style=\"width: 25%; text-align: center;\">119,00 \u20ac<\/td>\n<\/tr>\n<tr>\n<td style=\"width: 25%; text-align: center;\">10<\/td>\n<td style=\"width: 25%; text-align: center;\">13,90 \u20ac<\/td>\n<td style=\"width: 25%; text-align: center;\">139,00 \u20ac<\/td>\n<\/tr>\n<tr>\n<td style=\"width: 25%; text-align: center;\">15<\/td>\n<td style=\"width: 25%; text-align: center;\">12,93 \u20ac<\/td>\n<td style=\"width: 25%; text-align: center;\">194,00 \u20ac<\/td>\n<\/tr>\n<tr>\n<td style=\"width: 25%; text-align: center;\">20<\/td>\n<td style=\"width: 25%; text-align: center;\">11,95 \u20ac<\/td>\n<td style=\"width: 25%; text-align: center;\">239,00 \u20ac<\/td>\n<\/tr>\n<tr>\n<td style=\"width: 25%; text-align: center;\">30<\/td>\n<td style=\"width: 25%; text-align: center;\">10,97 \u20ac<\/td>\n<td style=\"width: 25%; text-align: center;\">329,00 \u20ac<\/td>\n<\/tr>\n<\/tbody>\n<\/table>\n<h4 style=\"font-weight: 500;\">Welchen Wirkstoff weisen Kamagra Brausetabletten auf?<\/h4>\n<p style=\"font-weight: 400;\">Jede Brausetablette weist 100mg\u00a0<strong>Sildenafil\u00a0<\/strong>auf, welches bereits durch\u00a0<strong>Viagra<\/strong>\u00a0ein Begriff ist.<\/p>\n<h4 style=\"font-weight: 500;\">Welche Dosierung wird beim Kamagra Brausetabletten empfohlen?<\/h4>\n<p style=\"font-weight: 400;\">Anf\u00e4nglich sollte lediglich eine halbe Brausetablette eingenommen werden. Die Wirkung tritt etwa 20 bis 30 Minuten nach der Einnahme ein, dennoch muss ein sexueller Stimulus gegeben sein. Da es sich bei\u00a0<strong>Kamagra Brausetablette<\/strong>n nicht um ein Aphrodisiakum handelt, kann die sexuelle Lust allerdings nicht gesteigert werden. Die Wirkung der Brausetabletten besteht rund 4 bis 6 Stunden, innerhalb dieser Zeit kann auch mehrmaliger Geschlechtsverkehr vollzogen werden. Da Alkohol und fettige Speisen die Wirkung nicht nur mindern, sondern den Wirkungseintritt auch verz\u00f6gern k\u00f6nnen, sollte hiervon Abstand gehalten werden.<\/p>\n<h4 style=\"font-weight: 500;\">Welche Personen sollten Kamagra Brausetabletten nicht einnehmen?<\/h4>\n<p style=\"font-weight: 400;\">Wer an Hypertonie oder Hypotonie leidet, oder bereits einen Herzinfarkt erlitten hat, sollte die Finger von\u00a0<strong>Kamagra Brausetabletten 100mg<\/strong>\u00a0lassen. Auch bei Angina Pectoris sollte die Einnahme von Kamagra Brausetabletten im Vorfeld mit dem Arzt abgesprochen sein. Bei dieser coronaren Erkrankung werden oftmals Medikamente verschrieben, die Nitrate und Stickoxide enthalten, weswegen es mit Kamagra 100 Brausetabletten zu Wechselwirkungen kommen kann, es kann aber auch eine Vervielfachung der Wirkung eintreten. Wer sich bez\u00fcglich seiner Medikamente nicht g\u00e4nzlich sicher ist, sollte R\u00fccksprache mit dem Arzt halten. Bei der Einnahme von Erythromycin, Cemitidin und Ketoconazol sollte immer die Empfehlung des behandelnden Arztes eingeholt werden.<\/p>\n<h4 style=\"font-weight: 500;\">Welche Nebenwirkungen k\u00f6nnen sich zeigen?<\/h4>\n<p style=\"font-weight: 400;\">Grunds\u00e4tzlich sind Kamagra Brausetabletten 100mg sehr leicht vertr\u00e4glich. Dennoch k\u00f6nnen sich auch hier wie bei jedem Medikament Nebenwirkungen zeigen. Kopfschmerzen und Gesichtsr\u00f6tungen sind Nebenwirkungen, die hin und wieder genannt werden. Auch eine verstopfte Nase, Verdauungsprobleme oder Schwindelgef\u00fchle k\u00f6nnen sich abzeichnen.\u00a0 Der gro\u00dfe Vorteil bei den Nebenwirkungen besteht darin, dass diese nach Nachlassen der Wirkung ebenfalls wieder schw\u00e4cher werden. Ist dies nicht der Fall, oder wenn die Intensit\u00e4t ein unangenehmes Ausma\u00df annimmt, sollte auf jeden Fall ein Arzt konsultiert werden. Auch wenn die Erektion mehr als 6 Stunden anh\u00e4lt, ist ein Arzt aufzusuchen.<\/p>\n<h4 style=\"font-weight: 500;\">Wie sollten Kamagra Brausetabletten 100mg aufbewahrt werden?<\/h4>\n<p style=\"font-weight: 400;\">Die\u00a0<strong>Kamagra Brausetabletten<\/strong>\u00a0sollten nicht \u00fcber 30 Grad gelagert werden. Zudem sollten die Brausetabletten erst unmittelbar vor der Einnahme aus dem Beh\u00e4lter genommen werden, damit Feuchtigkeit nicht den Wirkstoff negativ beeintr\u00e4chtigen kann.<\/p>\n<\/div>\n<\/div>\n","protected":false},"excerpt":{"rendered":"<table>\n<tbody>\n<tr>\n<td>Packungsinhalt<\/td>\n<td>7 Brausetabletten<\/td>\n<\/tr>\n<tr>\n<td>Wirkstoff<\/td>\n<td>Sildenafil<\/td>\n<\/tr>\n<tr>\n<td>Wirkstoff in einer Tablette<\/td>\n<td>Sildenafil 100 mg<\/td>\n<\/tr>\n<tr>\n<td>Wirkungseintritt<\/td>\n<td>30\u201360 Minuten<\/td>\n<\/tr>\n<tr>\n<td>Wirkungsdauer<\/td>\n<td>4\u20136 Stunden<\/td>\n<\/tr>\n<tr>\n<td>Art<\/td>\n<td>Kamagra<\/td>\n<\/tr>\n<tr>\n<td>Marke<\/td>\n<td><a href=\"https:\/\/kamagra-premium.net\/de\/e-shop\/ajanta-pharma\/\">Ajanta Pharma Ltd.<\/a><\/td>\n<\/tr>\n<tr>\n<td>Form<\/td>\n<td>Tabletten<\/td>\n<\/tr>\n<\/tbody>\n<\/table>\n","protected":false},"featured_media":5285,"comment_status":"closed","ping_status":"closed","template":"","meta":[],"product_brand":[],"product_cat":[15,16],"product_tag":[],"class_list":{"0":"post-10","1":"product","2":"type-product","3":"status-publish","4":"has-post-thumbnail","6":"product_cat-kamagra","7":"product_cat-viagra-generika","9":"first","10":"instock","11":"shipping-taxable","12":"purchasable","13":"product-type-simple"},"yoast_head":"<!-- This site is optimized with the Yoast SEO Premium plugin v23.0 (Yoast SEO v25.6) - https:\/\/yoast.com\/wordpress\/plugins\/seo\/ -->\n<title>Kamagra Brausetabletten 100 mg - Schnelle Hilfe bei ED<\/title>\n<meta name=\"description\" content=\"Kamagra Brausetabletten 100 mg bieten schnelle und effektive Linderung bei ED. Einfach aufzul\u00f6sen f\u00fcr schnelle Wirkung. Bestellen Sie bei KamagraEU.net.\" \/>\n<meta name=\"robots\" content=\"index, follow, max-snippet:-1, max-image-preview:large, max-video-preview:-1\" \/>\n<link rel=\"canonical\" href=\"https:\/\/kamagraeu.net\/de\/produkt\/kamagra-brausetabletten-100mg\/\" \/>\n<meta property=\"og:locale\" content=\"de_DE\" \/>\n<meta property=\"og:type\" content=\"article\" \/>\n<meta property=\"og:title\" content=\"Kamagra Brausetabletten 100 mg\" \/>\n<meta property=\"og:description\" content=\"Kamagra Brausetabletten 100 mg bieten schnelle und effektive Linderung bei ED. Einfach aufzul\u00f6sen f\u00fcr schnelle Wirkung. Bestellen Sie bei KamagraEU.net.\" \/>\n<meta property=\"og:url\" content=\"https:\/\/kamagraeu.net\/de\/produkt\/kamagra-brausetabletten-100mg\/\" \/>\n<meta property=\"og:site_name\" content=\"Deutsch\" \/>\n<meta property=\"article:modified_time\" content=\"2024-07-23T13:30:09+00:00\" \/>\n<meta property=\"og:image\" content=\"http:\/\/kamagraeu.net\/de\/wp-content\/uploads\/sites\/2\/2022\/10\/1-000px-kamagra-sumiva_xs1ek.png\" \/>\n\t<meta property=\"og:image:width\" content=\"1000\" \/>\n\t<meta property=\"og:image:height\" content=\"1000\" \/>\n\t<meta property=\"og:image:type\" content=\"image\/png\" \/>\n<meta name=\"twitter:card\" content=\"summary_large_image\" \/>\n<meta name=\"twitter:label1\" content=\"Preis\" \/>\n\t<meta name=\"twitter:data1\" content=\"24.00&nbsp;&euro;\" \/>\n\t<meta name=\"twitter:label2\" content=\"Verf\u00fcgbarkeit\" \/>\n\t<meta name=\"twitter:data2\" content=\"Auf Lager\" \/>\n<script type=\"application\/ld+json\" class=\"yoast-schema-graph\">{\"@context\":\"https:\/\/schema.org\",\"@graph\":[{\"@type\":\"WebPage\",\"@id\":\"https:\/\/kamagraeu.net\/de\/produkt\/kamagra-brausetabletten-100mg\/\",\"url\":\"https:\/\/kamagraeu.net\/de\/produkt\/kamagra-brausetabletten-100mg\/\",\"name\":\"Kamagra Brausetabletten 100 mg - Schnelle Hilfe bei ED\",\"isPartOf\":{\"@id\":\"https:\/\/kamagraeu.net\/de\/#website\"},\"primaryImageOfPage\":{\"@id\":\"https:\/\/kamagraeu.net\/de\/produkt\/kamagra-brausetabletten-100mg\/#primaryimage\"},\"image\":{\"@id\":\"https:\/\/kamagraeu.net\/de\/produkt\/kamagra-brausetabletten-100mg\/#primaryimage\"},\"thumbnailUrl\":\"https:\/\/kamagraeu.net\/de\/wp-content\/uploads\/sites\/2\/2022\/10\/1-000px-kamagra-sumiva_xs1ek.png\",\"datePublished\":\"2020-05-05T09:39:39+00:00\",\"dateModified\":\"2024-07-23T13:30:09+00:00\",\"description\":\"Kamagra Brausetabletten 100 mg bieten schnelle und effektive Linderung bei ED. Einfach aufzul\u00f6sen f\u00fcr schnelle Wirkung. Bestellen Sie bei KamagraEU.net.\",\"breadcrumb\":{\"@id\":\"https:\/\/kamagraeu.net\/de\/produkt\/kamagra-brausetabletten-100mg\/#breadcrumb\"},\"inLanguage\":\"de\",\"potentialAction\":[{\"@type\":\"ReadAction\",\"target\":[\"https:\/\/kamagraeu.net\/de\/produkt\/kamagra-brausetabletten-100mg\/\"]}]},{\"@type\":\"ImageObject\",\"inLanguage\":\"de\",\"@id\":\"https:\/\/kamagraeu.net\/de\/produkt\/kamagra-brausetabletten-100mg\/#primaryimage\",\"url\":\"https:\/\/kamagraeu.net\/de\/wp-content\/uploads\/sites\/2\/2022\/10\/1-000px-kamagra-sumiva_xs1ek.png\",\"contentUrl\":\"https:\/\/kamagraeu.net\/de\/wp-content\/uploads\/sites\/2\/2022\/10\/1-000px-kamagra-sumiva_xs1ek.png\",\"width\":1000,\"height\":1000,\"caption\":\"kamagra brause tabletten\"},{\"@type\":\"BreadcrumbList\",\"@id\":\"https:\/\/kamagraeu.net\/de\/produkt\/kamagra-brausetabletten-100mg\/#breadcrumb\",\"itemListElement\":[{\"@type\":\"ListItem\",\"position\":1,\"name\":\"Home\",\"item\":\"https:\/\/kamagraeu.net\/de\/\"},{\"@type\":\"ListItem\",\"position\":2,\"name\":\"E-SHOP\",\"item\":\"https:\/\/kamagraeu.net\/de\/e-shop\/\"},{\"@type\":\"ListItem\",\"position\":3,\"name\":\"Kamagra Brausetabletten 100 mg\"}]},{\"@type\":\"WebSite\",\"@id\":\"https:\/\/kamagraeu.net\/de\/#website\",\"url\":\"https:\/\/kamagraeu.net\/de\/\",\"name\":\"KamagraEU.net\",\"description\":\"Kamagra kaufen\",\"publisher\":{\"@id\":\"https:\/\/kamagraeu.net\/de\/#organization\"},\"alternateName\":\"KamagrEU\",\"potentialAction\":[{\"@type\":\"SearchAction\",\"target\":{\"@type\":\"EntryPoint\",\"urlTemplate\":\"https:\/\/kamagraeu.net\/de\/?s={search_term_string}\"},\"query-input\":{\"@type\":\"PropertyValueSpecification\",\"valueRequired\":true,\"valueName\":\"search_term_string\"}}],\"inLanguage\":\"de\"},{\"@type\":\"Organization\",\"@id\":\"https:\/\/kamagraeu.net\/de\/#organization\",\"name\":\"Kamagraeu.net\",\"alternateName\":\"KamagrEU\",\"url\":\"https:\/\/kamagraeu.net\/de\/\",\"logo\":{\"@type\":\"ImageObject\",\"inLanguage\":\"de\",\"@id\":\"https:\/\/kamagraeu.net\/de\/#\/schema\/logo\/image\/\",\"url\":\"https:\/\/kamagraeu.net\/de\/wp-content\/uploads\/sites\/2\/2020\/05\/cropped-logo.png\",\"contentUrl\":\"https:\/\/kamagraeu.net\/de\/wp-content\/uploads\/sites\/2\/2020\/05\/cropped-logo.png\",\"width\":812,\"height\":192,\"caption\":\"Kamagraeu.net\"},\"image\":{\"@id\":\"https:\/\/kamagraeu.net\/de\/#\/schema\/logo\/image\/\"},\"description\":\"Kamagra Verkauf - Medikamente zur Unterst\u00fctzung und Behandlung von Erektionsproblemen. \u00dcber 40 Produkte auf Lager. Wir helfen sowohl bei der Verz\u00f6gerung der Ejakulation als auch bei der Verbesserung der Erektion.\",\"email\":\"info@kamagraeu.net\",\"telephone\":\"+49 30 315144533\",\"numberOfEmployees\":{\"@type\":\"QuantitativeValue\",\"minValue\":\"11\",\"maxValue\":\"50\"}}]}<\/script>\n<meta property=\"product:price:amount\" content=\"24.00\" \/>\n<meta property=\"product:price:currency\" content=\"EUR\" \/>\n<meta property=\"og:availability\" content=\"instock\" \/>\n<meta property=\"product:availability\" content=\"instock\" \/>\n<meta property=\"product:condition\" content=\"new\" \/>\n<!-- \/ Yoast SEO Premium plugin. -->","yoast_head_json":{"title":"Kamagra Brausetabletten 100 mg - Schnelle Hilfe bei ED","description":"Kamagra Brausetabletten 100 mg bieten schnelle und effektive Linderung bei ED. Einfach aufzul\u00f6sen f\u00fcr schnelle Wirkung. Bestellen Sie bei KamagraEU.net.","robots":{"index":"index","follow":"follow","max-snippet":"max-snippet:-1","max-image-preview":"max-image-preview:large","max-video-preview":"max-video-preview:-1"},"canonical":"https:\/\/kamagraeu.net\/de\/produkt\/kamagra-brausetabletten-100mg\/","og_locale":"de_DE","og_type":"article","og_title":"Kamagra Brausetabletten 100 mg","og_description":"Kamagra Brausetabletten 100 mg bieten schnelle und effektive Linderung bei ED. Einfach aufzul\u00f6sen f\u00fcr schnelle Wirkung. Bestellen Sie bei KamagraEU.net.","og_url":"https:\/\/kamagraeu.net\/de\/produkt\/kamagra-brausetabletten-100mg\/","og_site_name":"Deutsch","article_modified_time":"2024-07-23T13:30:09+00:00","og_image":[{"width":1000,"height":1000,"url":"http:\/\/kamagraeu.net\/de\/wp-content\/uploads\/sites\/2\/2022\/10\/1-000px-kamagra-sumiva_xs1ek.png","type":"image\/png"}],"twitter_card":"summary_large_image","twitter_misc":{"Preis":"24.00&nbsp;&euro;","Verf\u00fcgbarkeit":"Auf Lager"},"schema":{"@context":"https:\/\/schema.org","@graph":[{"@type":"WebPage","@id":"https:\/\/kamagraeu.net\/de\/produkt\/kamagra-brausetabletten-100mg\/","url":"https:\/\/kamagraeu.net\/de\/produkt\/kamagra-brausetabletten-100mg\/","name":"Kamagra Brausetabletten 100 mg - Schnelle Hilfe bei ED","isPartOf":{"@id":"https:\/\/kamagraeu.net\/de\/#website"},"primaryImageOfPage":{"@id":"https:\/\/kamagraeu.net\/de\/produkt\/kamagra-brausetabletten-100mg\/#primaryimage"},"image":{"@id":"https:\/\/kamagraeu.net\/de\/produkt\/kamagra-brausetabletten-100mg\/#primaryimage"},"thumbnailUrl":"https:\/\/kamagraeu.net\/de\/wp-content\/uploads\/sites\/2\/2022\/10\/1-000px-kamagra-sumiva_xs1ek.png","datePublished":"2020-05-05T09:39:39+00:00","dateModified":"2024-07-23T13:30:09+00:00","description":"Kamagra Brausetabletten 100 mg bieten schnelle und effektive Linderung bei ED. Einfach aufzul\u00f6sen f\u00fcr schnelle Wirkung. Bestellen Sie bei KamagraEU.net.","breadcrumb":{"@id":"https:\/\/kamagraeu.net\/de\/produkt\/kamagra-brausetabletten-100mg\/#breadcrumb"},"inLanguage":"de","potentialAction":[{"@type":"ReadAction","target":["https:\/\/kamagraeu.net\/de\/produkt\/kamagra-brausetabletten-100mg\/"]}]},{"@type":"ImageObject","inLanguage":"de","@id":"https:\/\/kamagraeu.net\/de\/produkt\/kamagra-brausetabletten-100mg\/#primaryimage","url":"https:\/\/kamagraeu.net\/de\/wp-content\/uploads\/sites\/2\/2022\/10\/1-000px-kamagra-sumiva_xs1ek.png","contentUrl":"https:\/\/kamagraeu.net\/de\/wp-content\/uploads\/sites\/2\/2022\/10\/1-000px-kamagra-sumiva_xs1ek.png","width":1000,"height":1000,"caption":"kamagra brause tabletten"},{"@type":"BreadcrumbList","@id":"https:\/\/kamagraeu.net\/de\/produkt\/kamagra-brausetabletten-100mg\/#breadcrumb","itemListElement":[{"@type":"ListItem","position":1,"name":"Home","item":"https:\/\/kamagraeu.net\/de\/"},{"@type":"ListItem","position":2,"name":"E-SHOP","item":"https:\/\/kamagraeu.net\/de\/e-shop\/"},{"@type":"ListItem","position":3,"name":"Kamagra Brausetabletten 100 mg"}]},{"@type":"WebSite","@id":"https:\/\/kamagraeu.net\/de\/#website","url":"https:\/\/kamagraeu.net\/de\/","name":"KamagraEU.net","description":"Kamagra kaufen","publisher":{"@id":"https:\/\/kamagraeu.net\/de\/#organization"},"alternateName":"KamagrEU","potentialAction":[{"@type":"SearchAction","target":{"@type":"EntryPoint","urlTemplate":"https:\/\/kamagraeu.net\/de\/?s={search_term_string}"},"query-input":{"@type":"PropertyValueSpecification","valueRequired":true,"valueName":"search_term_string"}}],"inLanguage":"de"},{"@type":"Organization","@id":"https:\/\/kamagraeu.net\/de\/#organization","name":"Kamagraeu.net","alternateName":"KamagrEU","url":"https:\/\/kamagraeu.net\/de\/","logo":{"@type":"ImageObject","inLanguage":"de","@id":"https:\/\/kamagraeu.net\/de\/#\/schema\/logo\/image\/","url":"https:\/\/kamagraeu.net\/de\/wp-content\/uploads\/sites\/2\/2020\/05\/cropped-logo.png","contentUrl":"https:\/\/kamagraeu.net\/de\/wp-content\/uploads\/sites\/2\/2020\/05\/cropped-logo.png","width":812,"height":192,"caption":"Kamagraeu.net"},"image":{"@id":"https:\/\/kamagraeu.net\/de\/#\/schema\/logo\/image\/"},"description":"Kamagra Verkauf - Medikamente zur Unterst\u00fctzung und Behandlung von Erektionsproblemen. \u00dcber 40 Produkte auf Lager. Wir helfen sowohl bei der Verz\u00f6gerung der Ejakulation als auch bei der Verbesserung der Erektion.","email":"info@kamagraeu.net","telephone":"+49 30 315144533","numberOfEmployees":{"@type":"QuantitativeValue","minValue":"11","maxValue":"50"}}]},"product_price_amount":"24.00","product_price_currency":"EUR","og_availability":"instock","product_availability":"instock","product_condition":"new"},"_links":{"self":[{"href":"https:\/\/kamagraeu.net\/de\/wp-json\/wp\/v2\/product\/10"}],"collection":[{"href":"https:\/\/kamagraeu.net\/de\/wp-json\/wp\/v2\/product"}],"about":[{"href":"https:\/\/kamagraeu.net\/de\/wp-json\/wp\/v2\/types\/product"}],"replies":[{"embeddable":true,"href":"https:\/\/kamagraeu.net\/de\/wp-json\/wp\/v2\/comments?post=10"}],"wp:featuredmedia":[{"embeddable":true,"href":"https:\/\/kamagraeu.net\/de\/wp-json\/wp\/v2\/media\/5285"}],"wp:attachment":[{"href":"https:\/\/kamagraeu.net\/de\/wp-json\/wp\/v2\/media?parent=10"}],"wp:term":[{"taxonomy":"product_brand","embeddable":true,"href":"https:\/\/kamagraeu.net\/de\/wp-json\/wp\/v2\/product_brand?post=10"},{"taxonomy":"product_cat","embeddable":true,"href":"https:\/\/kamagraeu.net\/de\/wp-json\/wp\/v2\/product_cat?post=10"},{"taxonomy":"product_tag","embeddable":true,"href":"https:\/\/kamagraeu.net\/de\/wp-json\/wp\/v2\/product_tag?post=10"}],"curies":[{"name":"wp","href":"https:\/\/api.w.org\/{rel}","templated":true}]}}