{"id":15,"date":"2020-05-05T11:39:40","date_gmt":"2020-05-05T09:39:40","guid":{"rendered":"http:\/\/kamagraeu.net\/de\/produkt\/import-placeholder-for-1276\/"},"modified":"2024-07-23T16:50:09","modified_gmt":"2024-07-23T14:50:09","slug":"sildaforce-100mg","status":"publish","type":"product","link":"https:\/\/kamagraeu.net\/de\/produkt\/sildaforce-100mg\/","title":{"rendered":"Sildaforce 100mg"},"content":{"rendered":"<h4>Sildaforce 100 mg<\/h4>\n<p>Das brandneue Arzneimittel Sildaforce 100mg wird vom Pharmaceutical Laboratory der Zenit Pharma hergestellt. Aufgrund seiner besonderen Zusammensetzung kann damit die selbe Wirkung erzielt werden wie mit dem bekannten Viagra 100mg. Sildaforce 100mg dient der Behandlung von erektiler Dysfunktion. Es zeigt eine schnelle Wirkung bei Potenzproblemen und sorgt f\u00fcr ein erf\u00fclltes Sexualleben. F\u00fcr das Produkt spricht vor allem das hervorragende Preis-\/Leistungsverh\u00e4ltnis. Das Laboratory Zenit Pharma ist einer der f\u00fchrenden Hersteller von Pr\u00e4paraten f\u00fcr Erektionsprobleme. Sildaforce 100mg enth\u00e4lt die selbe Zusammensetzung wie Viagra (Sildenafil)<\/p>\n<h4>Die Wirkung von Sildaforce 100 mg<\/h4>\n<p>Bei der Anwendung des Pr\u00e4parats k\u00f6nnen Sie nach etwa 20 bis 30 Minuten den Beginn der Wirkung erwarten. Sildenafil sorgt f\u00fcr eine Erweiterung der menschlichen Blutgef\u00e4\u00dfe und f\u00fchrt zu einem deutlich erh\u00f6hten Fluss von Blut in den Penis. Damit erh\u00f6ht sich die Qualit\u00e4t der m\u00e4nnlichen Erektion, welche im Regelfall 1 bis 3 Stunden anh\u00e4lt. Die Wirkung von Sildaforce 100mg setzt, wie alle erektilen Dysfunktions-Mittel, eine sexuelle Stimulation voraus. Sildaforce 100mg entspricht allen europ\u00e4ischen Standards. Seine Herstellung erfolgt ausschlie\u00dflich Spitzenlabors, die s\u00e4mtlichen Normen entsprechen.<\/p>\n<h4>Tipps zur Anwendung von Sildaforce 100 mg<\/h4>\n<p>Sildaforce 100mg z\u00e4hlt zu den bekanntesten und vor allem wirksamsten Medikamenten zur Behandlung von Erektions-Problemen. Die maximale Tagesdosis ist unbedingt zu beachten. Nehmen Sie das Arzneimittel nicht zusammen mit Alkohol oder fetthaltigen Nahrungsmitteln ein. Diese reduzieren die Wirkung erheblich und die Erektion kann sich nicht wie gew\u00fcnscht einstellen. Die Einnahme von Sildaforce 100mg sollte 20 bis 30 Minuten vor dem Geschlechtsverkehr erfolgen. Trinken Sie dazu sauberes Wasser und achten Sie darauf, pro Tag nicht mehr als 1 Tablette des Mittels einzunehmen. Denken Sie daran, Sildaforce 100 mg zur Steigerung Ihrer Potenz einzusetzen? Gerne k\u00f6nnen Sie uns Ihre Erfahrungen mitteilen.<\/p>\n","protected":false},"excerpt":{"rendered":"<div class=\"elementor-element elementor-element-4d2490de elementor-widget elementor-widget-woocommerce-product-short-description\" data-id=\"4d2490de\" data-element_type=\"widget\" data-widget_type=\"woocommerce-product-short-description.default\">\n<div class=\"elementor-widget-container\">\n<div class=\"woocommerce-product-details__short-description\">\n<table style=\"border-collapse: collapse; width: 100%; height: 144px;\">\n<tbody>\n<tr style=\"height: 24px;\">\n<td style=\"width: 27.6461%; height: 24px;\"><span class=\"attribute-label\"><strong><span class=\"attribute-label-text\">Packungsinhalt<\/span>:<\/strong> <\/span><\/td>\n<td style=\"width: 72.3539%; height: 24px;\"><span class=\"attribute-value\">10 \u00fcberzogene Tabletten<\/span><\/td>\n<\/tr>\n<tr style=\"height: 24px;\">\n<td style=\"width: 27.6461%; height: 24px;\"><strong><span class=\"attribute-label\"><span class=\"attribute-label-text\">Wirkstoff<\/span>:<\/span><\/strong><\/td>\n<td style=\"width: 72.3539%; height: 24px;\">Sildenafil<\/td>\n<\/tr>\n<tr style=\"height: 24px;\">\n<td style=\"width: 27.6461%; height: 24px;\"><strong><span class=\"attribute-label\"><span class=\"attribute-label-text\">Wirkungseintritt<\/span>: <\/span><\/strong><\/td>\n<td style=\"width: 72.3539%; height: 24px;\">30-60 minuten<\/td>\n<\/tr>\n<tr style=\"height: 24px;\">\n<td style=\"width: 27.6461%; height: 24px;\"><strong><span class=\"attribute-label\"><span class=\"attribute-label-text\">Wirkungszeit<\/span>:<\/span><\/strong><\/td>\n<td style=\"width: 72.3539%; height: 24px;\">4-6 Stunden<\/td>\n<\/tr>\n<tr style=\"height: 24px;\">\n<td style=\"width: 27.6461%; height: 24px;\"><strong>Hersteller: <\/strong><\/td>\n<td style=\"width: 72.3539%; height: 24px;\">Zenit Pharma<\/td>\n<\/tr>\n<tr>\n<td style=\"width: 27.6461%;\"><strong><span class=\"attribute-label\"><span class=\"attribute-label-text\">Eine Tablette enth\u00e4lt<\/span>: <\/span><br \/>\n<\/strong><\/td>\n<td style=\"width: 72.3539%;\"><span class=\"attribute-value\">100mg<\/span><\/td>\n<\/tr>\n<\/tbody>\n<\/table>\n<\/div>\n<\/div>\n<\/div>\n","protected":false},"featured_media":58,"comment_status":"closed","ping_status":"closed","template":"","meta":[],"product_brand":[],"product_cat":[16],"product_tag":[],"class_list":{"0":"post-15","1":"product","2":"type-product","3":"status-publish","4":"has-post-thumbnail","6":"product_cat-viagra-generika","8":"first","9":"outofstock","10":"shipping-taxable","11":"purchasable","12":"product-type-simple"},"yoast_head":"<!-- This site is optimized with the Yoast SEO Premium plugin v23.0 (Yoast SEO v25.6) - https:\/\/yoast.com\/wordpress\/plugins\/seo\/ -->\n<title>Titel: Sildaforce 100 mg \u2013 Behandlung von erektiler Dysfunktion<\/title>\n<meta name=\"description\" content=\"Sildaforce 100 mg enth\u00e4lt Sildenafil und hilft bei erektiler Dysfunktion. F\u00f6rdert feste Erektionen und spontane Erlebnisse.\" \/>\n<meta name=\"robots\" content=\"index, follow, max-snippet:-1, max-image-preview:large, max-video-preview:-1\" \/>\n<link rel=\"canonical\" href=\"https:\/\/kamagraeu.net\/de\/produkt\/sildaforce-100mg\/\" \/>\n<meta property=\"og:locale\" content=\"de_DE\" \/>\n<meta property=\"og:type\" content=\"article\" \/>\n<meta property=\"og:title\" content=\"Sildaforce 100mg\" \/>\n<meta property=\"og:description\" content=\"Sildaforce 100 mg enth\u00e4lt Sildenafil und hilft bei erektiler Dysfunktion. F\u00f6rdert feste Erektionen und spontane Erlebnisse.\" \/>\n<meta property=\"og:url\" content=\"https:\/\/kamagraeu.net\/de\/produkt\/sildaforce-100mg\/\" \/>\n<meta property=\"og:site_name\" content=\"Deutsch\" \/>\n<meta property=\"article:modified_time\" content=\"2024-07-23T14:50:09+00:00\" \/>\n<meta property=\"og:image\" content=\"http:\/\/kamagraeu.net\/de\/wp-content\/uploads\/sites\/2\/2020\/05\/sildaforce-100-1-624x624-1.jpg\" \/>\n\t<meta property=\"og:image:width\" content=\"624\" \/>\n\t<meta property=\"og:image:height\" content=\"624\" \/>\n\t<meta property=\"og:image:type\" content=\"image\/jpeg\" \/>\n<meta name=\"twitter:card\" content=\"summary_large_image\" \/>\n<meta name=\"twitter:label1\" content=\"Preis\" \/>\n\t<meta name=\"twitter:data1\" content=\"23.00&nbsp;&euro;\" \/>\n\t<meta name=\"twitter:label2\" content=\"Verf\u00fcgbarkeit\" \/>\n\t<meta name=\"twitter:data2\" content=\"ausverkauft\" \/>\n<script type=\"application\/ld+json\" class=\"yoast-schema-graph\">{\"@context\":\"https:\/\/schema.org\",\"@graph\":[{\"@type\":\"WebPage\",\"@id\":\"https:\/\/kamagraeu.net\/de\/produkt\/sildaforce-100mg\/\",\"url\":\"https:\/\/kamagraeu.net\/de\/produkt\/sildaforce-100mg\/\",\"name\":\"Titel: Sildaforce 100 mg \u2013 Behandlung von erektiler Dysfunktion\",\"isPartOf\":{\"@id\":\"https:\/\/kamagraeu.net\/de\/#website\"},\"primaryImageOfPage\":{\"@id\":\"https:\/\/kamagraeu.net\/de\/produkt\/sildaforce-100mg\/#primaryimage\"},\"image\":{\"@id\":\"https:\/\/kamagraeu.net\/de\/produkt\/sildaforce-100mg\/#primaryimage\"},\"thumbnailUrl\":\"https:\/\/kamagraeu.net\/de\/wp-content\/uploads\/sites\/2\/2020\/05\/sildaforce-100-1-624x624-1.jpg\",\"datePublished\":\"2020-05-05T09:39:40+00:00\",\"dateModified\":\"2024-07-23T14:50:09+00:00\",\"description\":\"Sildaforce 100 mg enth\u00e4lt Sildenafil und hilft bei erektiler Dysfunktion. F\u00f6rdert feste Erektionen und spontane Erlebnisse.\",\"breadcrumb\":{\"@id\":\"https:\/\/kamagraeu.net\/de\/produkt\/sildaforce-100mg\/#breadcrumb\"},\"inLanguage\":\"de\",\"potentialAction\":[{\"@type\":\"ReadAction\",\"target\":[\"https:\/\/kamagraeu.net\/de\/produkt\/sildaforce-100mg\/\"]}]},{\"@type\":\"ImageObject\",\"inLanguage\":\"de\",\"@id\":\"https:\/\/kamagraeu.net\/de\/produkt\/sildaforce-100mg\/#primaryimage\",\"url\":\"https:\/\/kamagraeu.net\/de\/wp-content\/uploads\/sites\/2\/2020\/05\/sildaforce-100-1-624x624-1.jpg\",\"contentUrl\":\"https:\/\/kamagraeu.net\/de\/wp-content\/uploads\/sites\/2\/2020\/05\/sildaforce-100-1-624x624-1.jpg\",\"width\":624,\"height\":624,\"caption\":\"Sildaforce 100 mg\"},{\"@type\":\"BreadcrumbList\",\"@id\":\"https:\/\/kamagraeu.net\/de\/produkt\/sildaforce-100mg\/#breadcrumb\",\"itemListElement\":[{\"@type\":\"ListItem\",\"position\":1,\"name\":\"Home\",\"item\":\"https:\/\/kamagraeu.net\/de\/\"},{\"@type\":\"ListItem\",\"position\":2,\"name\":\"E-SHOP\",\"item\":\"https:\/\/kamagraeu.net\/de\/e-shop\/\"},{\"@type\":\"ListItem\",\"position\":3,\"name\":\"Sildaforce 100mg\"}]},{\"@type\":\"WebSite\",\"@id\":\"https:\/\/kamagraeu.net\/de\/#website\",\"url\":\"https:\/\/kamagraeu.net\/de\/\",\"name\":\"KamagraEU.net\",\"description\":\"Kamagra kaufen\",\"publisher\":{\"@id\":\"https:\/\/kamagraeu.net\/de\/#organization\"},\"alternateName\":\"KamagrEU\",\"potentialAction\":[{\"@type\":\"SearchAction\",\"target\":{\"@type\":\"EntryPoint\",\"urlTemplate\":\"https:\/\/kamagraeu.net\/de\/?s={search_term_string}\"},\"query-input\":{\"@type\":\"PropertyValueSpecification\",\"valueRequired\":true,\"valueName\":\"search_term_string\"}}],\"inLanguage\":\"de\"},{\"@type\":\"Organization\",\"@id\":\"https:\/\/kamagraeu.net\/de\/#organization\",\"name\":\"Kamagraeu.net\",\"alternateName\":\"KamagrEU\",\"url\":\"https:\/\/kamagraeu.net\/de\/\",\"logo\":{\"@type\":\"ImageObject\",\"inLanguage\":\"de\",\"@id\":\"https:\/\/kamagraeu.net\/de\/#\/schema\/logo\/image\/\",\"url\":\"https:\/\/kamagraeu.net\/de\/wp-content\/uploads\/sites\/2\/2020\/05\/cropped-logo.png\",\"contentUrl\":\"https:\/\/kamagraeu.net\/de\/wp-content\/uploads\/sites\/2\/2020\/05\/cropped-logo.png\",\"width\":812,\"height\":192,\"caption\":\"Kamagraeu.net\"},\"image\":{\"@id\":\"https:\/\/kamagraeu.net\/de\/#\/schema\/logo\/image\/\"},\"description\":\"Kamagra Verkauf - Medikamente zur Unterst\u00fctzung und Behandlung von Erektionsproblemen. \u00dcber 40 Produkte auf Lager. Wir helfen sowohl bei der Verz\u00f6gerung der Ejakulation als auch bei der Verbesserung der Erektion.\",\"email\":\"info@kamagraeu.net\",\"telephone\":\"+49 30 315144533\",\"numberOfEmployees\":{\"@type\":\"QuantitativeValue\",\"minValue\":\"11\",\"maxValue\":\"50\"}}]}<\/script>\n<meta property=\"product:price:amount\" content=\"23.00\" \/>\n<meta property=\"product:price:currency\" content=\"EUR\" \/>\n<meta property=\"og:availability\" content=\"out of stock\" \/>\n<meta property=\"product:availability\" content=\"out of stock\" \/>\n<meta property=\"product:condition\" content=\"new\" \/>\n<!-- \/ Yoast SEO Premium plugin. -->","yoast_head_json":{"title":"Titel: Sildaforce 100 mg \u2013 Behandlung von erektiler Dysfunktion","description":"Sildaforce 100 mg enth\u00e4lt Sildenafil und hilft bei erektiler Dysfunktion. F\u00f6rdert feste Erektionen und spontane Erlebnisse.","robots":{"index":"index","follow":"follow","max-snippet":"max-snippet:-1","max-image-preview":"max-image-preview:large","max-video-preview":"max-video-preview:-1"},"canonical":"https:\/\/kamagraeu.net\/de\/produkt\/sildaforce-100mg\/","og_locale":"de_DE","og_type":"article","og_title":"Sildaforce 100mg","og_description":"Sildaforce 100 mg enth\u00e4lt Sildenafil und hilft bei erektiler Dysfunktion. F\u00f6rdert feste Erektionen und spontane Erlebnisse.","og_url":"https:\/\/kamagraeu.net\/de\/produkt\/sildaforce-100mg\/","og_site_name":"Deutsch","article_modified_time":"2024-07-23T14:50:09+00:00","og_image":[{"width":624,"height":624,"url":"http:\/\/kamagraeu.net\/de\/wp-content\/uploads\/sites\/2\/2020\/05\/sildaforce-100-1-624x624-1.jpg","type":"image\/jpeg"}],"twitter_card":"summary_large_image","twitter_misc":{"Preis":"23.00&nbsp;&euro;","Verf\u00fcgbarkeit":"ausverkauft"},"schema":{"@context":"https:\/\/schema.org","@graph":[{"@type":"WebPage","@id":"https:\/\/kamagraeu.net\/de\/produkt\/sildaforce-100mg\/","url":"https:\/\/kamagraeu.net\/de\/produkt\/sildaforce-100mg\/","name":"Titel: Sildaforce 100 mg \u2013 Behandlung von erektiler Dysfunktion","isPartOf":{"@id":"https:\/\/kamagraeu.net\/de\/#website"},"primaryImageOfPage":{"@id":"https:\/\/kamagraeu.net\/de\/produkt\/sildaforce-100mg\/#primaryimage"},"image":{"@id":"https:\/\/kamagraeu.net\/de\/produkt\/sildaforce-100mg\/#primaryimage"},"thumbnailUrl":"https:\/\/kamagraeu.net\/de\/wp-content\/uploads\/sites\/2\/2020\/05\/sildaforce-100-1-624x624-1.jpg","datePublished":"2020-05-05T09:39:40+00:00","dateModified":"2024-07-23T14:50:09+00:00","description":"Sildaforce 100 mg enth\u00e4lt Sildenafil und hilft bei erektiler Dysfunktion. F\u00f6rdert feste Erektionen und spontane Erlebnisse.","breadcrumb":{"@id":"https:\/\/kamagraeu.net\/de\/produkt\/sildaforce-100mg\/#breadcrumb"},"inLanguage":"de","potentialAction":[{"@type":"ReadAction","target":["https:\/\/kamagraeu.net\/de\/produkt\/sildaforce-100mg\/"]}]},{"@type":"ImageObject","inLanguage":"de","@id":"https:\/\/kamagraeu.net\/de\/produkt\/sildaforce-100mg\/#primaryimage","url":"https:\/\/kamagraeu.net\/de\/wp-content\/uploads\/sites\/2\/2020\/05\/sildaforce-100-1-624x624-1.jpg","contentUrl":"https:\/\/kamagraeu.net\/de\/wp-content\/uploads\/sites\/2\/2020\/05\/sildaforce-100-1-624x624-1.jpg","width":624,"height":624,"caption":"Sildaforce 100 mg"},{"@type":"BreadcrumbList","@id":"https:\/\/kamagraeu.net\/de\/produkt\/sildaforce-100mg\/#breadcrumb","itemListElement":[{"@type":"ListItem","position":1,"name":"Home","item":"https:\/\/kamagraeu.net\/de\/"},{"@type":"ListItem","position":2,"name":"E-SHOP","item":"https:\/\/kamagraeu.net\/de\/e-shop\/"},{"@type":"ListItem","position":3,"name":"Sildaforce 100mg"}]},{"@type":"WebSite","@id":"https:\/\/kamagraeu.net\/de\/#website","url":"https:\/\/kamagraeu.net\/de\/","name":"KamagraEU.net","description":"Kamagra kaufen","publisher":{"@id":"https:\/\/kamagraeu.net\/de\/#organization"},"alternateName":"KamagrEU","potentialAction":[{"@type":"SearchAction","target":{"@type":"EntryPoint","urlTemplate":"https:\/\/kamagraeu.net\/de\/?s={search_term_string}"},"query-input":{"@type":"PropertyValueSpecification","valueRequired":true,"valueName":"search_term_string"}}],"inLanguage":"de"},{"@type":"Organization","@id":"https:\/\/kamagraeu.net\/de\/#organization","name":"Kamagraeu.net","alternateName":"KamagrEU","url":"https:\/\/kamagraeu.net\/de\/","logo":{"@type":"ImageObject","inLanguage":"de","@id":"https:\/\/kamagraeu.net\/de\/#\/schema\/logo\/image\/","url":"https:\/\/kamagraeu.net\/de\/wp-content\/uploads\/sites\/2\/2020\/05\/cropped-logo.png","contentUrl":"https:\/\/kamagraeu.net\/de\/wp-content\/uploads\/sites\/2\/2020\/05\/cropped-logo.png","width":812,"height":192,"caption":"Kamagraeu.net"},"image":{"@id":"https:\/\/kamagraeu.net\/de\/#\/schema\/logo\/image\/"},"description":"Kamagra Verkauf - Medikamente zur Unterst\u00fctzung und Behandlung von Erektionsproblemen. \u00dcber 40 Produkte auf Lager. Wir helfen sowohl bei der Verz\u00f6gerung der Ejakulation als auch bei der Verbesserung der Erektion.","email":"info@kamagraeu.net","telephone":"+49 30 315144533","numberOfEmployees":{"@type":"QuantitativeValue","minValue":"11","maxValue":"50"}}]},"product_price_amount":"23.00","product_price_currency":"EUR","og_availability":"out of stock","product_availability":"out of stock","product_condition":"new"},"_links":{"self":[{"href":"https:\/\/kamagraeu.net\/de\/wp-json\/wp\/v2\/product\/15"}],"collection":[{"href":"https:\/\/kamagraeu.net\/de\/wp-json\/wp\/v2\/product"}],"about":[{"href":"https:\/\/kamagraeu.net\/de\/wp-json\/wp\/v2\/types\/product"}],"replies":[{"embeddable":true,"href":"https:\/\/kamagraeu.net\/de\/wp-json\/wp\/v2\/comments?post=15"}],"wp:featuredmedia":[{"embeddable":true,"href":"https:\/\/kamagraeu.net\/de\/wp-json\/wp\/v2\/media\/58"}],"wp:attachment":[{"href":"https:\/\/kamagraeu.net\/de\/wp-json\/wp\/v2\/media?parent=15"}],"wp:term":[{"taxonomy":"product_brand","embeddable":true,"href":"https:\/\/kamagraeu.net\/de\/wp-json\/wp\/v2\/product_brand?post=15"},{"taxonomy":"product_cat","embeddable":true,"href":"https:\/\/kamagraeu.net\/de\/wp-json\/wp\/v2\/product_cat?post=15"},{"taxonomy":"product_tag","embeddable":true,"href":"https:\/\/kamagraeu.net\/de\/wp-json\/wp\/v2\/product_tag?post=15"}],"curies":[{"name":"wp","href":"https:\/\/api.w.org\/{rel}","templated":true}]}}