{"id":16,"date":"2020-05-05T11:39:40","date_gmt":"2020-05-05T09:39:40","guid":{"rendered":"http:\/\/kamagraeu.net\/de\/produkt\/import-placeholder-for-1277\/"},"modified":"2025-07-13T18:15:08","modified_gmt":"2025-07-13T16:15:08","slug":"super-p-force-160mg","status":"publish","type":"product","link":"https:\/\/kamagraeu.net\/de\/produkt\/super-p-force-160mg\/","title":{"rendered":"Super P-force 160 mg"},"content":{"rendered":"<h2>Fr\u00fchzeitige Ejakulation verz\u00f6gern mit Super P-Force 160mg<\/h2>\n<p><strong>Super P-Force 160mg<\/strong>\u00a0hat sich in den letzten Jahren zu einem beliebten Potenzmittel bei fr\u00fchzeitigem Samenerguss aber auch bei\u00a0<strong>erektiler Dysfunktion<\/strong>\u00a0gezeigt. Vor allem der rasche Wirkungseintritt von rund 20 Minuten, aber auch die lange Wirkungsdauer von rund 12 Stunden sprechen bei diesem Pr\u00e4parat f\u00fcr sich. Vor allem durch die Kombination von 2 Wirkstoffen zeigt\u00a0<strong>Super P-Force 160mg<\/strong>\u00a0eine sehr gute und effektive Wirkung.<\/p>\n<h4>Welchen Wirkmechanismus hat Super P-Force 160mg?<\/h4>\n<p>Durch die Kombination von\u00a0<strong>Dapoxetine<\/strong>\u00a0und\u00a0<strong>Sildenafil<\/strong>\u00a0k\u00f6nnen M\u00e4nner mit einer Potenzst\u00f6rung den Geschlechtsverkehr endlich wieder in vollen Z\u00fcgen erleben. Sildenafil ist der Wirkstoff, der auch bei\u00a0<strong>Viagra<\/strong>\u00a0vorkommt. Hierbei handelt es sich um einen Wirkstoff, der bei der glatten Muskulatur ansetzt. Diese Muskeln beginnen sich zu entspannen, wodurch die Durchblutung beim m\u00e4nnlichen Schwellk\u00f6rper verbessert und gef\u00f6rdert wird. Beides sind Faktoren daf\u00fcr, dass eine Erektion anhaltend aber auch qualitativ von M\u00e4nnern erlebt werden kann. Zus\u00e4tzlich weist\u00a0<strong>Super P-Force 160mg<\/strong>\u00a0aber auch noch den Wirkstoff Dapoxetine auf. Dieser unterst\u00fctzt M\u00e4nner dabei, dass die Ejakulation steuern und nach hinten verz\u00f6gern k\u00f6nnen. Durch diese beiden Wirkmechanismen handelt es sich bei Super P-Force 160mg um ein Kombinationspr\u00e4parat mit breitem Wirkungsspektrum bei Potenzst\u00f6rungen.<\/p>\n<h4>Welche Dosierung wird bei Super P-Force 160mg empfohlen?<\/h4>\n<p>Der Hersteller empfiehlt, dass die Tablette mit einem Schluck Wasser auf n\u00fcchternen Magen eingenommen wird. So kann der Wirkstoff am schnellsten aufgenommen werden. Zudem wird darauf hingewiesen, dass Alkohol und fettreiche Speisen die Wirkung von Super P-Force 160mg vermindern oder verz\u00f6gern k\u00f6nnen. Grunds\u00e4tzlich kann davon ausgegangen werden, dass die Wirkung nach rund 20 Minuten einsetzt und bis zu 12 Stunden anh\u00e4lt. Der gro\u00dfe Vorteil besteht darin, dass M\u00e4nner w\u00e4hrend dieser Zeitspanne auch mehrmals Geschlechtsverkehr vollziehen k\u00f6nnen. 160mg sollte allerdings als Tagesdosis bei diesem Pr\u00e4parat nicht \u00fcberschritten werden. Zus\u00e4tzlich wird geraten, dass die Pillen bereits beim Vorspiel eingenommen werden, da sich die Wirkung vor allem durch sexuelle Anreize entfalten kann.<\/p>\n<h4>Wer sollte Super P-Force 160mg nicht einnehmen?<\/h4>\n<p>In erster Linie sollten die Pillen nicht geschluckt werden wenn eine Allergie gegen einen der beiden Wirkstoffe bekannt ist. Zudem sollte dieses Potenzmittel vermieden werden wenn bereits ein Herzinfarkt bestand, oder eine andere Erkrankung des Herzens diagnostiziert wurde. Bei der gleichzeitigen Einnahme von\u00a0<strong>Super P-Force 160mg<\/strong>, Nitraten und Stickstoffmonoxiden kann es zudem zu Wechselwirkungen kommen. Generell werden diese beiden Wirkstoffe vor allem bei Angina Pectoris verordnet. Niedriger Blutdruck, Bluthochdruck aber auch St\u00f6rungen der Blutgerinnung stellen eigentlich keine direkte Kontraindikation dar, dennoch sollte vorab mit einem Arzt R\u00fccksprache gehalten werden, ob es gesundheitliche Risiken gibt.<\/p>\n<h4>Welche Nebenwirkungen k\u00f6nnen sich zeigen?<\/h4>\n<p><strong>Super P-Force 160mg<\/strong>\u00a0weist generell sehr geringe Nebenwirkungen auf. Trotzdem handelt es sich um ein Medikament weswegen Begleiterscheinungen nie g\u00e4nzlich ausgeschlossen werden k\u00f6nnen. Sobald sich Symptome nach der Einnahme zeigen, sollte nicht vor einer \u00e4rztlichen Kontrolle zur\u00fcckgeschreckt werden. Neben einer tropfenden Nase, Schwindelgef\u00fchlen oder Sehst\u00f6rungen kann es auch zu Kopfschmerzen oder Atemproblemen kommen.<\/p>\n<h4>Wie wird Super P-Force 160mg aufbewahrt?<\/h4>\n<p>Die Tabletten sollten nicht \u00fcber 30 Grad gelagert werden. Um die Pillen vor Feuchtigkeit sch\u00fctzen zu k\u00f6nnen, sollten diese bis zur Einnahme sowohl im Blister als auch in der Verpackung aufbewahrt werden.<\/p>\n","protected":false},"excerpt":{"rendered":"<table>\n<tbody>\n<tr>\n<td>Packungsinhalt<\/td>\n<td><strong>4 \u00fcberzogene Tabletten<\/strong><\/td>\n<\/tr>\n<tr>\n<td>Wirkstoff<\/td>\n<td>Sildenafil, Dapoxetine<\/td>\n<\/tr>\n<tr>\n<td>Wirkstoff in einer Tablette<\/td>\n<td><strong>\u00a0Sildenafil 100 mg, Dapoxetine 60 mg<br \/>\n<\/strong><\/td>\n<\/tr>\n<tr>\n<td>Wirkungseintritt<\/td>\n<td>30\u201360 Minuten<\/td>\n<\/tr>\n<tr>\n<td>Wirkungsdauer<\/td>\n<td><strong>4\u20135 Stunden<\/strong><\/td>\n<\/tr>\n<tr>\n<td>Form<\/td>\n<td><strong>Tabletten<\/strong><\/td>\n<\/tr>\n<\/tbody>\n<\/table>\n","protected":false},"featured_media":5347,"comment_status":"closed","ping_status":"closed","template":"","meta":[],"product_brand":[],"product_cat":[16,17],"product_tag":[],"class_list":{"0":"post-16","1":"product","2":"type-product","3":"status-publish","4":"has-post-thumbnail","6":"product_cat-viagra-generika","7":"product_cat-vorzeitige-ejakulation","9":"first","10":"outofstock","11":"shipping-taxable","12":"purchasable","13":"product-type-simple"},"yoast_head":"<!-- This site is optimized with the Yoast SEO Premium plugin v23.0 (Yoast SEO v25.6) - https:\/\/yoast.com\/wordpress\/plugins\/seo\/ -->\n<title>Super P-Force 160 mg - Duale ED-L\u00f6sung | KamagraEU.net<\/title>\n<meta name=\"description\" content=\"Super P-Force 160 mg kombiniert Sildenafil und Dapoxetin f\u00fcr effektive Behandlung von ED und vorzeitigem Samenerguss. Bestellen Sie jetzt bei KamagraEU.net.\" \/>\n<meta name=\"robots\" content=\"index, follow, max-snippet:-1, max-image-preview:large, max-video-preview:-1\" \/>\n<link rel=\"canonical\" href=\"https:\/\/kamagraeu.net\/de\/produkt\/super-p-force-160mg\/\" \/>\n<meta property=\"og:locale\" content=\"de_DE\" \/>\n<meta property=\"og:type\" content=\"article\" \/>\n<meta property=\"og:title\" content=\"Super P-force 160 mg\" \/>\n<meta property=\"og:description\" content=\"Super P-Force 160 mg kombiniert Sildenafil und Dapoxetin f\u00fcr effektive Behandlung von ED und vorzeitigem Samenerguss. Bestellen Sie jetzt bei KamagraEU.net.\" \/>\n<meta property=\"og:url\" content=\"https:\/\/kamagraeu.net\/de\/produkt\/super-p-force-160mg\/\" \/>\n<meta property=\"og:site_name\" content=\"Deutsch\" \/>\n<meta property=\"article:modified_time\" content=\"2025-07-13T16:15:08+00:00\" \/>\n<meta property=\"og:image\" content=\"http:\/\/kamagraeu.net\/de\/wp-content\/uploads\/sites\/2\/2022\/10\/1000_super_p_force_6uzxg.jpg\" \/>\n\t<meta property=\"og:image:width\" content=\"1000\" \/>\n\t<meta property=\"og:image:height\" content=\"1000\" \/>\n\t<meta property=\"og:image:type\" content=\"image\/jpeg\" \/>\n<meta name=\"twitter:card\" content=\"summary_large_image\" \/>\n<meta name=\"twitter:label1\" content=\"Preis\" \/>\n\t<meta name=\"twitter:data1\" content=\"22.00&nbsp;&euro;\" \/>\n\t<meta name=\"twitter:label2\" content=\"Verf\u00fcgbarkeit\" \/>\n\t<meta name=\"twitter:data2\" content=\"ausverkauft\" \/>\n<script type=\"application\/ld+json\" class=\"yoast-schema-graph\">{\"@context\":\"https:\/\/schema.org\",\"@graph\":[{\"@type\":\"WebPage\",\"@id\":\"https:\/\/kamagraeu.net\/de\/produkt\/super-p-force-160mg\/\",\"url\":\"https:\/\/kamagraeu.net\/de\/produkt\/super-p-force-160mg\/\",\"name\":\"Super P-Force 160 mg - Duale ED-L\u00f6sung | KamagraEU.net\",\"isPartOf\":{\"@id\":\"https:\/\/kamagraeu.net\/de\/#website\"},\"primaryImageOfPage\":{\"@id\":\"https:\/\/kamagraeu.net\/de\/produkt\/super-p-force-160mg\/#primaryimage\"},\"image\":{\"@id\":\"https:\/\/kamagraeu.net\/de\/produkt\/super-p-force-160mg\/#primaryimage\"},\"thumbnailUrl\":\"https:\/\/kamagraeu.net\/de\/wp-content\/uploads\/sites\/2\/2022\/10\/1000_super_p_force_6uzxg.jpg\",\"datePublished\":\"2020-05-05T09:39:40+00:00\",\"dateModified\":\"2025-07-13T16:15:08+00:00\",\"description\":\"Super P-Force 160 mg kombiniert Sildenafil und Dapoxetin f\u00fcr effektive Behandlung von ED und vorzeitigem Samenerguss. Bestellen Sie jetzt bei KamagraEU.net.\",\"breadcrumb\":{\"@id\":\"https:\/\/kamagraeu.net\/de\/produkt\/super-p-force-160mg\/#breadcrumb\"},\"inLanguage\":\"de\",\"potentialAction\":[{\"@type\":\"ReadAction\",\"target\":[\"https:\/\/kamagraeu.net\/de\/produkt\/super-p-force-160mg\/\"]}]},{\"@type\":\"ImageObject\",\"inLanguage\":\"de\",\"@id\":\"https:\/\/kamagraeu.net\/de\/produkt\/super-p-force-160mg\/#primaryimage\",\"url\":\"https:\/\/kamagraeu.net\/de\/wp-content\/uploads\/sites\/2\/2022\/10\/1000_super_p_force_6uzxg.jpg\",\"contentUrl\":\"https:\/\/kamagraeu.net\/de\/wp-content\/uploads\/sites\/2\/2022\/10\/1000_super_p_force_6uzxg.jpg\",\"width\":1000,\"height\":1000},{\"@type\":\"BreadcrumbList\",\"@id\":\"https:\/\/kamagraeu.net\/de\/produkt\/super-p-force-160mg\/#breadcrumb\",\"itemListElement\":[{\"@type\":\"ListItem\",\"position\":1,\"name\":\"Home\",\"item\":\"https:\/\/kamagraeu.net\/de\/\"},{\"@type\":\"ListItem\",\"position\":2,\"name\":\"E-SHOP\",\"item\":\"https:\/\/kamagraeu.net\/de\/e-shop\/\"},{\"@type\":\"ListItem\",\"position\":3,\"name\":\"Super P-force 160 mg\"}]},{\"@type\":\"WebSite\",\"@id\":\"https:\/\/kamagraeu.net\/de\/#website\",\"url\":\"https:\/\/kamagraeu.net\/de\/\",\"name\":\"KamagraEU.net\",\"description\":\"Kamagra kaufen\",\"publisher\":{\"@id\":\"https:\/\/kamagraeu.net\/de\/#organization\"},\"alternateName\":\"KamagrEU\",\"potentialAction\":[{\"@type\":\"SearchAction\",\"target\":{\"@type\":\"EntryPoint\",\"urlTemplate\":\"https:\/\/kamagraeu.net\/de\/?s={search_term_string}\"},\"query-input\":{\"@type\":\"PropertyValueSpecification\",\"valueRequired\":true,\"valueName\":\"search_term_string\"}}],\"inLanguage\":\"de\"},{\"@type\":\"Organization\",\"@id\":\"https:\/\/kamagraeu.net\/de\/#organization\",\"name\":\"Kamagraeu.net\",\"alternateName\":\"KamagrEU\",\"url\":\"https:\/\/kamagraeu.net\/de\/\",\"logo\":{\"@type\":\"ImageObject\",\"inLanguage\":\"de\",\"@id\":\"https:\/\/kamagraeu.net\/de\/#\/schema\/logo\/image\/\",\"url\":\"https:\/\/kamagraeu.net\/de\/wp-content\/uploads\/sites\/2\/2020\/05\/cropped-logo.png\",\"contentUrl\":\"https:\/\/kamagraeu.net\/de\/wp-content\/uploads\/sites\/2\/2020\/05\/cropped-logo.png\",\"width\":812,\"height\":192,\"caption\":\"Kamagraeu.net\"},\"image\":{\"@id\":\"https:\/\/kamagraeu.net\/de\/#\/schema\/logo\/image\/\"},\"description\":\"Kamagra Verkauf - Medikamente zur Unterst\u00fctzung und Behandlung von Erektionsproblemen. \u00dcber 40 Produkte auf Lager. Wir helfen sowohl bei der Verz\u00f6gerung der Ejakulation als auch bei der Verbesserung der Erektion.\",\"email\":\"info@kamagraeu.net\",\"telephone\":\"+49 30 315144533\",\"numberOfEmployees\":{\"@type\":\"QuantitativeValue\",\"minValue\":\"11\",\"maxValue\":\"50\"}}]}<\/script>\n<meta property=\"product:price:amount\" content=\"22.00\" \/>\n<meta property=\"product:price:currency\" content=\"EUR\" \/>\n<meta property=\"og:availability\" content=\"out of stock\" \/>\n<meta property=\"product:availability\" content=\"out of stock\" \/>\n<meta property=\"product:condition\" content=\"new\" \/>\n<!-- \/ Yoast SEO Premium plugin. -->","yoast_head_json":{"title":"Super P-Force 160 mg - Duale ED-L\u00f6sung | KamagraEU.net","description":"Super P-Force 160 mg kombiniert Sildenafil und Dapoxetin f\u00fcr effektive Behandlung von ED und vorzeitigem Samenerguss. Bestellen Sie jetzt bei KamagraEU.net.","robots":{"index":"index","follow":"follow","max-snippet":"max-snippet:-1","max-image-preview":"max-image-preview:large","max-video-preview":"max-video-preview:-1"},"canonical":"https:\/\/kamagraeu.net\/de\/produkt\/super-p-force-160mg\/","og_locale":"de_DE","og_type":"article","og_title":"Super P-force 160 mg","og_description":"Super P-Force 160 mg kombiniert Sildenafil und Dapoxetin f\u00fcr effektive Behandlung von ED und vorzeitigem Samenerguss. Bestellen Sie jetzt bei KamagraEU.net.","og_url":"https:\/\/kamagraeu.net\/de\/produkt\/super-p-force-160mg\/","og_site_name":"Deutsch","article_modified_time":"2025-07-13T16:15:08+00:00","og_image":[{"width":1000,"height":1000,"url":"http:\/\/kamagraeu.net\/de\/wp-content\/uploads\/sites\/2\/2022\/10\/1000_super_p_force_6uzxg.jpg","type":"image\/jpeg"}],"twitter_card":"summary_large_image","twitter_misc":{"Preis":"22.00&nbsp;&euro;","Verf\u00fcgbarkeit":"ausverkauft"},"schema":{"@context":"https:\/\/schema.org","@graph":[{"@type":"WebPage","@id":"https:\/\/kamagraeu.net\/de\/produkt\/super-p-force-160mg\/","url":"https:\/\/kamagraeu.net\/de\/produkt\/super-p-force-160mg\/","name":"Super P-Force 160 mg - Duale ED-L\u00f6sung | KamagraEU.net","isPartOf":{"@id":"https:\/\/kamagraeu.net\/de\/#website"},"primaryImageOfPage":{"@id":"https:\/\/kamagraeu.net\/de\/produkt\/super-p-force-160mg\/#primaryimage"},"image":{"@id":"https:\/\/kamagraeu.net\/de\/produkt\/super-p-force-160mg\/#primaryimage"},"thumbnailUrl":"https:\/\/kamagraeu.net\/de\/wp-content\/uploads\/sites\/2\/2022\/10\/1000_super_p_force_6uzxg.jpg","datePublished":"2020-05-05T09:39:40+00:00","dateModified":"2025-07-13T16:15:08+00:00","description":"Super P-Force 160 mg kombiniert Sildenafil und Dapoxetin f\u00fcr effektive Behandlung von ED und vorzeitigem Samenerguss. Bestellen Sie jetzt bei KamagraEU.net.","breadcrumb":{"@id":"https:\/\/kamagraeu.net\/de\/produkt\/super-p-force-160mg\/#breadcrumb"},"inLanguage":"de","potentialAction":[{"@type":"ReadAction","target":["https:\/\/kamagraeu.net\/de\/produkt\/super-p-force-160mg\/"]}]},{"@type":"ImageObject","inLanguage":"de","@id":"https:\/\/kamagraeu.net\/de\/produkt\/super-p-force-160mg\/#primaryimage","url":"https:\/\/kamagraeu.net\/de\/wp-content\/uploads\/sites\/2\/2022\/10\/1000_super_p_force_6uzxg.jpg","contentUrl":"https:\/\/kamagraeu.net\/de\/wp-content\/uploads\/sites\/2\/2022\/10\/1000_super_p_force_6uzxg.jpg","width":1000,"height":1000},{"@type":"BreadcrumbList","@id":"https:\/\/kamagraeu.net\/de\/produkt\/super-p-force-160mg\/#breadcrumb","itemListElement":[{"@type":"ListItem","position":1,"name":"Home","item":"https:\/\/kamagraeu.net\/de\/"},{"@type":"ListItem","position":2,"name":"E-SHOP","item":"https:\/\/kamagraeu.net\/de\/e-shop\/"},{"@type":"ListItem","position":3,"name":"Super P-force 160 mg"}]},{"@type":"WebSite","@id":"https:\/\/kamagraeu.net\/de\/#website","url":"https:\/\/kamagraeu.net\/de\/","name":"KamagraEU.net","description":"Kamagra kaufen","publisher":{"@id":"https:\/\/kamagraeu.net\/de\/#organization"},"alternateName":"KamagrEU","potentialAction":[{"@type":"SearchAction","target":{"@type":"EntryPoint","urlTemplate":"https:\/\/kamagraeu.net\/de\/?s={search_term_string}"},"query-input":{"@type":"PropertyValueSpecification","valueRequired":true,"valueName":"search_term_string"}}],"inLanguage":"de"},{"@type":"Organization","@id":"https:\/\/kamagraeu.net\/de\/#organization","name":"Kamagraeu.net","alternateName":"KamagrEU","url":"https:\/\/kamagraeu.net\/de\/","logo":{"@type":"ImageObject","inLanguage":"de","@id":"https:\/\/kamagraeu.net\/de\/#\/schema\/logo\/image\/","url":"https:\/\/kamagraeu.net\/de\/wp-content\/uploads\/sites\/2\/2020\/05\/cropped-logo.png","contentUrl":"https:\/\/kamagraeu.net\/de\/wp-content\/uploads\/sites\/2\/2020\/05\/cropped-logo.png","width":812,"height":192,"caption":"Kamagraeu.net"},"image":{"@id":"https:\/\/kamagraeu.net\/de\/#\/schema\/logo\/image\/"},"description":"Kamagra Verkauf - Medikamente zur Unterst\u00fctzung und Behandlung von Erektionsproblemen. \u00dcber 40 Produkte auf Lager. Wir helfen sowohl bei der Verz\u00f6gerung der Ejakulation als auch bei der Verbesserung der Erektion.","email":"info@kamagraeu.net","telephone":"+49 30 315144533","numberOfEmployees":{"@type":"QuantitativeValue","minValue":"11","maxValue":"50"}}]},"product_price_amount":"22.00","product_price_currency":"EUR","og_availability":"out of stock","product_availability":"out of stock","product_condition":"new"},"_links":{"self":[{"href":"https:\/\/kamagraeu.net\/de\/wp-json\/wp\/v2\/product\/16"}],"collection":[{"href":"https:\/\/kamagraeu.net\/de\/wp-json\/wp\/v2\/product"}],"about":[{"href":"https:\/\/kamagraeu.net\/de\/wp-json\/wp\/v2\/types\/product"}],"replies":[{"embeddable":true,"href":"https:\/\/kamagraeu.net\/de\/wp-json\/wp\/v2\/comments?post=16"}],"wp:featuredmedia":[{"embeddable":true,"href":"https:\/\/kamagraeu.net\/de\/wp-json\/wp\/v2\/media\/5347"}],"wp:attachment":[{"href":"https:\/\/kamagraeu.net\/de\/wp-json\/wp\/v2\/media?parent=16"}],"wp:term":[{"taxonomy":"product_brand","embeddable":true,"href":"https:\/\/kamagraeu.net\/de\/wp-json\/wp\/v2\/product_brand?post=16"},{"taxonomy":"product_cat","embeddable":true,"href":"https:\/\/kamagraeu.net\/de\/wp-json\/wp\/v2\/product_cat?post=16"},{"taxonomy":"product_tag","embeddable":true,"href":"https:\/\/kamagraeu.net\/de\/wp-json\/wp\/v2\/product_tag?post=16"}],"curies":[{"name":"wp","href":"https:\/\/api.w.org\/{rel}","templated":true}]}}