{"id":18,"date":"2020-05-05T11:39:40","date_gmt":"2020-05-05T09:39:40","guid":{"rendered":"http:\/\/kamagraeu.net\/de\/produkt\/import-placeholder-for-1279\/"},"modified":"2024-07-23T15:43:10","modified_gmt":"2024-07-23T13:43:10","slug":"kamagra-chewable","status":"publish","type":"product","link":"https:\/\/kamagraeu.net\/de\/produkt\/kamagra-chewable\/","title":{"rendered":"Kamagra Chewable 100 mg"},"content":{"rendered":"<h2>Kamagra Chewable<\/h2>\n<table style=\"border-collapse: collapse; width: 100%; height: 216px;\">\n<tbody>\n<tr style=\"height: 24px;\">\n<td style=\"width: 25%; text-align: center; height: 24px;\">Menge<\/td>\n<td style=\"width: 25%; height: 24px; text-align: center;\">Preis pro Packung<\/td>\n<td style=\"width: 25%; height: 24px; text-align: center;\">Preis<\/td>\n<\/tr>\n<tr style=\"height: 24px;\">\n<td style=\"width: 25%; height: 24px; text-align: center;\">2<\/td>\n<td style=\"width: 25%; height: 24px; text-align: center;\">19,00 \u20ac<\/td>\n<td style=\"width: 25%; height: 24px; text-align: center;\">38,00 \u20ac<\/td>\n<\/tr>\n<tr style=\"height: 24px;\">\n<td style=\"width: 25%; height: 24px; text-align: center;\">4<\/td>\n<td style=\"width: 25%; height: 24px; text-align: center;\">16,00 \u20ac<\/td>\n<td style=\"width: 25%; height: 24px; text-align: center;\">64,00 \u20ac<\/td>\n<\/tr>\n<tr style=\"height: 24px;\">\n<td style=\"width: 25%; height: 24px; text-align: center;\">6<\/td>\n<td style=\"width: 25%; height: 24px; text-align: center;\">14,83 \u20ac<\/td>\n<td style=\"width: 25%; height: 24px; text-align: center;\">89,00 \u20ac<\/td>\n<\/tr>\n<tr style=\"height: 24px;\">\n<td style=\"width: 25%; text-align: center; height: 24px;\">8<\/td>\n<td style=\"width: 25%; text-align: center; height: 24px;\">14,00 \u20ac<\/td>\n<td style=\"width: 25%; text-align: center; height: 24px;\">112,00 \u20ac<\/td>\n<\/tr>\n<tr style=\"height: 24px;\">\n<td style=\"width: 25%; text-align: center; height: 24px;\">10<\/td>\n<td style=\"width: 25%; text-align: center; height: 24px;\">13,30 \u20ac<\/td>\n<td style=\"width: 25%; text-align: center; height: 24px;\">133,00 \u20ac<\/td>\n<\/tr>\n<tr style=\"height: 24px;\">\n<td style=\"width: 25%; text-align: center; height: 24px;\">15<\/td>\n<td style=\"width: 25%; text-align: center; height: 24px;\">12,33 \u20ac<\/td>\n<td style=\"width: 25%; text-align: center; height: 24px;\">185,00 \u20ac<\/td>\n<\/tr>\n<tr style=\"height: 24px;\">\n<td style=\"width: 25%; text-align: center; height: 24px;\">20<\/td>\n<td style=\"width: 25%; text-align: center; height: 24px;\">11,70 \u20ac<\/td>\n<td style=\"width: 25%; text-align: center; height: 24px;\">234,00 \u20ac<\/td>\n<\/tr>\n<tr style=\"height: 24px;\">\n<td style=\"width: 25%; text-align: center; height: 24px;\">30<\/td>\n<td style=\"width: 25%; text-align: center; height: 24px;\">9,90 \u20ac<\/td>\n<td style=\"width: 25%; text-align: center; height: 24px;\">297,00 \u20ac<\/td>\n<\/tr>\n<\/tbody>\n<\/table>\n<h4>Mit Kamagra Chewable 100mg zu neuen Formen gelangen<\/h4>\n<p>Bei diesem Potenzmittel handelt es sich um eine sanfte Form bei der Unterst\u00fctzung der Potenzst\u00f6rung. Zudem k\u00f6nnen betroffene M\u00e4nner dieses Potenzmittel unauff\u00e4llig einnehmen, ohne dass das Umfeld etwas davon mitbekommen wird. Der Inhaltsstoff wird in Form eines Kaugummis aufgenommen, und die Wirkung wird auf diese Art und Weise besonders rasch \u00fcber die Schleimh\u00e4ute aufgenommen. Binnen weniger Minuten setzt bereits die Wirkung ein. Bei Kamagra Chewable 100mg handelt es sich um ein Generikum, wobei die Wirkung nicht schlechter als beim Original ist. In jedem Kaugummi sind 100mg Sildenafil enthalten. Gegen\u00fcber den herk\u00f6mmlichen Tabletten weist diese Applikationsform, aber den gro\u00dfen Vorteil der raschen Wirksamkeit auf. Auch M\u00e4nner, die bisher Probleme beim Schlucken von Pillen hatten, k\u00f6nnen mit den Kamagra Chewable 100mg wieder durchatmen und ihre Potenzst\u00f6rung in Angriff nehmen. Zudem zeigen sich bei diesem Potenzmittel kaum Nebenwirkungen. Das Produkt stammt aus dem Hause Ajanta Pharma, wobei auf Qualit\u00e4t bei der Herstellung geachtet wird.<\/p>\n<h4>Wie werden die Kamagra Chewable 100mg dosiert?<\/h4>\n<p>Vor dem Geschlechtsverkehr sollte eine ganze Kautablette eingenommen werden, um den gr\u00f6\u00dftm\u00f6glichen Effekt erzielen zu k\u00f6nnen. Damit sich die Wirkung vollends entfalten kann, wird es empfohlen, dass dieses Potenzmittel erst zwei Stunden nach der letzten Nahrungsaufnahme gekaut wird. Vor allem auf Alkohol und fettreiche Speisen sollte weitgehend verzichtet werden, da die Wirkung von Kamagra Chewable 100mg beeintr\u00e4chtigt werden k\u00f6nnte. Bereits nach 30 Minuten zeigt sich die Wirkung, allerdings muss ein sexueller Anreiz gegeben sein, denn es handelt sich hierbei um kein Aphrodisiakum. Mit diesem Potenzmittel wird aber die Potenz weitgehend unterst\u00fctzt.<\/p>\n<h4>Welche Nebenwirkungen k\u00f6nnen sich zeigen?<\/h4>\n<p>Grunds\u00e4tzlich kann davon ausgegangen werden, dass es nach der Einnahme von Kamagra Chewable 100mg kaum zu Nebenwirkungen kommt. Es handelt sich hierbei um ein leicht vertr\u00e4gliches Potenzmittel. Sollten sich nach der Einnahme allerdings Anzeichen wie Kopfschmerzen, Schwindel oder eine tropfende Nase zeigen, sollte bis zur \u00e4rztlichen Abkl\u00e4rung auf die weitere Einnahme einer Kautablette verzichtet werden. Auch wenn die Erektion l\u00e4nger als 6 Stunden bestehen bleibt, sollte zur Sicherheit ein Arzt aufgesucht werden.<\/p>\n","protected":false},"excerpt":{"rendered":"<table>\n<tbody>\n<tr>\n<td>Packungsinhalt<\/td>\n<td>4 fruchtige Kaugummis<\/td>\n<\/tr>\n<tr>\n<td>Wirkstoff<\/td>\n<td>Sildenafil<\/td>\n<\/tr>\n<tr>\n<td>Wirkstoff in einer Tablette<\/td>\n<td>Sildenafil 100 mg<\/td>\n<\/tr>\n<tr>\n<td>Wirkungseintritt<\/td>\n<td>15\u201330 Minuten<\/td>\n<\/tr>\n<tr>\n<td>Wirkungsdauer<\/td>\n<td>4\u20136 Stunden<\/td>\n<\/tr>\n<tr>\n<td>Art<\/td>\n<td>Kamagra<\/td>\n<\/tr>\n<tr>\n<td>Marke<\/td>\n<td><a href=\"https:\/\/www.ajantapharma.com\/\">Ajanta Pharma Ltd.<\/a><\/td>\n<\/tr>\n<\/tbody>\n<\/table>\n","protected":false},"featured_media":5272,"comment_status":"closed","ping_status":"closed","template":"","meta":[],"product_brand":[],"product_cat":[15,16],"product_tag":[],"class_list":{"0":"post-18","1":"product","2":"type-product","3":"status-publish","4":"has-post-thumbnail","6":"product_cat-kamagra","7":"product_cat-viagra-generika","9":"first","10":"instock","11":"shipping-taxable","12":"purchasable","13":"product-type-simple"},"yoast_head":"<!-- This site is optimized with the Yoast SEO Premium plugin v23.0 (Yoast SEO v25.6) - https:\/\/yoast.com\/wordpress\/plugins\/seo\/ -->\n<title>Kamagra Chewable 100 mg - Schnelle Hilfe bei ED |<\/title>\n<meta name=\"description\" content=\"Kamagra Chewable 100 mg bietet eine schnelle und effektive L\u00f6sung gegen ED. Einfach kauen und genie\u00dfen Sie die Wirkung. Jetzt online bestellen.\" \/>\n<meta name=\"robots\" content=\"index, follow, max-snippet:-1, max-image-preview:large, max-video-preview:-1\" \/>\n<link rel=\"canonical\" href=\"https:\/\/kamagraeu.net\/de\/produkt\/kamagra-chewable\/\" \/>\n<meta property=\"og:locale\" content=\"de_DE\" \/>\n<meta property=\"og:type\" content=\"article\" \/>\n<meta property=\"og:title\" content=\"Kamagra Chewable 100 mg\" \/>\n<meta property=\"og:description\" content=\"Kamagra Chewable 100 mg bietet eine schnelle und effektive L\u00f6sung gegen ED. Einfach kauen und genie\u00dfen Sie die Wirkung. Jetzt online bestellen.\" \/>\n<meta property=\"og:url\" content=\"https:\/\/kamagraeu.net\/de\/produkt\/kamagra-chewable\/\" \/>\n<meta property=\"og:site_name\" content=\"Deutsch\" \/>\n<meta property=\"article:modified_time\" content=\"2024-07-23T13:43:10+00:00\" \/>\n<meta property=\"og:image\" content=\"http:\/\/kamagraeu.net\/de\/wp-content\/uploads\/sites\/2\/2022\/10\/1-000px_chewable_pil2d.jpg\" \/>\n\t<meta property=\"og:image:width\" content=\"1000\" \/>\n\t<meta property=\"og:image:height\" content=\"1000\" \/>\n\t<meta property=\"og:image:type\" content=\"image\/jpeg\" \/>\n<meta name=\"twitter:card\" content=\"summary_large_image\" \/>\n<meta name=\"twitter:label1\" content=\"Preis\" \/>\n\t<meta name=\"twitter:data1\" content=\"21.00&nbsp;&euro;\" \/>\n\t<meta name=\"twitter:label2\" content=\"Verf\u00fcgbarkeit\" \/>\n\t<meta name=\"twitter:data2\" content=\"Auf Lager\" \/>\n<script type=\"application\/ld+json\" class=\"yoast-schema-graph\">{\"@context\":\"https:\/\/schema.org\",\"@graph\":[{\"@type\":\"WebPage\",\"@id\":\"https:\/\/kamagraeu.net\/de\/produkt\/kamagra-chewable\/\",\"url\":\"https:\/\/kamagraeu.net\/de\/produkt\/kamagra-chewable\/\",\"name\":\"Kamagra Chewable 100 mg - Schnelle Hilfe bei ED |\",\"isPartOf\":{\"@id\":\"https:\/\/kamagraeu.net\/de\/#website\"},\"primaryImageOfPage\":{\"@id\":\"https:\/\/kamagraeu.net\/de\/produkt\/kamagra-chewable\/#primaryimage\"},\"image\":{\"@id\":\"https:\/\/kamagraeu.net\/de\/produkt\/kamagra-chewable\/#primaryimage\"},\"thumbnailUrl\":\"https:\/\/kamagraeu.net\/de\/wp-content\/uploads\/sites\/2\/2022\/10\/1-000px_chewable_pil2d.jpg\",\"datePublished\":\"2020-05-05T09:39:40+00:00\",\"dateModified\":\"2024-07-23T13:43:10+00:00\",\"description\":\"Kamagra Chewable 100 mg bietet eine schnelle und effektive L\u00f6sung gegen ED. Einfach kauen und genie\u00dfen Sie die Wirkung. Jetzt online bestellen.\",\"breadcrumb\":{\"@id\":\"https:\/\/kamagraeu.net\/de\/produkt\/kamagra-chewable\/#breadcrumb\"},\"inLanguage\":\"de\",\"potentialAction\":[{\"@type\":\"ReadAction\",\"target\":[\"https:\/\/kamagraeu.net\/de\/produkt\/kamagra-chewable\/\"]}]},{\"@type\":\"ImageObject\",\"inLanguage\":\"de\",\"@id\":\"https:\/\/kamagraeu.net\/de\/produkt\/kamagra-chewable\/#primaryimage\",\"url\":\"https:\/\/kamagraeu.net\/de\/wp-content\/uploads\/sites\/2\/2022\/10\/1-000px_chewable_pil2d.jpg\",\"contentUrl\":\"https:\/\/kamagraeu.net\/de\/wp-content\/uploads\/sites\/2\/2022\/10\/1-000px_chewable_pil2d.jpg\",\"width\":1000,\"height\":1000},{\"@type\":\"BreadcrumbList\",\"@id\":\"https:\/\/kamagraeu.net\/de\/produkt\/kamagra-chewable\/#breadcrumb\",\"itemListElement\":[{\"@type\":\"ListItem\",\"position\":1,\"name\":\"Home\",\"item\":\"https:\/\/kamagraeu.net\/de\/\"},{\"@type\":\"ListItem\",\"position\":2,\"name\":\"E-SHOP\",\"item\":\"https:\/\/kamagraeu.net\/de\/e-shop\/\"},{\"@type\":\"ListItem\",\"position\":3,\"name\":\"Kamagra Chewable 100 mg\"}]},{\"@type\":\"WebSite\",\"@id\":\"https:\/\/kamagraeu.net\/de\/#website\",\"url\":\"https:\/\/kamagraeu.net\/de\/\",\"name\":\"KamagraEU.net\",\"description\":\"Kamagra kaufen\",\"publisher\":{\"@id\":\"https:\/\/kamagraeu.net\/de\/#organization\"},\"alternateName\":\"KamagrEU\",\"potentialAction\":[{\"@type\":\"SearchAction\",\"target\":{\"@type\":\"EntryPoint\",\"urlTemplate\":\"https:\/\/kamagraeu.net\/de\/?s={search_term_string}\"},\"query-input\":{\"@type\":\"PropertyValueSpecification\",\"valueRequired\":true,\"valueName\":\"search_term_string\"}}],\"inLanguage\":\"de\"},{\"@type\":\"Organization\",\"@id\":\"https:\/\/kamagraeu.net\/de\/#organization\",\"name\":\"Kamagraeu.net\",\"alternateName\":\"KamagrEU\",\"url\":\"https:\/\/kamagraeu.net\/de\/\",\"logo\":{\"@type\":\"ImageObject\",\"inLanguage\":\"de\",\"@id\":\"https:\/\/kamagraeu.net\/de\/#\/schema\/logo\/image\/\",\"url\":\"https:\/\/kamagraeu.net\/de\/wp-content\/uploads\/sites\/2\/2020\/05\/cropped-logo.png\",\"contentUrl\":\"https:\/\/kamagraeu.net\/de\/wp-content\/uploads\/sites\/2\/2020\/05\/cropped-logo.png\",\"width\":812,\"height\":192,\"caption\":\"Kamagraeu.net\"},\"image\":{\"@id\":\"https:\/\/kamagraeu.net\/de\/#\/schema\/logo\/image\/\"},\"description\":\"Kamagra Verkauf - Medikamente zur Unterst\u00fctzung und Behandlung von Erektionsproblemen. \u00dcber 40 Produkte auf Lager. Wir helfen sowohl bei der Verz\u00f6gerung der Ejakulation als auch bei der Verbesserung der Erektion.\",\"email\":\"info@kamagraeu.net\",\"telephone\":\"+49 30 315144533\",\"numberOfEmployees\":{\"@type\":\"QuantitativeValue\",\"minValue\":\"11\",\"maxValue\":\"50\"}}]}<\/script>\n<meta property=\"product:price:amount\" content=\"21.00\" \/>\n<meta property=\"product:price:currency\" content=\"EUR\" \/>\n<meta property=\"og:availability\" content=\"instock\" \/>\n<meta property=\"product:availability\" content=\"instock\" \/>\n<meta property=\"product:condition\" content=\"new\" \/>\n<!-- \/ Yoast SEO Premium plugin. -->","yoast_head_json":{"title":"Kamagra Chewable 100 mg - Schnelle Hilfe bei ED |","description":"Kamagra Chewable 100 mg bietet eine schnelle und effektive L\u00f6sung gegen ED. Einfach kauen und genie\u00dfen Sie die Wirkung. Jetzt online bestellen.","robots":{"index":"index","follow":"follow","max-snippet":"max-snippet:-1","max-image-preview":"max-image-preview:large","max-video-preview":"max-video-preview:-1"},"canonical":"https:\/\/kamagraeu.net\/de\/produkt\/kamagra-chewable\/","og_locale":"de_DE","og_type":"article","og_title":"Kamagra Chewable 100 mg","og_description":"Kamagra Chewable 100 mg bietet eine schnelle und effektive L\u00f6sung gegen ED. Einfach kauen und genie\u00dfen Sie die Wirkung. Jetzt online bestellen.","og_url":"https:\/\/kamagraeu.net\/de\/produkt\/kamagra-chewable\/","og_site_name":"Deutsch","article_modified_time":"2024-07-23T13:43:10+00:00","og_image":[{"width":1000,"height":1000,"url":"http:\/\/kamagraeu.net\/de\/wp-content\/uploads\/sites\/2\/2022\/10\/1-000px_chewable_pil2d.jpg","type":"image\/jpeg"}],"twitter_card":"summary_large_image","twitter_misc":{"Preis":"21.00&nbsp;&euro;","Verf\u00fcgbarkeit":"Auf Lager"},"schema":{"@context":"https:\/\/schema.org","@graph":[{"@type":"WebPage","@id":"https:\/\/kamagraeu.net\/de\/produkt\/kamagra-chewable\/","url":"https:\/\/kamagraeu.net\/de\/produkt\/kamagra-chewable\/","name":"Kamagra Chewable 100 mg - Schnelle Hilfe bei ED |","isPartOf":{"@id":"https:\/\/kamagraeu.net\/de\/#website"},"primaryImageOfPage":{"@id":"https:\/\/kamagraeu.net\/de\/produkt\/kamagra-chewable\/#primaryimage"},"image":{"@id":"https:\/\/kamagraeu.net\/de\/produkt\/kamagra-chewable\/#primaryimage"},"thumbnailUrl":"https:\/\/kamagraeu.net\/de\/wp-content\/uploads\/sites\/2\/2022\/10\/1-000px_chewable_pil2d.jpg","datePublished":"2020-05-05T09:39:40+00:00","dateModified":"2024-07-23T13:43:10+00:00","description":"Kamagra Chewable 100 mg bietet eine schnelle und effektive L\u00f6sung gegen ED. Einfach kauen und genie\u00dfen Sie die Wirkung. Jetzt online bestellen.","breadcrumb":{"@id":"https:\/\/kamagraeu.net\/de\/produkt\/kamagra-chewable\/#breadcrumb"},"inLanguage":"de","potentialAction":[{"@type":"ReadAction","target":["https:\/\/kamagraeu.net\/de\/produkt\/kamagra-chewable\/"]}]},{"@type":"ImageObject","inLanguage":"de","@id":"https:\/\/kamagraeu.net\/de\/produkt\/kamagra-chewable\/#primaryimage","url":"https:\/\/kamagraeu.net\/de\/wp-content\/uploads\/sites\/2\/2022\/10\/1-000px_chewable_pil2d.jpg","contentUrl":"https:\/\/kamagraeu.net\/de\/wp-content\/uploads\/sites\/2\/2022\/10\/1-000px_chewable_pil2d.jpg","width":1000,"height":1000},{"@type":"BreadcrumbList","@id":"https:\/\/kamagraeu.net\/de\/produkt\/kamagra-chewable\/#breadcrumb","itemListElement":[{"@type":"ListItem","position":1,"name":"Home","item":"https:\/\/kamagraeu.net\/de\/"},{"@type":"ListItem","position":2,"name":"E-SHOP","item":"https:\/\/kamagraeu.net\/de\/e-shop\/"},{"@type":"ListItem","position":3,"name":"Kamagra Chewable 100 mg"}]},{"@type":"WebSite","@id":"https:\/\/kamagraeu.net\/de\/#website","url":"https:\/\/kamagraeu.net\/de\/","name":"KamagraEU.net","description":"Kamagra kaufen","publisher":{"@id":"https:\/\/kamagraeu.net\/de\/#organization"},"alternateName":"KamagrEU","potentialAction":[{"@type":"SearchAction","target":{"@type":"EntryPoint","urlTemplate":"https:\/\/kamagraeu.net\/de\/?s={search_term_string}"},"query-input":{"@type":"PropertyValueSpecification","valueRequired":true,"valueName":"search_term_string"}}],"inLanguage":"de"},{"@type":"Organization","@id":"https:\/\/kamagraeu.net\/de\/#organization","name":"Kamagraeu.net","alternateName":"KamagrEU","url":"https:\/\/kamagraeu.net\/de\/","logo":{"@type":"ImageObject","inLanguage":"de","@id":"https:\/\/kamagraeu.net\/de\/#\/schema\/logo\/image\/","url":"https:\/\/kamagraeu.net\/de\/wp-content\/uploads\/sites\/2\/2020\/05\/cropped-logo.png","contentUrl":"https:\/\/kamagraeu.net\/de\/wp-content\/uploads\/sites\/2\/2020\/05\/cropped-logo.png","width":812,"height":192,"caption":"Kamagraeu.net"},"image":{"@id":"https:\/\/kamagraeu.net\/de\/#\/schema\/logo\/image\/"},"description":"Kamagra Verkauf - Medikamente zur Unterst\u00fctzung und Behandlung von Erektionsproblemen. \u00dcber 40 Produkte auf Lager. Wir helfen sowohl bei der Verz\u00f6gerung der Ejakulation als auch bei der Verbesserung der Erektion.","email":"info@kamagraeu.net","telephone":"+49 30 315144533","numberOfEmployees":{"@type":"QuantitativeValue","minValue":"11","maxValue":"50"}}]},"product_price_amount":"21.00","product_price_currency":"EUR","og_availability":"instock","product_availability":"instock","product_condition":"new"},"_links":{"self":[{"href":"https:\/\/kamagraeu.net\/de\/wp-json\/wp\/v2\/product\/18"}],"collection":[{"href":"https:\/\/kamagraeu.net\/de\/wp-json\/wp\/v2\/product"}],"about":[{"href":"https:\/\/kamagraeu.net\/de\/wp-json\/wp\/v2\/types\/product"}],"replies":[{"embeddable":true,"href":"https:\/\/kamagraeu.net\/de\/wp-json\/wp\/v2\/comments?post=18"}],"wp:featuredmedia":[{"embeddable":true,"href":"https:\/\/kamagraeu.net\/de\/wp-json\/wp\/v2\/media\/5272"}],"wp:attachment":[{"href":"https:\/\/kamagraeu.net\/de\/wp-json\/wp\/v2\/media?parent=18"}],"wp:term":[{"taxonomy":"product_brand","embeddable":true,"href":"https:\/\/kamagraeu.net\/de\/wp-json\/wp\/v2\/product_brand?post=18"},{"taxonomy":"product_cat","embeddable":true,"href":"https:\/\/kamagraeu.net\/de\/wp-json\/wp\/v2\/product_cat?post=18"},{"taxonomy":"product_tag","embeddable":true,"href":"https:\/\/kamagraeu.net\/de\/wp-json\/wp\/v2\/product_tag?post=18"}],"curies":[{"name":"wp","href":"https:\/\/api.w.org\/{rel}","templated":true}]}}