{"id":19,"date":"2020-05-05T11:39:40","date_gmt":"2020-05-05T09:39:40","guid":{"rendered":"http:\/\/kamagraeu.net\/de\/produkt\/import-placeholder-for-1281\/"},"modified":"2024-07-23T16:38:01","modified_gmt":"2024-07-23T14:38:01","slug":"tadalis-sx-20mg","status":"publish","type":"product","link":"https:\/\/kamagraeu.net\/de\/produkt\/tadalis-sx-20mg\/","title":{"rendered":"Tadalis SX 20mg"},"content":{"rendered":"<h4>Tadalafil in Tadalis SX 20mg<\/h4>\n<p><strong>Tadalis<\/strong>\u00a0wird von Ajanta Pharma auf dem Markt gebracht und stellt ein Generikum zu\u00a0<strong>Cialis<\/strong>\u00a020mg dar. Dieses Medikament ist f\u00fcr M\u00e4nner gedacht, die an einer Erektionsst\u00f6rung leiden. Nach der Einnahme von\u00a0<strong>Tadalafil<\/strong>\u00a0k\u00f6nnen betroffene M\u00e4nner wieder langanhaltenden und hochwertigen Geschlechtsverkehr erleben, wodurch der Sex wieder verbessert wird. Das Potenzmittel kann bis zu 36 Stunden wirksam sein, wodurch es sich von anderen Potenzmitteln wie Viagra unterscheidet, die auf Sildenafil citrate basieren. In den letzten Jahren hat sich gezeigt, dass Tadalis bei Erektionsst\u00f6rungen immer h\u00e4ufiger eingesetzt wird. Durch den Wirkstoff Tadalafil wird die Durchblutung des m\u00e4nnlichen Gliedes gef\u00f6rdert, wodurch die Erektion nicht nur schneller sondern auch leichter vor sich geht. Bereits 30 Minuten nach der Einnahme beginnt Tadalis 20mg seine Wirkung zu zeigen.<\/p>\n<table style=\"border-collapse: collapse; width: 100%; height: 216px;\">\n<tbody>\n<tr style=\"height: 24px;\">\n<td style=\"width: 25%; text-align: center; height: 24px;\">Menge<\/td>\n<td style=\"width: 25%; height: 24px; text-align: center;\">Preis pro Packung<\/td>\n<td style=\"width: 25%; height: 24px; text-align: center;\">Preis<\/td>\n<\/tr>\n<tr style=\"height: 24px;\">\n<td style=\"width: 25%; height: 24px; text-align: center;\">2<\/td>\n<td style=\"width: 25%; height: 24px; text-align: center;\">14,50 \u20ac<\/td>\n<td style=\"width: 25%; height: 24px; text-align: center;\">29,00 \u20ac<\/td>\n<\/tr>\n<tr style=\"height: 24px;\">\n<td style=\"width: 25%; height: 24px; text-align: center;\">4<\/td>\n<td style=\"width: 25%; height: 24px; text-align: center;\">12,25 \u20ac<\/td>\n<td style=\"width: 25%; height: 24px; text-align: center;\">49,00 \u20ac<\/td>\n<\/tr>\n<tr style=\"height: 24px;\">\n<td style=\"width: 25%; height: 24px; text-align: center;\">6<\/td>\n<td style=\"width: 25%; height: 24px; text-align: center;\">10,67 \u20ac<\/td>\n<td style=\"width: 25%; height: 24px; text-align: center;\">64,00 \u20ac<\/td>\n<\/tr>\n<tr style=\"height: 24px;\">\n<td style=\"width: 25%; text-align: center; height: 24px;\">8<\/td>\n<td style=\"width: 25%; text-align: center; height: 24px;\">10,50 \u20ac<\/td>\n<td style=\"width: 25%; text-align: center; height: 24px;\">84,00 \u20ac<\/td>\n<\/tr>\n<tr style=\"height: 24px;\">\n<td style=\"width: 25%; text-align: center; height: 24px;\">10<\/td>\n<td style=\"width: 25%; text-align: center; height: 24px;\">9,90 \u20ac<\/td>\n<td style=\"width: 25%; text-align: center; height: 24px;\">99,00 \u20ac<\/td>\n<\/tr>\n<tr style=\"height: 24px;\">\n<td style=\"width: 25%; text-align: center; height: 24px;\">15<\/td>\n<td style=\"width: 25%; text-align: center; height: 24px;\">9,27 \u20ac<\/td>\n<td style=\"width: 25%; text-align: center; height: 24px;\">139,00 \u20ac<\/td>\n<\/tr>\n<tr style=\"height: 24px;\">\n<td style=\"width: 25%; text-align: center; height: 24px;\">20<\/td>\n<td style=\"width: 25%; text-align: center; height: 24px;\">8,45 \u20ac<\/td>\n<td style=\"width: 25%; text-align: center; height: 24px;\">169,00 \u20ac<\/td>\n<\/tr>\n<tr style=\"height: 24px;\">\n<td style=\"width: 25%; text-align: center; height: 24px;\">30<\/td>\n<td style=\"width: 25%; text-align: center; height: 24px;\">7,80 \u20ac<\/td>\n<td style=\"width: 25%; text-align: center; height: 24px;\">234,00 \u20ac<\/td>\n<\/tr>\n<\/tbody>\n<\/table>\n<h4>Welchen Wirkstoff weist Tadalis SX 20mg auf?<\/h4>\n<p><strong>Tadalis 20mg\u00a0<\/strong>sind Filmtabletten, die 20mg\u00a0<strong>Tadalafil\u00a0<\/strong>enthalten.<\/p>\n<h4>Welche Dosierung wird f\u00fcr Tadalis SX 20mg empfohlen?<\/h4>\n<p>&lt;p<strong>Tadalis 20mg<\/strong>\u00a0sollte nicht nach \u00fcberm\u00e4\u00dfigen Alkoholkonsum oder nach fettreichen Speisen geschluckt werden, da dadurch sowohl die Wirkungsdauer als auch der Wirkungseintritt negativ beeintr\u00e4chtigt werden kann. T\u00e4glich sollten nicht mehr als 20mg Tadalis eingenommen werden. Die Tabletten werden mit einem Schluck Wasser eingenommen, die Wirkung tritt nach rund 30 Minuten ein und h\u00e4lt rund 36 Stunden an. Damit\u00a0<strong>Tadalis 20mg<\/strong>\u00a0seine Wirkung erreichen kann, muss allerdings ein sexueller Reiz gegeben sein, weswegen empfohlen wird, dass die Tabletten bereits vor dem Vorspiel eingenommen werden.<\/p>\n<h4>Welche Personen sollten Tadalis SX 20mg nicht einnehmen?<\/h4>\n<p>Wer bereits einen Myocardinfarkt oder einen Schlaganfall erlitten hat, sollte\u00a0<strong>Tadalis 20mg<\/strong>\u00a0nicht einnehmen. Gleiches gilt f\u00fcr Personen, die an Bluthochdruck oder an niedrigem Blutdruck leiden. Bei bekannter Angina Pectoris sollte R\u00fccksprache mit dem Arzt gehalten werden, da oftmals Medikamente verschrieben werden, die Nitrate oder Stickoxide enthalten. Bei diesen beiden Wirkstoffen kann es bei gleichzeitiger Einnahme von Tadalis 20mg zu einer vielfachen Verst\u00e4rkung der Wirkung kommen.<\/p>\n<p>&lt;h2&#8243;&gt;Bei welchen Medikamenten sollte Tadalis SX 20mg nicht eingenommen werden?<\/p>\n<p>Nitrate Stickoxide Isosorbid Mononitrat Isosorbid Dinitro Cimetidin Erythrocytin Ketoconazol<\/p>\n<h4>Welche Nebenwirkungen kann Tadalis SX 20mg mit sich bringen?<\/h4>\n<p><strong>Tadalis 20mg<\/strong>\u00a0ist ein Potenzmittel, das grunds\u00e4tzlich gut vertr\u00e4glich ist. Dennoch k\u00f6nnen sich wie bei jedem anderen Medikament auch hier Nebenwirkungen zeigen. Neben Kopfschmerzen und einer Gesichtsr\u00f6tung kann es auch zu leichten Verdauungsst\u00f6rungen, zu einer verstopften Nase und zu Sehst\u00f6rungen kommen. Der Vorteil bei diesen Nebenwirkungen besteht darin, dass diese nach Abklingen der Wirkung ebenfalls wieder nachlassen. Wenn die Nebenwirkungen ein unangenehmes Ausma\u00df erreichen, oder wenn die Erektion 6 Stunden nach der Wirkung immer noch besteht, sollte ein Arzt aufgesucht werden. Bis zur Abkl\u00e4rung sollte keine weitere Tablette Tadalis 20mg eingenommen werden.<\/p>\n<h4>Wie wird Tadalis SX 20mg gelagert?<\/h4>\n<p>Die Filmtabletten Tadalis 20mg sollten nicht \u00fcber 30 Grad gelagert werden. Zudem sollten die Filmtabletten erst kurz vor der Einnahme aus dem Blister entnommen werden, damit Feuchtigkeit den Wirkstoff nicht negativ beeintr\u00e4chtigen kann.<\/p>\n","protected":false},"excerpt":{"rendered":"<table>\n<tbody>\n<tr>\n<td>Packungsinhalt<\/td>\n<td>4 \u00fcberzogene Tabletten<\/td>\n<\/tr>\n<tr>\n<td>Wirkungseintritt<\/td>\n<td>30\u201360 Minuten<\/td>\n<\/tr>\n<tr>\n<td>Wirkstoff<\/td>\n<td>Tadalafil<\/td>\n<\/tr>\n<tr>\n<td>Wirkstoff in einer Tablette<\/td>\n<td>Tadalafil 20 mg<\/td>\n<\/tr>\n<tr>\n<td>Marke<\/td>\n<td>Ajanta Pharma Ltd.<\/td>\n<\/tr>\n<tr>\n<td>Form<\/td>\n<td>Tabletten<\/td>\n<\/tr>\n<tr>\n<td>Wirkungsdauer<\/td>\n<td>bis 36 Stunden<\/td>\n<\/tr>\n<\/tbody>\n<\/table>\n","protected":false},"featured_media":5294,"comment_status":"closed","ping_status":"closed","template":"","meta":[],"product_brand":[],"product_cat":[18],"product_tag":[],"class_list":{"0":"post-19","1":"product","2":"type-product","3":"status-publish","4":"has-post-thumbnail","6":"product_cat-cialis-generika","8":"first","9":"instock","10":"shipping-taxable","11":"purchasable","12":"product-type-simple"},"yoast_head":"<!-- This site is optimized with the Yoast SEO Premium plugin v23.0 (Yoast SEO v25.6) - https:\/\/yoast.com\/wordpress\/plugins\/seo\/ -->\n<title>Tadalis SX 20 mg \u2013 Effektive L\u00f6sung f\u00fcr ED<\/title>\n<meta name=\"description\" content=\"Tadalis SX 20 mg bietet schnelle und langanhaltende Wirkung bei Erektionsst\u00f6rungen. Erleben Sie verbesserte sexuelle Leistung mit Tadalafil.\" \/>\n<meta name=\"robots\" content=\"index, follow, max-snippet:-1, max-image-preview:large, max-video-preview:-1\" \/>\n<link rel=\"canonical\" href=\"https:\/\/kamagraeu.net\/de\/produkt\/tadalis-sx-20mg\/\" \/>\n<meta property=\"og:locale\" content=\"de_DE\" \/>\n<meta property=\"og:type\" content=\"article\" \/>\n<meta property=\"og:title\" content=\"Tadalis SX 20mg\" \/>\n<meta property=\"og:description\" content=\"Tadalis SX 20 mg bietet schnelle und langanhaltende Wirkung bei Erektionsst\u00f6rungen. Erleben Sie verbesserte sexuelle Leistung mit Tadalafil.\" \/>\n<meta property=\"og:url\" content=\"https:\/\/kamagraeu.net\/de\/produkt\/tadalis-sx-20mg\/\" \/>\n<meta property=\"og:site_name\" content=\"Deutsch\" \/>\n<meta property=\"article:modified_time\" content=\"2024-07-23T14:38:01+00:00\" \/>\n<meta property=\"og:image\" content=\"http:\/\/kamagraeu.net\/de\/wp-content\/uploads\/sites\/2\/2022\/10\/1-000px_tadalis_sx_livtk.jpg\" \/>\n\t<meta property=\"og:image:width\" content=\"1000\" \/>\n\t<meta property=\"og:image:height\" content=\"1000\" \/>\n\t<meta property=\"og:image:type\" content=\"image\/jpeg\" \/>\n<meta name=\"twitter:card\" content=\"summary_large_image\" \/>\n<meta name=\"twitter:label1\" content=\"Preis\" \/>\n\t<meta name=\"twitter:data1\" content=\"16.50&nbsp;&euro;\" \/>\n\t<meta name=\"twitter:label2\" content=\"Verf\u00fcgbarkeit\" \/>\n\t<meta name=\"twitter:data2\" content=\"Auf Lager\" \/>\n<script type=\"application\/ld+json\" class=\"yoast-schema-graph\">{\"@context\":\"https:\/\/schema.org\",\"@graph\":[{\"@type\":\"WebPage\",\"@id\":\"https:\/\/kamagraeu.net\/de\/produkt\/tadalis-sx-20mg\/\",\"url\":\"https:\/\/kamagraeu.net\/de\/produkt\/tadalis-sx-20mg\/\",\"name\":\"Tadalis SX 20 mg \u2013 Effektive L\u00f6sung f\u00fcr ED\",\"isPartOf\":{\"@id\":\"https:\/\/kamagraeu.net\/de\/#website\"},\"primaryImageOfPage\":{\"@id\":\"https:\/\/kamagraeu.net\/de\/produkt\/tadalis-sx-20mg\/#primaryimage\"},\"image\":{\"@id\":\"https:\/\/kamagraeu.net\/de\/produkt\/tadalis-sx-20mg\/#primaryimage\"},\"thumbnailUrl\":\"https:\/\/kamagraeu.net\/de\/wp-content\/uploads\/sites\/2\/2022\/10\/1-000px_tadalis_sx_livtk.jpg\",\"datePublished\":\"2020-05-05T09:39:40+00:00\",\"dateModified\":\"2024-07-23T14:38:01+00:00\",\"description\":\"Tadalis SX 20 mg bietet schnelle und langanhaltende Wirkung bei Erektionsst\u00f6rungen. Erleben Sie verbesserte sexuelle Leistung mit Tadalafil.\",\"breadcrumb\":{\"@id\":\"https:\/\/kamagraeu.net\/de\/produkt\/tadalis-sx-20mg\/#breadcrumb\"},\"inLanguage\":\"de\",\"potentialAction\":[{\"@type\":\"ReadAction\",\"target\":[\"https:\/\/kamagraeu.net\/de\/produkt\/tadalis-sx-20mg\/\"]}]},{\"@type\":\"ImageObject\",\"inLanguage\":\"de\",\"@id\":\"https:\/\/kamagraeu.net\/de\/produkt\/tadalis-sx-20mg\/#primaryimage\",\"url\":\"https:\/\/kamagraeu.net\/de\/wp-content\/uploads\/sites\/2\/2022\/10\/1-000px_tadalis_sx_livtk.jpg\",\"contentUrl\":\"https:\/\/kamagraeu.net\/de\/wp-content\/uploads\/sites\/2\/2022\/10\/1-000px_tadalis_sx_livtk.jpg\",\"width\":1000,\"height\":1000},{\"@type\":\"BreadcrumbList\",\"@id\":\"https:\/\/kamagraeu.net\/de\/produkt\/tadalis-sx-20mg\/#breadcrumb\",\"itemListElement\":[{\"@type\":\"ListItem\",\"position\":1,\"name\":\"Home\",\"item\":\"https:\/\/kamagraeu.net\/de\/\"},{\"@type\":\"ListItem\",\"position\":2,\"name\":\"E-SHOP\",\"item\":\"https:\/\/kamagraeu.net\/de\/e-shop\/\"},{\"@type\":\"ListItem\",\"position\":3,\"name\":\"Tadalis SX 20mg\"}]},{\"@type\":\"WebSite\",\"@id\":\"https:\/\/kamagraeu.net\/de\/#website\",\"url\":\"https:\/\/kamagraeu.net\/de\/\",\"name\":\"KamagraEU.net\",\"description\":\"Kamagra kaufen\",\"publisher\":{\"@id\":\"https:\/\/kamagraeu.net\/de\/#organization\"},\"alternateName\":\"KamagrEU\",\"potentialAction\":[{\"@type\":\"SearchAction\",\"target\":{\"@type\":\"EntryPoint\",\"urlTemplate\":\"https:\/\/kamagraeu.net\/de\/?s={search_term_string}\"},\"query-input\":{\"@type\":\"PropertyValueSpecification\",\"valueRequired\":true,\"valueName\":\"search_term_string\"}}],\"inLanguage\":\"de\"},{\"@type\":\"Organization\",\"@id\":\"https:\/\/kamagraeu.net\/de\/#organization\",\"name\":\"Kamagraeu.net\",\"alternateName\":\"KamagrEU\",\"url\":\"https:\/\/kamagraeu.net\/de\/\",\"logo\":{\"@type\":\"ImageObject\",\"inLanguage\":\"de\",\"@id\":\"https:\/\/kamagraeu.net\/de\/#\/schema\/logo\/image\/\",\"url\":\"https:\/\/kamagraeu.net\/de\/wp-content\/uploads\/sites\/2\/2020\/05\/cropped-logo.png\",\"contentUrl\":\"https:\/\/kamagraeu.net\/de\/wp-content\/uploads\/sites\/2\/2020\/05\/cropped-logo.png\",\"width\":812,\"height\":192,\"caption\":\"Kamagraeu.net\"},\"image\":{\"@id\":\"https:\/\/kamagraeu.net\/de\/#\/schema\/logo\/image\/\"},\"description\":\"Kamagra Verkauf - Medikamente zur Unterst\u00fctzung und Behandlung von Erektionsproblemen. \u00dcber 40 Produkte auf Lager. Wir helfen sowohl bei der Verz\u00f6gerung der Ejakulation als auch bei der Verbesserung der Erektion.\",\"email\":\"info@kamagraeu.net\",\"telephone\":\"+49 30 315144533\",\"numberOfEmployees\":{\"@type\":\"QuantitativeValue\",\"minValue\":\"11\",\"maxValue\":\"50\"}}]}<\/script>\n<meta property=\"product:price:amount\" content=\"16.50\" \/>\n<meta property=\"product:price:currency\" content=\"EUR\" \/>\n<meta property=\"og:availability\" content=\"instock\" \/>\n<meta property=\"product:availability\" content=\"instock\" \/>\n<meta property=\"product:condition\" content=\"new\" \/>\n<!-- \/ Yoast SEO Premium plugin. -->","yoast_head_json":{"title":"Tadalis SX 20 mg \u2013 Effektive L\u00f6sung f\u00fcr ED","description":"Tadalis SX 20 mg bietet schnelle und langanhaltende Wirkung bei Erektionsst\u00f6rungen. Erleben Sie verbesserte sexuelle Leistung mit Tadalafil.","robots":{"index":"index","follow":"follow","max-snippet":"max-snippet:-1","max-image-preview":"max-image-preview:large","max-video-preview":"max-video-preview:-1"},"canonical":"https:\/\/kamagraeu.net\/de\/produkt\/tadalis-sx-20mg\/","og_locale":"de_DE","og_type":"article","og_title":"Tadalis SX 20mg","og_description":"Tadalis SX 20 mg bietet schnelle und langanhaltende Wirkung bei Erektionsst\u00f6rungen. Erleben Sie verbesserte sexuelle Leistung mit Tadalafil.","og_url":"https:\/\/kamagraeu.net\/de\/produkt\/tadalis-sx-20mg\/","og_site_name":"Deutsch","article_modified_time":"2024-07-23T14:38:01+00:00","og_image":[{"width":1000,"height":1000,"url":"http:\/\/kamagraeu.net\/de\/wp-content\/uploads\/sites\/2\/2022\/10\/1-000px_tadalis_sx_livtk.jpg","type":"image\/jpeg"}],"twitter_card":"summary_large_image","twitter_misc":{"Preis":"16.50&nbsp;&euro;","Verf\u00fcgbarkeit":"Auf Lager"},"schema":{"@context":"https:\/\/schema.org","@graph":[{"@type":"WebPage","@id":"https:\/\/kamagraeu.net\/de\/produkt\/tadalis-sx-20mg\/","url":"https:\/\/kamagraeu.net\/de\/produkt\/tadalis-sx-20mg\/","name":"Tadalis SX 20 mg \u2013 Effektive L\u00f6sung f\u00fcr ED","isPartOf":{"@id":"https:\/\/kamagraeu.net\/de\/#website"},"primaryImageOfPage":{"@id":"https:\/\/kamagraeu.net\/de\/produkt\/tadalis-sx-20mg\/#primaryimage"},"image":{"@id":"https:\/\/kamagraeu.net\/de\/produkt\/tadalis-sx-20mg\/#primaryimage"},"thumbnailUrl":"https:\/\/kamagraeu.net\/de\/wp-content\/uploads\/sites\/2\/2022\/10\/1-000px_tadalis_sx_livtk.jpg","datePublished":"2020-05-05T09:39:40+00:00","dateModified":"2024-07-23T14:38:01+00:00","description":"Tadalis SX 20 mg bietet schnelle und langanhaltende Wirkung bei Erektionsst\u00f6rungen. Erleben Sie verbesserte sexuelle Leistung mit Tadalafil.","breadcrumb":{"@id":"https:\/\/kamagraeu.net\/de\/produkt\/tadalis-sx-20mg\/#breadcrumb"},"inLanguage":"de","potentialAction":[{"@type":"ReadAction","target":["https:\/\/kamagraeu.net\/de\/produkt\/tadalis-sx-20mg\/"]}]},{"@type":"ImageObject","inLanguage":"de","@id":"https:\/\/kamagraeu.net\/de\/produkt\/tadalis-sx-20mg\/#primaryimage","url":"https:\/\/kamagraeu.net\/de\/wp-content\/uploads\/sites\/2\/2022\/10\/1-000px_tadalis_sx_livtk.jpg","contentUrl":"https:\/\/kamagraeu.net\/de\/wp-content\/uploads\/sites\/2\/2022\/10\/1-000px_tadalis_sx_livtk.jpg","width":1000,"height":1000},{"@type":"BreadcrumbList","@id":"https:\/\/kamagraeu.net\/de\/produkt\/tadalis-sx-20mg\/#breadcrumb","itemListElement":[{"@type":"ListItem","position":1,"name":"Home","item":"https:\/\/kamagraeu.net\/de\/"},{"@type":"ListItem","position":2,"name":"E-SHOP","item":"https:\/\/kamagraeu.net\/de\/e-shop\/"},{"@type":"ListItem","position":3,"name":"Tadalis SX 20mg"}]},{"@type":"WebSite","@id":"https:\/\/kamagraeu.net\/de\/#website","url":"https:\/\/kamagraeu.net\/de\/","name":"KamagraEU.net","description":"Kamagra kaufen","publisher":{"@id":"https:\/\/kamagraeu.net\/de\/#organization"},"alternateName":"KamagrEU","potentialAction":[{"@type":"SearchAction","target":{"@type":"EntryPoint","urlTemplate":"https:\/\/kamagraeu.net\/de\/?s={search_term_string}"},"query-input":{"@type":"PropertyValueSpecification","valueRequired":true,"valueName":"search_term_string"}}],"inLanguage":"de"},{"@type":"Organization","@id":"https:\/\/kamagraeu.net\/de\/#organization","name":"Kamagraeu.net","alternateName":"KamagrEU","url":"https:\/\/kamagraeu.net\/de\/","logo":{"@type":"ImageObject","inLanguage":"de","@id":"https:\/\/kamagraeu.net\/de\/#\/schema\/logo\/image\/","url":"https:\/\/kamagraeu.net\/de\/wp-content\/uploads\/sites\/2\/2020\/05\/cropped-logo.png","contentUrl":"https:\/\/kamagraeu.net\/de\/wp-content\/uploads\/sites\/2\/2020\/05\/cropped-logo.png","width":812,"height":192,"caption":"Kamagraeu.net"},"image":{"@id":"https:\/\/kamagraeu.net\/de\/#\/schema\/logo\/image\/"},"description":"Kamagra Verkauf - Medikamente zur Unterst\u00fctzung und Behandlung von Erektionsproblemen. \u00dcber 40 Produkte auf Lager. Wir helfen sowohl bei der Verz\u00f6gerung der Ejakulation als auch bei der Verbesserung der Erektion.","email":"info@kamagraeu.net","telephone":"+49 30 315144533","numberOfEmployees":{"@type":"QuantitativeValue","minValue":"11","maxValue":"50"}}]},"product_price_amount":"16.50","product_price_currency":"EUR","og_availability":"instock","product_availability":"instock","product_condition":"new"},"_links":{"self":[{"href":"https:\/\/kamagraeu.net\/de\/wp-json\/wp\/v2\/product\/19"}],"collection":[{"href":"https:\/\/kamagraeu.net\/de\/wp-json\/wp\/v2\/product"}],"about":[{"href":"https:\/\/kamagraeu.net\/de\/wp-json\/wp\/v2\/types\/product"}],"replies":[{"embeddable":true,"href":"https:\/\/kamagraeu.net\/de\/wp-json\/wp\/v2\/comments?post=19"}],"wp:featuredmedia":[{"embeddable":true,"href":"https:\/\/kamagraeu.net\/de\/wp-json\/wp\/v2\/media\/5294"}],"wp:attachment":[{"href":"https:\/\/kamagraeu.net\/de\/wp-json\/wp\/v2\/media?parent=19"}],"wp:term":[{"taxonomy":"product_brand","embeddable":true,"href":"https:\/\/kamagraeu.net\/de\/wp-json\/wp\/v2\/product_brand?post=19"},{"taxonomy":"product_cat","embeddable":true,"href":"https:\/\/kamagraeu.net\/de\/wp-json\/wp\/v2\/product_cat?post=19"},{"taxonomy":"product_tag","embeddable":true,"href":"https:\/\/kamagraeu.net\/de\/wp-json\/wp\/v2\/product_tag?post=19"}],"curies":[{"name":"wp","href":"https:\/\/api.w.org\/{rel}","templated":true}]}}