{"id":20,"date":"2020-05-05T11:39:40","date_gmt":"2020-05-05T09:39:40","guid":{"rendered":"http:\/\/kamagraeu.net\/de\/produkt\/import-placeholder-for-1282\/"},"modified":"2024-07-23T16:51:41","modified_gmt":"2024-07-23T14:51:41","slug":"tadacip-20mg","status":"publish","type":"product","link":"https:\/\/kamagraeu.net\/de\/produkt\/tadacip-20mg\/","title":{"rendered":"Tadacip 20 mg"},"content":{"rendered":"<h4>Tadaladif in Tadacip 20mg<\/h4>\n<p><strong>Tadacip 20mg<\/strong>\u00a0stellt das Generikum zu\u00a0<strong>Cialis<\/strong>\u00a0dar und stammt aus dem Hause Cipla. Beim Generikum zu Cialis ist nicht nur der gleiche Wirkstoff sondern auch die gleiche Menge enthalten wie beim Original.\u00a0<strong>Tadacip<\/strong>\u00a0enth\u00e4lt 20mg\u00a0<strong>Tadalafil<\/strong>, welches die Durchblutung des m\u00e4nnlichen Gliedes f\u00f6rdert. Hierdurch kann die Erektion nicht nur schneller sondern auch leichter erzielt werden. Allerdings muss eine sexuelle Stimulation gegeben sein, damit die Wirkung nach rund 30 Minuten einsetzen kann. Die Wirkung h\u00e4lt rund 36 Stunden an, wodurch es sich gegen\u00fcber anderen Potenzmitteln auf dem Markt unterscheidet. M\u00e4nner, die an einer Erektionsst\u00f6rung leiden, k\u00f6nnen nun wieder den qualitativen und langanhaltenden Geschlechtsverkehr erleben, den sie gew\u00f6hnt sind.<\/p>\n<h4>Welcher Wirkstoff ist in Tadacip 20mg?<\/h4>\n<p><strong>Tadacip 20mg<\/strong>\u00a0weist 20mg Tadalafil auf, welches sich bereits durch das Original Cialis einen Namen unter den Potenzmitteln gemacht hat.<\/p>\n<h4>Welche Dosierung wird bei Tadacip 20mg empfohlen?<\/h4>\n<p><strong>Tadacip 20mg<\/strong>\u00a0kann seine Wirkung nur entfalten wenn eine sexuelle Stimulation gegeben ist. Deswegen wird empfohlen, dass die Filmtablette bereits vor dem Vorspiel eingenommen wird Die Wirkung setzt rund 30 Minuten nach der Einnahme ein und h\u00e4lt rund 36 Stunden an. W\u00e4hrend dieser Zeit ist auch mehrmaliger Geschlechtsverkehr m\u00f6glich Bei \u00fcberm\u00e4\u00dfigem Alkoholkonsum oder beim Verzehr von fettreichen Speisen kann sowohl der Wirkungseintritt verz\u00f6gert als auch die Wirkungsintensit\u00e4t beeintr\u00e4chtigt werden Tadacip 20mg wird mit einem Schluck Wasser eingenommen<\/p>\n<h4>Wann sollte Tadacip 20mg nicht eingenommen werden?<\/h4>\n<p>Nach einem Herzinfarkt Nach einem Schlaganfall Bei Hypertonie oder Hypertonie Bei allergischen Reaktionen auf den Wirkstoff Bei Angina Pectoris, da hier oftmals Medikamente verschrieben werden, die Nitrate oder Stickoxide enthalten. Bei diesen beiden Wirkstoffen kann es bei gleichzeitiger Einnahme von Tadacip 20mg zu einer sogenannten Wechselwirkung kommen, welche sich in Form einer Vervielfachung der Wirkung \u00e4u\u00dfert<\/p>\n<h4>Bei welchen Medikamenten sollte Tadacip 20mg nicht eingenommen werden?<\/h4>\n<p>Cemetidin Ketoconazol Erythromycin Isosorp Moninitrat Isosorp Dinitrat Nitrate Stickoxide<\/p>\n<h4>Welche Nebenwirkungen k\u00f6nnen bei Tadacip 20mg auftreten?<\/h4>\n<p>Grunds\u00e4tzlich ist dieses Potenzmittel sehr gut vertr\u00e4glich weswegen es bei betroffenen M\u00e4nnern allseits sehr beliebt ist. Dennoch k\u00f6nnen folgende Nebenwirkungen nach der Einnahme auftreten<\/p>\n<p>Kopfschmerzen Verdauungsst\u00f6rungen Sehst\u00f6rungen Schwindelgef\u00fchl Gesichtsr\u00f6tung<\/p>\n<p>Sollten diese Nebenwirkungen nach Abklingen der Wirkung nicht verschwinden, oder wenn die Nebenwirkungen ein unangenehmes Ausma\u00df annehmen, sollte auf jeden Fall ein Arzt aufgesucht werden. Gleiches gilt auch wenn die Erektion 6 Stunden nach der eigentlichen Wirkung immer noch besteht.<\/p>\n<h4>Wie sollte Tadacip 20mg gelagert werden?<\/h4>\n<p><strong>Tadacip 20mg<\/strong>\u00a0Tabletten sollten nicht \u00fcber 30 Grad gelagert werden. Die Tabletten sollten zudem erst kurz vor der Einnahme aus dem Blister entnommen werden, damit Feuchtigkeit den Wirkstoff nicht beeintr\u00e4chtigen kann.<\/p>\n","protected":false},"excerpt":{"rendered":"<table>\n<tbody>\n<tr>\n<td>Packungsinhalt<\/td>\n<td>4 \u00fcberzogene Tabletten<\/td>\n<\/tr>\n<tr>\n<td>Wirkstoff<\/td>\n<td>Tadalafil<\/td>\n<\/tr>\n<tr>\n<td>Wirkstoff in einer Tablette<\/td>\n<td>Tadalafil 20 mg<\/td>\n<\/tr>\n<tr>\n<td>Wirkungseintritt<\/td>\n<td>40\u201350 Minuten<\/td>\n<\/tr>\n<tr>\n<td>Wirkungsdauer<\/td>\n<td>5\u20136 Stunden<\/td>\n<\/tr>\n<tr>\n<td>Marke<\/td>\n<td><a href=\"https:\/\/www.cipla.com\/\">Cipla<\/a><\/td>\n<\/tr>\n<tr>\n<td>Form<\/td>\n<td>Tabletten<\/td>\n<\/tr>\n<\/tbody>\n<\/table>\n","protected":false},"featured_media":5293,"comment_status":"closed","ping_status":"closed","template":"","meta":[],"product_brand":[],"product_cat":[18],"product_tag":[],"class_list":{"0":"post-20","1":"product","2":"type-product","3":"status-publish","4":"has-post-thumbnail","6":"product_cat-cialis-generika","8":"first","9":"instock","10":"shipping-taxable","11":"purchasable","12":"product-type-simple"},"yoast_head":"<!-- This site is optimized with the Yoast SEO Premium plugin v23.0 (Yoast SEO v25.6) - https:\/\/yoast.com\/wordpress\/plugins\/seo\/ -->\n<title>Tadacip 20mg - Lang anhaltende Wirkung und verbesserte Leistung<\/title>\n<meta name=\"description\" content=\"Tadacip 20 mg verbessert die sexuelle Leistung und sorgt f\u00fcr lang anhaltende Effekte bei erektiler Dysfunktion. Ideal f\u00fcr spontane Erlebnisse.\" \/>\n<meta name=\"robots\" content=\"index, follow, max-snippet:-1, max-image-preview:large, max-video-preview:-1\" \/>\n<link rel=\"canonical\" href=\"https:\/\/kamagraeu.net\/de\/produkt\/tadacip-20mg\/\" \/>\n<meta property=\"og:locale\" content=\"de_DE\" \/>\n<meta property=\"og:type\" content=\"article\" \/>\n<meta property=\"og:title\" content=\"Tadacip 20 mg\" \/>\n<meta property=\"og:description\" content=\"Tadacip 20 mg verbessert die sexuelle Leistung und sorgt f\u00fcr lang anhaltende Effekte bei erektiler Dysfunktion. Ideal f\u00fcr spontane Erlebnisse.\" \/>\n<meta property=\"og:url\" content=\"https:\/\/kamagraeu.net\/de\/produkt\/tadacip-20mg\/\" \/>\n<meta property=\"og:site_name\" content=\"Deutsch\" \/>\n<meta property=\"article:modified_time\" content=\"2024-07-23T14:51:41+00:00\" \/>\n<meta property=\"og:image\" content=\"http:\/\/kamagraeu.net\/de\/wp-content\/uploads\/sites\/2\/2022\/10\/1-000px_tadacip_2ue3x.jpg\" \/>\n\t<meta property=\"og:image:width\" content=\"1000\" \/>\n\t<meta property=\"og:image:height\" content=\"1000\" \/>\n\t<meta property=\"og:image:type\" content=\"image\/jpeg\" \/>\n<meta name=\"twitter:card\" content=\"summary_large_image\" \/>\n<meta name=\"twitter:label1\" content=\"Preis\" \/>\n\t<meta name=\"twitter:data1\" content=\"15.00&nbsp;&euro;\" \/>\n\t<meta name=\"twitter:label2\" content=\"Verf\u00fcgbarkeit\" \/>\n\t<meta name=\"twitter:data2\" content=\"Auf Lager\" \/>\n<script type=\"application\/ld+json\" class=\"yoast-schema-graph\">{\"@context\":\"https:\/\/schema.org\",\"@graph\":[{\"@type\":\"WebPage\",\"@id\":\"https:\/\/kamagraeu.net\/de\/produkt\/tadacip-20mg\/\",\"url\":\"https:\/\/kamagraeu.net\/de\/produkt\/tadacip-20mg\/\",\"name\":\"Tadacip 20mg - Lang anhaltende Wirkung und verbesserte Leistung\",\"isPartOf\":{\"@id\":\"https:\/\/kamagraeu.net\/de\/#website\"},\"primaryImageOfPage\":{\"@id\":\"https:\/\/kamagraeu.net\/de\/produkt\/tadacip-20mg\/#primaryimage\"},\"image\":{\"@id\":\"https:\/\/kamagraeu.net\/de\/produkt\/tadacip-20mg\/#primaryimage\"},\"thumbnailUrl\":\"https:\/\/kamagraeu.net\/de\/wp-content\/uploads\/sites\/2\/2022\/10\/1-000px_tadacip_2ue3x.jpg\",\"datePublished\":\"2020-05-05T09:39:40+00:00\",\"dateModified\":\"2024-07-23T14:51:41+00:00\",\"description\":\"Tadacip 20 mg verbessert die sexuelle Leistung und sorgt f\u00fcr lang anhaltende Effekte bei erektiler Dysfunktion. Ideal f\u00fcr spontane Erlebnisse.\",\"breadcrumb\":{\"@id\":\"https:\/\/kamagraeu.net\/de\/produkt\/tadacip-20mg\/#breadcrumb\"},\"inLanguage\":\"de\",\"potentialAction\":[{\"@type\":\"ReadAction\",\"target\":[\"https:\/\/kamagraeu.net\/de\/produkt\/tadacip-20mg\/\"]}]},{\"@type\":\"ImageObject\",\"inLanguage\":\"de\",\"@id\":\"https:\/\/kamagraeu.net\/de\/produkt\/tadacip-20mg\/#primaryimage\",\"url\":\"https:\/\/kamagraeu.net\/de\/wp-content\/uploads\/sites\/2\/2022\/10\/1-000px_tadacip_2ue3x.jpg\",\"contentUrl\":\"https:\/\/kamagraeu.net\/de\/wp-content\/uploads\/sites\/2\/2022\/10\/1-000px_tadacip_2ue3x.jpg\",\"width\":1000,\"height\":1000},{\"@type\":\"BreadcrumbList\",\"@id\":\"https:\/\/kamagraeu.net\/de\/produkt\/tadacip-20mg\/#breadcrumb\",\"itemListElement\":[{\"@type\":\"ListItem\",\"position\":1,\"name\":\"Home\",\"item\":\"https:\/\/kamagraeu.net\/de\/\"},{\"@type\":\"ListItem\",\"position\":2,\"name\":\"E-SHOP\",\"item\":\"https:\/\/kamagraeu.net\/de\/e-shop\/\"},{\"@type\":\"ListItem\",\"position\":3,\"name\":\"Tadacip 20 mg\"}]},{\"@type\":\"WebSite\",\"@id\":\"https:\/\/kamagraeu.net\/de\/#website\",\"url\":\"https:\/\/kamagraeu.net\/de\/\",\"name\":\"KamagraEU.net\",\"description\":\"Kamagra kaufen\",\"publisher\":{\"@id\":\"https:\/\/kamagraeu.net\/de\/#organization\"},\"alternateName\":\"KamagrEU\",\"potentialAction\":[{\"@type\":\"SearchAction\",\"target\":{\"@type\":\"EntryPoint\",\"urlTemplate\":\"https:\/\/kamagraeu.net\/de\/?s={search_term_string}\"},\"query-input\":{\"@type\":\"PropertyValueSpecification\",\"valueRequired\":true,\"valueName\":\"search_term_string\"}}],\"inLanguage\":\"de\"},{\"@type\":\"Organization\",\"@id\":\"https:\/\/kamagraeu.net\/de\/#organization\",\"name\":\"Kamagraeu.net\",\"alternateName\":\"KamagrEU\",\"url\":\"https:\/\/kamagraeu.net\/de\/\",\"logo\":{\"@type\":\"ImageObject\",\"inLanguage\":\"de\",\"@id\":\"https:\/\/kamagraeu.net\/de\/#\/schema\/logo\/image\/\",\"url\":\"https:\/\/kamagraeu.net\/de\/wp-content\/uploads\/sites\/2\/2020\/05\/cropped-logo.png\",\"contentUrl\":\"https:\/\/kamagraeu.net\/de\/wp-content\/uploads\/sites\/2\/2020\/05\/cropped-logo.png\",\"width\":812,\"height\":192,\"caption\":\"Kamagraeu.net\"},\"image\":{\"@id\":\"https:\/\/kamagraeu.net\/de\/#\/schema\/logo\/image\/\"},\"description\":\"Kamagra Verkauf - Medikamente zur Unterst\u00fctzung und Behandlung von Erektionsproblemen. \u00dcber 40 Produkte auf Lager. Wir helfen sowohl bei der Verz\u00f6gerung der Ejakulation als auch bei der Verbesserung der Erektion.\",\"email\":\"info@kamagraeu.net\",\"telephone\":\"+49 30 315144533\",\"numberOfEmployees\":{\"@type\":\"QuantitativeValue\",\"minValue\":\"11\",\"maxValue\":\"50\"}}]}<\/script>\n<meta property=\"product:price:amount\" content=\"15.00\" \/>\n<meta property=\"product:price:currency\" content=\"EUR\" \/>\n<meta property=\"og:availability\" content=\"instock\" \/>\n<meta property=\"product:availability\" content=\"instock\" \/>\n<meta property=\"product:condition\" content=\"new\" \/>\n<!-- \/ Yoast SEO Premium plugin. -->","yoast_head_json":{"title":"Tadacip 20mg - Lang anhaltende Wirkung und verbesserte Leistung","description":"Tadacip 20 mg verbessert die sexuelle Leistung und sorgt f\u00fcr lang anhaltende Effekte bei erektiler Dysfunktion. Ideal f\u00fcr spontane Erlebnisse.","robots":{"index":"index","follow":"follow","max-snippet":"max-snippet:-1","max-image-preview":"max-image-preview:large","max-video-preview":"max-video-preview:-1"},"canonical":"https:\/\/kamagraeu.net\/de\/produkt\/tadacip-20mg\/","og_locale":"de_DE","og_type":"article","og_title":"Tadacip 20 mg","og_description":"Tadacip 20 mg verbessert die sexuelle Leistung und sorgt f\u00fcr lang anhaltende Effekte bei erektiler Dysfunktion. Ideal f\u00fcr spontane Erlebnisse.","og_url":"https:\/\/kamagraeu.net\/de\/produkt\/tadacip-20mg\/","og_site_name":"Deutsch","article_modified_time":"2024-07-23T14:51:41+00:00","og_image":[{"width":1000,"height":1000,"url":"http:\/\/kamagraeu.net\/de\/wp-content\/uploads\/sites\/2\/2022\/10\/1-000px_tadacip_2ue3x.jpg","type":"image\/jpeg"}],"twitter_card":"summary_large_image","twitter_misc":{"Preis":"15.00&nbsp;&euro;","Verf\u00fcgbarkeit":"Auf Lager"},"schema":{"@context":"https:\/\/schema.org","@graph":[{"@type":"WebPage","@id":"https:\/\/kamagraeu.net\/de\/produkt\/tadacip-20mg\/","url":"https:\/\/kamagraeu.net\/de\/produkt\/tadacip-20mg\/","name":"Tadacip 20mg - Lang anhaltende Wirkung und verbesserte Leistung","isPartOf":{"@id":"https:\/\/kamagraeu.net\/de\/#website"},"primaryImageOfPage":{"@id":"https:\/\/kamagraeu.net\/de\/produkt\/tadacip-20mg\/#primaryimage"},"image":{"@id":"https:\/\/kamagraeu.net\/de\/produkt\/tadacip-20mg\/#primaryimage"},"thumbnailUrl":"https:\/\/kamagraeu.net\/de\/wp-content\/uploads\/sites\/2\/2022\/10\/1-000px_tadacip_2ue3x.jpg","datePublished":"2020-05-05T09:39:40+00:00","dateModified":"2024-07-23T14:51:41+00:00","description":"Tadacip 20 mg verbessert die sexuelle Leistung und sorgt f\u00fcr lang anhaltende Effekte bei erektiler Dysfunktion. Ideal f\u00fcr spontane Erlebnisse.","breadcrumb":{"@id":"https:\/\/kamagraeu.net\/de\/produkt\/tadacip-20mg\/#breadcrumb"},"inLanguage":"de","potentialAction":[{"@type":"ReadAction","target":["https:\/\/kamagraeu.net\/de\/produkt\/tadacip-20mg\/"]}]},{"@type":"ImageObject","inLanguage":"de","@id":"https:\/\/kamagraeu.net\/de\/produkt\/tadacip-20mg\/#primaryimage","url":"https:\/\/kamagraeu.net\/de\/wp-content\/uploads\/sites\/2\/2022\/10\/1-000px_tadacip_2ue3x.jpg","contentUrl":"https:\/\/kamagraeu.net\/de\/wp-content\/uploads\/sites\/2\/2022\/10\/1-000px_tadacip_2ue3x.jpg","width":1000,"height":1000},{"@type":"BreadcrumbList","@id":"https:\/\/kamagraeu.net\/de\/produkt\/tadacip-20mg\/#breadcrumb","itemListElement":[{"@type":"ListItem","position":1,"name":"Home","item":"https:\/\/kamagraeu.net\/de\/"},{"@type":"ListItem","position":2,"name":"E-SHOP","item":"https:\/\/kamagraeu.net\/de\/e-shop\/"},{"@type":"ListItem","position":3,"name":"Tadacip 20 mg"}]},{"@type":"WebSite","@id":"https:\/\/kamagraeu.net\/de\/#website","url":"https:\/\/kamagraeu.net\/de\/","name":"KamagraEU.net","description":"Kamagra kaufen","publisher":{"@id":"https:\/\/kamagraeu.net\/de\/#organization"},"alternateName":"KamagrEU","potentialAction":[{"@type":"SearchAction","target":{"@type":"EntryPoint","urlTemplate":"https:\/\/kamagraeu.net\/de\/?s={search_term_string}"},"query-input":{"@type":"PropertyValueSpecification","valueRequired":true,"valueName":"search_term_string"}}],"inLanguage":"de"},{"@type":"Organization","@id":"https:\/\/kamagraeu.net\/de\/#organization","name":"Kamagraeu.net","alternateName":"KamagrEU","url":"https:\/\/kamagraeu.net\/de\/","logo":{"@type":"ImageObject","inLanguage":"de","@id":"https:\/\/kamagraeu.net\/de\/#\/schema\/logo\/image\/","url":"https:\/\/kamagraeu.net\/de\/wp-content\/uploads\/sites\/2\/2020\/05\/cropped-logo.png","contentUrl":"https:\/\/kamagraeu.net\/de\/wp-content\/uploads\/sites\/2\/2020\/05\/cropped-logo.png","width":812,"height":192,"caption":"Kamagraeu.net"},"image":{"@id":"https:\/\/kamagraeu.net\/de\/#\/schema\/logo\/image\/"},"description":"Kamagra Verkauf - Medikamente zur Unterst\u00fctzung und Behandlung von Erektionsproblemen. \u00dcber 40 Produkte auf Lager. Wir helfen sowohl bei der Verz\u00f6gerung der Ejakulation als auch bei der Verbesserung der Erektion.","email":"info@kamagraeu.net","telephone":"+49 30 315144533","numberOfEmployees":{"@type":"QuantitativeValue","minValue":"11","maxValue":"50"}}]},"product_price_amount":"15.00","product_price_currency":"EUR","og_availability":"instock","product_availability":"instock","product_condition":"new"},"_links":{"self":[{"href":"https:\/\/kamagraeu.net\/de\/wp-json\/wp\/v2\/product\/20"}],"collection":[{"href":"https:\/\/kamagraeu.net\/de\/wp-json\/wp\/v2\/product"}],"about":[{"href":"https:\/\/kamagraeu.net\/de\/wp-json\/wp\/v2\/types\/product"}],"replies":[{"embeddable":true,"href":"https:\/\/kamagraeu.net\/de\/wp-json\/wp\/v2\/comments?post=20"}],"wp:featuredmedia":[{"embeddable":true,"href":"https:\/\/kamagraeu.net\/de\/wp-json\/wp\/v2\/media\/5293"}],"wp:attachment":[{"href":"https:\/\/kamagraeu.net\/de\/wp-json\/wp\/v2\/media?parent=20"}],"wp:term":[{"taxonomy":"product_brand","embeddable":true,"href":"https:\/\/kamagraeu.net\/de\/wp-json\/wp\/v2\/product_brand?post=20"},{"taxonomy":"product_cat","embeddable":true,"href":"https:\/\/kamagraeu.net\/de\/wp-json\/wp\/v2\/product_cat?post=20"},{"taxonomy":"product_tag","embeddable":true,"href":"https:\/\/kamagraeu.net\/de\/wp-json\/wp\/v2\/product_tag?post=20"}],"curies":[{"name":"wp","href":"https:\/\/api.w.org\/{rel}","templated":true}]}}