{"id":22,"date":"2020-05-05T11:39:40","date_gmt":"2020-05-05T09:39:40","guid":{"rendered":"http:\/\/kamagraeu.net\/de\/produkt\/import-placeholder-for-1284\/"},"modified":"2024-07-23T15:48:32","modified_gmt":"2024-07-23T13:48:32","slug":"apcalis-sx-oral-jelly-20mg","status":"publish","type":"product","link":"https:\/\/kamagraeu.net\/de\/produkt\/apcalis-sx-oral-jelly-20mg\/","title":{"rendered":"Apcalis-sx Oral Jelly 20 mg"},"content":{"rendered":"<h4>Tadalafil in einem kleinen Beutelchen<\/h4>\n<p><strong>Apcalis Oral Jelly 20mg<\/strong>\u00a0sind kleine Beutel, die in unterschiedlichen Geschmacksrichtungen auf dem Markt zu finden kann. Dieses\u00a0<strong>Potenzmittel<\/strong>\u00a0ist bei betroffenen M\u00e4nnern in den letzten Jahren immer beliebter geworden. Erstens gestaltet sich die Einnahme sehr angenehm, da der Inhalt in den Mund gedr\u00fcckt wird. Zweitens gibt es unterschiedliche Geschmacksrichtungen, wodurch f\u00fcr jeden etwas dabei ist. Drittens gibt es einen schnellen Wirkungseintritt, der bereits nach 10 bis 15 Minuten zu vernehmen ist. Und zu guter Letzt besticht dieses Potenzmittel aus dem Hause Ajanta Pharm durch den g\u00fcnstigen Preis. Dieser Pharmakonzern hat es geschafft, dass hochwertige Qualit\u00e4t mit einem g\u00fcnstigen Preis kombiniert wurde.\u00a0<strong>Tadalafil<\/strong>\u00a0ist bereits durch\u00a0<strong>Cialis<\/strong>\u00a0bekannt. Hierbei handelt es sich um einen Wirkstoff, welcher der Potenzst\u00f6rung endlich einen Riegel vorschiebt. Durch Tadalafil wird die Durchblutung des m\u00e4nnlichen Gliedes unterst\u00fctzt, wodurch die Erektion nicht nur leichter sondern auch rascher erzielt werden kann. M\u00e4nner, die bisher an Erektionsst\u00f6rungen gelitten haben, k\u00f6nnen nun wieder durchatmen. Denn nun kann Geschlechtsverkehr wieder qualitativ und langanhaltend erlebt werden.<\/p>\n<h4>Welcher Wirkstoff ist bei Apcalis Oral Jelly 20mg ausschlaggebend?<\/h4>\n<p>Jeder Beutel\u00a0<strong>Apcalis Oral Jelly 20mg\u00a0<\/strong>weist 20mg\u00a0<strong>Tadalafil<\/strong>\u00a0auf, welches sich bereits durch das Original Cialis einen Namen gemacht hat.<\/p>\n<h4>Welche Dosierung wird bei Apcalis Oral Jelly 20mg empfohlen?<\/h4>\n<p>Es sollte die t\u00e4gliche Dosis von 20mg nicht \u00fcberschritten werden Die Wirkung tritt nach rund 30 Minuten ein und h\u00e4lt rund 36 Stunden an Damit die Wirkung von\u00a0<strong>Apcalis Oral Jelly 20mg\u00a0<\/strong>sich entfalten kann, muss es eine sexuelle Stimulation geben Vor der Einnahme sollte auf \u00fcberm\u00e4\u00dfige Mengen Alkohol oder auf fettreiche Speisen verzichtet werden, da dadurch der Wirkungseintritt verz\u00f6gert und die Wirkungsintensit\u00e4t negativ beeintr\u00e4chtigt werden kann<\/p>\n<h4>Wann sollte Apcalis Oral Jelly 20mg nicht eingenommen werden?<\/h4>\n<p>Nach Herzinfarkten Nach Schlaganf\u00e4llen Bei allergischen Reaktionen auf den Inhaltsstoff Bei Angina Pectoris, da hier Medikamente verschrieben werden, die Nitrate oder Stickoxide enthalten k\u00f6nnen. Diese beiden Wirkstoffe k\u00f6nnen bei gleichzeitiger Einnahme von Apcalis Oral Jelly 20mg eine Wechselwirkung mit Tadalafil eingehen, was eine Vervielfachung der Wirkung zur Folge hat. Bei Hypertonie oder Hypotonie<\/p>\n<h4>Welche Medikamente sollten nicht mit Apcalis Oral Jelly 20mg kombiniert werden?<\/h4>\n<p>Erythromycin Ketoconazol Cematidin Isosorbid Moninitrat Isosorbid Dinitrat Nitrate Stickoxide<\/p>\n<h4>Welche Nebenwirkungen k\u00f6nnen sich zeigen?<\/h4>\n<p>Grunds\u00e4tzlich ist\u00a0<strong>Apcalis Oral Jelly 20mg<\/strong>\u00a0sehr beliebt, da es leicht vertr\u00e4glich ist und kaum Nebenwirkungen mit sich bringt. Dennoch k\u00f6nnen sich nach der Einnahme Kopfschmerzen, eine verstopfte Nase, ein ger\u00f6tetes Gesicht oder Verdauungsprobleme zeigen. Grunds\u00e4tzlich kann davon ausgegangen werden, dass die Nebenwirkungen mit Nachlassen der Wirkung wieder abklingen. Sollte dies nicht der Fall sein, oder wenn die Nebenwirkungen eine Intensit\u00e4t erreichen, die als unangenehm empfunden wird, sollte unbedingt ein Arzt aufgesucht werden. Gleiches gilt, wenn die Erektion auch 6 Stunden nach der eigentlichen Wirkung immer noch besteht. Bis zur weiteren Abkl\u00e4rung sollte keine weiteren Beutel Apcalis Oral Jelly 20mg mehr eingenommen werden.<\/p>\n<h4>Wie sollten die Apcalis Oral Jelly 20ng Beutel gelagert werden?<\/h4>\n<p><strong>Apcalis Oral Jelly 20mg<\/strong>\u00a0sollten nicht \u00fcber 30 Grad gelagert werden. Zudem sollte jeder Beutel erst kurz vor der Einnahme aus der Verpackung genommen werden, damit eventuell eintretende Feuchtigkeit den Wirkstoff nicht beeintr\u00e4chtigen kann.<\/p>\n","protected":false},"excerpt":{"rendered":"<table style=\"height: 160px;\" width=\"492\">\n<tbody>\n<tr>\n<td>Packungsinhalt<\/td>\n<td><strong>7 fruchtige Gelbeutel<\/strong><\/td>\n<\/tr>\n<tr>\n<td>Wirkstoff<\/td>\n<td>Tadalafil<\/td>\n<\/tr>\n<tr>\n<td>Wirkstoff in einer Tablette<\/td>\n<td>Tadalafil 20 mg<\/td>\n<\/tr>\n<tr>\n<td>Wirkungseintritt<\/td>\n<td>10\u201315 Minuten<\/td>\n<\/tr>\n<tr>\n<td>Wirkungsdauer<\/td>\n<td>bis 36 Stunden<\/td>\n<\/tr>\n<tr>\n<td>Marke<\/td>\n<td>Ajanta Phrama<\/td>\n<\/tr>\n<tr>\n<td>Form<\/td>\n<td><a href=\"https:\/\/www.kamagra-premium.net\/oral-jelly-2\/\">Oral Jelly<\/a><\/td>\n<\/tr>\n<\/tbody>\n<\/table>\n","protected":false},"featured_media":5266,"comment_status":"closed","ping_status":"closed","template":"","meta":[],"product_brand":[],"product_cat":[18],"product_tag":[],"class_list":{"0":"post-22","1":"product","2":"type-product","3":"status-publish","4":"has-post-thumbnail","6":"product_cat-cialis-generika","8":"first","9":"outofstock","10":"shipping-taxable","11":"purchasable","12":"product-type-simple"},"yoast_head":"<!-- This site is optimized with the Yoast SEO Premium plugin v23.0 (Yoast SEO v25.6) - https:\/\/yoast.com\/wordpress\/plugins\/seo\/ -->\n<title>Apcalis SX Oral Jelly 20 mg - Schnelle ED-Hilfe | KamagraEU.net<\/title>\n<meta name=\"description\" content=\"Apcalis SX Oral Jelly 20 mg bietet eine schnelle und effektive Behandlung von ED. Einfach einzunehmen und schnell wirkend.\" \/>\n<meta name=\"robots\" content=\"index, follow, max-snippet:-1, max-image-preview:large, max-video-preview:-1\" \/>\n<link rel=\"canonical\" href=\"https:\/\/kamagraeu.net\/de\/produkt\/apcalis-sx-oral-jelly-20mg\/\" \/>\n<meta property=\"og:locale\" content=\"de_DE\" \/>\n<meta property=\"og:type\" content=\"article\" \/>\n<meta property=\"og:title\" content=\"Apcalis-sx Oral Jelly 20 mg\" \/>\n<meta property=\"og:description\" content=\"Apcalis SX Oral Jelly 20 mg bietet eine schnelle und effektive Behandlung von ED. Einfach einzunehmen und schnell wirkend.\" \/>\n<meta property=\"og:url\" content=\"https:\/\/kamagraeu.net\/de\/produkt\/apcalis-sx-oral-jelly-20mg\/\" \/>\n<meta property=\"og:site_name\" content=\"Deutsch\" \/>\n<meta property=\"article:modified_time\" content=\"2024-07-23T13:48:32+00:00\" \/>\n<meta property=\"og:image\" content=\"http:\/\/kamagraeu.net\/de\/wp-content\/uploads\/sites\/2\/2022\/10\/1-000px_apcalis_sx_dc04y.jpg\" \/>\n\t<meta property=\"og:image:width\" content=\"1000\" \/>\n\t<meta property=\"og:image:height\" content=\"1000\" \/>\n\t<meta property=\"og:image:type\" content=\"image\/jpeg\" \/>\n<meta name=\"twitter:card\" content=\"summary_large_image\" \/>\n<meta name=\"twitter:label1\" content=\"Preis\" \/>\n\t<meta name=\"twitter:data1\" content=\"24.00&nbsp;&euro;\" \/>\n\t<meta name=\"twitter:label2\" content=\"Verf\u00fcgbarkeit\" \/>\n\t<meta name=\"twitter:data2\" content=\"ausverkauft\" \/>\n<script type=\"application\/ld+json\" class=\"yoast-schema-graph\">{\"@context\":\"https:\/\/schema.org\",\"@graph\":[{\"@type\":\"WebPage\",\"@id\":\"https:\/\/kamagraeu.net\/de\/produkt\/apcalis-sx-oral-jelly-20mg\/\",\"url\":\"https:\/\/kamagraeu.net\/de\/produkt\/apcalis-sx-oral-jelly-20mg\/\",\"name\":\"Apcalis SX Oral Jelly 20 mg - Schnelle ED-Hilfe | KamagraEU.net\",\"isPartOf\":{\"@id\":\"https:\/\/kamagraeu.net\/de\/#website\"},\"primaryImageOfPage\":{\"@id\":\"https:\/\/kamagraeu.net\/de\/produkt\/apcalis-sx-oral-jelly-20mg\/#primaryimage\"},\"image\":{\"@id\":\"https:\/\/kamagraeu.net\/de\/produkt\/apcalis-sx-oral-jelly-20mg\/#primaryimage\"},\"thumbnailUrl\":\"https:\/\/kamagraeu.net\/de\/wp-content\/uploads\/sites\/2\/2022\/10\/1-000px_apcalis_sx_dc04y.jpg\",\"datePublished\":\"2020-05-05T09:39:40+00:00\",\"dateModified\":\"2024-07-23T13:48:32+00:00\",\"description\":\"Apcalis SX Oral Jelly 20 mg bietet eine schnelle und effektive Behandlung von ED. Einfach einzunehmen und schnell wirkend.\",\"breadcrumb\":{\"@id\":\"https:\/\/kamagraeu.net\/de\/produkt\/apcalis-sx-oral-jelly-20mg\/#breadcrumb\"},\"inLanguage\":\"de\",\"potentialAction\":[{\"@type\":\"ReadAction\",\"target\":[\"https:\/\/kamagraeu.net\/de\/produkt\/apcalis-sx-oral-jelly-20mg\/\"]}]},{\"@type\":\"ImageObject\",\"inLanguage\":\"de\",\"@id\":\"https:\/\/kamagraeu.net\/de\/produkt\/apcalis-sx-oral-jelly-20mg\/#primaryimage\",\"url\":\"https:\/\/kamagraeu.net\/de\/wp-content\/uploads\/sites\/2\/2022\/10\/1-000px_apcalis_sx_dc04y.jpg\",\"contentUrl\":\"https:\/\/kamagraeu.net\/de\/wp-content\/uploads\/sites\/2\/2022\/10\/1-000px_apcalis_sx_dc04y.jpg\",\"width\":1000,\"height\":1000},{\"@type\":\"BreadcrumbList\",\"@id\":\"https:\/\/kamagraeu.net\/de\/produkt\/apcalis-sx-oral-jelly-20mg\/#breadcrumb\",\"itemListElement\":[{\"@type\":\"ListItem\",\"position\":1,\"name\":\"Home\",\"item\":\"https:\/\/kamagraeu.net\/de\/\"},{\"@type\":\"ListItem\",\"position\":2,\"name\":\"E-SHOP\",\"item\":\"https:\/\/kamagraeu.net\/de\/e-shop\/\"},{\"@type\":\"ListItem\",\"position\":3,\"name\":\"Apcalis-sx Oral Jelly 20 mg\"}]},{\"@type\":\"WebSite\",\"@id\":\"https:\/\/kamagraeu.net\/de\/#website\",\"url\":\"https:\/\/kamagraeu.net\/de\/\",\"name\":\"KamagraEU.net\",\"description\":\"Kamagra kaufen\",\"publisher\":{\"@id\":\"https:\/\/kamagraeu.net\/de\/#organization\"},\"alternateName\":\"KamagrEU\",\"potentialAction\":[{\"@type\":\"SearchAction\",\"target\":{\"@type\":\"EntryPoint\",\"urlTemplate\":\"https:\/\/kamagraeu.net\/de\/?s={search_term_string}\"},\"query-input\":{\"@type\":\"PropertyValueSpecification\",\"valueRequired\":true,\"valueName\":\"search_term_string\"}}],\"inLanguage\":\"de\"},{\"@type\":\"Organization\",\"@id\":\"https:\/\/kamagraeu.net\/de\/#organization\",\"name\":\"Kamagraeu.net\",\"alternateName\":\"KamagrEU\",\"url\":\"https:\/\/kamagraeu.net\/de\/\",\"logo\":{\"@type\":\"ImageObject\",\"inLanguage\":\"de\",\"@id\":\"https:\/\/kamagraeu.net\/de\/#\/schema\/logo\/image\/\",\"url\":\"https:\/\/kamagraeu.net\/de\/wp-content\/uploads\/sites\/2\/2020\/05\/cropped-logo.png\",\"contentUrl\":\"https:\/\/kamagraeu.net\/de\/wp-content\/uploads\/sites\/2\/2020\/05\/cropped-logo.png\",\"width\":812,\"height\":192,\"caption\":\"Kamagraeu.net\"},\"image\":{\"@id\":\"https:\/\/kamagraeu.net\/de\/#\/schema\/logo\/image\/\"},\"description\":\"Kamagra Verkauf - Medikamente zur Unterst\u00fctzung und Behandlung von Erektionsproblemen. \u00dcber 40 Produkte auf Lager. Wir helfen sowohl bei der Verz\u00f6gerung der Ejakulation als auch bei der Verbesserung der Erektion.\",\"email\":\"info@kamagraeu.net\",\"telephone\":\"+49 30 315144533\",\"numberOfEmployees\":{\"@type\":\"QuantitativeValue\",\"minValue\":\"11\",\"maxValue\":\"50\"}}]}<\/script>\n<meta property=\"product:price:amount\" content=\"24.00\" \/>\n<meta property=\"product:price:currency\" content=\"EUR\" \/>\n<meta property=\"og:availability\" content=\"out of stock\" \/>\n<meta property=\"product:availability\" content=\"out of stock\" \/>\n<meta property=\"product:condition\" content=\"new\" \/>\n<!-- \/ Yoast SEO Premium plugin. -->","yoast_head_json":{"title":"Apcalis SX Oral Jelly 20 mg - Schnelle ED-Hilfe | KamagraEU.net","description":"Apcalis SX Oral Jelly 20 mg bietet eine schnelle und effektive Behandlung von ED. Einfach einzunehmen und schnell wirkend.","robots":{"index":"index","follow":"follow","max-snippet":"max-snippet:-1","max-image-preview":"max-image-preview:large","max-video-preview":"max-video-preview:-1"},"canonical":"https:\/\/kamagraeu.net\/de\/produkt\/apcalis-sx-oral-jelly-20mg\/","og_locale":"de_DE","og_type":"article","og_title":"Apcalis-sx Oral Jelly 20 mg","og_description":"Apcalis SX Oral Jelly 20 mg bietet eine schnelle und effektive Behandlung von ED. Einfach einzunehmen und schnell wirkend.","og_url":"https:\/\/kamagraeu.net\/de\/produkt\/apcalis-sx-oral-jelly-20mg\/","og_site_name":"Deutsch","article_modified_time":"2024-07-23T13:48:32+00:00","og_image":[{"width":1000,"height":1000,"url":"http:\/\/kamagraeu.net\/de\/wp-content\/uploads\/sites\/2\/2022\/10\/1-000px_apcalis_sx_dc04y.jpg","type":"image\/jpeg"}],"twitter_card":"summary_large_image","twitter_misc":{"Preis":"24.00&nbsp;&euro;","Verf\u00fcgbarkeit":"ausverkauft"},"schema":{"@context":"https:\/\/schema.org","@graph":[{"@type":"WebPage","@id":"https:\/\/kamagraeu.net\/de\/produkt\/apcalis-sx-oral-jelly-20mg\/","url":"https:\/\/kamagraeu.net\/de\/produkt\/apcalis-sx-oral-jelly-20mg\/","name":"Apcalis SX Oral Jelly 20 mg - Schnelle ED-Hilfe | KamagraEU.net","isPartOf":{"@id":"https:\/\/kamagraeu.net\/de\/#website"},"primaryImageOfPage":{"@id":"https:\/\/kamagraeu.net\/de\/produkt\/apcalis-sx-oral-jelly-20mg\/#primaryimage"},"image":{"@id":"https:\/\/kamagraeu.net\/de\/produkt\/apcalis-sx-oral-jelly-20mg\/#primaryimage"},"thumbnailUrl":"https:\/\/kamagraeu.net\/de\/wp-content\/uploads\/sites\/2\/2022\/10\/1-000px_apcalis_sx_dc04y.jpg","datePublished":"2020-05-05T09:39:40+00:00","dateModified":"2024-07-23T13:48:32+00:00","description":"Apcalis SX Oral Jelly 20 mg bietet eine schnelle und effektive Behandlung von ED. Einfach einzunehmen und schnell wirkend.","breadcrumb":{"@id":"https:\/\/kamagraeu.net\/de\/produkt\/apcalis-sx-oral-jelly-20mg\/#breadcrumb"},"inLanguage":"de","potentialAction":[{"@type":"ReadAction","target":["https:\/\/kamagraeu.net\/de\/produkt\/apcalis-sx-oral-jelly-20mg\/"]}]},{"@type":"ImageObject","inLanguage":"de","@id":"https:\/\/kamagraeu.net\/de\/produkt\/apcalis-sx-oral-jelly-20mg\/#primaryimage","url":"https:\/\/kamagraeu.net\/de\/wp-content\/uploads\/sites\/2\/2022\/10\/1-000px_apcalis_sx_dc04y.jpg","contentUrl":"https:\/\/kamagraeu.net\/de\/wp-content\/uploads\/sites\/2\/2022\/10\/1-000px_apcalis_sx_dc04y.jpg","width":1000,"height":1000},{"@type":"BreadcrumbList","@id":"https:\/\/kamagraeu.net\/de\/produkt\/apcalis-sx-oral-jelly-20mg\/#breadcrumb","itemListElement":[{"@type":"ListItem","position":1,"name":"Home","item":"https:\/\/kamagraeu.net\/de\/"},{"@type":"ListItem","position":2,"name":"E-SHOP","item":"https:\/\/kamagraeu.net\/de\/e-shop\/"},{"@type":"ListItem","position":3,"name":"Apcalis-sx Oral Jelly 20 mg"}]},{"@type":"WebSite","@id":"https:\/\/kamagraeu.net\/de\/#website","url":"https:\/\/kamagraeu.net\/de\/","name":"KamagraEU.net","description":"Kamagra kaufen","publisher":{"@id":"https:\/\/kamagraeu.net\/de\/#organization"},"alternateName":"KamagrEU","potentialAction":[{"@type":"SearchAction","target":{"@type":"EntryPoint","urlTemplate":"https:\/\/kamagraeu.net\/de\/?s={search_term_string}"},"query-input":{"@type":"PropertyValueSpecification","valueRequired":true,"valueName":"search_term_string"}}],"inLanguage":"de"},{"@type":"Organization","@id":"https:\/\/kamagraeu.net\/de\/#organization","name":"Kamagraeu.net","alternateName":"KamagrEU","url":"https:\/\/kamagraeu.net\/de\/","logo":{"@type":"ImageObject","inLanguage":"de","@id":"https:\/\/kamagraeu.net\/de\/#\/schema\/logo\/image\/","url":"https:\/\/kamagraeu.net\/de\/wp-content\/uploads\/sites\/2\/2020\/05\/cropped-logo.png","contentUrl":"https:\/\/kamagraeu.net\/de\/wp-content\/uploads\/sites\/2\/2020\/05\/cropped-logo.png","width":812,"height":192,"caption":"Kamagraeu.net"},"image":{"@id":"https:\/\/kamagraeu.net\/de\/#\/schema\/logo\/image\/"},"description":"Kamagra Verkauf - Medikamente zur Unterst\u00fctzung und Behandlung von Erektionsproblemen. \u00dcber 40 Produkte auf Lager. Wir helfen sowohl bei der Verz\u00f6gerung der Ejakulation als auch bei der Verbesserung der Erektion.","email":"info@kamagraeu.net","telephone":"+49 30 315144533","numberOfEmployees":{"@type":"QuantitativeValue","minValue":"11","maxValue":"50"}}]},"product_price_amount":"24.00","product_price_currency":"EUR","og_availability":"out of stock","product_availability":"out of stock","product_condition":"new"},"_links":{"self":[{"href":"https:\/\/kamagraeu.net\/de\/wp-json\/wp\/v2\/product\/22"}],"collection":[{"href":"https:\/\/kamagraeu.net\/de\/wp-json\/wp\/v2\/product"}],"about":[{"href":"https:\/\/kamagraeu.net\/de\/wp-json\/wp\/v2\/types\/product"}],"replies":[{"embeddable":true,"href":"https:\/\/kamagraeu.net\/de\/wp-json\/wp\/v2\/comments?post=22"}],"wp:featuredmedia":[{"embeddable":true,"href":"https:\/\/kamagraeu.net\/de\/wp-json\/wp\/v2\/media\/5266"}],"wp:attachment":[{"href":"https:\/\/kamagraeu.net\/de\/wp-json\/wp\/v2\/media?parent=22"}],"wp:term":[{"taxonomy":"product_brand","embeddable":true,"href":"https:\/\/kamagraeu.net\/de\/wp-json\/wp\/v2\/product_brand?post=22"},{"taxonomy":"product_cat","embeddable":true,"href":"https:\/\/kamagraeu.net\/de\/wp-json\/wp\/v2\/product_cat?post=22"},{"taxonomy":"product_tag","embeddable":true,"href":"https:\/\/kamagraeu.net\/de\/wp-json\/wp\/v2\/product_tag?post=22"}],"curies":[{"name":"wp","href":"https:\/\/api.w.org\/{rel}","templated":true}]}}