{"id":26,"date":"2020-05-05T11:39:40","date_gmt":"2020-05-05T09:39:40","guid":{"rendered":"http:\/\/kamagraeu.net\/de\/produkt\/import-placeholder-for-1289\/"},"modified":"2024-07-23T16:39:18","modified_gmt":"2024-07-23T14:39:18","slug":"valif-20mg","status":"publish","type":"product","link":"https:\/\/kamagraeu.net\/de\/produkt\/valif-20mg\/","title":{"rendered":"Valif 20 mg"},"content":{"rendered":"<h4>Valif 20mg<\/h4>\n<p><strong>Valif 20mg<\/strong>\u00a0wird schon seit einigen Jahren beim Kampf gegen Potenzst\u00f6rungen erfolgreich eingesetzt und erfreut sich immer gr\u00f6\u00dferer Beliebtheit bei betroffenen M\u00e4nnern. Hiermit wird nicht nur den Potenzst\u00f6rungen entgegengewirkt sondern auch die Erektion positiv unterst\u00fctzt. Valif machte sich vor allem deswegen einen Namen, da es so gut wie keine Nebenwirkungen mit sich bringt und zudem sehr leicht vertr\u00e4glich ist.<\/p>\n<table style=\"border-collapse: collapse; width: 100%; height: 216px;\">\n<tbody>\n<tr style=\"height: 24px;\">\n<td style=\"width: 25%; text-align: center; height: 24px;\">Menge<\/td>\n<td style=\"width: 25%; height: 24px; text-align: center;\">Preis pro Packung<\/td>\n<td style=\"width: 25%; height: 24px; text-align: center;\">Preis<\/td>\n<\/tr>\n<tr style=\"height: 24px;\">\n<td style=\"width: 25%; height: 24px; text-align: center;\">2<\/td>\n<td style=\"width: 25%; height: 24px; text-align: center;\">19,50 \u20ac<\/td>\n<td style=\"width: 25%; height: 24px; text-align: center;\">39,00 \u20ac<\/td>\n<\/tr>\n<tr style=\"height: 24px;\">\n<td style=\"width: 25%; height: 24px; text-align: center;\">4<\/td>\n<td style=\"width: 25%; height: 24px; text-align: center;\">18,50 \u20ac<\/td>\n<td style=\"width: 25%; height: 24px; text-align: center;\">74,00 \u20ac<\/td>\n<\/tr>\n<tr style=\"height: 24px;\">\n<td style=\"width: 25%; height: 24px; text-align: center;\">6<\/td>\n<td style=\"width: 25%; height: 24px; text-align: center;\">17,33 \u20ac<\/td>\n<td style=\"width: 25%; height: 24px; text-align: center;\">104,00 \u20ac<\/td>\n<\/tr>\n<tr style=\"height: 24px;\">\n<td style=\"width: 25%; text-align: center; height: 24px;\">8<\/td>\n<td style=\"width: 25%; text-align: center; height: 24px;\">16,13 \u20ac<\/td>\n<td style=\"width: 25%; text-align: center; height: 24px;\">129,00 \u20ac<\/td>\n<\/tr>\n<tr style=\"height: 24px;\">\n<td style=\"width: 25%; text-align: center; height: 24px;\">10<\/td>\n<td style=\"width: 25%; text-align: center; height: 24px;\">14,40 \u20ac<\/td>\n<td style=\"width: 25%; text-align: center; height: 24px;\">144,00 \u20ac<\/td>\n<\/tr>\n<tr style=\"height: 24px;\">\n<td style=\"width: 25%; text-align: center; height: 24px;\">15<\/td>\n<td style=\"width: 25%; text-align: center; height: 24px;\">13,27 \u20ac<\/td>\n<td style=\"width: 25%; text-align: center; height: 24px;\">199,00 \u20ac<\/td>\n<\/tr>\n<tr style=\"height: 24px;\">\n<td style=\"width: 25%; text-align: center; height: 24px;\">20<\/td>\n<td style=\"width: 25%; text-align: center; height: 24px;\">12,45 \u20ac<\/td>\n<td style=\"width: 25%; text-align: center; height: 24px;\">249,00 \u20ac<\/td>\n<\/tr>\n<tr style=\"height: 24px;\">\n<td style=\"width: 25%; text-align: center; height: 24px;\">30<\/td>\n<td style=\"width: 25%; text-align: center; height: 24px;\">11,80 \u20ac<\/td>\n<td style=\"width: 25%; text-align: center; height: 24px;\">354,00 \u20ac<\/td>\n<\/tr>\n<\/tbody>\n<\/table>\n<h4>Generikum zu Levitra \u2013 Valif 20mg<\/h4>\n<p><strong>Valif 20mg<\/strong>\u00a0stellt ein 100%iges Generikum zu<strong>\u00a0Levitra<\/strong>\u00a0dar. Das bedeutet, dass es nicht nur den gleichen Inhaltsstoff\u00a0<strong>Vardenafil<\/strong>\u00a0sondern auch die gleiche Dosierung wie das Original aufweist.<\/p>\n<h4>Valif beim Einsatz gegen Erektionsst\u00f6rungen<\/h4>\n<p>Zahlreiche M\u00e4nner leiden an Erektionsst\u00f6rungen. Dieses Leiden beeinflusst nicht nur das Sexualleben sondern auch die Psyche und die Beziehungen. Neben physischen Ursachen gibt es psychische zu nennen, die vor allem in Form von Stress und Versagensangst zum Vorschein kommen k\u00f6nnen. Bei physischen Ursachen kommt es zu einer Ver\u00e4nderung der Blutgef\u00e4\u00dfe weswegen das m\u00e4nnliche Glied nicht mehr ausreichend mit Blut versorgt werden kann. Dies ist h\u00e4ufig eine Begleiterscheinung von Diabetes. Wird der Penis nicht ausreichend durchblutet, tritt auch die gew\u00fcnschte Erektion nur bedingt oder gar nicht ein.<strong>\u00a0Valif 20mg\u00a0<\/strong>kann aber wie alle anderen Potenzmittel seine Wirkung auch erst dann entfalten wenn eine sexuelle Stimulation gegeben ist. Durch Valif 20mg wird der nat\u00fcrliche Wirkstoff, welcher f\u00fcr die erektile Dysfunktion verantwortlich ist, gehemmt. Mit Hilfe dieses Potenzmittels k\u00f6nnen M\u00e4nner nun endlich wieder qualitativen und langanhaltenden Geschlechtsverkehr genie\u00dfen.<\/p>\n<h4>Welchen Inhaltsstoff weist Valif auf?<\/h4>\n<p>Valif weist 20mg<strong>\u00a0Vardenafil<\/strong>\u00a0auf und stellt demnach ein 100%iges Generikum zu Levitra dar.<\/p>\n<h4>Welche Dosierung wird bei Valif 20mg empfohlen?<\/h4>\n<p>Valif sollte immer zur G\u00e4nze mit einem Glas Wasser eingenommen werden. Mehr als eine Tablette t\u00e4glich sollte nicht geschluckt werden. Generell tritt die Wirkung bereits 30 Minuten nach der Einnahme ein und h\u00e4lt bis zu 12 Stunden an. Die Wirkung wird allerdings erst erzielt wenn es zu einer sexuellen Stimulation kommt, weswegen empfohlen wird Valif bereits beim Vorspiel einzunehmen. Durch \u00fcberm\u00e4\u00dfigen Konsum von Alkohol aber auch durch fettreiche Speisen kann die Wirkung von Valif gemindert und der Wirkungseintritt verz\u00f6gert werden.<\/p>\n<h4>Welche Nebenwirkungen k\u00f6nnen sich bei Valif20mg zeigen?<\/h4>\n<p>Bei<strong>\u00a0Valif 20mg<\/strong>\u00a0handelt es sich um ein Potenzmittel, das sehr gut vertr\u00e4glich ist. Da es sich um ein Medikament handelt, k\u00f6nnen sich dennoch immer wieder Nebenwirkungen zeigen. In erster Linie beschreiben betroffene M\u00e4nner Kopfschmerzen oder eine R\u00f6tung des Gesichts. Aber auch Verdauungsst\u00f6rungen, Sehst\u00f6rungen, Schwindelgef\u00fchle und eine verstopfte Nase k\u00f6nnen sich abzeichnen. Sobald die Wirkung von Valif 20mg nachl\u00e4sst, sollten auch die Nebenwirkungen gemindert werden. Sollte dies nicht der Fall sein, oder wenn die Nebenwirkungen eine Intensit\u00e4t erreichen, die nicht mehr angenehm ist, sollte auf jeden Fall ein Arzt aufgesucht werden. Der Arztbesuch steht auch an, wenn die Erektion auch 5 Stunden nach der eigentlichen Wirkungsdauer immer noch besteht. Bis zur weiteren Abkl\u00e4rung sollte keine weitere Tablette Valif 20mg mehr eingenommen werden.<\/p>\n<h4>Wie sollte Valif 20mg gelagert werden?<\/h4>\n<p>Die Tabletten sollten nicht bei Temperaturen \u00fcber 30 Grad gelagert werden. Zudem sollten die Tabletten Valif erst kurz vor der Einnahme aus dem Blister entnommen werden, damit der Inhaltsstoff vor Feuchtigkeit gesch\u00fctzt wird.<\/p>\n","protected":false},"excerpt":{"rendered":"<table>\n<tbody>\n<tr>\n<td>Packungsinhalt<\/td>\n<td><strong><span style=\"color: #000000;\">10 \u00fcberzogene Tabletten<\/span><\/strong><\/td>\n<\/tr>\n<tr>\n<td>Wirkstoff<\/td>\n<td>Vardenafil<\/td>\n<\/tr>\n<tr>\n<td>Wirkstoff in einer Tablette<\/td>\n<td>Vardenafil 20 mg<\/td>\n<\/tr>\n<tr>\n<td>Wirkungseintritt<\/td>\n<td>30\u201360 Minuten<\/td>\n<\/tr>\n<tr>\n<td>Wirkungsdauer<\/td>\n<td><span style=\"color: #000000;\"><strong>Bis 12 Stunden<\/strong><\/span><\/td>\n<\/tr>\n<tr>\n<td>Marke<\/td>\n<td><a href=\"https:\/\/www.kamagra-premium.net\/ajanta-pharma\/\">Ajanta Pharma ltd.<\/a><\/td>\n<\/tr>\n<tr>\n<td>Form<\/td>\n<td><span style=\"color: #000000;\"><strong>Tabletten<\/strong><\/span><\/td>\n<\/tr>\n<\/tbody>\n<\/table>\n<div class=\"notranslate\"><\/div>\n","protected":false},"featured_media":5299,"comment_status":"closed","ping_status":"closed","template":"","meta":[],"product_brand":[],"product_cat":[19],"product_tag":[],"class_list":{"0":"post-26","1":"product","2":"type-product","3":"status-publish","4":"has-post-thumbnail","6":"product_cat-levitra-generika","8":"first","9":"instock","10":"shipping-taxable","11":"purchasable","12":"product-type-simple"},"yoast_head":"<!-- This site is optimized with the Yoast SEO Premium plugin v23.0 (Yoast SEO v25.6) - https:\/\/yoast.com\/wordpress\/plugins\/seo\/ -->\n<title>Valif 20 mg \u2013 Zuverl\u00e4ssige Behandlung von ED<\/title>\n<meta name=\"description\" content=\"Valif 20 mg bietet schnelle und effektive Linderung bei Erektionsst\u00f6rungen. Erleben Sie eine verbesserte sexuelle Leistung und Zufriedenheit.\" \/>\n<meta name=\"robots\" content=\"index, follow, max-snippet:-1, max-image-preview:large, max-video-preview:-1\" \/>\n<link rel=\"canonical\" href=\"https:\/\/kamagraeu.net\/de\/produkt\/valif-20mg\/\" \/>\n<meta property=\"og:locale\" content=\"de_DE\" \/>\n<meta property=\"og:type\" content=\"article\" \/>\n<meta property=\"og:title\" content=\"Valif 20 mg\" \/>\n<meta property=\"og:description\" content=\"Valif 20 mg bietet schnelle und effektive Linderung bei Erektionsst\u00f6rungen. Erleben Sie eine verbesserte sexuelle Leistung und Zufriedenheit.\" \/>\n<meta property=\"og:url\" content=\"https:\/\/kamagraeu.net\/de\/produkt\/valif-20mg\/\" \/>\n<meta property=\"og:site_name\" content=\"Deutsch\" \/>\n<meta property=\"article:modified_time\" content=\"2024-07-23T14:39:18+00:00\" \/>\n<meta property=\"og:image\" content=\"http:\/\/kamagraeu.net\/de\/wp-content\/uploads\/sites\/2\/2022\/10\/1-000px-valif20-box_pc93o.png\" \/>\n\t<meta property=\"og:image:width\" content=\"1000\" \/>\n\t<meta property=\"og:image:height\" content=\"1000\" \/>\n\t<meta property=\"og:image:type\" content=\"image\/png\" \/>\n<meta name=\"twitter:card\" content=\"summary_large_image\" \/>\n<meta name=\"twitter:label1\" content=\"Preis\" \/>\n\t<meta name=\"twitter:data1\" content=\"24.00&nbsp;&euro;\" \/>\n\t<meta name=\"twitter:label2\" content=\"Verf\u00fcgbarkeit\" \/>\n\t<meta name=\"twitter:data2\" content=\"Auf Lager\" \/>\n<script type=\"application\/ld+json\" class=\"yoast-schema-graph\">{\"@context\":\"https:\/\/schema.org\",\"@graph\":[{\"@type\":\"WebPage\",\"@id\":\"https:\/\/kamagraeu.net\/de\/produkt\/valif-20mg\/\",\"url\":\"https:\/\/kamagraeu.net\/de\/produkt\/valif-20mg\/\",\"name\":\"Valif 20 mg \u2013 Zuverl\u00e4ssige Behandlung von ED\",\"isPartOf\":{\"@id\":\"https:\/\/kamagraeu.net\/de\/#website\"},\"primaryImageOfPage\":{\"@id\":\"https:\/\/kamagraeu.net\/de\/produkt\/valif-20mg\/#primaryimage\"},\"image\":{\"@id\":\"https:\/\/kamagraeu.net\/de\/produkt\/valif-20mg\/#primaryimage\"},\"thumbnailUrl\":\"https:\/\/kamagraeu.net\/de\/wp-content\/uploads\/sites\/2\/2022\/10\/1-000px-valif20-box_pc93o.png\",\"datePublished\":\"2020-05-05T09:39:40+00:00\",\"dateModified\":\"2024-07-23T14:39:18+00:00\",\"description\":\"Valif 20 mg bietet schnelle und effektive Linderung bei Erektionsst\u00f6rungen. Erleben Sie eine verbesserte sexuelle Leistung und Zufriedenheit.\",\"breadcrumb\":{\"@id\":\"https:\/\/kamagraeu.net\/de\/produkt\/valif-20mg\/#breadcrumb\"},\"inLanguage\":\"de\",\"potentialAction\":[{\"@type\":\"ReadAction\",\"target\":[\"https:\/\/kamagraeu.net\/de\/produkt\/valif-20mg\/\"]}]},{\"@type\":\"ImageObject\",\"inLanguage\":\"de\",\"@id\":\"https:\/\/kamagraeu.net\/de\/produkt\/valif-20mg\/#primaryimage\",\"url\":\"https:\/\/kamagraeu.net\/de\/wp-content\/uploads\/sites\/2\/2022\/10\/1-000px-valif20-box_pc93o.png\",\"contentUrl\":\"https:\/\/kamagraeu.net\/de\/wp-content\/uploads\/sites\/2\/2022\/10\/1-000px-valif20-box_pc93o.png\",\"width\":1000,\"height\":1000},{\"@type\":\"BreadcrumbList\",\"@id\":\"https:\/\/kamagraeu.net\/de\/produkt\/valif-20mg\/#breadcrumb\",\"itemListElement\":[{\"@type\":\"ListItem\",\"position\":1,\"name\":\"Home\",\"item\":\"https:\/\/kamagraeu.net\/de\/\"},{\"@type\":\"ListItem\",\"position\":2,\"name\":\"E-SHOP\",\"item\":\"https:\/\/kamagraeu.net\/de\/e-shop\/\"},{\"@type\":\"ListItem\",\"position\":3,\"name\":\"Valif 20 mg\"}]},{\"@type\":\"WebSite\",\"@id\":\"https:\/\/kamagraeu.net\/de\/#website\",\"url\":\"https:\/\/kamagraeu.net\/de\/\",\"name\":\"KamagraEU.net\",\"description\":\"Kamagra kaufen\",\"publisher\":{\"@id\":\"https:\/\/kamagraeu.net\/de\/#organization\"},\"alternateName\":\"KamagrEU\",\"potentialAction\":[{\"@type\":\"SearchAction\",\"target\":{\"@type\":\"EntryPoint\",\"urlTemplate\":\"https:\/\/kamagraeu.net\/de\/?s={search_term_string}\"},\"query-input\":{\"@type\":\"PropertyValueSpecification\",\"valueRequired\":true,\"valueName\":\"search_term_string\"}}],\"inLanguage\":\"de\"},{\"@type\":\"Organization\",\"@id\":\"https:\/\/kamagraeu.net\/de\/#organization\",\"name\":\"Kamagraeu.net\",\"alternateName\":\"KamagrEU\",\"url\":\"https:\/\/kamagraeu.net\/de\/\",\"logo\":{\"@type\":\"ImageObject\",\"inLanguage\":\"de\",\"@id\":\"https:\/\/kamagraeu.net\/de\/#\/schema\/logo\/image\/\",\"url\":\"https:\/\/kamagraeu.net\/de\/wp-content\/uploads\/sites\/2\/2020\/05\/cropped-logo.png\",\"contentUrl\":\"https:\/\/kamagraeu.net\/de\/wp-content\/uploads\/sites\/2\/2020\/05\/cropped-logo.png\",\"width\":812,\"height\":192,\"caption\":\"Kamagraeu.net\"},\"image\":{\"@id\":\"https:\/\/kamagraeu.net\/de\/#\/schema\/logo\/image\/\"},\"description\":\"Kamagra Verkauf - Medikamente zur Unterst\u00fctzung und Behandlung von Erektionsproblemen. \u00dcber 40 Produkte auf Lager. Wir helfen sowohl bei der Verz\u00f6gerung der Ejakulation als auch bei der Verbesserung der Erektion.\",\"email\":\"info@kamagraeu.net\",\"telephone\":\"+49 30 315144533\",\"numberOfEmployees\":{\"@type\":\"QuantitativeValue\",\"minValue\":\"11\",\"maxValue\":\"50\"}}]}<\/script>\n<meta property=\"product:price:amount\" content=\"24.00\" \/>\n<meta property=\"product:price:currency\" content=\"EUR\" \/>\n<meta property=\"og:availability\" content=\"instock\" \/>\n<meta property=\"product:availability\" content=\"instock\" \/>\n<meta property=\"product:condition\" content=\"new\" \/>\n<!-- \/ Yoast SEO Premium plugin. -->","yoast_head_json":{"title":"Valif 20 mg \u2013 Zuverl\u00e4ssige Behandlung von ED","description":"Valif 20 mg bietet schnelle und effektive Linderung bei Erektionsst\u00f6rungen. Erleben Sie eine verbesserte sexuelle Leistung und Zufriedenheit.","robots":{"index":"index","follow":"follow","max-snippet":"max-snippet:-1","max-image-preview":"max-image-preview:large","max-video-preview":"max-video-preview:-1"},"canonical":"https:\/\/kamagraeu.net\/de\/produkt\/valif-20mg\/","og_locale":"de_DE","og_type":"article","og_title":"Valif 20 mg","og_description":"Valif 20 mg bietet schnelle und effektive Linderung bei Erektionsst\u00f6rungen. Erleben Sie eine verbesserte sexuelle Leistung und Zufriedenheit.","og_url":"https:\/\/kamagraeu.net\/de\/produkt\/valif-20mg\/","og_site_name":"Deutsch","article_modified_time":"2024-07-23T14:39:18+00:00","og_image":[{"width":1000,"height":1000,"url":"http:\/\/kamagraeu.net\/de\/wp-content\/uploads\/sites\/2\/2022\/10\/1-000px-valif20-box_pc93o.png","type":"image\/png"}],"twitter_card":"summary_large_image","twitter_misc":{"Preis":"24.00&nbsp;&euro;","Verf\u00fcgbarkeit":"Auf Lager"},"schema":{"@context":"https:\/\/schema.org","@graph":[{"@type":"WebPage","@id":"https:\/\/kamagraeu.net\/de\/produkt\/valif-20mg\/","url":"https:\/\/kamagraeu.net\/de\/produkt\/valif-20mg\/","name":"Valif 20 mg \u2013 Zuverl\u00e4ssige Behandlung von ED","isPartOf":{"@id":"https:\/\/kamagraeu.net\/de\/#website"},"primaryImageOfPage":{"@id":"https:\/\/kamagraeu.net\/de\/produkt\/valif-20mg\/#primaryimage"},"image":{"@id":"https:\/\/kamagraeu.net\/de\/produkt\/valif-20mg\/#primaryimage"},"thumbnailUrl":"https:\/\/kamagraeu.net\/de\/wp-content\/uploads\/sites\/2\/2022\/10\/1-000px-valif20-box_pc93o.png","datePublished":"2020-05-05T09:39:40+00:00","dateModified":"2024-07-23T14:39:18+00:00","description":"Valif 20 mg bietet schnelle und effektive Linderung bei Erektionsst\u00f6rungen. Erleben Sie eine verbesserte sexuelle Leistung und Zufriedenheit.","breadcrumb":{"@id":"https:\/\/kamagraeu.net\/de\/produkt\/valif-20mg\/#breadcrumb"},"inLanguage":"de","potentialAction":[{"@type":"ReadAction","target":["https:\/\/kamagraeu.net\/de\/produkt\/valif-20mg\/"]}]},{"@type":"ImageObject","inLanguage":"de","@id":"https:\/\/kamagraeu.net\/de\/produkt\/valif-20mg\/#primaryimage","url":"https:\/\/kamagraeu.net\/de\/wp-content\/uploads\/sites\/2\/2022\/10\/1-000px-valif20-box_pc93o.png","contentUrl":"https:\/\/kamagraeu.net\/de\/wp-content\/uploads\/sites\/2\/2022\/10\/1-000px-valif20-box_pc93o.png","width":1000,"height":1000},{"@type":"BreadcrumbList","@id":"https:\/\/kamagraeu.net\/de\/produkt\/valif-20mg\/#breadcrumb","itemListElement":[{"@type":"ListItem","position":1,"name":"Home","item":"https:\/\/kamagraeu.net\/de\/"},{"@type":"ListItem","position":2,"name":"E-SHOP","item":"https:\/\/kamagraeu.net\/de\/e-shop\/"},{"@type":"ListItem","position":3,"name":"Valif 20 mg"}]},{"@type":"WebSite","@id":"https:\/\/kamagraeu.net\/de\/#website","url":"https:\/\/kamagraeu.net\/de\/","name":"KamagraEU.net","description":"Kamagra kaufen","publisher":{"@id":"https:\/\/kamagraeu.net\/de\/#organization"},"alternateName":"KamagrEU","potentialAction":[{"@type":"SearchAction","target":{"@type":"EntryPoint","urlTemplate":"https:\/\/kamagraeu.net\/de\/?s={search_term_string}"},"query-input":{"@type":"PropertyValueSpecification","valueRequired":true,"valueName":"search_term_string"}}],"inLanguage":"de"},{"@type":"Organization","@id":"https:\/\/kamagraeu.net\/de\/#organization","name":"Kamagraeu.net","alternateName":"KamagrEU","url":"https:\/\/kamagraeu.net\/de\/","logo":{"@type":"ImageObject","inLanguage":"de","@id":"https:\/\/kamagraeu.net\/de\/#\/schema\/logo\/image\/","url":"https:\/\/kamagraeu.net\/de\/wp-content\/uploads\/sites\/2\/2020\/05\/cropped-logo.png","contentUrl":"https:\/\/kamagraeu.net\/de\/wp-content\/uploads\/sites\/2\/2020\/05\/cropped-logo.png","width":812,"height":192,"caption":"Kamagraeu.net"},"image":{"@id":"https:\/\/kamagraeu.net\/de\/#\/schema\/logo\/image\/"},"description":"Kamagra Verkauf - Medikamente zur Unterst\u00fctzung und Behandlung von Erektionsproblemen. \u00dcber 40 Produkte auf Lager. Wir helfen sowohl bei der Verz\u00f6gerung der Ejakulation als auch bei der Verbesserung der Erektion.","email":"info@kamagraeu.net","telephone":"+49 30 315144533","numberOfEmployees":{"@type":"QuantitativeValue","minValue":"11","maxValue":"50"}}]},"product_price_amount":"24.00","product_price_currency":"EUR","og_availability":"instock","product_availability":"instock","product_condition":"new"},"_links":{"self":[{"href":"https:\/\/kamagraeu.net\/de\/wp-json\/wp\/v2\/product\/26"}],"collection":[{"href":"https:\/\/kamagraeu.net\/de\/wp-json\/wp\/v2\/product"}],"about":[{"href":"https:\/\/kamagraeu.net\/de\/wp-json\/wp\/v2\/types\/product"}],"replies":[{"embeddable":true,"href":"https:\/\/kamagraeu.net\/de\/wp-json\/wp\/v2\/comments?post=26"}],"wp:featuredmedia":[{"embeddable":true,"href":"https:\/\/kamagraeu.net\/de\/wp-json\/wp\/v2\/media\/5299"}],"wp:attachment":[{"href":"https:\/\/kamagraeu.net\/de\/wp-json\/wp\/v2\/media?parent=26"}],"wp:term":[{"taxonomy":"product_brand","embeddable":true,"href":"https:\/\/kamagraeu.net\/de\/wp-json\/wp\/v2\/product_brand?post=26"},{"taxonomy":"product_cat","embeddable":true,"href":"https:\/\/kamagraeu.net\/de\/wp-json\/wp\/v2\/product_cat?post=26"},{"taxonomy":"product_tag","embeddable":true,"href":"https:\/\/kamagraeu.net\/de\/wp-json\/wp\/v2\/product_tag?post=26"}],"curies":[{"name":"wp","href":"https:\/\/api.w.org\/{rel}","templated":true}]}}