{"id":28,"date":"2020-05-05T11:39:40","date_gmt":"2020-05-05T09:39:40","guid":{"rendered":"http:\/\/kamagraeu.net\/de\/produkt\/import-placeholder-for-1291\/"},"modified":"2024-07-23T17:02:20","modified_gmt":"2024-07-23T15:02:20","slug":"vardeforce-20mg","status":"publish","type":"product","link":"https:\/\/kamagraeu.net\/de\/produkt\/vardeforce-20mg\/","title":{"rendered":"Vardeforce 20 mg"},"content":{"rendered":"<h4>Potenzsteigerung mit Hilfe von Vardeforce 20mg<\/h4>\n<div>Das\u00a0<strong>Potenzmittel Vardeforce 20mg<\/strong>\u00a0stammt aus dem Hause\u00a0<strong>Zenit Pharma<\/strong>, wobei es sich sowohl um einen zertifizierten als auch modernen Hersteller f\u00fcr Potenzmittel jeglicher Art handelt. Dadurch kann der Kunde, der sich f\u00fcr dieses Produkt interessiert, auch davon ausgehen, dass er sich f\u00fcr ein qualitatives Potenzmittel entscheidet. Die Produkte von Zenit Pharma zeichnen sich vor allem dadurch aus, dass sie den Qualit\u00e4tsstandard entsprechen und zudem den Food and Drug Administrations (FDA) unterliegen. Da sich der Hersteller bei\u00a0<strong>Vardeforce 20mg<\/strong>\u00a0auf die Symptome einer\u00a0<strong>erektilen Dysfunktion<\/strong>\u00a0konzentriert haben, und wie diesen am besten entgegengewirkt werden kann, ist das Endprodukt besonders effektiv. Das Potenzmittel zeichnet sich nicht nur durch den raschen Eintritt der Wirkung aus, sondern auch durch die lange Wirkungsdauer. Die Wirkung tritt bei den meisten Anwendern bereits nach rund 30 Minuten nach der Einnahme ein, und bleibt bis zu 5 Stunden bestehen.<\/div>\n<h4>Wie wirken die Vardeforce 20mg Tabletten?<\/h4>\n<div>In jeder Tablette ist der Wirkstoff\u00a0<strong>Vardenafil<\/strong>\u00a0enthalten. Dieser ist aus der Gruppe der PDE-5-Hemmer (Phosphodiesterase-Hemmer Typ 5). Mit Hilfe von PDE-5 kann der Abbau des cGMP-Nukleotids gehemmt werden, welcher bei einer sexuellen Erregung freigesetzt wird. Das Nukleotid ist daf\u00fcr verantwortlich, dass die Gef\u00e4\u00dfe in Penisn\u00e4he sich erweitern. Hierdurch kann die Durchblutung des Gliedes nicht nur verbessert werden, sondern es wird zudem auch eine st\u00e4rkere Erektion m\u00f6glich.<\/div>\n<h2>\u00a0Vardeforce 20mg hilft bei erektiler Dysfunktion<\/h2>\n<div>Die Anwendung dieses Potenzmittel sollte nur dann erfolgen, wenn eine\u00a0<strong>erektile Dysfunktion<\/strong>\u00a0besteht. Zudem sollten betroffene M\u00e4nner, die sich f\u00fcr dieses Potenzmittel entscheiden, nicht unter 18 Jahre alt sein. Da es sich bei diesem Potenzmittel um eine neue Generation handelt, wird es in der Regel gut vertragen, und es treten selten unerw\u00fcnschte Nebenwirkungen auf. Selbst M\u00e4nner, die an Diabetes, einem erh\u00f6hten Cholesterinspiegel oder einem hohen Blutdruck leiden, k\u00f6nnen\u00a0<strong>Vardeforce 20mg\u00a0<\/strong>einnehmen. Auch M\u00e4nner \u00fcber 50 Jahre k\u00f6nnen immer noch zu diesem Potenzmittel greifen. Hier hebt sich das Produkt von Potenzmitteln wie Cialis oder Viagra ab, denn Vardeforce20mg zeigt auch in h\u00f6herem Alter immer noch gute Wirksamkeit.<\/div>\n<h4>Wie sollte Vardeforce 20mg angewendet werden?<\/h4>\n<div>Damit die Wirkung m\u00f6glichst rasch eintritt, sollte die Tablette am besten auf n\u00fcchternen Magen eingenommen werden. Aufgrund einer vorangegangenen Nahrungsmittelaufnahme kann es bei\u00a0<strong>Vardeforce 20mg<\/strong>\u00a0zu einer Verz\u00f6gerung der Wirkung kommen. Rund 30 bis 60 Minuten nach der Einnahme zeigt sich bereits eine Wirkung, die bis zu 6 Stunden anhalten kann. Die empfohlene Tagesdosis von 20mg sollte allerdings nicht \u00fcberschritten werden.<\/div>\n<div><\/div>\n<h4>Wer sollte Vardeforce 20mg nicht einnehmen?<\/h4>\n<div>Bevor sich f\u00fcr die Einnahme von diesem\u00a0<strong>Potenzmittel\u00a0<\/strong>entschieden wird, sollte auf jeden Fall ein Beratungsgespr\u00e4ch bei einem Arzt oder einem Apotheker in Betracht gezogen werden. Damit unerw\u00fcnschte Wechselwirkung ausgeschlossen werden k\u00f6nnen, sollten die aktuell eingenommenen Medikamente immer benannt werden. Vor allem Medikamente, die Nitrate, Nitroglycerin oder Medikamente, die zur Behandlung von Herzrhythmusst\u00f6rungen verordnet wurden, sollten nicht in Kombination mit Vardeforce 20mg eingenommen werden. Wer bereits einen Herz- oder Hirninfarkt hatte, oder an Herzklopfen leidet, sollte ebenfalls auf die Einnahme dieses Potenzmittels verzichten. M\u00e4nner, die \u00fcber 75 Jahre alt sind, oder Betroffene, die an einer Leber- oder Nierenerkrankung leiden, sollten Vardeforce 20mg ebenfalls nicht einnehmen. In diesen F\u00e4llen kann es sein, dass die Einnahme des Potenzmittels zu ernsthaften gesundheitlichen Problemen f\u00fchren kann.<\/div>\n<div><\/div>\n<h4>\u00a0Welche Nebenwirkungen k\u00f6nnen sich zeigen?<\/h4>\n<div>Grunds\u00e4tzlich handelt es sich bei dem Produkt\u00a0<strong>Vardeforce 20mg<\/strong>, um ein Potenzmittel, das gut vertragen wird, und kaum unerw\u00fcnschte Nebenwirkungen mit sich bringt. Da es sich aber um ein Medikament handelt, kann es dennoch zu unerw\u00fcnschten Symptomen kommen. Neben Kopfschmerzen und einer verstopften Nase, kann es auch zu Problemen bei der Verdauung kommen. Auch Schwindel, Erbrechen, M\u00fcdigkeit oder Gelenksschmerzen k\u00f6nnen sich nach der Einnahme zeigen. In seltenen F\u00e4llen k\u00f6nnen sich auch Symptome wie Kr\u00e4mpfe, eine gesteigerte Herzfrequenz, Schmerzen in der Brust oder Nasenbluten zeigen. Sollten sich diese oder \u00e4hnliche Symptome nach der Einnahme zeigen, sollte ein Arzt aufgesucht werden. Bis zur \u00e4rztlichen Abkl\u00e4rung sollte auf die weitere Einnahme von Potenzmitteln verzichtet werden.<\/div>\n","protected":false},"excerpt":{"rendered":"<p>Das\u00a0<strong>Potenzmittel Vardeforce 20mg<\/strong>\u00a0stammt aus dem Hause\u00a0<strong>Zenit Pharma<\/strong>, wobei es sich sowohl um einen zertifizierten als auch modernen Hersteller f\u00fcr Potenzmittel jeglicher Art handelt. Dadurch kann der Kunde, der sich f\u00fcr dieses Produkt interessiert, auch davon ausgehen, dass er sich f\u00fcr ein qualitatives Potenzmittel entscheidet. Die Produkte von Zenit Pharma zeichnen sich vor allem dadurch aus, dass sie den Qualit\u00e4tsstandard entsprechen und zudem den Food and Drug Administrations (FDA) unterliegen.<\/p>\n","protected":false},"featured_media":94,"comment_status":"closed","ping_status":"closed","template":"","meta":[],"product_brand":[],"product_cat":[19],"product_tag":[],"class_list":{"0":"post-28","1":"product","2":"type-product","3":"status-publish","4":"has-post-thumbnail","6":"product_cat-levitra-generika","8":"first","9":"outofstock","10":"shipping-taxable","11":"purchasable","12":"product-type-simple"},"yoast_head":"<!-- This site is optimized with the Yoast SEO Premium plugin v23.0 (Yoast SEO v25.6) - https:\/\/yoast.com\/wordpress\/plugins\/seo\/ -->\n<title>Vardeforce 20 mg \u2013 Effektive Behandlung von erektiler Dysfunktion<\/title>\n<meta name=\"description\" content=\"Vardeforce 20 mg enth\u00e4lt Sildenafil und hilft bei erektiler Dysfunktion. Verbessert die Erektion und unterst\u00fctzt eine zuverl\u00e4ssige sexuelle Leistung.\" \/>\n<meta name=\"robots\" content=\"index, follow, max-snippet:-1, max-image-preview:large, max-video-preview:-1\" \/>\n<link rel=\"canonical\" href=\"https:\/\/kamagraeu.net\/de\/produkt\/vardeforce-20mg\/\" \/>\n<meta property=\"og:locale\" content=\"de_DE\" \/>\n<meta property=\"og:type\" content=\"article\" \/>\n<meta property=\"og:title\" content=\"Vardeforce 20 mg\" \/>\n<meta property=\"og:description\" content=\"Vardeforce 20 mg enth\u00e4lt Sildenafil und hilft bei erektiler Dysfunktion. Verbessert die Erektion und unterst\u00fctzt eine zuverl\u00e4ssige sexuelle Leistung.\" \/>\n<meta property=\"og:url\" content=\"https:\/\/kamagraeu.net\/de\/produkt\/vardeforce-20mg\/\" \/>\n<meta property=\"og:site_name\" content=\"Deutsch\" \/>\n<meta property=\"article:modified_time\" content=\"2024-07-23T15:02:20+00:00\" \/>\n<meta property=\"og:image\" content=\"http:\/\/kamagraeu.net\/de\/wp-content\/uploads\/sites\/2\/2020\/05\/vardeforce-20-1-624x624-1.jpg\" \/>\n\t<meta property=\"og:image:width\" content=\"624\" \/>\n\t<meta property=\"og:image:height\" content=\"624\" \/>\n\t<meta property=\"og:image:type\" content=\"image\/jpeg\" \/>\n<meta name=\"twitter:card\" content=\"summary_large_image\" \/>\n<meta name=\"twitter:label1\" content=\"Preis\" \/>\n\t<meta name=\"twitter:data1\" content=\"24.00&nbsp;&euro;\" \/>\n\t<meta name=\"twitter:label2\" content=\"Verf\u00fcgbarkeit\" \/>\n\t<meta name=\"twitter:data2\" content=\"ausverkauft\" \/>\n<script type=\"application\/ld+json\" class=\"yoast-schema-graph\">{\"@context\":\"https:\/\/schema.org\",\"@graph\":[{\"@type\":\"WebPage\",\"@id\":\"https:\/\/kamagraeu.net\/de\/produkt\/vardeforce-20mg\/\",\"url\":\"https:\/\/kamagraeu.net\/de\/produkt\/vardeforce-20mg\/\",\"name\":\"Vardeforce 20 mg \u2013 Effektive Behandlung von erektiler Dysfunktion\",\"isPartOf\":{\"@id\":\"https:\/\/kamagraeu.net\/de\/#website\"},\"primaryImageOfPage\":{\"@id\":\"https:\/\/kamagraeu.net\/de\/produkt\/vardeforce-20mg\/#primaryimage\"},\"image\":{\"@id\":\"https:\/\/kamagraeu.net\/de\/produkt\/vardeforce-20mg\/#primaryimage\"},\"thumbnailUrl\":\"https:\/\/kamagraeu.net\/de\/wp-content\/uploads\/sites\/2\/2020\/05\/vardeforce-20-1-624x624-1.jpg\",\"datePublished\":\"2020-05-05T09:39:40+00:00\",\"dateModified\":\"2024-07-23T15:02:20+00:00\",\"description\":\"Vardeforce 20 mg enth\u00e4lt Sildenafil und hilft bei erektiler Dysfunktion. Verbessert die Erektion und unterst\u00fctzt eine zuverl\u00e4ssige sexuelle Leistung.\",\"breadcrumb\":{\"@id\":\"https:\/\/kamagraeu.net\/de\/produkt\/vardeforce-20mg\/#breadcrumb\"},\"inLanguage\":\"de\",\"potentialAction\":[{\"@type\":\"ReadAction\",\"target\":[\"https:\/\/kamagraeu.net\/de\/produkt\/vardeforce-20mg\/\"]}]},{\"@type\":\"ImageObject\",\"inLanguage\":\"de\",\"@id\":\"https:\/\/kamagraeu.net\/de\/produkt\/vardeforce-20mg\/#primaryimage\",\"url\":\"https:\/\/kamagraeu.net\/de\/wp-content\/uploads\/sites\/2\/2020\/05\/vardeforce-20-1-624x624-1.jpg\",\"contentUrl\":\"https:\/\/kamagraeu.net\/de\/wp-content\/uploads\/sites\/2\/2020\/05\/vardeforce-20-1-624x624-1.jpg\",\"width\":624,\"height\":624},{\"@type\":\"BreadcrumbList\",\"@id\":\"https:\/\/kamagraeu.net\/de\/produkt\/vardeforce-20mg\/#breadcrumb\",\"itemListElement\":[{\"@type\":\"ListItem\",\"position\":1,\"name\":\"Home\",\"item\":\"https:\/\/kamagraeu.net\/de\/\"},{\"@type\":\"ListItem\",\"position\":2,\"name\":\"E-SHOP\",\"item\":\"https:\/\/kamagraeu.net\/de\/e-shop\/\"},{\"@type\":\"ListItem\",\"position\":3,\"name\":\"Vardeforce 20 mg\"}]},{\"@type\":\"WebSite\",\"@id\":\"https:\/\/kamagraeu.net\/de\/#website\",\"url\":\"https:\/\/kamagraeu.net\/de\/\",\"name\":\"KamagraEU.net\",\"description\":\"Kamagra kaufen\",\"publisher\":{\"@id\":\"https:\/\/kamagraeu.net\/de\/#organization\"},\"alternateName\":\"KamagrEU\",\"potentialAction\":[{\"@type\":\"SearchAction\",\"target\":{\"@type\":\"EntryPoint\",\"urlTemplate\":\"https:\/\/kamagraeu.net\/de\/?s={search_term_string}\"},\"query-input\":{\"@type\":\"PropertyValueSpecification\",\"valueRequired\":true,\"valueName\":\"search_term_string\"}}],\"inLanguage\":\"de\"},{\"@type\":\"Organization\",\"@id\":\"https:\/\/kamagraeu.net\/de\/#organization\",\"name\":\"Kamagraeu.net\",\"alternateName\":\"KamagrEU\",\"url\":\"https:\/\/kamagraeu.net\/de\/\",\"logo\":{\"@type\":\"ImageObject\",\"inLanguage\":\"de\",\"@id\":\"https:\/\/kamagraeu.net\/de\/#\/schema\/logo\/image\/\",\"url\":\"https:\/\/kamagraeu.net\/de\/wp-content\/uploads\/sites\/2\/2020\/05\/cropped-logo.png\",\"contentUrl\":\"https:\/\/kamagraeu.net\/de\/wp-content\/uploads\/sites\/2\/2020\/05\/cropped-logo.png\",\"width\":812,\"height\":192,\"caption\":\"Kamagraeu.net\"},\"image\":{\"@id\":\"https:\/\/kamagraeu.net\/de\/#\/schema\/logo\/image\/\"},\"description\":\"Kamagra Verkauf - Medikamente zur Unterst\u00fctzung und Behandlung von Erektionsproblemen. \u00dcber 40 Produkte auf Lager. Wir helfen sowohl bei der Verz\u00f6gerung der Ejakulation als auch bei der Verbesserung der Erektion.\",\"email\":\"info@kamagraeu.net\",\"telephone\":\"+49 30 315144533\",\"numberOfEmployees\":{\"@type\":\"QuantitativeValue\",\"minValue\":\"11\",\"maxValue\":\"50\"}}]}<\/script>\n<meta property=\"product:price:amount\" content=\"24.00\" \/>\n<meta property=\"product:price:currency\" content=\"EUR\" \/>\n<meta property=\"og:availability\" content=\"out of stock\" \/>\n<meta property=\"product:availability\" content=\"out of stock\" \/>\n<meta property=\"product:condition\" content=\"new\" \/>\n<!-- \/ Yoast SEO Premium plugin. -->","yoast_head_json":{"title":"Vardeforce 20 mg \u2013 Effektive Behandlung von erektiler Dysfunktion","description":"Vardeforce 20 mg enth\u00e4lt Sildenafil und hilft bei erektiler Dysfunktion. Verbessert die Erektion und unterst\u00fctzt eine zuverl\u00e4ssige sexuelle Leistung.","robots":{"index":"index","follow":"follow","max-snippet":"max-snippet:-1","max-image-preview":"max-image-preview:large","max-video-preview":"max-video-preview:-1"},"canonical":"https:\/\/kamagraeu.net\/de\/produkt\/vardeforce-20mg\/","og_locale":"de_DE","og_type":"article","og_title":"Vardeforce 20 mg","og_description":"Vardeforce 20 mg enth\u00e4lt Sildenafil und hilft bei erektiler Dysfunktion. Verbessert die Erektion und unterst\u00fctzt eine zuverl\u00e4ssige sexuelle Leistung.","og_url":"https:\/\/kamagraeu.net\/de\/produkt\/vardeforce-20mg\/","og_site_name":"Deutsch","article_modified_time":"2024-07-23T15:02:20+00:00","og_image":[{"width":624,"height":624,"url":"http:\/\/kamagraeu.net\/de\/wp-content\/uploads\/sites\/2\/2020\/05\/vardeforce-20-1-624x624-1.jpg","type":"image\/jpeg"}],"twitter_card":"summary_large_image","twitter_misc":{"Preis":"24.00&nbsp;&euro;","Verf\u00fcgbarkeit":"ausverkauft"},"schema":{"@context":"https:\/\/schema.org","@graph":[{"@type":"WebPage","@id":"https:\/\/kamagraeu.net\/de\/produkt\/vardeforce-20mg\/","url":"https:\/\/kamagraeu.net\/de\/produkt\/vardeforce-20mg\/","name":"Vardeforce 20 mg \u2013 Effektive Behandlung von erektiler Dysfunktion","isPartOf":{"@id":"https:\/\/kamagraeu.net\/de\/#website"},"primaryImageOfPage":{"@id":"https:\/\/kamagraeu.net\/de\/produkt\/vardeforce-20mg\/#primaryimage"},"image":{"@id":"https:\/\/kamagraeu.net\/de\/produkt\/vardeforce-20mg\/#primaryimage"},"thumbnailUrl":"https:\/\/kamagraeu.net\/de\/wp-content\/uploads\/sites\/2\/2020\/05\/vardeforce-20-1-624x624-1.jpg","datePublished":"2020-05-05T09:39:40+00:00","dateModified":"2024-07-23T15:02:20+00:00","description":"Vardeforce 20 mg enth\u00e4lt Sildenafil und hilft bei erektiler Dysfunktion. Verbessert die Erektion und unterst\u00fctzt eine zuverl\u00e4ssige sexuelle Leistung.","breadcrumb":{"@id":"https:\/\/kamagraeu.net\/de\/produkt\/vardeforce-20mg\/#breadcrumb"},"inLanguage":"de","potentialAction":[{"@type":"ReadAction","target":["https:\/\/kamagraeu.net\/de\/produkt\/vardeforce-20mg\/"]}]},{"@type":"ImageObject","inLanguage":"de","@id":"https:\/\/kamagraeu.net\/de\/produkt\/vardeforce-20mg\/#primaryimage","url":"https:\/\/kamagraeu.net\/de\/wp-content\/uploads\/sites\/2\/2020\/05\/vardeforce-20-1-624x624-1.jpg","contentUrl":"https:\/\/kamagraeu.net\/de\/wp-content\/uploads\/sites\/2\/2020\/05\/vardeforce-20-1-624x624-1.jpg","width":624,"height":624},{"@type":"BreadcrumbList","@id":"https:\/\/kamagraeu.net\/de\/produkt\/vardeforce-20mg\/#breadcrumb","itemListElement":[{"@type":"ListItem","position":1,"name":"Home","item":"https:\/\/kamagraeu.net\/de\/"},{"@type":"ListItem","position":2,"name":"E-SHOP","item":"https:\/\/kamagraeu.net\/de\/e-shop\/"},{"@type":"ListItem","position":3,"name":"Vardeforce 20 mg"}]},{"@type":"WebSite","@id":"https:\/\/kamagraeu.net\/de\/#website","url":"https:\/\/kamagraeu.net\/de\/","name":"KamagraEU.net","description":"Kamagra kaufen","publisher":{"@id":"https:\/\/kamagraeu.net\/de\/#organization"},"alternateName":"KamagrEU","potentialAction":[{"@type":"SearchAction","target":{"@type":"EntryPoint","urlTemplate":"https:\/\/kamagraeu.net\/de\/?s={search_term_string}"},"query-input":{"@type":"PropertyValueSpecification","valueRequired":true,"valueName":"search_term_string"}}],"inLanguage":"de"},{"@type":"Organization","@id":"https:\/\/kamagraeu.net\/de\/#organization","name":"Kamagraeu.net","alternateName":"KamagrEU","url":"https:\/\/kamagraeu.net\/de\/","logo":{"@type":"ImageObject","inLanguage":"de","@id":"https:\/\/kamagraeu.net\/de\/#\/schema\/logo\/image\/","url":"https:\/\/kamagraeu.net\/de\/wp-content\/uploads\/sites\/2\/2020\/05\/cropped-logo.png","contentUrl":"https:\/\/kamagraeu.net\/de\/wp-content\/uploads\/sites\/2\/2020\/05\/cropped-logo.png","width":812,"height":192,"caption":"Kamagraeu.net"},"image":{"@id":"https:\/\/kamagraeu.net\/de\/#\/schema\/logo\/image\/"},"description":"Kamagra Verkauf - Medikamente zur Unterst\u00fctzung und Behandlung von Erektionsproblemen. \u00dcber 40 Produkte auf Lager. Wir helfen sowohl bei der Verz\u00f6gerung der Ejakulation als auch bei der Verbesserung der Erektion.","email":"info@kamagraeu.net","telephone":"+49 30 315144533","numberOfEmployees":{"@type":"QuantitativeValue","minValue":"11","maxValue":"50"}}]},"product_price_amount":"24.00","product_price_currency":"EUR","og_availability":"out of stock","product_availability":"out of stock","product_condition":"new"},"_links":{"self":[{"href":"https:\/\/kamagraeu.net\/de\/wp-json\/wp\/v2\/product\/28"}],"collection":[{"href":"https:\/\/kamagraeu.net\/de\/wp-json\/wp\/v2\/product"}],"about":[{"href":"https:\/\/kamagraeu.net\/de\/wp-json\/wp\/v2\/types\/product"}],"replies":[{"embeddable":true,"href":"https:\/\/kamagraeu.net\/de\/wp-json\/wp\/v2\/comments?post=28"}],"wp:featuredmedia":[{"embeddable":true,"href":"https:\/\/kamagraeu.net\/de\/wp-json\/wp\/v2\/media\/94"}],"wp:attachment":[{"href":"https:\/\/kamagraeu.net\/de\/wp-json\/wp\/v2\/media?parent=28"}],"wp:term":[{"taxonomy":"product_brand","embeddable":true,"href":"https:\/\/kamagraeu.net\/de\/wp-json\/wp\/v2\/product_brand?post=28"},{"taxonomy":"product_cat","embeddable":true,"href":"https:\/\/kamagraeu.net\/de\/wp-json\/wp\/v2\/product_cat?post=28"},{"taxonomy":"product_tag","embeddable":true,"href":"https:\/\/kamagraeu.net\/de\/wp-json\/wp\/v2\/product_tag?post=28"}],"curies":[{"name":"wp","href":"https:\/\/api.w.org\/{rel}","templated":true}]}}