{"id":29,"date":"2020-05-05T11:39:40","date_gmt":"2020-05-05T09:39:40","guid":{"rendered":"http:\/\/kamagraeu.net\/de\/produkt\/import-placeholder-for-1292\/"},"modified":"2024-07-23T15:57:32","modified_gmt":"2024-07-23T13:57:32","slug":"vilitra-20mg","status":"publish","type":"product","link":"https:\/\/kamagraeu.net\/de\/produkt\/vilitra-20mg\/","title":{"rendered":"Vilitra 20 mg"},"content":{"rendered":"<p>Es tut uns Leid, aber das Produkt ist leider nicht auf Lager. Suchen Sie sich bitte ein anderes Produkt aus. Vollwertige Alternative:\u00a0<a href=\"https:\/\/de.kamagra-eu.net\/product\/vardeforce-20mg\/\">Vardeforce 20mg<\/a><\/p>\n<h4>Mit Vilitra 20mg die Potenz steigern<\/h4>\n<p>M\u00e4nner, die an einer erektilen Dysfunktion leiden, haben ein schweres Laster zur tragen. Nun gibt es aber eine L\u00f6sung \u2013 Vilitra 20mg. Der Hersteller Centurion Laborities hat dieses Produkt vor einiger Zeit auf den Markt gebracht, und seither erfreut es sich gro\u00dfer Beliebtheit. Der gro\u00dfe Vorteil bei Vilitra 20mg besteht darin, dass es bereits 20 Minuten nach der Einnahme seine Wirkung zeigt, die zudem bis zu 12 Stunden anh\u00e4lt. Zudem weist dieses Potenzmittel kaum Nebenwirkungen auf, da es sanft und gut verdaulich ist.<\/p>\n<h4>Wirkungsmechanismus von Vilitra 20mg<\/h4>\n<p>Die Tabletten lassen sich einfach mit einem Schluck Wasser einnehmen. Durch den Inhaltsstoff Vardenafil gibt es eine direkte Einwirkung auf die glatte Muskulatur, wodurch die Durchblutung des m\u00e4nnlichen Gliedes und des Schwellk\u00f6rpers verbessert wird. Nun wird eine Erektion nicht nur m\u00f6glich, diese ist auch langanhaltend und qualitativ. M\u00e4nner k\u00f6nnen nun den Geschlechtsverkehr wieder ausleben. Vilitra 20mg bek\u00e4mpft allerdings nicht nur die erektile Dysfunktion an sich. Binnen kurzer Zeit nehmen auch unangenehme Begleiterscheinungen dieser Potenzst\u00f6rung ab.<\/p>\n<h4>Welcher Wirkstoff ist in Vilitra 20mg enthalten?<\/h4>\n<p>Jede Tablette Vilitra 20mg weist 20mg Vardenafil auf. Hierbei handelt es sich um den Wirkstoff, der durch Levitra seine Bekanntheit erfahren hat. Vilitra 20mg weist den gleichen Wirkmechanismus wie das Original auf, hat aber einen g\u00fcnstigeren Preis. Demnach handelt es sich bei diesem Potenzmittel um einen preiswerten Ersatz von Levitra.<\/p>\n<h4>Welche Dosierung wird bei Vilitra 20mg empfohlen?<\/h4>\n<p>Es sollte stets die ganze Tablette Vilitra 20mg eingenommen werden, um das gesamte Wirkspektrum zu erhalten. Allerdings sollte die Tagesdosis von 20mg nicht \u00fcberschritten werden. Damit die Wirkung sich voll entfalten kann, wird die Einnahme auf n\u00fcchternen Magen empfohlen. Auch auf fettreiche Speisen und Alkohol sollte im Vorfeld verzichtet werden. Durch sexuelle Anreize kommt die Wirkung voll zur Geltung. Hierf\u00fcr wird die Einnahme bereits beim Vorspiel empfohlen. Es handelt sich bei Vilitra 20mg nicht um ein Aphrodisiakum weswegen die sexuelle Lust nicht angekurbelt wird. Die Wirkung tritt nach rund 20 Minuten ein und bleibt bis zu 12 Stunden bestehen. W\u00e4hrend dieser Zeit ist auch der mehrmalige Geschlechtsverkehr m\u00f6glich.<\/p>\n<h4>Wer sollte Vilitra 20mg nicht einnehmen?<\/h4>\n<p>Besteht eine Allergie gegen den Inhaltsstoff ist die Einnahme von Vilitra 20mg kontraindiziert. Gleiches gilt auch bei coronaren Erkrankungen und einem Herzinfarkt. Durch die gleichzeitige Einnahme von Vilitra 20mg, Stickstoffmonoxiden und Nitraten kann es zudem zu Wechselwirkungen kommen. Vor allem bei Angina Pectoris kommen Medikamente mit diesen beiden Wirkstoffen immer wieder zum Einsatz. Wer an Bluthochdruck, niedrigem Blutdruck oder einer Gerinnungsst\u00f6rung leidet, sollte vor der ersten Einnahme einen Arzt konsultieren, um etwaige gesundheitliche Risiken einsch\u00e4tzen zu lassen. Zudem wird vom Hersteller empfohlen, dass jeder Mann vor der ersten Einnahme von Vilitra 20mg zur Sicherheit einen gesundheitlichen Check durchf\u00fchren lassen sollte.<\/p>\n<h4>Welche Nebenwirkungen k\u00f6nnen sich zeigen?<\/h4>\n<p>Vilitra 20mg ist ein Potenzmittel, welches leicht vertr\u00e4glich ist, und zudem kaum Nebenwirkungen mit sich bringt. Dennoch k\u00f6nnen Nebenwirkungen nie zur G\u00e4nze ausgeschlossen werden. In seltenen F\u00e4llen k\u00f6nnen sich Symptome wie Kopfschmerzen, eine tropfende Nase, Nasenbluten oder auch Sehst\u00f6rungen zeigen. Manche Betroffene f\u00fchren Schwindelgef\u00fchle, Verdauungsprobleme und Atemprobleme an. Sollten diese oder \u00e4hnliche Symptome nach der Einnahme von Vilitra 20mg aufkommen, sollte auf jeden Fall ein Arzt aufgesucht werden. Es wird angeraten, dass bis zur \u00e4rztlichen Abkl\u00e4rung auf die Einnahme von weiteren Potenzmitteln verzichtet wird.<\/p>\n<h4>Wie wird Vilitra 20mg gelagert?<\/h4>\n<p>Am besten sollten Temperaturen \u00fcber 30 Grad g\u00e4nzlich vermieden werden. Die Tabletten sollten zum Schutz vor Feuchtigkeit zudem bis zur Einnahme in der Verpackung und im Blister belassen werden.<\/p>\n","protected":false},"excerpt":{"rendered":"<table>\n<tbody>\n<tr>\n<td>Packungsinhalt<\/td>\n<td><strong>10 \u00fcberzogene Tabletten<\/strong><\/td>\n<\/tr>\n<tr>\n<td>Wirkstoff<\/td>\n<td>Vardenafil<\/td>\n<\/tr>\n<tr>\n<td>Wirkstoff in einer Tablette<\/td>\n<td><strong>Vardenafil 20 mg<br \/>\n<\/strong><\/td>\n<\/tr>\n<tr>\n<td>Wirkungseintritt<\/td>\n<td>20\u201330 Minuten<\/td>\n<\/tr>\n<tr>\n<td>Wirkungsdauer<\/td>\n<td><strong>bis 12 Stunden<\/strong><\/td>\n<\/tr>\n<tr>\n<td>Form<\/td>\n<td><strong>Tabletten<\/strong><\/td>\n<\/tr>\n<\/tbody>\n<\/table>\n","protected":false},"featured_media":5370,"comment_status":"closed","ping_status":"closed","template":"","meta":[],"product_brand":[],"product_cat":[19],"product_tag":[],"class_list":{"0":"post-29","1":"product","2":"type-product","3":"status-publish","4":"has-post-thumbnail","6":"product_cat-levitra-generika","8":"first","9":"instock","10":"shipping-taxable","11":"purchasable","12":"product-type-simple"},"yoast_head":"<!-- This site is optimized with the Yoast SEO Premium plugin v23.0 (Yoast SEO v25.6) - https:\/\/yoast.com\/wordpress\/plugins\/seo\/ -->\n<title>Vilitra 20 mg - Schnelle und zuverl\u00e4ssige Hilfe bei ED<\/title>\n<meta name=\"description\" content=\"Vilitra 20 mg mit Vardenafil bietet eine zuverl\u00e4ssige und schnelle L\u00f6sung gegen erektile Dysfunktion. Erleben Sie neue Selbstsicherheit und bestellen\" \/>\n<meta name=\"robots\" content=\"index, follow, max-snippet:-1, max-image-preview:large, max-video-preview:-1\" \/>\n<link rel=\"canonical\" href=\"https:\/\/kamagraeu.net\/de\/produkt\/vilitra-20mg\/\" \/>\n<meta property=\"og:locale\" content=\"de_DE\" \/>\n<meta property=\"og:type\" content=\"article\" \/>\n<meta property=\"og:title\" content=\"Vilitra 20 mg\" \/>\n<meta property=\"og:description\" content=\"Vilitra 20 mg mit Vardenafil bietet eine zuverl\u00e4ssige und schnelle L\u00f6sung gegen erektile Dysfunktion. Erleben Sie neue Selbstsicherheit und bestellen\" \/>\n<meta property=\"og:url\" content=\"https:\/\/kamagraeu.net\/de\/produkt\/vilitra-20mg\/\" \/>\n<meta property=\"og:site_name\" content=\"Deutsch\" \/>\n<meta property=\"article:modified_time\" content=\"2024-07-23T13:57:32+00:00\" \/>\n<meta property=\"og:image\" content=\"http:\/\/kamagraeu.net\/de\/wp-content\/uploads\/sites\/2\/2022\/10\/1000_vilitra_20_pills_x8t1d.jpg\" \/>\n\t<meta property=\"og:image:width\" content=\"1000\" \/>\n\t<meta property=\"og:image:height\" content=\"1000\" \/>\n\t<meta property=\"og:image:type\" content=\"image\/jpeg\" \/>\n<meta name=\"twitter:card\" content=\"summary_large_image\" \/>\n<meta name=\"twitter:label1\" content=\"Preis\" \/>\n\t<meta name=\"twitter:data1\" content=\"26.00&nbsp;&euro;\" \/>\n\t<meta name=\"twitter:label2\" content=\"Verf\u00fcgbarkeit\" \/>\n\t<meta name=\"twitter:data2\" content=\"Auf Lager\" \/>\n<script type=\"application\/ld+json\" class=\"yoast-schema-graph\">{\"@context\":\"https:\/\/schema.org\",\"@graph\":[{\"@type\":\"WebPage\",\"@id\":\"https:\/\/kamagraeu.net\/de\/produkt\/vilitra-20mg\/\",\"url\":\"https:\/\/kamagraeu.net\/de\/produkt\/vilitra-20mg\/\",\"name\":\"Vilitra 20 mg - Schnelle und zuverl\u00e4ssige Hilfe bei ED\",\"isPartOf\":{\"@id\":\"https:\/\/kamagraeu.net\/de\/#website\"},\"primaryImageOfPage\":{\"@id\":\"https:\/\/kamagraeu.net\/de\/produkt\/vilitra-20mg\/#primaryimage\"},\"image\":{\"@id\":\"https:\/\/kamagraeu.net\/de\/produkt\/vilitra-20mg\/#primaryimage\"},\"thumbnailUrl\":\"https:\/\/kamagraeu.net\/de\/wp-content\/uploads\/sites\/2\/2022\/10\/1000_vilitra_20_pills_x8t1d.jpg\",\"datePublished\":\"2020-05-05T09:39:40+00:00\",\"dateModified\":\"2024-07-23T13:57:32+00:00\",\"description\":\"Vilitra 20 mg mit Vardenafil bietet eine zuverl\u00e4ssige und schnelle L\u00f6sung gegen erektile Dysfunktion. Erleben Sie neue Selbstsicherheit und bestellen\",\"breadcrumb\":{\"@id\":\"https:\/\/kamagraeu.net\/de\/produkt\/vilitra-20mg\/#breadcrumb\"},\"inLanguage\":\"de\",\"potentialAction\":[{\"@type\":\"ReadAction\",\"target\":[\"https:\/\/kamagraeu.net\/de\/produkt\/vilitra-20mg\/\"]}]},{\"@type\":\"ImageObject\",\"inLanguage\":\"de\",\"@id\":\"https:\/\/kamagraeu.net\/de\/produkt\/vilitra-20mg\/#primaryimage\",\"url\":\"https:\/\/kamagraeu.net\/de\/wp-content\/uploads\/sites\/2\/2022\/10\/1000_vilitra_20_pills_x8t1d.jpg\",\"contentUrl\":\"https:\/\/kamagraeu.net\/de\/wp-content\/uploads\/sites\/2\/2022\/10\/1000_vilitra_20_pills_x8t1d.jpg\",\"width\":1000,\"height\":1000},{\"@type\":\"BreadcrumbList\",\"@id\":\"https:\/\/kamagraeu.net\/de\/produkt\/vilitra-20mg\/#breadcrumb\",\"itemListElement\":[{\"@type\":\"ListItem\",\"position\":1,\"name\":\"Home\",\"item\":\"https:\/\/kamagraeu.net\/de\/\"},{\"@type\":\"ListItem\",\"position\":2,\"name\":\"E-SHOP\",\"item\":\"https:\/\/kamagraeu.net\/de\/e-shop\/\"},{\"@type\":\"ListItem\",\"position\":3,\"name\":\"Vilitra 20 mg\"}]},{\"@type\":\"WebSite\",\"@id\":\"https:\/\/kamagraeu.net\/de\/#website\",\"url\":\"https:\/\/kamagraeu.net\/de\/\",\"name\":\"KamagraEU.net\",\"description\":\"Kamagra kaufen\",\"publisher\":{\"@id\":\"https:\/\/kamagraeu.net\/de\/#organization\"},\"alternateName\":\"KamagrEU\",\"potentialAction\":[{\"@type\":\"SearchAction\",\"target\":{\"@type\":\"EntryPoint\",\"urlTemplate\":\"https:\/\/kamagraeu.net\/de\/?s={search_term_string}\"},\"query-input\":{\"@type\":\"PropertyValueSpecification\",\"valueRequired\":true,\"valueName\":\"search_term_string\"}}],\"inLanguage\":\"de\"},{\"@type\":\"Organization\",\"@id\":\"https:\/\/kamagraeu.net\/de\/#organization\",\"name\":\"Kamagraeu.net\",\"alternateName\":\"KamagrEU\",\"url\":\"https:\/\/kamagraeu.net\/de\/\",\"logo\":{\"@type\":\"ImageObject\",\"inLanguage\":\"de\",\"@id\":\"https:\/\/kamagraeu.net\/de\/#\/schema\/logo\/image\/\",\"url\":\"https:\/\/kamagraeu.net\/de\/wp-content\/uploads\/sites\/2\/2020\/05\/cropped-logo.png\",\"contentUrl\":\"https:\/\/kamagraeu.net\/de\/wp-content\/uploads\/sites\/2\/2020\/05\/cropped-logo.png\",\"width\":812,\"height\":192,\"caption\":\"Kamagraeu.net\"},\"image\":{\"@id\":\"https:\/\/kamagraeu.net\/de\/#\/schema\/logo\/image\/\"},\"description\":\"Kamagra Verkauf - Medikamente zur Unterst\u00fctzung und Behandlung von Erektionsproblemen. \u00dcber 40 Produkte auf Lager. Wir helfen sowohl bei der Verz\u00f6gerung der Ejakulation als auch bei der Verbesserung der Erektion.\",\"email\":\"info@kamagraeu.net\",\"telephone\":\"+49 30 315144533\",\"numberOfEmployees\":{\"@type\":\"QuantitativeValue\",\"minValue\":\"11\",\"maxValue\":\"50\"}}]}<\/script>\n<meta property=\"product:price:amount\" content=\"26.00\" \/>\n<meta property=\"product:price:currency\" content=\"EUR\" \/>\n<meta property=\"og:availability\" content=\"instock\" \/>\n<meta property=\"product:availability\" content=\"instock\" \/>\n<meta property=\"product:condition\" content=\"new\" \/>\n<!-- \/ Yoast SEO Premium plugin. -->","yoast_head_json":{"title":"Vilitra 20 mg - Schnelle und zuverl\u00e4ssige Hilfe bei ED","description":"Vilitra 20 mg mit Vardenafil bietet eine zuverl\u00e4ssige und schnelle L\u00f6sung gegen erektile Dysfunktion. Erleben Sie neue Selbstsicherheit und bestellen","robots":{"index":"index","follow":"follow","max-snippet":"max-snippet:-1","max-image-preview":"max-image-preview:large","max-video-preview":"max-video-preview:-1"},"canonical":"https:\/\/kamagraeu.net\/de\/produkt\/vilitra-20mg\/","og_locale":"de_DE","og_type":"article","og_title":"Vilitra 20 mg","og_description":"Vilitra 20 mg mit Vardenafil bietet eine zuverl\u00e4ssige und schnelle L\u00f6sung gegen erektile Dysfunktion. Erleben Sie neue Selbstsicherheit und bestellen","og_url":"https:\/\/kamagraeu.net\/de\/produkt\/vilitra-20mg\/","og_site_name":"Deutsch","article_modified_time":"2024-07-23T13:57:32+00:00","og_image":[{"width":1000,"height":1000,"url":"http:\/\/kamagraeu.net\/de\/wp-content\/uploads\/sites\/2\/2022\/10\/1000_vilitra_20_pills_x8t1d.jpg","type":"image\/jpeg"}],"twitter_card":"summary_large_image","twitter_misc":{"Preis":"26.00&nbsp;&euro;","Verf\u00fcgbarkeit":"Auf Lager"},"schema":{"@context":"https:\/\/schema.org","@graph":[{"@type":"WebPage","@id":"https:\/\/kamagraeu.net\/de\/produkt\/vilitra-20mg\/","url":"https:\/\/kamagraeu.net\/de\/produkt\/vilitra-20mg\/","name":"Vilitra 20 mg - Schnelle und zuverl\u00e4ssige Hilfe bei ED","isPartOf":{"@id":"https:\/\/kamagraeu.net\/de\/#website"},"primaryImageOfPage":{"@id":"https:\/\/kamagraeu.net\/de\/produkt\/vilitra-20mg\/#primaryimage"},"image":{"@id":"https:\/\/kamagraeu.net\/de\/produkt\/vilitra-20mg\/#primaryimage"},"thumbnailUrl":"https:\/\/kamagraeu.net\/de\/wp-content\/uploads\/sites\/2\/2022\/10\/1000_vilitra_20_pills_x8t1d.jpg","datePublished":"2020-05-05T09:39:40+00:00","dateModified":"2024-07-23T13:57:32+00:00","description":"Vilitra 20 mg mit Vardenafil bietet eine zuverl\u00e4ssige und schnelle L\u00f6sung gegen erektile Dysfunktion. Erleben Sie neue Selbstsicherheit und bestellen","breadcrumb":{"@id":"https:\/\/kamagraeu.net\/de\/produkt\/vilitra-20mg\/#breadcrumb"},"inLanguage":"de","potentialAction":[{"@type":"ReadAction","target":["https:\/\/kamagraeu.net\/de\/produkt\/vilitra-20mg\/"]}]},{"@type":"ImageObject","inLanguage":"de","@id":"https:\/\/kamagraeu.net\/de\/produkt\/vilitra-20mg\/#primaryimage","url":"https:\/\/kamagraeu.net\/de\/wp-content\/uploads\/sites\/2\/2022\/10\/1000_vilitra_20_pills_x8t1d.jpg","contentUrl":"https:\/\/kamagraeu.net\/de\/wp-content\/uploads\/sites\/2\/2022\/10\/1000_vilitra_20_pills_x8t1d.jpg","width":1000,"height":1000},{"@type":"BreadcrumbList","@id":"https:\/\/kamagraeu.net\/de\/produkt\/vilitra-20mg\/#breadcrumb","itemListElement":[{"@type":"ListItem","position":1,"name":"Home","item":"https:\/\/kamagraeu.net\/de\/"},{"@type":"ListItem","position":2,"name":"E-SHOP","item":"https:\/\/kamagraeu.net\/de\/e-shop\/"},{"@type":"ListItem","position":3,"name":"Vilitra 20 mg"}]},{"@type":"WebSite","@id":"https:\/\/kamagraeu.net\/de\/#website","url":"https:\/\/kamagraeu.net\/de\/","name":"KamagraEU.net","description":"Kamagra kaufen","publisher":{"@id":"https:\/\/kamagraeu.net\/de\/#organization"},"alternateName":"KamagrEU","potentialAction":[{"@type":"SearchAction","target":{"@type":"EntryPoint","urlTemplate":"https:\/\/kamagraeu.net\/de\/?s={search_term_string}"},"query-input":{"@type":"PropertyValueSpecification","valueRequired":true,"valueName":"search_term_string"}}],"inLanguage":"de"},{"@type":"Organization","@id":"https:\/\/kamagraeu.net\/de\/#organization","name":"Kamagraeu.net","alternateName":"KamagrEU","url":"https:\/\/kamagraeu.net\/de\/","logo":{"@type":"ImageObject","inLanguage":"de","@id":"https:\/\/kamagraeu.net\/de\/#\/schema\/logo\/image\/","url":"https:\/\/kamagraeu.net\/de\/wp-content\/uploads\/sites\/2\/2020\/05\/cropped-logo.png","contentUrl":"https:\/\/kamagraeu.net\/de\/wp-content\/uploads\/sites\/2\/2020\/05\/cropped-logo.png","width":812,"height":192,"caption":"Kamagraeu.net"},"image":{"@id":"https:\/\/kamagraeu.net\/de\/#\/schema\/logo\/image\/"},"description":"Kamagra Verkauf - Medikamente zur Unterst\u00fctzung und Behandlung von Erektionsproblemen. \u00dcber 40 Produkte auf Lager. Wir helfen sowohl bei der Verz\u00f6gerung der Ejakulation als auch bei der Verbesserung der Erektion.","email":"info@kamagraeu.net","telephone":"+49 30 315144533","numberOfEmployees":{"@type":"QuantitativeValue","minValue":"11","maxValue":"50"}}]},"product_price_amount":"26.00","product_price_currency":"EUR","og_availability":"instock","product_availability":"instock","product_condition":"new"},"_links":{"self":[{"href":"https:\/\/kamagraeu.net\/de\/wp-json\/wp\/v2\/product\/29"}],"collection":[{"href":"https:\/\/kamagraeu.net\/de\/wp-json\/wp\/v2\/product"}],"about":[{"href":"https:\/\/kamagraeu.net\/de\/wp-json\/wp\/v2\/types\/product"}],"replies":[{"embeddable":true,"href":"https:\/\/kamagraeu.net\/de\/wp-json\/wp\/v2\/comments?post=29"}],"wp:featuredmedia":[{"embeddable":true,"href":"https:\/\/kamagraeu.net\/de\/wp-json\/wp\/v2\/media\/5370"}],"wp:attachment":[{"href":"https:\/\/kamagraeu.net\/de\/wp-json\/wp\/v2\/media?parent=29"}],"wp:term":[{"taxonomy":"product_brand","embeddable":true,"href":"https:\/\/kamagraeu.net\/de\/wp-json\/wp\/v2\/product_brand?post=29"},{"taxonomy":"product_cat","embeddable":true,"href":"https:\/\/kamagraeu.net\/de\/wp-json\/wp\/v2\/product_cat?post=29"},{"taxonomy":"product_tag","embeddable":true,"href":"https:\/\/kamagraeu.net\/de\/wp-json\/wp\/v2\/product_tag?post=29"}],"curies":[{"name":"wp","href":"https:\/\/api.w.org\/{rel}","templated":true}]}}