{"id":35,"date":"2020-05-05T11:39:40","date_gmt":"2020-05-05T09:39:40","guid":{"rendered":"http:\/\/kamagraeu.net\/de\/produkt\/import-placeholder-for-1316\/"},"modified":"2022-05-05T16:18:10","modified_gmt":"2022-05-05T14:18:10","slug":"avaforce-100mg","status":"publish","type":"product","link":"https:\/\/kamagraeu.net\/de\/produkt\/avaforce-100mg\/","title":{"rendered":"Avaforce 100mg"},"content":{"rendered":"<h4>Wirkstoff Avanafil 100 mg. Alternative zu Viagra<\/h4>\n<p>Avanafil wird zur Behandlung der erektilen Dysfunktion bei erwachsenen M\u00e4nnern eingesetzt. Die empfohlene Dosis von Avanafil betr\u00e4gt 100 mg und wird bei Bedarf etwa 30 Minuten vor der sexuellen Aktivit\u00e4t eingenommen.<\/p>\n<h4>Avanafil Wirkungsdauer und Wirkungseintritt<\/h4>\n<p>Einige Studien konnten zeigen, dass die Wirkung von Avanafil bereits innerhalb von 15 Minuten einsetzt und \u00fcber 6 Stunden andauern kann.<\/p>\n<h4>Was ist noch besser als Viagra? Avaforce 100 mg<\/h4>\n<p>F\u00fcr die Wirkung von PDE-5-Hemmern ist eine sexuelle Erregung notwendig. Je nach individueller Wirksamkeit und Vertr\u00e4glichkeit kann die Dosis auf maximal 200 mg erh\u00f6ht oder auf 50 mg reduziert werden. Im Vergleich zu anderen PDE-5-Hemmern konnte eine h\u00f6here Selektivit\u00e4t von Avanafil f\u00fcr die Phosphodiesterase-5 gezeigt werden, was eine bessere Vertr\u00e4glichkeit zur Folge hat.<\/p>\n<h4>Gegenanzeigen (Kontraindikationen)<\/h4>\n<p>Wechselwirkungen mit anderen Medikamenten.Avanafil darf nicht mit bestimmten anderen Arzneimitteln wie Nitraten (eine bestimmte Art von Arzneimitteln gegen Angina pectoris) oder Arzneimitteln angewendet werden, die den Abbau von Avanafil im K\u00f6rper stark reduzieren.<\/p>\n<h4>Unerw\u00fcnschte Wirkungen (Nebenwirkungen)<\/h4>\n<p>Avanafil hat keine sehr h\u00e4ufigen (&gt;1\/10) Nebenwirkungen. H\u00e4ufige Nebenwirkungen (&gt;1\/100 bis &lt;1\/10) von Avanafil sind Kopfschmerzen, Flush (Err\u00f6ten) und verstopfte Nase. Die vollst\u00e4ndige Auflistung der im Zusammenhang mit Avanafil berichteten Nebenwirkungen ist der Packungsbeilage zu entnehmen.<\/p>\n<h4>Erektionsst\u00f6rungen (ED)<\/h4>\n<p>Als Erektionsst\u00f6rungen werden gemeinsam alle Probleme bezeichnet, welche durch eine unzureichende, oder auch gar keine Erektion verursacht sind. Es handelt sich um ein sehr verbreitetes Ph\u00e4nomen, welches vor allem bei M\u00e4nnern zwischen 40-70 Jahre erscheint.<\/p>\n<h4>Erektionsprobleme<\/h4>\n<p>Die Erektionsprobleme sind h\u00e4ufige und unangenehme Ph\u00e4nomene, welche am meisten bei M\u00e4nnern \u00fcber 40 erscheinen. Die Ursachen dieser Probleme sind von physischem (vor allem bei \u00e4lteren M\u00e4nnern) und psychischem (bei \u00e4lteren aber auch j\u00fcngeren M\u00e4nnern) Charakter.<\/p>\n","protected":false},"excerpt":{"rendered":"<p>Wirkstoff Avanafil 100 mg. Alternative zu Viagra Avanafil wird zur Behandlung der erektilen Dysfunktion bei erwachsenen M\u00e4nnern eingesetzt. Die empfohlene Dosis von Avanafil betr\u00e4gt 100 mg und wird bei Bedarf etwa 30 Minuten vor der sexuellen Aktivit\u00e4t eingenommen. Avanafil Wirkungsdauer und Wirkungseintritt Einige Studien konnten zeigen, dass die Wirkung von Avanafil bereits innerhalb von 15 [&#8230;]\n","protected":false},"featured_media":107,"comment_status":"closed","ping_status":"closed","template":"","meta":[],"product_brand":[],"product_cat":[20],"product_tag":[],"class_list":{"0":"post-35","1":"product","2":"type-product","3":"status-publish","4":"has-post-thumbnail","6":"product_cat-spedra-generika","8":"first","9":"outofstock","10":"shipping-taxable","11":"purchasable","12":"product-type-simple"},"yoast_head":"<!-- This site is optimized with the Yoast SEO Premium plugin v23.0 (Yoast SEO v25.6) - https:\/\/yoast.com\/wordpress\/plugins\/seo\/ -->\n<title>Avaforce 100mg | Deutsch<\/title>\n<meta name=\"robots\" content=\"index, follow, max-snippet:-1, max-image-preview:large, max-video-preview:-1\" \/>\n<link rel=\"canonical\" href=\"https:\/\/kamagraeu.net\/de\/produkt\/avaforce-100mg\/\" \/>\n<meta property=\"og:locale\" content=\"de_DE\" \/>\n<meta property=\"og:type\" content=\"article\" \/>\n<meta property=\"og:title\" content=\"Avaforce 100mg\" \/>\n<meta property=\"og:description\" content=\"Wirkstoff Avanafil 100 mg. Alternative zu Viagra Avanafil wird zur Behandlung der erektilen Dysfunktion bei erwachsenen M\u00e4nnern eingesetzt. Die empfohlene Dosis von Avanafil betr\u00e4gt 100 mg und wird bei Bedarf etwa 30 Minuten vor der sexuellen Aktivit\u00e4t eingenommen. Avanafil Wirkungsdauer und Wirkungseintritt Einige Studien konnten zeigen, dass die Wirkung von Avanafil bereits innerhalb von 15 [...]\" \/>\n<meta property=\"og:url\" content=\"https:\/\/kamagraeu.net\/de\/produkt\/avaforce-100mg\/\" \/>\n<meta property=\"og:site_name\" content=\"Deutsch\" \/>\n<meta property=\"article:modified_time\" content=\"2022-05-05T14:18:10+00:00\" \/>\n<meta property=\"og:image\" content=\"https:\/\/kamagraeu.net\/de\/wp-content\/uploads\/sites\/2\/2020\/05\/avaforce-100-1-600x600-1.jpg\" \/>\n\t<meta property=\"og:image:width\" content=\"600\" \/>\n\t<meta property=\"og:image:height\" content=\"600\" \/>\n\t<meta property=\"og:image:type\" content=\"image\/jpeg\" \/>\n<meta name=\"twitter:card\" content=\"summary_large_image\" \/>\n<meta name=\"twitter:label1\" content=\"Preis\" \/>\n\t<meta name=\"twitter:data1\" content=\"25.00&nbsp;&euro;\" \/>\n\t<meta name=\"twitter:label2\" content=\"Verf\u00fcgbarkeit\" \/>\n\t<meta name=\"twitter:data2\" content=\"ausverkauft\" \/>\n<script type=\"application\/ld+json\" class=\"yoast-schema-graph\">{\"@context\":\"https:\/\/schema.org\",\"@graph\":[{\"@type\":\"WebPage\",\"@id\":\"https:\/\/kamagraeu.net\/de\/produkt\/avaforce-100mg\/\",\"url\":\"https:\/\/kamagraeu.net\/de\/produkt\/avaforce-100mg\/\",\"name\":\"Avaforce 100mg | Deutsch\",\"isPartOf\":{\"@id\":\"https:\/\/kamagraeu.net\/de\/#website\"},\"primaryImageOfPage\":{\"@id\":\"https:\/\/kamagraeu.net\/de\/produkt\/avaforce-100mg\/#primaryimage\"},\"image\":{\"@id\":\"https:\/\/kamagraeu.net\/de\/produkt\/avaforce-100mg\/#primaryimage\"},\"thumbnailUrl\":\"https:\/\/kamagraeu.net\/de\/wp-content\/uploads\/sites\/2\/2020\/05\/avaforce-100-1-600x600-1.jpg\",\"datePublished\":\"2020-05-05T09:39:40+00:00\",\"dateModified\":\"2022-05-05T14:18:10+00:00\",\"breadcrumb\":{\"@id\":\"https:\/\/kamagraeu.net\/de\/produkt\/avaforce-100mg\/#breadcrumb\"},\"inLanguage\":\"de\",\"potentialAction\":[{\"@type\":\"ReadAction\",\"target\":[\"https:\/\/kamagraeu.net\/de\/produkt\/avaforce-100mg\/\"]}]},{\"@type\":\"ImageObject\",\"inLanguage\":\"de\",\"@id\":\"https:\/\/kamagraeu.net\/de\/produkt\/avaforce-100mg\/#primaryimage\",\"url\":\"https:\/\/kamagraeu.net\/de\/wp-content\/uploads\/sites\/2\/2020\/05\/avaforce-100-1-600x600-1.jpg\",\"contentUrl\":\"https:\/\/kamagraeu.net\/de\/wp-content\/uploads\/sites\/2\/2020\/05\/avaforce-100-1-600x600-1.jpg\",\"width\":600,\"height\":600},{\"@type\":\"BreadcrumbList\",\"@id\":\"https:\/\/kamagraeu.net\/de\/produkt\/avaforce-100mg\/#breadcrumb\",\"itemListElement\":[{\"@type\":\"ListItem\",\"position\":1,\"name\":\"Home\",\"item\":\"https:\/\/kamagraeu.net\/de\/\"},{\"@type\":\"ListItem\",\"position\":2,\"name\":\"E-SHOP\",\"item\":\"https:\/\/kamagraeu.net\/de\/e-shop\/\"},{\"@type\":\"ListItem\",\"position\":3,\"name\":\"Avaforce 100mg\"}]},{\"@type\":\"WebSite\",\"@id\":\"https:\/\/kamagraeu.net\/de\/#website\",\"url\":\"https:\/\/kamagraeu.net\/de\/\",\"name\":\"KamagraEU.net\",\"description\":\"Kamagra kaufen\",\"publisher\":{\"@id\":\"https:\/\/kamagraeu.net\/de\/#organization\"},\"alternateName\":\"KamagrEU\",\"potentialAction\":[{\"@type\":\"SearchAction\",\"target\":{\"@type\":\"EntryPoint\",\"urlTemplate\":\"https:\/\/kamagraeu.net\/de\/?s={search_term_string}\"},\"query-input\":{\"@type\":\"PropertyValueSpecification\",\"valueRequired\":true,\"valueName\":\"search_term_string\"}}],\"inLanguage\":\"de\"},{\"@type\":\"Organization\",\"@id\":\"https:\/\/kamagraeu.net\/de\/#organization\",\"name\":\"Kamagraeu.net\",\"alternateName\":\"KamagrEU\",\"url\":\"https:\/\/kamagraeu.net\/de\/\",\"logo\":{\"@type\":\"ImageObject\",\"inLanguage\":\"de\",\"@id\":\"https:\/\/kamagraeu.net\/de\/#\/schema\/logo\/image\/\",\"url\":\"https:\/\/kamagraeu.net\/de\/wp-content\/uploads\/sites\/2\/2020\/05\/cropped-logo.png\",\"contentUrl\":\"https:\/\/kamagraeu.net\/de\/wp-content\/uploads\/sites\/2\/2020\/05\/cropped-logo.png\",\"width\":812,\"height\":192,\"caption\":\"Kamagraeu.net\"},\"image\":{\"@id\":\"https:\/\/kamagraeu.net\/de\/#\/schema\/logo\/image\/\"},\"description\":\"Kamagra Verkauf - Medikamente zur Unterst\u00fctzung und Behandlung von Erektionsproblemen. \u00dcber 40 Produkte auf Lager. Wir helfen sowohl bei der Verz\u00f6gerung der Ejakulation als auch bei der Verbesserung der Erektion.\",\"email\":\"info@kamagraeu.net\",\"telephone\":\"+49 30 315144533\",\"numberOfEmployees\":{\"@type\":\"QuantitativeValue\",\"minValue\":\"11\",\"maxValue\":\"50\"}}]}<\/script>\n<meta property=\"product:price:amount\" content=\"25.00\" \/>\n<meta property=\"product:price:currency\" content=\"EUR\" \/>\n<meta property=\"og:availability\" content=\"out of stock\" \/>\n<meta property=\"product:availability\" content=\"out of stock\" \/>\n<meta property=\"product:condition\" content=\"new\" \/>\n<!-- \/ Yoast SEO Premium plugin. -->","yoast_head_json":{"title":"Avaforce 100mg | Deutsch","robots":{"index":"index","follow":"follow","max-snippet":"max-snippet:-1","max-image-preview":"max-image-preview:large","max-video-preview":"max-video-preview:-1"},"canonical":"https:\/\/kamagraeu.net\/de\/produkt\/avaforce-100mg\/","og_locale":"de_DE","og_type":"article","og_title":"Avaforce 100mg","og_description":"Wirkstoff Avanafil 100 mg. Alternative zu Viagra Avanafil wird zur Behandlung der erektilen Dysfunktion bei erwachsenen M\u00e4nnern eingesetzt. Die empfohlene Dosis von Avanafil betr\u00e4gt 100 mg und wird bei Bedarf etwa 30 Minuten vor der sexuellen Aktivit\u00e4t eingenommen. Avanafil Wirkungsdauer und Wirkungseintritt Einige Studien konnten zeigen, dass die Wirkung von Avanafil bereits innerhalb von 15 [...]","og_url":"https:\/\/kamagraeu.net\/de\/produkt\/avaforce-100mg\/","og_site_name":"Deutsch","article_modified_time":"2022-05-05T14:18:10+00:00","og_image":[{"width":600,"height":600,"url":"https:\/\/kamagraeu.net\/de\/wp-content\/uploads\/sites\/2\/2020\/05\/avaforce-100-1-600x600-1.jpg","type":"image\/jpeg"}],"twitter_card":"summary_large_image","twitter_misc":{"Preis":"25.00&nbsp;&euro;","Verf\u00fcgbarkeit":"ausverkauft"},"schema":{"@context":"https:\/\/schema.org","@graph":[{"@type":"WebPage","@id":"https:\/\/kamagraeu.net\/de\/produkt\/avaforce-100mg\/","url":"https:\/\/kamagraeu.net\/de\/produkt\/avaforce-100mg\/","name":"Avaforce 100mg | Deutsch","isPartOf":{"@id":"https:\/\/kamagraeu.net\/de\/#website"},"primaryImageOfPage":{"@id":"https:\/\/kamagraeu.net\/de\/produkt\/avaforce-100mg\/#primaryimage"},"image":{"@id":"https:\/\/kamagraeu.net\/de\/produkt\/avaforce-100mg\/#primaryimage"},"thumbnailUrl":"https:\/\/kamagraeu.net\/de\/wp-content\/uploads\/sites\/2\/2020\/05\/avaforce-100-1-600x600-1.jpg","datePublished":"2020-05-05T09:39:40+00:00","dateModified":"2022-05-05T14:18:10+00:00","breadcrumb":{"@id":"https:\/\/kamagraeu.net\/de\/produkt\/avaforce-100mg\/#breadcrumb"},"inLanguage":"de","potentialAction":[{"@type":"ReadAction","target":["https:\/\/kamagraeu.net\/de\/produkt\/avaforce-100mg\/"]}]},{"@type":"ImageObject","inLanguage":"de","@id":"https:\/\/kamagraeu.net\/de\/produkt\/avaforce-100mg\/#primaryimage","url":"https:\/\/kamagraeu.net\/de\/wp-content\/uploads\/sites\/2\/2020\/05\/avaforce-100-1-600x600-1.jpg","contentUrl":"https:\/\/kamagraeu.net\/de\/wp-content\/uploads\/sites\/2\/2020\/05\/avaforce-100-1-600x600-1.jpg","width":600,"height":600},{"@type":"BreadcrumbList","@id":"https:\/\/kamagraeu.net\/de\/produkt\/avaforce-100mg\/#breadcrumb","itemListElement":[{"@type":"ListItem","position":1,"name":"Home","item":"https:\/\/kamagraeu.net\/de\/"},{"@type":"ListItem","position":2,"name":"E-SHOP","item":"https:\/\/kamagraeu.net\/de\/e-shop\/"},{"@type":"ListItem","position":3,"name":"Avaforce 100mg"}]},{"@type":"WebSite","@id":"https:\/\/kamagraeu.net\/de\/#website","url":"https:\/\/kamagraeu.net\/de\/","name":"KamagraEU.net","description":"Kamagra kaufen","publisher":{"@id":"https:\/\/kamagraeu.net\/de\/#organization"},"alternateName":"KamagrEU","potentialAction":[{"@type":"SearchAction","target":{"@type":"EntryPoint","urlTemplate":"https:\/\/kamagraeu.net\/de\/?s={search_term_string}"},"query-input":{"@type":"PropertyValueSpecification","valueRequired":true,"valueName":"search_term_string"}}],"inLanguage":"de"},{"@type":"Organization","@id":"https:\/\/kamagraeu.net\/de\/#organization","name":"Kamagraeu.net","alternateName":"KamagrEU","url":"https:\/\/kamagraeu.net\/de\/","logo":{"@type":"ImageObject","inLanguage":"de","@id":"https:\/\/kamagraeu.net\/de\/#\/schema\/logo\/image\/","url":"https:\/\/kamagraeu.net\/de\/wp-content\/uploads\/sites\/2\/2020\/05\/cropped-logo.png","contentUrl":"https:\/\/kamagraeu.net\/de\/wp-content\/uploads\/sites\/2\/2020\/05\/cropped-logo.png","width":812,"height":192,"caption":"Kamagraeu.net"},"image":{"@id":"https:\/\/kamagraeu.net\/de\/#\/schema\/logo\/image\/"},"description":"Kamagra Verkauf - Medikamente zur Unterst\u00fctzung und Behandlung von Erektionsproblemen. \u00dcber 40 Produkte auf Lager. Wir helfen sowohl bei der Verz\u00f6gerung der Ejakulation als auch bei der Verbesserung der Erektion.","email":"info@kamagraeu.net","telephone":"+49 30 315144533","numberOfEmployees":{"@type":"QuantitativeValue","minValue":"11","maxValue":"50"}}]},"product_price_amount":"25.00","product_price_currency":"EUR","og_availability":"out of stock","product_availability":"out of stock","product_condition":"new"},"_links":{"self":[{"href":"https:\/\/kamagraeu.net\/de\/wp-json\/wp\/v2\/product\/35"}],"collection":[{"href":"https:\/\/kamagraeu.net\/de\/wp-json\/wp\/v2\/product"}],"about":[{"href":"https:\/\/kamagraeu.net\/de\/wp-json\/wp\/v2\/types\/product"}],"replies":[{"embeddable":true,"href":"https:\/\/kamagraeu.net\/de\/wp-json\/wp\/v2\/comments?post=35"}],"wp:featuredmedia":[{"embeddable":true,"href":"https:\/\/kamagraeu.net\/de\/wp-json\/wp\/v2\/media\/107"}],"wp:attachment":[{"href":"https:\/\/kamagraeu.net\/de\/wp-json\/wp\/v2\/media?parent=35"}],"wp:term":[{"taxonomy":"product_brand","embeddable":true,"href":"https:\/\/kamagraeu.net\/de\/wp-json\/wp\/v2\/product_brand?post=35"},{"taxonomy":"product_cat","embeddable":true,"href":"https:\/\/kamagraeu.net\/de\/wp-json\/wp\/v2\/product_cat?post=35"},{"taxonomy":"product_tag","embeddable":true,"href":"https:\/\/kamagraeu.net\/de\/wp-json\/wp\/v2\/product_tag?post=35"}],"curies":[{"name":"wp","href":"https:\/\/api.w.org\/{rel}","templated":true}]}}