{"id":4788,"date":"2022-09-08T15:44:18","date_gmt":"2022-09-08T13:44:18","guid":{"rendered":"http:\/\/kamagraeu.net\/de\/?post_type=product&#038;p=4788"},"modified":"2024-07-23T15:52:57","modified_gmt":"2024-07-23T13:52:57","slug":"vidalista-60mg","status":"publish","type":"product","link":"https:\/\/kamagraeu.net\/de\/produkt\/vidalista-60mg\/","title":{"rendered":"Vidalista 60 mg"},"content":{"rendered":"<h4>Vidalista 60mg &#8211; Tadalafil<\/h4>\n<p><strong>Vidalista 60mg<\/strong>\u00a0ist ein generisches Mittel zur Unterst\u00fctzung einer besseren und lang anhaltenden Erektion. Es handelt sich um eine vollwertige Variante des bekannten und beliebten\u00a0<strong>Cialis<\/strong>, im Fall von\u00a0<strong>Vidalista 60 mg<\/strong>\u00a0jedoch um eine um die Menge des Wirkstoffes verbesserte Variante. Einstweilen Cialis 20mg des Wirkstoffes\u00a0<strong>Tadalafil\u00a0<\/strong>enth\u00e4lt, sind es im Fall von Vidalista 60mg, 60mg Tadalafil. Tadalafil ist allgemein deswegen bekannt und beliebt, dass seine Wirkung bis zu 36 Stunden anh\u00e4lt. Auch deshalb wird Cialis, resp. Vidalista 60mg, oft als \u201eWochenendtablette\u201c bezeichnet. Durch den dreifachen Gehalt an Tadalafil geh\u00f6rt Vidalista 60mg zu jenen Mitteln, die auch jenen M\u00e4nnern helfen, bei denen die Erektionsst\u00f6rung sehr ernst ist und bei denen normale Medikamente wie z.B. Viagra, Cialis, Kamagra und weitere nicht gegen diese erektilen Dysfunktionen helfen.<\/p>\n<table style=\"border-collapse: collapse; width: 100%; height: 216px;\">\n<tbody>\n<tr style=\"height: 24px;\">\n<td style=\"width: 25%; text-align: center; height: 24px;\">Menge<\/td>\n<td style=\"width: 25%; height: 24px; text-align: center;\">Preis pro Packung<\/td>\n<td style=\"width: 25%; height: 24px; text-align: center;\">Preis<\/td>\n<\/tr>\n<tr style=\"height: 24px;\">\n<td style=\"width: 25%; height: 24px; text-align: center;\">2<\/td>\n<td style=\"width: 25%; height: 24px; text-align: center;\">29,50 \u20ac<\/td>\n<td style=\"width: 25%; height: 24px; text-align: center;\">59,00 \u20ac<\/td>\n<\/tr>\n<tr style=\"height: 24px;\">\n<td style=\"width: 25%; height: 24px; text-align: center;\">4<\/td>\n<td style=\"width: 25%; height: 24px; text-align: center;\">27,25 \u20ac<\/td>\n<td style=\"width: 25%; height: 24px; text-align: center;\">109,00 \u20ac<\/td>\n<\/tr>\n<tr style=\"height: 24px;\">\n<td style=\"width: 25%; height: 24px; text-align: center;\">6<\/td>\n<td style=\"width: 25%; height: 24px; text-align: center;\">24,83 \u20ac<\/td>\n<td style=\"width: 25%; height: 24px; text-align: center;\">149,00 \u20ac<\/td>\n<\/tr>\n<tr style=\"height: 24px;\">\n<td style=\"width: 25%; text-align: center; height: 24px;\">8<\/td>\n<td style=\"width: 25%; text-align: center; height: 24px;\">23,00 \u20ac<\/td>\n<td style=\"width: 25%; text-align: center; height: 24px;\">184,00 \u20ac<\/td>\n<\/tr>\n<tr style=\"height: 24px;\">\n<td style=\"width: 25%; text-align: center; height: 24px;\">10<\/td>\n<td style=\"width: 25%; text-align: center; height: 24px;\">20,90 \u20ac<\/td>\n<td style=\"width: 25%; text-align: center; height: 24px;\">209,00 \u20ac<\/td>\n<\/tr>\n<tr style=\"height: 24px;\">\n<td style=\"width: 25%; text-align: center; height: 24px;\">15<\/td>\n<td style=\"width: 25%; text-align: center; height: 24px;\">19,60 \u20ac<\/td>\n<td style=\"width: 25%; text-align: center; height: 24px;\">294,00 \u20ac<\/td>\n<\/tr>\n<tr style=\"height: 24px;\">\n<td style=\"width: 25%; text-align: center; height: 24px;\">20<\/td>\n<td style=\"width: 25%; text-align: center; height: 24px;\">17,95 \u20ac<\/td>\n<td style=\"width: 25%; text-align: center; height: 24px;\">359,00 \u20ac<\/td>\n<\/tr>\n<tr style=\"height: 24px;\">\n<td style=\"width: 25%; text-align: center; height: 24px;\">30<\/td>\n<td style=\"width: 25%; text-align: center; height: 24px;\">16,63 \u20ac<\/td>\n<td style=\"width: 25%; text-align: center; height: 24px;\">499,00 \u20ac<\/td>\n<\/tr>\n<\/tbody>\n<\/table>\n<p>&nbsp;<\/p>\n<h4>Wirkstoffe von Vidalista 60mg<\/h4>\n<p>Eine Filmtablette\u00a0<strong>Vidalista 60mg<\/strong>\u00a0enth\u00e4lt 60mg<strong>\u00a0Tadalafil<\/strong>.<\/p>\n<h4>Dosierung von Vidalista 60mg<\/h4>\n<p>Am besten ist es\u00a0<strong>Vidalista 60mg<\/strong>\u00a0ca. 60 Minuten vor dem Geschlechtsverkehr einzunehmen. Wegen des hohen Gehaltes des Wirkstoffes\u00a0<strong>Tadalafil<\/strong>\u00a0wird nicht empfohlen mehr als 1 Tablette Vidalista 60mg einzunehmen. Der gew\u00fcnschte Effekt tritt innerhalb von einer halben bis zu einer Stunde nach der Einnahme und selbstverst\u00e4ndlich nur bei sexueller Stimulation ein. Nicht gemeinsam mit Alkohol oder fetthaltigen Speisen einnehmen \u2013 diese Faktoren senken die Wirkung von Tadalafil \u2013 Vidalista 60mg stark.<\/p>\n<h4>Nebenwirkungen von Vidalista 60mg<\/h4>\n<p>Unerw\u00fcnschte \u2013 Nebenwirkungen treten nur selten auf und dauern nicht lange. Die h\u00e4ufigsten sind: Sodbrennen, trockene Schleimh\u00e4ute, Kopfschmerzen, rote Ohren und rotes Gesicht, eine verstopfte Nase und in seltenen F\u00e4llen k\u00f6nnen vor\u00fcbergehende Sehst\u00f6rungen eintreten. Wenn diese unerw\u00fcnschten Nebenwirkungen l\u00e4nger als 5 Stunden anhalten, beraten Sie sich mit ihrem Arzt. Vidalista 60 mg sollte nicht von jenen Personen eingenommen werden, die mit niedrigem, bzw. hohem Blutdruck in Behandlung sind, die einen Herzinfarkt erlitten haben oder andere Herzprobleme oder eine schlechte Blutgerinnung haben. Jeder, der auf Tadalafil allergisch reagiert. Jeder, der Medikamente zu sich nimmt, die Nitrate oder Stickoxide enthalten, die insbesondere bei bestimmten F\u00e4llen von Angina (Schmerzen auf der Brust) eingesetzt werden. Zu den am h\u00e4ufigsten eingesetzten Nitraten geh\u00f6rt Nitroglyzerin und Isosorbiddinitrat.<\/p>\n<h4>Lagerung von Vidalista 60mg<\/h4>\n<p>Bei einer Temperatur von bis zu 30 Grad Celsius lagern. In der Originalverpackung aufbewahren, damit das Mittel vor Feuchtigkeit gesch\u00fctzt ist.<\/p>\n","protected":false},"excerpt":{"rendered":"<table>\n<tbody>\n<tr>\n<td>Packungsinhalt<\/td>\n<td><strong>10 \u00fcberzogene Tabletten<\/strong><\/td>\n<\/tr>\n<tr>\n<td>Wirkstoff<\/td>\n<td>Tadalafil<\/td>\n<\/tr>\n<tr>\n<td>Wirkstoff in einer Tablette<\/td>\n<td><strong>Tadalafil 60 mg<br \/>\n<\/strong><\/td>\n<\/tr>\n<tr>\n<td>Wirkungseintritt<\/td>\n<td>30\u201360 Minuten<\/td>\n<\/tr>\n<tr>\n<td>Wirkungsdauer<\/td>\n<td><strong>bis 36 Stunden<\/strong><\/td>\n<\/tr>\n<tr>\n<td>Marke<\/td>\n<td>Centurion Laboratories Pvt. Ltd.<\/td>\n<\/tr>\n<tr>\n<td>Form<\/td>\n<td><strong>Tabletten<\/strong><\/td>\n<\/tr>\n<\/tbody>\n<\/table>\n","protected":false},"featured_media":5341,"comment_status":"closed","ping_status":"closed","template":"","meta":[],"product_brand":[],"product_cat":[18],"product_tag":[],"class_list":{"0":"post-4788","1":"product","2":"type-product","3":"status-publish","4":"has-post-thumbnail","6":"product_cat-cialis-generika","8":"first","9":"instock","10":"sale","11":"shipping-taxable","12":"purchasable","13":"product-type-simple"},"yoast_head":"<!-- This site is optimized with the Yoast SEO Premium plugin v23.0 (Yoast SEO v25.6) - https:\/\/yoast.com\/wordpress\/plugins\/seo\/ -->\n<title>Vidalista 60 mg - Lang anhaltende ED-Behandlung<\/title>\n<meta name=\"description\" content=\"Vidalista 60 mg bietet eine effektive und lang anhaltende L\u00f6sung gegen erektile Dysfunktion. Bestellen Sie jetzt sicher und diskret online.\" \/>\n<meta name=\"robots\" content=\"index, follow, max-snippet:-1, max-image-preview:large, max-video-preview:-1\" \/>\n<link rel=\"canonical\" href=\"https:\/\/kamagraeu.net\/de\/produkt\/vidalista-60mg\/\" \/>\n<meta property=\"og:locale\" content=\"de_DE\" \/>\n<meta property=\"og:type\" content=\"article\" \/>\n<meta property=\"og:title\" content=\"Vidalista 60 mg\" \/>\n<meta property=\"og:description\" content=\"Vidalista 60 mg bietet eine effektive und lang anhaltende L\u00f6sung gegen erektile Dysfunktion. Bestellen Sie jetzt sicher und diskret online.\" \/>\n<meta property=\"og:url\" content=\"https:\/\/kamagraeu.net\/de\/produkt\/vidalista-60mg\/\" \/>\n<meta property=\"og:site_name\" content=\"Deutsch\" \/>\n<meta property=\"article:modified_time\" content=\"2024-07-23T13:52:57+00:00\" \/>\n<meta property=\"og:image\" content=\"http:\/\/kamagraeu.net\/de\/wp-content\/uploads\/sites\/2\/2022\/10\/1000-px-vidalista-60_ndxmn.jpg\" \/>\n\t<meta property=\"og:image:width\" content=\"1000\" \/>\n\t<meta property=\"og:image:height\" content=\"1000\" \/>\n\t<meta property=\"og:image:type\" content=\"image\/jpeg\" \/>\n<meta name=\"twitter:card\" content=\"summary_large_image\" \/>\n<meta name=\"twitter:label1\" content=\"Preis\" \/>\n\t<meta name=\"twitter:data1\" content=\"30.99&nbsp;&euro;\" \/>\n\t<meta name=\"twitter:label2\" content=\"Verf\u00fcgbarkeit\" \/>\n\t<meta name=\"twitter:data2\" content=\"Auf Lager\" \/>\n<script type=\"application\/ld+json\" class=\"yoast-schema-graph\">{\"@context\":\"https:\/\/schema.org\",\"@graph\":[{\"@type\":\"WebPage\",\"@id\":\"https:\/\/kamagraeu.net\/de\/produkt\/vidalista-60mg\/\",\"url\":\"https:\/\/kamagraeu.net\/de\/produkt\/vidalista-60mg\/\",\"name\":\"Vidalista 60 mg - Lang anhaltende ED-Behandlung\",\"isPartOf\":{\"@id\":\"https:\/\/kamagraeu.net\/de\/#website\"},\"primaryImageOfPage\":{\"@id\":\"https:\/\/kamagraeu.net\/de\/produkt\/vidalista-60mg\/#primaryimage\"},\"image\":{\"@id\":\"https:\/\/kamagraeu.net\/de\/produkt\/vidalista-60mg\/#primaryimage\"},\"thumbnailUrl\":\"https:\/\/kamagraeu.net\/de\/wp-content\/uploads\/sites\/2\/2022\/10\/1000-px-vidalista-60_ndxmn.jpg\",\"datePublished\":\"2022-09-08T13:44:18+00:00\",\"dateModified\":\"2024-07-23T13:52:57+00:00\",\"description\":\"Vidalista 60 mg bietet eine effektive und lang anhaltende L\u00f6sung gegen erektile Dysfunktion. Bestellen Sie jetzt sicher und diskret online.\",\"breadcrumb\":{\"@id\":\"https:\/\/kamagraeu.net\/de\/produkt\/vidalista-60mg\/#breadcrumb\"},\"inLanguage\":\"de\",\"potentialAction\":[{\"@type\":\"ReadAction\",\"target\":[\"https:\/\/kamagraeu.net\/de\/produkt\/vidalista-60mg\/\"]}]},{\"@type\":\"ImageObject\",\"inLanguage\":\"de\",\"@id\":\"https:\/\/kamagraeu.net\/de\/produkt\/vidalista-60mg\/#primaryimage\",\"url\":\"https:\/\/kamagraeu.net\/de\/wp-content\/uploads\/sites\/2\/2022\/10\/1000-px-vidalista-60_ndxmn.jpg\",\"contentUrl\":\"https:\/\/kamagraeu.net\/de\/wp-content\/uploads\/sites\/2\/2022\/10\/1000-px-vidalista-60_ndxmn.jpg\",\"width\":1000,\"height\":1000},{\"@type\":\"BreadcrumbList\",\"@id\":\"https:\/\/kamagraeu.net\/de\/produkt\/vidalista-60mg\/#breadcrumb\",\"itemListElement\":[{\"@type\":\"ListItem\",\"position\":1,\"name\":\"Home\",\"item\":\"https:\/\/kamagraeu.net\/de\/\"},{\"@type\":\"ListItem\",\"position\":2,\"name\":\"E-SHOP\",\"item\":\"https:\/\/kamagraeu.net\/de\/e-shop\/\"},{\"@type\":\"ListItem\",\"position\":3,\"name\":\"Vidalista 60 mg\"}]},{\"@type\":\"WebSite\",\"@id\":\"https:\/\/kamagraeu.net\/de\/#website\",\"url\":\"https:\/\/kamagraeu.net\/de\/\",\"name\":\"KamagraEU.net\",\"description\":\"Kamagra kaufen\",\"publisher\":{\"@id\":\"https:\/\/kamagraeu.net\/de\/#organization\"},\"alternateName\":\"KamagrEU\",\"potentialAction\":[{\"@type\":\"SearchAction\",\"target\":{\"@type\":\"EntryPoint\",\"urlTemplate\":\"https:\/\/kamagraeu.net\/de\/?s={search_term_string}\"},\"query-input\":{\"@type\":\"PropertyValueSpecification\",\"valueRequired\":true,\"valueName\":\"search_term_string\"}}],\"inLanguage\":\"de\"},{\"@type\":\"Organization\",\"@id\":\"https:\/\/kamagraeu.net\/de\/#organization\",\"name\":\"Kamagraeu.net\",\"alternateName\":\"KamagrEU\",\"url\":\"https:\/\/kamagraeu.net\/de\/\",\"logo\":{\"@type\":\"ImageObject\",\"inLanguage\":\"de\",\"@id\":\"https:\/\/kamagraeu.net\/de\/#\/schema\/logo\/image\/\",\"url\":\"https:\/\/kamagraeu.net\/de\/wp-content\/uploads\/sites\/2\/2020\/05\/cropped-logo.png\",\"contentUrl\":\"https:\/\/kamagraeu.net\/de\/wp-content\/uploads\/sites\/2\/2020\/05\/cropped-logo.png\",\"width\":812,\"height\":192,\"caption\":\"Kamagraeu.net\"},\"image\":{\"@id\":\"https:\/\/kamagraeu.net\/de\/#\/schema\/logo\/image\/\"},\"description\":\"Kamagra Verkauf - Medikamente zur Unterst\u00fctzung und Behandlung von Erektionsproblemen. \u00dcber 40 Produkte auf Lager. Wir helfen sowohl bei der Verz\u00f6gerung der Ejakulation als auch bei der Verbesserung der Erektion.\",\"email\":\"info@kamagraeu.net\",\"telephone\":\"+49 30 315144533\",\"numberOfEmployees\":{\"@type\":\"QuantitativeValue\",\"minValue\":\"11\",\"maxValue\":\"50\"}}]}<\/script>\n<meta property=\"product:price:amount\" content=\"30.99\" \/>\n<meta property=\"product:price:currency\" content=\"EUR\" \/>\n<meta property=\"og:availability\" content=\"instock\" \/>\n<meta property=\"product:availability\" content=\"instock\" \/>\n<meta property=\"product:condition\" content=\"new\" \/>\n<!-- \/ Yoast SEO Premium plugin. -->","yoast_head_json":{"title":"Vidalista 60 mg - Lang anhaltende ED-Behandlung","description":"Vidalista 60 mg bietet eine effektive und lang anhaltende L\u00f6sung gegen erektile Dysfunktion. Bestellen Sie jetzt sicher und diskret online.","robots":{"index":"index","follow":"follow","max-snippet":"max-snippet:-1","max-image-preview":"max-image-preview:large","max-video-preview":"max-video-preview:-1"},"canonical":"https:\/\/kamagraeu.net\/de\/produkt\/vidalista-60mg\/","og_locale":"de_DE","og_type":"article","og_title":"Vidalista 60 mg","og_description":"Vidalista 60 mg bietet eine effektive und lang anhaltende L\u00f6sung gegen erektile Dysfunktion. Bestellen Sie jetzt sicher und diskret online.","og_url":"https:\/\/kamagraeu.net\/de\/produkt\/vidalista-60mg\/","og_site_name":"Deutsch","article_modified_time":"2024-07-23T13:52:57+00:00","og_image":[{"width":1000,"height":1000,"url":"http:\/\/kamagraeu.net\/de\/wp-content\/uploads\/sites\/2\/2022\/10\/1000-px-vidalista-60_ndxmn.jpg","type":"image\/jpeg"}],"twitter_card":"summary_large_image","twitter_misc":{"Preis":"30.99&nbsp;&euro;","Verf\u00fcgbarkeit":"Auf Lager"},"schema":{"@context":"https:\/\/schema.org","@graph":[{"@type":"WebPage","@id":"https:\/\/kamagraeu.net\/de\/produkt\/vidalista-60mg\/","url":"https:\/\/kamagraeu.net\/de\/produkt\/vidalista-60mg\/","name":"Vidalista 60 mg - Lang anhaltende ED-Behandlung","isPartOf":{"@id":"https:\/\/kamagraeu.net\/de\/#website"},"primaryImageOfPage":{"@id":"https:\/\/kamagraeu.net\/de\/produkt\/vidalista-60mg\/#primaryimage"},"image":{"@id":"https:\/\/kamagraeu.net\/de\/produkt\/vidalista-60mg\/#primaryimage"},"thumbnailUrl":"https:\/\/kamagraeu.net\/de\/wp-content\/uploads\/sites\/2\/2022\/10\/1000-px-vidalista-60_ndxmn.jpg","datePublished":"2022-09-08T13:44:18+00:00","dateModified":"2024-07-23T13:52:57+00:00","description":"Vidalista 60 mg bietet eine effektive und lang anhaltende L\u00f6sung gegen erektile Dysfunktion. Bestellen Sie jetzt sicher und diskret online.","breadcrumb":{"@id":"https:\/\/kamagraeu.net\/de\/produkt\/vidalista-60mg\/#breadcrumb"},"inLanguage":"de","potentialAction":[{"@type":"ReadAction","target":["https:\/\/kamagraeu.net\/de\/produkt\/vidalista-60mg\/"]}]},{"@type":"ImageObject","inLanguage":"de","@id":"https:\/\/kamagraeu.net\/de\/produkt\/vidalista-60mg\/#primaryimage","url":"https:\/\/kamagraeu.net\/de\/wp-content\/uploads\/sites\/2\/2022\/10\/1000-px-vidalista-60_ndxmn.jpg","contentUrl":"https:\/\/kamagraeu.net\/de\/wp-content\/uploads\/sites\/2\/2022\/10\/1000-px-vidalista-60_ndxmn.jpg","width":1000,"height":1000},{"@type":"BreadcrumbList","@id":"https:\/\/kamagraeu.net\/de\/produkt\/vidalista-60mg\/#breadcrumb","itemListElement":[{"@type":"ListItem","position":1,"name":"Home","item":"https:\/\/kamagraeu.net\/de\/"},{"@type":"ListItem","position":2,"name":"E-SHOP","item":"https:\/\/kamagraeu.net\/de\/e-shop\/"},{"@type":"ListItem","position":3,"name":"Vidalista 60 mg"}]},{"@type":"WebSite","@id":"https:\/\/kamagraeu.net\/de\/#website","url":"https:\/\/kamagraeu.net\/de\/","name":"KamagraEU.net","description":"Kamagra kaufen","publisher":{"@id":"https:\/\/kamagraeu.net\/de\/#organization"},"alternateName":"KamagrEU","potentialAction":[{"@type":"SearchAction","target":{"@type":"EntryPoint","urlTemplate":"https:\/\/kamagraeu.net\/de\/?s={search_term_string}"},"query-input":{"@type":"PropertyValueSpecification","valueRequired":true,"valueName":"search_term_string"}}],"inLanguage":"de"},{"@type":"Organization","@id":"https:\/\/kamagraeu.net\/de\/#organization","name":"Kamagraeu.net","alternateName":"KamagrEU","url":"https:\/\/kamagraeu.net\/de\/","logo":{"@type":"ImageObject","inLanguage":"de","@id":"https:\/\/kamagraeu.net\/de\/#\/schema\/logo\/image\/","url":"https:\/\/kamagraeu.net\/de\/wp-content\/uploads\/sites\/2\/2020\/05\/cropped-logo.png","contentUrl":"https:\/\/kamagraeu.net\/de\/wp-content\/uploads\/sites\/2\/2020\/05\/cropped-logo.png","width":812,"height":192,"caption":"Kamagraeu.net"},"image":{"@id":"https:\/\/kamagraeu.net\/de\/#\/schema\/logo\/image\/"},"description":"Kamagra Verkauf - Medikamente zur Unterst\u00fctzung und Behandlung von Erektionsproblemen. \u00dcber 40 Produkte auf Lager. Wir helfen sowohl bei der Verz\u00f6gerung der Ejakulation als auch bei der Verbesserung der Erektion.","email":"info@kamagraeu.net","telephone":"+49 30 315144533","numberOfEmployees":{"@type":"QuantitativeValue","minValue":"11","maxValue":"50"}}]},"product_price_amount":"30.99","product_price_currency":"EUR","og_availability":"instock","product_availability":"instock","product_condition":"new"},"_links":{"self":[{"href":"https:\/\/kamagraeu.net\/de\/wp-json\/wp\/v2\/product\/4788"}],"collection":[{"href":"https:\/\/kamagraeu.net\/de\/wp-json\/wp\/v2\/product"}],"about":[{"href":"https:\/\/kamagraeu.net\/de\/wp-json\/wp\/v2\/types\/product"}],"replies":[{"embeddable":true,"href":"https:\/\/kamagraeu.net\/de\/wp-json\/wp\/v2\/comments?post=4788"}],"wp:featuredmedia":[{"embeddable":true,"href":"https:\/\/kamagraeu.net\/de\/wp-json\/wp\/v2\/media\/5341"}],"wp:attachment":[{"href":"https:\/\/kamagraeu.net\/de\/wp-json\/wp\/v2\/media?parent=4788"}],"wp:term":[{"taxonomy":"product_brand","embeddable":true,"href":"https:\/\/kamagraeu.net\/de\/wp-json\/wp\/v2\/product_brand?post=4788"},{"taxonomy":"product_cat","embeddable":true,"href":"https:\/\/kamagraeu.net\/de\/wp-json\/wp\/v2\/product_cat?post=4788"},{"taxonomy":"product_tag","embeddable":true,"href":"https:\/\/kamagraeu.net\/de\/wp-json\/wp\/v2\/product_tag?post=4788"}],"curies":[{"name":"wp","href":"https:\/\/api.w.org\/{rel}","templated":true}]}}