{"id":4792,"date":"2022-09-08T15:04:01","date_gmt":"2022-09-08T13:04:01","guid":{"rendered":"http:\/\/kamagraeu.net\/de\/?post_type=product&#038;p=4792"},"modified":"2024-07-23T15:40:09","modified_gmt":"2024-07-23T13:40:09","slug":"cenforce-d-160-mg","status":"publish","type":"product","link":"https:\/\/kamagraeu.net\/de\/produkt\/cenforce-d-160-mg\/","title":{"rendered":"Cenforce-D 160 mg"},"content":{"rendered":"<div class=\"main-inner content-description\">\n<div id=\"content-description\" class=\"text-content\">\n<h2>Grundinformationen zu Cenforce D<\/h2>\n<p><strong>Cenforce D 160 mg ist zusammen mit <\/strong>Super Kamagra eines der meistverkauften Produkte zur Behandlung der vorzeitigen Ejakulation und gleichzeitig der erektilen Dysfunktion. Es enth\u00e4lt denselben Wirkstoff wie Viagra &#8211; <strong>Sildenafil<\/strong> und dazu noch <strong>Dapoxetin<\/strong> &#8211; einen Wirkstoff <strong>gegen vorzeitige Ejakulation<\/strong>.<\/p>\n<p><strong>Der Hauptvorteil von Cenforce D 160 mg ist die Kombination von zwei Wirkstoffen in einer Tablette.<\/strong> Alles, was man f\u00fcr stabile, h\u00e4rtere und l\u00e4ngere Erektion braucht.<\/p>\n<table style=\"border-collapse: collapse; width: 100%; height: 216px;\">\n<tbody>\n<tr style=\"height: 24px;\">\n<td style=\"width: 25%; text-align: center; height: 24px;\">Menge<\/td>\n<td style=\"width: 25%; height: 24px; text-align: center;\">Preis pro Packung<\/td>\n<td style=\"width: 25%; height: 24px; text-align: center;\">Preis<\/td>\n<\/tr>\n<tr style=\"height: 24px;\">\n<td style=\"width: 25%; height: 24px; text-align: center;\">2<\/td>\n<td style=\"width: 25%; height: 24px; text-align: center;\">27,00 \u20ac<\/td>\n<td style=\"width: 25%; height: 24px; text-align: center;\">54,00 \u20ac<\/td>\n<\/tr>\n<tr style=\"height: 24px;\">\n<td style=\"width: 25%; height: 24px; text-align: center;\">4<\/td>\n<td style=\"width: 25%; height: 24px; text-align: center;\">24,75 \u20ac<\/td>\n<td style=\"width: 25%; height: 24px; text-align: center;\">99,00 \u20ac<\/td>\n<\/tr>\n<tr style=\"height: 24px;\">\n<td style=\"width: 25%; height: 24px; text-align: center;\">6<\/td>\n<td style=\"width: 25%; height: 24px; text-align: center;\">21,50 \u20ac<\/td>\n<td style=\"width: 25%; height: 24px; text-align: center;\">129,00 \u20ac<\/td>\n<\/tr>\n<tr style=\"height: 24px;\">\n<td style=\"width: 25%; text-align: center; height: 24px;\">8<\/td>\n<td style=\"width: 25%; text-align: center; height: 24px;\">19,50 \u20ac<\/td>\n<td style=\"width: 25%; text-align: center; height: 24px;\">156,00 \u20ac<\/td>\n<\/tr>\n<tr style=\"height: 24px;\">\n<td style=\"width: 25%; text-align: center; height: 24px;\">10<\/td>\n<td style=\"width: 25%; text-align: center; height: 24px;\">18,90 \u20ac<\/td>\n<td style=\"width: 25%; text-align: center; height: 24px;\">189,00 \u20ac<\/td>\n<\/tr>\n<tr style=\"height: 24px;\">\n<td style=\"width: 25%; text-align: center; height: 24px;\">15<\/td>\n<td style=\"width: 25%; text-align: center; height: 24px;\">17,87 \u20ac<\/td>\n<td style=\"width: 25%; text-align: center; height: 24px;\">268,00 \u20ac<\/td>\n<\/tr>\n<tr style=\"height: 24px;\">\n<td style=\"width: 25%; text-align: center; height: 24px;\">20<\/td>\n<td style=\"width: 25%; text-align: center; height: 24px;\">16,90 \u20ac<\/td>\n<td style=\"width: 25%; text-align: center; height: 24px;\">338,00 \u20ac<\/td>\n<\/tr>\n<tr style=\"height: 24px;\">\n<td style=\"width: 25%; text-align: center; height: 24px;\">30<\/td>\n<td style=\"width: 25%; text-align: center; height: 24px;\">15,90 \u20ac<\/td>\n<td style=\"width: 25%; text-align: center; height: 24px;\">477,00 \u20ac<\/td>\n<\/tr>\n<\/tbody>\n<\/table>\n<p>&nbsp;<\/p>\n<h2>Wirkstoff<\/h2>\n<p>Der Wirkstoff Sildenafil citrate (mehr Informationen im Artikel <u>Sildenafil)<\/u> unterst\u00fctzt positiv die Durchblutung des Penis und hilft eine starke, gute und langanhaltende Erektion zu erreichen. Der Geschlechtsakt wird befriedigend und erfolgreich. Der Wirkstoff Dapoxetin geh\u00f6rt zu den Inhibitoren des R\u00fcckauffangs von Serotonin und hilft den Geschlechtsakt zu verl\u00e4ngern.<\/p>\n<h2>Dosierung und Gebrauchsweise<\/h2>\n<p>Zu Beginn sollte lediglich eine halbe Tablette (80 mg) eingenommen werden. Je nach Bedarf und Vertr\u00e4glichkeit kann die Dosis auf 160 mg erh\u00f6ht werden.\u00a0 Es wird darauf hingewiesen, dass <strong>nicht mehr als 1 Tablette Cenforce D 160 mg t\u00e4glich<\/strong> eingenommen werden sollte.<\/p>\n<p>Die Wirkung stellt sich allerdings <strong>erst bei sexueller Stimulation<\/strong> ein, da Cenforce D kein Aphrodisiakum ist. Es wird empfohlen, Cenforce D bereits zum Vorspiel 20-30 Minuten vor dem Geschlechtsverkehr zu schlucken. Grunds\u00e4tzlich zeigt sich die Wirkung zwischen 4 und 6 Stunden.<\/p>\n<p>Alkohol, fettreiche Speisen, Grapefruit und Grapefruitsaft k\u00f6nnen die Wirkung von Cenforce D allerdings negativ beeinflussen.<\/p>\n<div>\n<h2>Kontraindikationen<\/h2>\n<p>Cenforce D 160 mg darf nicht eingenommen werden wenn:<\/p>\n<ul>\n<li><strong>man auf Sildenafil, auf Dapoxetin <\/strong>oder auf andere Wirkstoffe <strong>allergisch ist <\/strong><\/li>\n<li>man vor kurzem <strong>Herzinfarkt oder Schlaganfall<\/strong> durchgemacht hat, oder an andere Herzerkrankungen wie <strong>niedriger Blutdruck oder Bluthochdruck <\/strong>leidet<\/li>\n<li><strong>man die Nitrate einnimmt <\/strong>(zum Beispiel Nitroglycerin, Isosorbid dinitrat), Medikamente, die Stickoxid l\u00f6sen (z.B. Isoamyl-nitrit)<\/li>\n<li>man Medikamente gegen Angina Pectoris einnimmt (z.B. Nitraten oder Stickoxid)<\/li>\n<li><strong>man an andere seri\u00f6se Herzerkrankung , Nieren- oder Leberst\u00f6rung leidet<\/strong><\/li>\n<li>man an seltener Netzhautst\u00f6rung leidet (z.B. retinitis pigmentosa) oder man die Sehkraft durch (NAION) verloren hat<\/li>\n<li><strong>man Riociguat einnimmt <\/strong>( zur Heilung der arteriellen Lungenhypertonie und chronischer Lungen Hypertension)<\/li>\n<li><strong>man an bipolare St\u00f6rung leidet <\/strong><\/li>\n<li><strong>man an Anf\u00e4lle leidet<\/strong><\/li>\n<li><strong>man an Psychose leidet<\/strong><\/li>\n<li>man Inhibitoren der Protease zur Heilung von AIDS oder HIV Infektion einnimmt<\/li>\n<li><strong>man schon ein anderes Erektionsmittel einnimmt <\/strong><\/li>\n<\/ul>\n<h2>Warnung<\/h2>\n<p>Informieren Sie Ihren Arzt, bevor Sie den Wirkstoff Sildenafil oder Dapoxetin einnehmen, im Falle Sie an:<\/p>\n<ul>\n<li>Herzprobleme<\/li>\n<li>Peyronie Erkrankung oder andere Penisdeformationen<\/li>\n<li>Geschw\u00fcr Erkrankung oder Bluterkrankheit (z.B.H\u00e4mophilie)<\/li>\n<li>Zucker Intoleranz (z.B. Laktose)<\/li>\n<li>An\u00e4mie, Leuk\u00e4mie oder mehrfachen Myelom<\/li>\n<li>HIV leiden<\/li>\n<\/ul>\n<p>Die Einnahme von Cenforce D mit anderen Medikamenten auf Rezept oder rezeptfrei soll Ihr Arzt genehmigen, besonders wenn die Medikamente \u00a0Erythromycin, Cimetidin oder Ketoconazol enthalten.<\/p>\n<h2>M\u00f6gliche Nebenwirkungen<\/h2>\n<p><strong>Cenforce D 160 mg<\/strong> ist ein Potenzmittel, welches generell sehr gut vertragen wird. Allerdings k\u00f6nnen sich wie bei jedem anderen Medikament auch hier Nebenwirkungen zeigen. Meistens geht es um <strong>milde Schwierigkeiten, die nicht lange dauern<\/strong>. In erster Linie sind es vor allem Kopfschmerzen, Gesichtsr\u00f6tung, Unwohlsein,Verdauungsprobleme,Hitzewallung, Sehst\u00f6rungen (verschwommenes oder sgn. blaues Sehen), Schnupfen oder Schwindelgef\u00fchle.<\/p>\n<h3><strong>Wichtiger Hinweis<\/strong><\/h3>\n<p>Falls bei Ihnen nach der Einnahme des Mittels zu einer starken Verschlechterung der Sehkraft oder des Geh\u00f6rs kommt, Sie Blut im Urin finden oder er tr\u00fcb wird oder falls Sie eine <strong>Erektion l\u00e4nger als 4 Stunden<\/strong> haben, besonders ohne sexuelle Anregung und schmerzhaft, <strong>suchen Sie unverz\u00fcglich Ihren Arzt auf<\/strong>.<\/p>\n<p>Medizinische Hilfe suchen Sie unverz\u00fcglich bei allen <strong>ungew\u00f6hnlichen Reaktionen<\/strong> oder bei starken Verschlechterung Ihres Zustandes nach der Einnahme des Mittels. Besuchen Sie den Arzt auch wenn die Nebenwirkungen von l\u00e4ngerer Dauer sind.<\/p>\n<h2>Lagerung<\/h2>\n<p>Lagern Sie bei Temperaturen bis 30\u00b0C. Behalten Sie in der Originalpackung. Sch\u00fctzen Sie vor Feuchtigkeit. Vermeiden Sie Kontakt mit Kindern.<\/p>\n<\/div>\n<\/div>\n<\/div>\n","protected":false},"excerpt":{"rendered":"<table>\n<tbody>\n<tr>\n<td>Packungsinhalt<\/td>\n<td><strong><span style=\"color: #000000;\">10 \u00fcberzogene Tabletten<\/span><\/strong><\/td>\n<\/tr>\n<tr>\n<td>Wirkstoff<\/td>\n<td>Sildenafil, Dapoxetine<\/td>\n<\/tr>\n<tr>\n<td>Wirkstoff in einer Tablette<\/td>\n<td>Dapoxetine 60 mg, Sildenafil 100 mg<\/td>\n<\/tr>\n<tr>\n<td>Wirkungseintritt<\/td>\n<td>20\u201330 Minuten<\/td>\n<\/tr>\n<tr>\n<td>Wirkungsdauer<\/td>\n<td><span style=\"color: #000000;\"><strong>4\u20136 Stunden<\/strong><\/span><\/td>\n<\/tr>\n<tr>\n<td>Marke<\/td>\n<td>Centurion Laboratories Pvt. Ltd.<\/td>\n<\/tr>\n<tr>\n<td>Form<\/td>\n<td><span style=\"color: #000000;\"><strong>Tabletten<\/strong><\/span><\/td>\n<\/tr>\n<\/tbody>\n<\/table>\n","protected":false},"featured_media":5270,"comment_status":"closed","ping_status":"closed","template":"","meta":[],"product_brand":[],"product_cat":[16,17],"product_tag":[],"class_list":{"0":"post-4792","1":"product","2":"type-product","3":"status-publish","4":"has-post-thumbnail","6":"product_cat-viagra-generika","7":"product_cat-vorzeitige-ejakulation","9":"first","10":"instock","11":"shipping-taxable","12":"purchasable","13":"product-type-simple"},"yoast_head":"<!-- This site is optimized with the Yoast SEO Premium plugin v23.0 (Yoast SEO v25.6) - https:\/\/yoast.com\/wordpress\/plugins\/seo\/ -->\n<title>Cenforce-D 160 mg - Doppelter Nutzen f\u00fcr ED und PE |<\/title>\n<meta name=\"description\" content=\"Cenforce-D 160 mg vereint die Kr\u00e4fte von Sildenafil und Dapoxetin zur Behandlung von erektiler Dysfunktion und vorzeitigem Samenerguss.\" \/>\n<meta name=\"robots\" content=\"index, follow, max-snippet:-1, max-image-preview:large, max-video-preview:-1\" \/>\n<link rel=\"canonical\" href=\"https:\/\/kamagraeu.net\/de\/produkt\/cenforce-d-160-mg\/\" \/>\n<meta property=\"og:locale\" content=\"de_DE\" \/>\n<meta property=\"og:type\" content=\"article\" \/>\n<meta property=\"og:title\" content=\"Cenforce-D 160 mg\" \/>\n<meta property=\"og:description\" content=\"Cenforce-D 160 mg vereint die Kr\u00e4fte von Sildenafil und Dapoxetin zur Behandlung von erektiler Dysfunktion und vorzeitigem Samenerguss.\" \/>\n<meta property=\"og:url\" content=\"https:\/\/kamagraeu.net\/de\/produkt\/cenforce-d-160-mg\/\" \/>\n<meta property=\"og:site_name\" content=\"Deutsch\" \/>\n<meta property=\"article:modified_time\" content=\"2024-07-23T13:40:09+00:00\" \/>\n<meta property=\"og:image\" content=\"http:\/\/kamagraeu.net\/de\/wp-content\/uploads\/sites\/2\/2022\/10\/1-000px-cenforce_d_box_3tsrb.png\" \/>\n\t<meta property=\"og:image:width\" content=\"1000\" \/>\n\t<meta property=\"og:image:height\" content=\"1000\" \/>\n\t<meta property=\"og:image:type\" content=\"image\/png\" \/>\n<meta name=\"twitter:card\" content=\"summary_large_image\" \/>\n<meta name=\"twitter:label1\" content=\"Preis\" \/>\n\t<meta name=\"twitter:data1\" content=\"28.50&nbsp;&euro;\" \/>\n\t<meta name=\"twitter:label2\" content=\"Verf\u00fcgbarkeit\" \/>\n\t<meta name=\"twitter:data2\" content=\"Auf Lager\" \/>\n<script type=\"application\/ld+json\" class=\"yoast-schema-graph\">{\"@context\":\"https:\/\/schema.org\",\"@graph\":[{\"@type\":\"WebPage\",\"@id\":\"https:\/\/kamagraeu.net\/de\/produkt\/cenforce-d-160-mg\/\",\"url\":\"https:\/\/kamagraeu.net\/de\/produkt\/cenforce-d-160-mg\/\",\"name\":\"Cenforce-D 160 mg - Doppelter Nutzen f\u00fcr ED und PE |\",\"isPartOf\":{\"@id\":\"https:\/\/kamagraeu.net\/de\/#website\"},\"primaryImageOfPage\":{\"@id\":\"https:\/\/kamagraeu.net\/de\/produkt\/cenforce-d-160-mg\/#primaryimage\"},\"image\":{\"@id\":\"https:\/\/kamagraeu.net\/de\/produkt\/cenforce-d-160-mg\/#primaryimage\"},\"thumbnailUrl\":\"https:\/\/kamagraeu.net\/de\/wp-content\/uploads\/sites\/2\/2022\/10\/1-000px-cenforce_d_box_3tsrb.png\",\"datePublished\":\"2022-09-08T13:04:01+00:00\",\"dateModified\":\"2024-07-23T13:40:09+00:00\",\"description\":\"Cenforce-D 160 mg vereint die Kr\u00e4fte von Sildenafil und Dapoxetin zur Behandlung von erektiler Dysfunktion und vorzeitigem Samenerguss.\",\"breadcrumb\":{\"@id\":\"https:\/\/kamagraeu.net\/de\/produkt\/cenforce-d-160-mg\/#breadcrumb\"},\"inLanguage\":\"de\",\"potentialAction\":[{\"@type\":\"ReadAction\",\"target\":[\"https:\/\/kamagraeu.net\/de\/produkt\/cenforce-d-160-mg\/\"]}]},{\"@type\":\"ImageObject\",\"inLanguage\":\"de\",\"@id\":\"https:\/\/kamagraeu.net\/de\/produkt\/cenforce-d-160-mg\/#primaryimage\",\"url\":\"https:\/\/kamagraeu.net\/de\/wp-content\/uploads\/sites\/2\/2022\/10\/1-000px-cenforce_d_box_3tsrb.png\",\"contentUrl\":\"https:\/\/kamagraeu.net\/de\/wp-content\/uploads\/sites\/2\/2022\/10\/1-000px-cenforce_d_box_3tsrb.png\",\"width\":1000,\"height\":1000},{\"@type\":\"BreadcrumbList\",\"@id\":\"https:\/\/kamagraeu.net\/de\/produkt\/cenforce-d-160-mg\/#breadcrumb\",\"itemListElement\":[{\"@type\":\"ListItem\",\"position\":1,\"name\":\"Home\",\"item\":\"https:\/\/kamagraeu.net\/de\/\"},{\"@type\":\"ListItem\",\"position\":2,\"name\":\"E-SHOP\",\"item\":\"https:\/\/kamagraeu.net\/de\/e-shop\/\"},{\"@type\":\"ListItem\",\"position\":3,\"name\":\"Cenforce-D 160 mg\"}]},{\"@type\":\"WebSite\",\"@id\":\"https:\/\/kamagraeu.net\/de\/#website\",\"url\":\"https:\/\/kamagraeu.net\/de\/\",\"name\":\"KamagraEU.net\",\"description\":\"Kamagra kaufen\",\"publisher\":{\"@id\":\"https:\/\/kamagraeu.net\/de\/#organization\"},\"alternateName\":\"KamagrEU\",\"potentialAction\":[{\"@type\":\"SearchAction\",\"target\":{\"@type\":\"EntryPoint\",\"urlTemplate\":\"https:\/\/kamagraeu.net\/de\/?s={search_term_string}\"},\"query-input\":{\"@type\":\"PropertyValueSpecification\",\"valueRequired\":true,\"valueName\":\"search_term_string\"}}],\"inLanguage\":\"de\"},{\"@type\":\"Organization\",\"@id\":\"https:\/\/kamagraeu.net\/de\/#organization\",\"name\":\"Kamagraeu.net\",\"alternateName\":\"KamagrEU\",\"url\":\"https:\/\/kamagraeu.net\/de\/\",\"logo\":{\"@type\":\"ImageObject\",\"inLanguage\":\"de\",\"@id\":\"https:\/\/kamagraeu.net\/de\/#\/schema\/logo\/image\/\",\"url\":\"https:\/\/kamagraeu.net\/de\/wp-content\/uploads\/sites\/2\/2020\/05\/cropped-logo.png\",\"contentUrl\":\"https:\/\/kamagraeu.net\/de\/wp-content\/uploads\/sites\/2\/2020\/05\/cropped-logo.png\",\"width\":812,\"height\":192,\"caption\":\"Kamagraeu.net\"},\"image\":{\"@id\":\"https:\/\/kamagraeu.net\/de\/#\/schema\/logo\/image\/\"},\"description\":\"Kamagra Verkauf - Medikamente zur Unterst\u00fctzung und Behandlung von Erektionsproblemen. \u00dcber 40 Produkte auf Lager. Wir helfen sowohl bei der Verz\u00f6gerung der Ejakulation als auch bei der Verbesserung der Erektion.\",\"email\":\"info@kamagraeu.net\",\"telephone\":\"+49 30 315144533\",\"numberOfEmployees\":{\"@type\":\"QuantitativeValue\",\"minValue\":\"11\",\"maxValue\":\"50\"}}]}<\/script>\n<meta property=\"product:price:amount\" content=\"28.50\" \/>\n<meta property=\"product:price:currency\" content=\"EUR\" \/>\n<meta property=\"og:availability\" content=\"instock\" \/>\n<meta property=\"product:availability\" content=\"instock\" \/>\n<meta property=\"product:condition\" content=\"new\" \/>\n<!-- \/ Yoast SEO Premium plugin. -->","yoast_head_json":{"title":"Cenforce-D 160 mg - Doppelter Nutzen f\u00fcr ED und PE |","description":"Cenforce-D 160 mg vereint die Kr\u00e4fte von Sildenafil und Dapoxetin zur Behandlung von erektiler Dysfunktion und vorzeitigem Samenerguss.","robots":{"index":"index","follow":"follow","max-snippet":"max-snippet:-1","max-image-preview":"max-image-preview:large","max-video-preview":"max-video-preview:-1"},"canonical":"https:\/\/kamagraeu.net\/de\/produkt\/cenforce-d-160-mg\/","og_locale":"de_DE","og_type":"article","og_title":"Cenforce-D 160 mg","og_description":"Cenforce-D 160 mg vereint die Kr\u00e4fte von Sildenafil und Dapoxetin zur Behandlung von erektiler Dysfunktion und vorzeitigem Samenerguss.","og_url":"https:\/\/kamagraeu.net\/de\/produkt\/cenforce-d-160-mg\/","og_site_name":"Deutsch","article_modified_time":"2024-07-23T13:40:09+00:00","og_image":[{"width":1000,"height":1000,"url":"http:\/\/kamagraeu.net\/de\/wp-content\/uploads\/sites\/2\/2022\/10\/1-000px-cenforce_d_box_3tsrb.png","type":"image\/png"}],"twitter_card":"summary_large_image","twitter_misc":{"Preis":"28.50&nbsp;&euro;","Verf\u00fcgbarkeit":"Auf Lager"},"schema":{"@context":"https:\/\/schema.org","@graph":[{"@type":"WebPage","@id":"https:\/\/kamagraeu.net\/de\/produkt\/cenforce-d-160-mg\/","url":"https:\/\/kamagraeu.net\/de\/produkt\/cenforce-d-160-mg\/","name":"Cenforce-D 160 mg - Doppelter Nutzen f\u00fcr ED und PE |","isPartOf":{"@id":"https:\/\/kamagraeu.net\/de\/#website"},"primaryImageOfPage":{"@id":"https:\/\/kamagraeu.net\/de\/produkt\/cenforce-d-160-mg\/#primaryimage"},"image":{"@id":"https:\/\/kamagraeu.net\/de\/produkt\/cenforce-d-160-mg\/#primaryimage"},"thumbnailUrl":"https:\/\/kamagraeu.net\/de\/wp-content\/uploads\/sites\/2\/2022\/10\/1-000px-cenforce_d_box_3tsrb.png","datePublished":"2022-09-08T13:04:01+00:00","dateModified":"2024-07-23T13:40:09+00:00","description":"Cenforce-D 160 mg vereint die Kr\u00e4fte von Sildenafil und Dapoxetin zur Behandlung von erektiler Dysfunktion und vorzeitigem Samenerguss.","breadcrumb":{"@id":"https:\/\/kamagraeu.net\/de\/produkt\/cenforce-d-160-mg\/#breadcrumb"},"inLanguage":"de","potentialAction":[{"@type":"ReadAction","target":["https:\/\/kamagraeu.net\/de\/produkt\/cenforce-d-160-mg\/"]}]},{"@type":"ImageObject","inLanguage":"de","@id":"https:\/\/kamagraeu.net\/de\/produkt\/cenforce-d-160-mg\/#primaryimage","url":"https:\/\/kamagraeu.net\/de\/wp-content\/uploads\/sites\/2\/2022\/10\/1-000px-cenforce_d_box_3tsrb.png","contentUrl":"https:\/\/kamagraeu.net\/de\/wp-content\/uploads\/sites\/2\/2022\/10\/1-000px-cenforce_d_box_3tsrb.png","width":1000,"height":1000},{"@type":"BreadcrumbList","@id":"https:\/\/kamagraeu.net\/de\/produkt\/cenforce-d-160-mg\/#breadcrumb","itemListElement":[{"@type":"ListItem","position":1,"name":"Home","item":"https:\/\/kamagraeu.net\/de\/"},{"@type":"ListItem","position":2,"name":"E-SHOP","item":"https:\/\/kamagraeu.net\/de\/e-shop\/"},{"@type":"ListItem","position":3,"name":"Cenforce-D 160 mg"}]},{"@type":"WebSite","@id":"https:\/\/kamagraeu.net\/de\/#website","url":"https:\/\/kamagraeu.net\/de\/","name":"KamagraEU.net","description":"Kamagra kaufen","publisher":{"@id":"https:\/\/kamagraeu.net\/de\/#organization"},"alternateName":"KamagrEU","potentialAction":[{"@type":"SearchAction","target":{"@type":"EntryPoint","urlTemplate":"https:\/\/kamagraeu.net\/de\/?s={search_term_string}"},"query-input":{"@type":"PropertyValueSpecification","valueRequired":true,"valueName":"search_term_string"}}],"inLanguage":"de"},{"@type":"Organization","@id":"https:\/\/kamagraeu.net\/de\/#organization","name":"Kamagraeu.net","alternateName":"KamagrEU","url":"https:\/\/kamagraeu.net\/de\/","logo":{"@type":"ImageObject","inLanguage":"de","@id":"https:\/\/kamagraeu.net\/de\/#\/schema\/logo\/image\/","url":"https:\/\/kamagraeu.net\/de\/wp-content\/uploads\/sites\/2\/2020\/05\/cropped-logo.png","contentUrl":"https:\/\/kamagraeu.net\/de\/wp-content\/uploads\/sites\/2\/2020\/05\/cropped-logo.png","width":812,"height":192,"caption":"Kamagraeu.net"},"image":{"@id":"https:\/\/kamagraeu.net\/de\/#\/schema\/logo\/image\/"},"description":"Kamagra Verkauf - Medikamente zur Unterst\u00fctzung und Behandlung von Erektionsproblemen. \u00dcber 40 Produkte auf Lager. Wir helfen sowohl bei der Verz\u00f6gerung der Ejakulation als auch bei der Verbesserung der Erektion.","email":"info@kamagraeu.net","telephone":"+49 30 315144533","numberOfEmployees":{"@type":"QuantitativeValue","minValue":"11","maxValue":"50"}}]},"product_price_amount":"28.50","product_price_currency":"EUR","og_availability":"instock","product_availability":"instock","product_condition":"new"},"_links":{"self":[{"href":"https:\/\/kamagraeu.net\/de\/wp-json\/wp\/v2\/product\/4792"}],"collection":[{"href":"https:\/\/kamagraeu.net\/de\/wp-json\/wp\/v2\/product"}],"about":[{"href":"https:\/\/kamagraeu.net\/de\/wp-json\/wp\/v2\/types\/product"}],"replies":[{"embeddable":true,"href":"https:\/\/kamagraeu.net\/de\/wp-json\/wp\/v2\/comments?post=4792"}],"wp:featuredmedia":[{"embeddable":true,"href":"https:\/\/kamagraeu.net\/de\/wp-json\/wp\/v2\/media\/5270"}],"wp:attachment":[{"href":"https:\/\/kamagraeu.net\/de\/wp-json\/wp\/v2\/media?parent=4792"}],"wp:term":[{"taxonomy":"product_brand","embeddable":true,"href":"https:\/\/kamagraeu.net\/de\/wp-json\/wp\/v2\/product_brand?post=4792"},{"taxonomy":"product_cat","embeddable":true,"href":"https:\/\/kamagraeu.net\/de\/wp-json\/wp\/v2\/product_cat?post=4792"},{"taxonomy":"product_tag","embeddable":true,"href":"https:\/\/kamagraeu.net\/de\/wp-json\/wp\/v2\/product_tag?post=4792"}],"curies":[{"name":"wp","href":"https:\/\/api.w.org\/{rel}","templated":true}]}}