{"id":4793,"date":"2022-09-08T15:42:09","date_gmt":"2022-09-08T13:42:09","guid":{"rendered":"http:\/\/kamagraeu.net\/de\/?post_type=product&#038;p=4793"},"modified":"2025-07-13T18:14:58","modified_gmt":"2025-07-13T16:14:58","slug":"prejac-60mg-poxet","status":"publish","type":"product","link":"https:\/\/kamagraeu.net\/de\/produkt\/prejac-60mg-poxet\/","title":{"rendered":"Prejac  60mg (Poxet)"},"content":{"rendered":"<h2>\u00dcbersicht<\/h2>\n<p><strong>POXET <\/strong>(60 mg Dapoxetin) ist ein neuartiges Pharmazeutikum zur Behandlung vorzeitiger Ejakulation. Dank des Wirkstoffs Dapoxetin haben Anwender mehr Kontrolle \u00fcber die L\u00e4nge des Geschlechtsakts. Dapoxetin ist klinisch erprobt und in vielen L\u00e4ndern zugelassen. Es dient der Behandlung vorzeitiger Ejakulation und sorgt f\u00fcr mehr Ausdauer beim Geschlechtsakt. Anwender, die D-Force einnehmen, k\u00f6nnen mit einer effektiven Wirkungsdauer von 4 bis 6 Stunden rechnen.<\/p>\n<p>Der Wirkstoff von Poxet ist Dapoxetin. Dapoxetin ist ein selektiver Serotonin-Wiederaufnahmehemmer (Selective Serotonin Reuptake Inhibitor\/SSRI). Es ist das einzige f\u00fcr die Behandlung der vorzeitigen Ejakulation zugelassene Arzneimittel.<\/p>\n<p>D-Force ist kein Aphrodisiakum. Eine sexuelle Stimulation ist Voraussetzung f\u00fcr eine Erektion.<\/p>\n<p><strong>Dapoxetine\u00a0 kaufen<\/strong> k\u00f6nnen Sie ohne Rezept und aufw\u00e4ndige Voruntersuchung bei uns zum Vorteilspreis bestellen. Wenn Sie auf der Suche nach einem wirkungsvollen. <strong>Priligy Generikum<\/strong> gegen einen verfr\u00fchten Samenerguss sind, sind 60mg Dapoxetine das Einzige was wirklich hilft. M\u00e4nner leiden sehr darunter, wenn sie st\u00e4ndig zu schnell zum H\u00f6hepunkt gelangen und die zu fr\u00fch einsetzt. Dieses Problem mit der <strong>Ejakulation<\/strong> steht auf Platz 1 der ganzen sexuellen St\u00f6rungen, noch vor Erektionsst\u00f6rungen. Bei manchen M\u00e4nnern f\u00e4ngt das Problem schon in der Jugend an, bei anderen erst mit fortschreitendem Alter. Es ist jedoch schockierend f\u00fcr M\u00e4nner, wenn sie merken, dass sie nicht mehr so k\u00f6nnen, wie sie wollen. Es ist dem Mann nicht m\u00f6glich die Ejakulation zu verhindern und es passiert schon ungewollt nach ein paar Sekunden. Psychische und physische Gr\u00fcnde k\u00f6nnen f\u00fcr eine Orgasmus-St\u00f6rung verantwortlich sein. Auf Dauer kann es wirklich schwierig werden f\u00fcr den Mann, denn es wird sich eine sexuelle Unzufriedenheit einstellen, das Selbstbewusstsein leidet und irgendwann wird auch die Partnerschaft durch Sexualprobleme gesch\u00e4digt. Bis hin zum Verlust der Libido.<\/p>\n<h2>Dapoxy kaufen als Priligy Ersatz &#8211; um die Ejakulation hinauszuz\u00f6gern!<\/h2>\n<p><strong>Dapoxetine<\/strong> 60mg sind eine arzneistoffgleiche Kopie von dem Markenarzneimittel Priligy. Beide Pr\u00e4parate haben die gleiche Wirkung und Inhalt. Sie werden auch mit einem <strong>Priligy<\/strong> Generikum den gleichen Effekt erzielen wie mit einem teuren Markenprodukt. Aufwendige Potenzmittel Studien und Teste best\u00e4tigen Dapoxetin kaufen eine erstklassige Wirkung und Vertr\u00e4glichkeit. Dapoxetin kaufen bringt Ihr bestes St\u00fcck wieder in die richtige Spur! Bislang ist dieses Potenzmittel das einzig wirksame zur Behandlung von Ejaculatio Praecox\/vorzeitiger Samenerguss. Es geh\u00f6rt zu den selektiven Serotonin-Wiederaufnahme-Hemmern, kurz SSRI. Dadurch wird es dem Mann m\u00f6glich, Einfluss auf das Geschehen zu nehmen und seine Ejakulation selber zu steuern. Sollten Sie sexuell aktiv werden wollen, nehmen Sie etwa 1 \u2013 3 Stunden vorher eine Oraltablette zu sich. Das Sch\u00f6ne an Dapxoetine ist, das Sie es nicht dauernd schlucken m\u00fcssen. Sie nehmen Dapoxetine nur, wenn Sie Geschlechtsverkehr haben wollen. So erreichen Sie wieder die Steuerung \u00fcber Ihr bestes St\u00fcck und Sex wird wieder zu einem lustvollen Erlebnis! Auch f\u00fcr Ihren Partner.<\/p>\n<h2>Anwendungshinweise zu Dapoxetin kaufen als Priligy Alternative:<\/h2>\n<p>Sie wollen sexuell t\u00e4tig werden? Kein Thema, nehmen Sie einfach 1 \u2013 3 Stunden davor eine der Filmtabletten mit Fl\u00fcssigkeit ein. Nach dem Wirkungseintritt haben Sie die Option Ihren Samenerguss zu kontrollieren und selber zu bestimmen. Bitte nicht \u00f6fter als einmal t\u00e4glich einnehmen. 1 Dapoxetine Tablette ist die H\u00f6chstdosis pro Tag. Sie m\u00fcssen mit Nebenwirkungen rechnen, wenn Sie Priligy Filmtabletten \u00fcberdosieren. Die gute Vertr\u00e4glichkeit haben wir oben schon angesprochen, trotzdem lassen sich Nebenwirkungen nie ausschlie\u00dfen, wenn Sie Dapoxetin kaufen. In der Regel sind sie jedoch nur leicht und halten nicht lang an. F\u00fcr den Fall, das Dapoxetine Nebenwirkungen Sie sehr belasten, ist es empfohlen einen Arzt aufzusuchen.<\/p>\n<h2>Im Folgenden f\u00fchren wir Ihnen die bekanntesten Nebenwirkungen des Arzneimittel Priligy auf:<\/h2>\n<p>Durchfall, Schwindel, Erbrechen, Kopfschmerzen, M\u00fcdigkeit, Schlaflosigkeit, \u00dcbelkeit, Bewusstseinsverlust, Herzrasen, Schwitzen, Zittern<\/p>\n<h2>Wann wird von Dapoxetin kaufen abgeraten?<\/h2>\n<p>Im Falle einer \u00dcberempfindlichkeit gegen\u00fcber dem Inhaltsstoff Dapoxetine, sollten Sie dieses Pr\u00e4parat nicht einnehmen. Sie sind unter 18 Jahren oder \u00fcber 65 Jahren? In diesem Fall sollten Sie dieses Priligy Generikum nicht einnehmen. Bei diagnostizierten Krampfleiden oder Epilepsie wird von einer Dapoxetine Einnahme abgeraten. Wenn Sie unter einer eingeschr\u00e4nkten Nierenfunktion, Lebererkrankungen oder schwerwiegenden Herz-Kreislauf-Erkrankungen leiden, sollten Sie auf Dapoxetin kaufen verzichten. Nicht f\u00fcr Frauen geeignet! Wem Dapoxetine nicht gen\u00fcgen, kann auch Dapoxetin kaufen in Verbindung mit Sildenafil, oder anderen PDE-5 Hemmern.<\/p>\n","protected":false},"excerpt":{"rendered":"<table>\n<tbody>\n<tr>\n<td>Packungsinhalt<\/td>\n<td>10 \u00fcberzogene Tabletten<\/td>\n<\/tr>\n<tr>\n<td>Wirkungseintritt<\/td>\n<td>30\u201360 Minuten<\/td>\n<\/tr>\n<tr>\n<td>Wirkstoff<\/td>\n<td>Dapoxetine<\/td>\n<\/tr>\n<tr>\n<td>Wirkstoff in einer Tablette<\/td>\n<td>Dapoxetine 60 mg<\/td>\n<\/tr>\n<tr>\n<td>Form<\/td>\n<td>Tabletten<\/td>\n<\/tr>\n<tr>\n<td>Wirkungsdauer<\/td>\n<td>bis 12 Stunden<\/td>\n<\/tr>\n<\/tbody>\n<\/table>\n","protected":false},"featured_media":14094,"comment_status":"open","ping_status":"closed","template":"","meta":[],"product_brand":[],"product_cat":[17],"product_tag":[],"class_list":{"0":"post-4793","1":"product","2":"type-product","3":"status-publish","4":"has-post-thumbnail","6":"product_cat-vorzeitige-ejakulation","8":"first","9":"outofstock","10":"shipping-taxable","11":"purchasable","12":"product-type-simple"},"yoast_head":"<!-- This site is optimized with the Yoast SEO Premium plugin v23.0 (Yoast SEO v25.6) - https:\/\/yoast.com\/wordpress\/plugins\/seo\/ -->\n<title>Dapoxetine 60 mg \u2013 Effektives Mittel gegen vorzeitige Ejakulation<\/title>\n<meta name=\"description\" content=\"Prejac 60mg Poxet: Verl\u00e4ngern Sie Ihren Genuss und verbessern Sie die Kontrolle bei vorzeitiger Ejakulation mit Prejac 60mg.\" \/>\n<meta name=\"robots\" content=\"index, follow, max-snippet:-1, max-image-preview:large, max-video-preview:-1\" \/>\n<link rel=\"canonical\" href=\"https:\/\/kamagraeu.net\/de\/produkt\/prejac-60mg-poxet\/\" \/>\n<meta property=\"og:locale\" content=\"de_DE\" \/>\n<meta property=\"og:type\" content=\"article\" \/>\n<meta property=\"og:title\" content=\"Prejac 60mg (Poxet)\" \/>\n<meta property=\"og:description\" content=\"Prejac 60mg Poxet: Verl\u00e4ngern Sie Ihren Genuss und verbessern Sie die Kontrolle bei vorzeitiger Ejakulation mit Prejac 60mg.\" \/>\n<meta property=\"og:url\" content=\"https:\/\/kamagraeu.net\/de\/produkt\/prejac-60mg-poxet\/\" \/>\n<meta property=\"og:site_name\" content=\"Deutsch\" \/>\n<meta property=\"article:modified_time\" content=\"2025-07-13T16:14:58+00:00\" \/>\n<meta property=\"og:image\" content=\"http:\/\/kamagraeu.net\/de\/wp-content\/uploads\/sites\/2\/2022\/09\/dapoxetine-10001.png\" \/>\n\t<meta property=\"og:image:width\" content=\"1000\" \/>\n\t<meta property=\"og:image:height\" content=\"1000\" \/>\n\t<meta property=\"og:image:type\" content=\"image\/png\" \/>\n<meta name=\"twitter:card\" content=\"summary_large_image\" \/>\n<meta name=\"twitter:label1\" content=\"Preis\" \/>\n\t<meta name=\"twitter:data1\" content=\"24.00&nbsp;&euro;\" \/>\n\t<meta name=\"twitter:label2\" content=\"Verf\u00fcgbarkeit\" \/>\n\t<meta name=\"twitter:data2\" content=\"ausverkauft\" \/>\n<script type=\"application\/ld+json\" class=\"yoast-schema-graph\">{\"@context\":\"https:\/\/schema.org\",\"@graph\":[{\"@type\":\"WebPage\",\"@id\":\"https:\/\/kamagraeu.net\/de\/produkt\/prejac-60mg-poxet\/\",\"url\":\"https:\/\/kamagraeu.net\/de\/produkt\/prejac-60mg-poxet\/\",\"name\":\"Dapoxetine 60 mg \u2013 Effektives Mittel gegen vorzeitige Ejakulation\",\"isPartOf\":{\"@id\":\"https:\/\/kamagraeu.net\/de\/#website\"},\"primaryImageOfPage\":{\"@id\":\"https:\/\/kamagraeu.net\/de\/produkt\/prejac-60mg-poxet\/#primaryimage\"},\"image\":{\"@id\":\"https:\/\/kamagraeu.net\/de\/produkt\/prejac-60mg-poxet\/#primaryimage\"},\"thumbnailUrl\":\"https:\/\/kamagraeu.net\/de\/wp-content\/uploads\/sites\/2\/2022\/09\/dapoxetine-10001.png\",\"datePublished\":\"2022-09-08T13:42:09+00:00\",\"dateModified\":\"2025-07-13T16:14:58+00:00\",\"description\":\"Prejac 60mg Poxet: Verl\u00e4ngern Sie Ihren Genuss und verbessern Sie die Kontrolle bei vorzeitiger Ejakulation mit Prejac 60mg.\",\"breadcrumb\":{\"@id\":\"https:\/\/kamagraeu.net\/de\/produkt\/prejac-60mg-poxet\/#breadcrumb\"},\"inLanguage\":\"de\",\"potentialAction\":[{\"@type\":\"ReadAction\",\"target\":[\"https:\/\/kamagraeu.net\/de\/produkt\/prejac-60mg-poxet\/\"]}]},{\"@type\":\"ImageObject\",\"inLanguage\":\"de\",\"@id\":\"https:\/\/kamagraeu.net\/de\/produkt\/prejac-60mg-poxet\/#primaryimage\",\"url\":\"https:\/\/kamagraeu.net\/de\/wp-content\/uploads\/sites\/2\/2022\/09\/dapoxetine-10001.png\",\"contentUrl\":\"https:\/\/kamagraeu.net\/de\/wp-content\/uploads\/sites\/2\/2022\/09\/dapoxetine-10001.png\",\"width\":1000,\"height\":1000},{\"@type\":\"BreadcrumbList\",\"@id\":\"https:\/\/kamagraeu.net\/de\/produkt\/prejac-60mg-poxet\/#breadcrumb\",\"itemListElement\":[{\"@type\":\"ListItem\",\"position\":1,\"name\":\"Home\",\"item\":\"https:\/\/kamagraeu.net\/de\/\"},{\"@type\":\"ListItem\",\"position\":2,\"name\":\"E-SHOP\",\"item\":\"https:\/\/kamagraeu.net\/de\/e-shop\/\"},{\"@type\":\"ListItem\",\"position\":3,\"name\":\"Prejac 60mg (Poxet)\"}]},{\"@type\":\"WebSite\",\"@id\":\"https:\/\/kamagraeu.net\/de\/#website\",\"url\":\"https:\/\/kamagraeu.net\/de\/\",\"name\":\"KamagraEU.net\",\"description\":\"Kamagra kaufen\",\"publisher\":{\"@id\":\"https:\/\/kamagraeu.net\/de\/#organization\"},\"alternateName\":\"KamagrEU\",\"potentialAction\":[{\"@type\":\"SearchAction\",\"target\":{\"@type\":\"EntryPoint\",\"urlTemplate\":\"https:\/\/kamagraeu.net\/de\/?s={search_term_string}\"},\"query-input\":{\"@type\":\"PropertyValueSpecification\",\"valueRequired\":true,\"valueName\":\"search_term_string\"}}],\"inLanguage\":\"de\"},{\"@type\":\"Organization\",\"@id\":\"https:\/\/kamagraeu.net\/de\/#organization\",\"name\":\"Kamagraeu.net\",\"alternateName\":\"KamagrEU\",\"url\":\"https:\/\/kamagraeu.net\/de\/\",\"logo\":{\"@type\":\"ImageObject\",\"inLanguage\":\"de\",\"@id\":\"https:\/\/kamagraeu.net\/de\/#\/schema\/logo\/image\/\",\"url\":\"https:\/\/kamagraeu.net\/de\/wp-content\/uploads\/sites\/2\/2020\/05\/cropped-logo.png\",\"contentUrl\":\"https:\/\/kamagraeu.net\/de\/wp-content\/uploads\/sites\/2\/2020\/05\/cropped-logo.png\",\"width\":812,\"height\":192,\"caption\":\"Kamagraeu.net\"},\"image\":{\"@id\":\"https:\/\/kamagraeu.net\/de\/#\/schema\/logo\/image\/\"},\"description\":\"Kamagra Verkauf - Medikamente zur Unterst\u00fctzung und Behandlung von Erektionsproblemen. \u00dcber 40 Produkte auf Lager. Wir helfen sowohl bei der Verz\u00f6gerung der Ejakulation als auch bei der Verbesserung der Erektion.\",\"email\":\"info@kamagraeu.net\",\"telephone\":\"+49 30 315144533\",\"numberOfEmployees\":{\"@type\":\"QuantitativeValue\",\"minValue\":\"11\",\"maxValue\":\"50\"}}]}<\/script>\n<meta property=\"product:price:amount\" content=\"24.00\" \/>\n<meta property=\"product:price:currency\" content=\"EUR\" \/>\n<meta property=\"og:availability\" content=\"out of stock\" \/>\n<meta property=\"product:availability\" content=\"out of stock\" \/>\n<meta property=\"product:condition\" content=\"new\" \/>\n<!-- \/ Yoast SEO Premium plugin. -->","yoast_head_json":{"title":"Dapoxetine 60 mg \u2013 Effektives Mittel gegen vorzeitige Ejakulation","description":"Prejac 60mg Poxet: Verl\u00e4ngern Sie Ihren Genuss und verbessern Sie die Kontrolle bei vorzeitiger Ejakulation mit Prejac 60mg.","robots":{"index":"index","follow":"follow","max-snippet":"max-snippet:-1","max-image-preview":"max-image-preview:large","max-video-preview":"max-video-preview:-1"},"canonical":"https:\/\/kamagraeu.net\/de\/produkt\/prejac-60mg-poxet\/","og_locale":"de_DE","og_type":"article","og_title":"Prejac 60mg (Poxet)","og_description":"Prejac 60mg Poxet: Verl\u00e4ngern Sie Ihren Genuss und verbessern Sie die Kontrolle bei vorzeitiger Ejakulation mit Prejac 60mg.","og_url":"https:\/\/kamagraeu.net\/de\/produkt\/prejac-60mg-poxet\/","og_site_name":"Deutsch","article_modified_time":"2025-07-13T16:14:58+00:00","og_image":[{"width":1000,"height":1000,"url":"http:\/\/kamagraeu.net\/de\/wp-content\/uploads\/sites\/2\/2022\/09\/dapoxetine-10001.png","type":"image\/png"}],"twitter_card":"summary_large_image","twitter_misc":{"Preis":"24.00&nbsp;&euro;","Verf\u00fcgbarkeit":"ausverkauft"},"schema":{"@context":"https:\/\/schema.org","@graph":[{"@type":"WebPage","@id":"https:\/\/kamagraeu.net\/de\/produkt\/prejac-60mg-poxet\/","url":"https:\/\/kamagraeu.net\/de\/produkt\/prejac-60mg-poxet\/","name":"Dapoxetine 60 mg \u2013 Effektives Mittel gegen vorzeitige Ejakulation","isPartOf":{"@id":"https:\/\/kamagraeu.net\/de\/#website"},"primaryImageOfPage":{"@id":"https:\/\/kamagraeu.net\/de\/produkt\/prejac-60mg-poxet\/#primaryimage"},"image":{"@id":"https:\/\/kamagraeu.net\/de\/produkt\/prejac-60mg-poxet\/#primaryimage"},"thumbnailUrl":"https:\/\/kamagraeu.net\/de\/wp-content\/uploads\/sites\/2\/2022\/09\/dapoxetine-10001.png","datePublished":"2022-09-08T13:42:09+00:00","dateModified":"2025-07-13T16:14:58+00:00","description":"Prejac 60mg Poxet: Verl\u00e4ngern Sie Ihren Genuss und verbessern Sie die Kontrolle bei vorzeitiger Ejakulation mit Prejac 60mg.","breadcrumb":{"@id":"https:\/\/kamagraeu.net\/de\/produkt\/prejac-60mg-poxet\/#breadcrumb"},"inLanguage":"de","potentialAction":[{"@type":"ReadAction","target":["https:\/\/kamagraeu.net\/de\/produkt\/prejac-60mg-poxet\/"]}]},{"@type":"ImageObject","inLanguage":"de","@id":"https:\/\/kamagraeu.net\/de\/produkt\/prejac-60mg-poxet\/#primaryimage","url":"https:\/\/kamagraeu.net\/de\/wp-content\/uploads\/sites\/2\/2022\/09\/dapoxetine-10001.png","contentUrl":"https:\/\/kamagraeu.net\/de\/wp-content\/uploads\/sites\/2\/2022\/09\/dapoxetine-10001.png","width":1000,"height":1000},{"@type":"BreadcrumbList","@id":"https:\/\/kamagraeu.net\/de\/produkt\/prejac-60mg-poxet\/#breadcrumb","itemListElement":[{"@type":"ListItem","position":1,"name":"Home","item":"https:\/\/kamagraeu.net\/de\/"},{"@type":"ListItem","position":2,"name":"E-SHOP","item":"https:\/\/kamagraeu.net\/de\/e-shop\/"},{"@type":"ListItem","position":3,"name":"Prejac 60mg (Poxet)"}]},{"@type":"WebSite","@id":"https:\/\/kamagraeu.net\/de\/#website","url":"https:\/\/kamagraeu.net\/de\/","name":"KamagraEU.net","description":"Kamagra kaufen","publisher":{"@id":"https:\/\/kamagraeu.net\/de\/#organization"},"alternateName":"KamagrEU","potentialAction":[{"@type":"SearchAction","target":{"@type":"EntryPoint","urlTemplate":"https:\/\/kamagraeu.net\/de\/?s={search_term_string}"},"query-input":{"@type":"PropertyValueSpecification","valueRequired":true,"valueName":"search_term_string"}}],"inLanguage":"de"},{"@type":"Organization","@id":"https:\/\/kamagraeu.net\/de\/#organization","name":"Kamagraeu.net","alternateName":"KamagrEU","url":"https:\/\/kamagraeu.net\/de\/","logo":{"@type":"ImageObject","inLanguage":"de","@id":"https:\/\/kamagraeu.net\/de\/#\/schema\/logo\/image\/","url":"https:\/\/kamagraeu.net\/de\/wp-content\/uploads\/sites\/2\/2020\/05\/cropped-logo.png","contentUrl":"https:\/\/kamagraeu.net\/de\/wp-content\/uploads\/sites\/2\/2020\/05\/cropped-logo.png","width":812,"height":192,"caption":"Kamagraeu.net"},"image":{"@id":"https:\/\/kamagraeu.net\/de\/#\/schema\/logo\/image\/"},"description":"Kamagra Verkauf - Medikamente zur Unterst\u00fctzung und Behandlung von Erektionsproblemen. \u00dcber 40 Produkte auf Lager. Wir helfen sowohl bei der Verz\u00f6gerung der Ejakulation als auch bei der Verbesserung der Erektion.","email":"info@kamagraeu.net","telephone":"+49 30 315144533","numberOfEmployees":{"@type":"QuantitativeValue","minValue":"11","maxValue":"50"}}]},"product_price_amount":"24.00","product_price_currency":"EUR","og_availability":"out of stock","product_availability":"out of stock","product_condition":"new"},"_links":{"self":[{"href":"https:\/\/kamagraeu.net\/de\/wp-json\/wp\/v2\/product\/4793"}],"collection":[{"href":"https:\/\/kamagraeu.net\/de\/wp-json\/wp\/v2\/product"}],"about":[{"href":"https:\/\/kamagraeu.net\/de\/wp-json\/wp\/v2\/types\/product"}],"replies":[{"embeddable":true,"href":"https:\/\/kamagraeu.net\/de\/wp-json\/wp\/v2\/comments?post=4793"}],"wp:featuredmedia":[{"embeddable":true,"href":"https:\/\/kamagraeu.net\/de\/wp-json\/wp\/v2\/media\/14094"}],"wp:attachment":[{"href":"https:\/\/kamagraeu.net\/de\/wp-json\/wp\/v2\/media?parent=4793"}],"wp:term":[{"taxonomy":"product_brand","embeddable":true,"href":"https:\/\/kamagraeu.net\/de\/wp-json\/wp\/v2\/product_brand?post=4793"},{"taxonomy":"product_cat","embeddable":true,"href":"https:\/\/kamagraeu.net\/de\/wp-json\/wp\/v2\/product_cat?post=4793"},{"taxonomy":"product_tag","embeddable":true,"href":"https:\/\/kamagraeu.net\/de\/wp-json\/wp\/v2\/product_tag?post=4793"}],"curies":[{"name":"wp","href":"https:\/\/api.w.org\/{rel}","templated":true}]}}