{"id":4797,"date":"2022-09-08T15:46:41","date_gmt":"2022-09-08T13:46:41","guid":{"rendered":"http:\/\/kamagraeu.net\/de\/?post_type=product&#038;p=4797"},"modified":"2024-09-12T10:13:45","modified_gmt":"2024-09-12T08:13:45","slug":"vilitra-40mg","status":"publish","type":"product","link":"https:\/\/kamagraeu.net\/de\/produkt\/vilitra-40mg\/","title":{"rendered":"Vilitra 40 mg"},"content":{"rendered":"[tiered-pricing-table]\n<h4>Vilitra 40 mg<\/h4>\n<div>Ein potenzf\u00f6rderndes Mittel zu bekommen ist nach heutigen Standards kein Problem mehr. Jedoch nur wenige Arzneimittelhersteller verstehen Ihr Handwerk und bieten wirksame <strong>Potenzmittel<\/strong> an. Der Hersteller Centurion Laboratories ist einer der bekannten und vor allem bew\u00e4hrten Hersteller, der sich in diesem Arzneimittelbereich etablieren konnte. Er befasste sich lange mit dem Thema erektile Dysfunktionen und damit auch mit dem Schreckensthema Potenzprobleme. Sein Ziel war es effektive Pr\u00e4parate herzustellen, die dieses Problem in seiner vollst\u00e4ndigen Symptomatik behandelt. Es entstand das Produkt <strong>Vilitra 40<\/strong> <strong>mg<\/strong>, welches bis heute zu den schnell wirksamen Medikamenten z\u00e4hlt.\u00a0 Studien haben bewiesen, dass die ersten positiven Wirkungsergebnisse bereits 20 Minuten nach der Einnahme entstanden. Die bew\u00e4hrte Wirkungsdauer liegt bei 12 Stunden. Andere Medikamente in diesem Segment \u00fcbersteigen die Wirkungsdauer von 4 Stunden selten.<\/div>\n<h4>VILITRA 40 MG UND DIE WIRKUNG<\/h4>\n<div>\u00a0 Das Medikament <strong>Vilitra 40 mg<\/strong> mit dem Wirkstoff <strong>Vardenafil<\/strong> ist als Tablette zu bekommen. Dieses geh\u00f6rt mit zur Wirkungsgruppe der Phosphodiesterase-Hemmer Typ 5 (PDE-5). Dank dieser Zusammensetzung kann das Medikament Vilitra 40 mg bereits in einer kleineren Dosis den Abbau des cGMP-Nukleotide verhindern. Dieser Botenstoff wird bei einer sexuellen Erregung freigesetzt und sorgt f\u00fcr die Erweiterung der Gef\u00e4\u00dfe, die f\u00fcr eine standhafte Erektion notwendig sind. Wird nicht ausreichend Blut in die Schwellk\u00f6rper gepumpt, weil die Gef\u00e4\u00dfe nicht ordentlich funktionieren, kann es zu einer erektilen Dysfunktion kommen. <strong>Vilitra 40 mg<\/strong> sorgt mit seinen Bestandteilen daf\u00fcr, dass der Botenstoff f\u00fcr die Erektion nicht zu schnell abgebaut wird und sich eine qualitativ l\u00e4ngere Erektion bilden kann.<\/div>\n<h4>WER KANN DAS MEDIKAMENT EINNEHMEN<\/h4>\n<div>\u00a0 Das Medikament zur Behandlung von erektilen Dysfunktionen ist f\u00fcr M\u00e4nner mit dem Mindestalter von 18 Jahren bestimmt. <strong>Vilitra 40 mg<\/strong> geh\u00f6rt zu den neueren Pr\u00e4paraten in diesem Bereich und gilt als sehr vertrauensvoll und gut vertr\u00e4glich bei M\u00e4nnern, die unter erektilen Dysfunktionen leiden.\u00a0 Unerw\u00fcnschte Nebenwirkungen sind selten vorhanden, selbst bei Herren, die eine Diabetes Vorerkrankung vorzuweisen haben. Auch bei Patienten und Betroffenen die einen erh\u00f6hten Blutdruck vorweisen oder bei einem erh\u00f6hten Cholesterinspiegel kann das Produkt bedenkenlos genutzt werden.\u00a0 Besonders zu empfehlen ist das Potenzmittel bei Patienten \u00fcber 50 Jahren. \u00a0 Im Gegensatz zu anderen Medikamenten in diesem Segment kann das Vilitra 40 mg ohne starke Nebenwirkungen verabreicht werden.<\/div>\n<h4>WER SOLLTE VILITRA 40 MG NICHT EINNEHMEN?<\/h4>\n<div>\u00a0 Das <strong>Vilitra 40 mg<\/strong> ist ein hochwertiges Arzneimittel, welches jedoch nicht f\u00fcr jeden Mann geeignet erscheint. Auch wenn viele der Nebenwirkungen beim Vilitra 40 mg nicht nachgewiesen werden, so ist eine Beratung durch einen Arzt zu empfehlen. Auch die Abstimmung mit anderen Medikamenten ist wichtig. Medikamente die Nitrate oder Nitroglycerin enthalten k\u00f6nnen nicht mit dem <strong>Vilitra 40 mg<\/strong> eingenommen werden. Auch bei Medikamenten, die eine Herzrhythmusst\u00f6rung behandeln, ist die Einnahme nicht gestattet. Au\u00dferdem ist das Medikament nicht zu verwenden, wenn die folgenden Leiden oder Erkrankungen durchlebt haben oder besitzen: \u00a0 Herzklopfen Herzinfarkt Schlaganfall Leber- oder Nierenerkrankungen Au\u00dferdem sollten Personen \u00fcber 75 Jahre auf die Einnahme des Vilitra 40 mg verzichten und auch Personen die als Dialysepatienten gelistet sind.<\/div>\n<h4>SO NEHMEN SIE VILITRA 40 MG EIN<\/h4>\n<div>\u00a0 Damit das Medikament schnell und vor allem gezielt anzuwenden ist, sollten Sie es auf n\u00fcchternen Magen einnehmen oder wenn die Mahlzeit schon l\u00e4nger zur\u00fcckliegt. Ist die Mahlzeit wenige Zeit vorher eingenommen worden, dann kann die Wirksamkeit sp\u00e4ter eintreten.\u00a0 Normalerweise ist die Wirksamkeit nach 20 Minuten bereits zu sp\u00fcren. In den seltensten F\u00e4llen dauerte die Wirkungsumsetzung 60 Minuten.\u00a0 Die Dauer der Wirkung liegt bei 12 Stunden.<\/div>\n<h4>DIESE NEBENWIRKUNGEN K\u00d6NNEN BEI DER EINNAHME ENTSTEHEN<\/h4>\n<div>\u00a0 Die Nebenwirkungen m\u00fcssen nicht auftreten, jedoch kann der K\u00f6rper auf die Inhaltsstoffe des Medikaments reagieren. Die meisten Probanden sprachen von minimalen Nebenwirkungen. Zu den Beschwerden k\u00f6nnten die folgenden Nebenwirkungen geh\u00f6ren: \u00a0 Kopfschmerzen Schwindel Verdauungsproblem Verstopfte Nase \u00dcbelkeit oder Erbrechen Schl\u00e4frigkeit M\u00fcdigkeit Gelenkschmerzen abnormale Herzfrequenzen Nasenbluten Brustschmerzen Sollten diese Nebenwirkungen nicht vergehen, suchen Sie bitte einen Arzt auf.<\/div>\n<h4>LAGERUNG VON VILITRA 40 MG<\/h4>\n<div>\u00a0 Am besten lagern Sie das Medikament in der Originalverpackung und nicht \u00fcber 30 Grad.<\/div>\n","protected":false},"excerpt":{"rendered":"<table>\n<tbody>\n<tr>\n<td>Packungsinhalt<\/td>\n<td><strong>10 \u00fcberzogene Tabletten<\/strong><\/td>\n<\/tr>\n<tr>\n<td>Wirkstoff<\/td>\n<td>Vardenafil<\/td>\n<\/tr>\n<tr>\n<td>Wirkstoff in einer Tablette<\/td>\n<td><strong>Vardenafil 40 mg<br \/>\n<\/strong><\/td>\n<\/tr>\n<tr>\n<td>Wirkungseintritt<\/td>\n<td>20\u201330 Minuten<\/td>\n<\/tr>\n<tr>\n<td>Wirkungsdauer<\/td>\n<td><strong>bis 12 Stunden<\/strong><\/td>\n<\/tr>\n<tr>\n<td>Form<\/td>\n<td><strong>Tabletten<\/strong><\/td>\n<\/tr>\n<\/tbody>\n<\/table>\n","protected":false},"featured_media":5371,"comment_status":"closed","ping_status":"closed","template":"","meta":[],"product_brand":[],"product_cat":[19],"product_tag":[],"class_list":{"0":"post-4797","1":"product","2":"type-product","3":"status-publish","4":"has-post-thumbnail","6":"product_cat-levitra-generika","8":"first","9":"outofstock","10":"shipping-taxable","11":"purchasable","12":"product-type-simple"},"yoast_head":"<!-- This site is optimized with the Yoast SEO Premium plugin v23.0 (Yoast SEO v25.6) - https:\/\/yoast.com\/wordpress\/plugins\/seo\/ -->\n<title>Vilitra 40 mg - Zuverl\u00e4ssige ED-Behandlung<\/title>\n<meta name=\"description\" content=\"Vilitra 40 mg mit Vardenafil bietet eine wirksame L\u00f6sung gegen erektile Dysfunktion. Bestellen Sie jetzt sicher und diskret online.\" \/>\n<meta name=\"robots\" content=\"index, follow, max-snippet:-1, max-image-preview:large, max-video-preview:-1\" \/>\n<link rel=\"canonical\" href=\"https:\/\/kamagraeu.net\/de\/produkt\/vilitra-40mg\/\" \/>\n<meta property=\"og:locale\" content=\"de_DE\" \/>\n<meta property=\"og:type\" content=\"article\" \/>\n<meta property=\"og:title\" content=\"Vilitra 40 mg\" \/>\n<meta property=\"og:description\" content=\"Vilitra 40 mg mit Vardenafil bietet eine wirksame L\u00f6sung gegen erektile Dysfunktion. Bestellen Sie jetzt sicher und diskret online.\" \/>\n<meta property=\"og:url\" content=\"https:\/\/kamagraeu.net\/de\/produkt\/vilitra-40mg\/\" \/>\n<meta property=\"og:site_name\" content=\"Deutsch\" \/>\n<meta property=\"article:modified_time\" content=\"2024-09-12T08:13:45+00:00\" \/>\n<meta property=\"og:image\" content=\"http:\/\/kamagraeu.net\/de\/wp-content\/uploads\/sites\/2\/2022\/10\/1000_vilitra_40_kak51.jpg\" \/>\n\t<meta property=\"og:image:width\" content=\"1000\" \/>\n\t<meta property=\"og:image:height\" content=\"1000\" \/>\n\t<meta property=\"og:image:type\" content=\"image\/jpeg\" \/>\n<meta name=\"twitter:card\" content=\"summary_large_image\" \/>\n<meta name=\"twitter:label1\" content=\"Preis\" \/>\n\t<meta name=\"twitter:data1\" content=\"34.00&nbsp;&euro;\" \/>\n\t<meta name=\"twitter:label2\" content=\"Verf\u00fcgbarkeit\" \/>\n\t<meta name=\"twitter:data2\" content=\"ausverkauft\" \/>\n<script type=\"application\/ld+json\" class=\"yoast-schema-graph\">{\"@context\":\"https:\/\/schema.org\",\"@graph\":[{\"@type\":\"WebPage\",\"@id\":\"https:\/\/kamagraeu.net\/de\/produkt\/vilitra-40mg\/\",\"url\":\"https:\/\/kamagraeu.net\/de\/produkt\/vilitra-40mg\/\",\"name\":\"Vilitra 40 mg - Zuverl\u00e4ssige ED-Behandlung\",\"isPartOf\":{\"@id\":\"https:\/\/kamagraeu.net\/de\/#website\"},\"primaryImageOfPage\":{\"@id\":\"https:\/\/kamagraeu.net\/de\/produkt\/vilitra-40mg\/#primaryimage\"},\"image\":{\"@id\":\"https:\/\/kamagraeu.net\/de\/produkt\/vilitra-40mg\/#primaryimage\"},\"thumbnailUrl\":\"https:\/\/kamagraeu.net\/de\/wp-content\/uploads\/sites\/2\/2022\/10\/1000_vilitra_40_kak51.jpg\",\"datePublished\":\"2022-09-08T13:46:41+00:00\",\"dateModified\":\"2024-09-12T08:13:45+00:00\",\"description\":\"Vilitra 40 mg mit Vardenafil bietet eine wirksame L\u00f6sung gegen erektile Dysfunktion. Bestellen Sie jetzt sicher und diskret online.\",\"breadcrumb\":{\"@id\":\"https:\/\/kamagraeu.net\/de\/produkt\/vilitra-40mg\/#breadcrumb\"},\"inLanguage\":\"de\",\"potentialAction\":[{\"@type\":\"ReadAction\",\"target\":[\"https:\/\/kamagraeu.net\/de\/produkt\/vilitra-40mg\/\"]}]},{\"@type\":\"ImageObject\",\"inLanguage\":\"de\",\"@id\":\"https:\/\/kamagraeu.net\/de\/produkt\/vilitra-40mg\/#primaryimage\",\"url\":\"https:\/\/kamagraeu.net\/de\/wp-content\/uploads\/sites\/2\/2022\/10\/1000_vilitra_40_kak51.jpg\",\"contentUrl\":\"https:\/\/kamagraeu.net\/de\/wp-content\/uploads\/sites\/2\/2022\/10\/1000_vilitra_40_kak51.jpg\",\"width\":1000,\"height\":1000},{\"@type\":\"BreadcrumbList\",\"@id\":\"https:\/\/kamagraeu.net\/de\/produkt\/vilitra-40mg\/#breadcrumb\",\"itemListElement\":[{\"@type\":\"ListItem\",\"position\":1,\"name\":\"Home\",\"item\":\"https:\/\/kamagraeu.net\/de\/\"},{\"@type\":\"ListItem\",\"position\":2,\"name\":\"E-SHOP\",\"item\":\"https:\/\/kamagraeu.net\/de\/e-shop\/\"},{\"@type\":\"ListItem\",\"position\":3,\"name\":\"Vilitra 40 mg\"}]},{\"@type\":\"WebSite\",\"@id\":\"https:\/\/kamagraeu.net\/de\/#website\",\"url\":\"https:\/\/kamagraeu.net\/de\/\",\"name\":\"KamagraEU.net\",\"description\":\"Kamagra kaufen\",\"publisher\":{\"@id\":\"https:\/\/kamagraeu.net\/de\/#organization\"},\"alternateName\":\"KamagrEU\",\"potentialAction\":[{\"@type\":\"SearchAction\",\"target\":{\"@type\":\"EntryPoint\",\"urlTemplate\":\"https:\/\/kamagraeu.net\/de\/?s={search_term_string}\"},\"query-input\":{\"@type\":\"PropertyValueSpecification\",\"valueRequired\":true,\"valueName\":\"search_term_string\"}}],\"inLanguage\":\"de\"},{\"@type\":\"Organization\",\"@id\":\"https:\/\/kamagraeu.net\/de\/#organization\",\"name\":\"Kamagraeu.net\",\"alternateName\":\"KamagrEU\",\"url\":\"https:\/\/kamagraeu.net\/de\/\",\"logo\":{\"@type\":\"ImageObject\",\"inLanguage\":\"de\",\"@id\":\"https:\/\/kamagraeu.net\/de\/#\/schema\/logo\/image\/\",\"url\":\"https:\/\/kamagraeu.net\/de\/wp-content\/uploads\/sites\/2\/2020\/05\/cropped-logo.png\",\"contentUrl\":\"https:\/\/kamagraeu.net\/de\/wp-content\/uploads\/sites\/2\/2020\/05\/cropped-logo.png\",\"width\":812,\"height\":192,\"caption\":\"Kamagraeu.net\"},\"image\":{\"@id\":\"https:\/\/kamagraeu.net\/de\/#\/schema\/logo\/image\/\"},\"description\":\"Kamagra Verkauf - Medikamente zur Unterst\u00fctzung und Behandlung von Erektionsproblemen. \u00dcber 40 Produkte auf Lager. Wir helfen sowohl bei der Verz\u00f6gerung der Ejakulation als auch bei der Verbesserung der Erektion.\",\"email\":\"info@kamagraeu.net\",\"telephone\":\"+49 30 315144533\",\"numberOfEmployees\":{\"@type\":\"QuantitativeValue\",\"minValue\":\"11\",\"maxValue\":\"50\"}}]}<\/script>\n<meta property=\"product:price:amount\" content=\"34.00\" \/>\n<meta property=\"product:price:currency\" content=\"EUR\" \/>\n<meta property=\"og:availability\" content=\"out of stock\" \/>\n<meta property=\"product:availability\" content=\"out of stock\" \/>\n<meta property=\"product:condition\" content=\"new\" \/>\n<!-- \/ Yoast SEO Premium plugin. -->","yoast_head_json":{"title":"Vilitra 40 mg - Zuverl\u00e4ssige ED-Behandlung","description":"Vilitra 40 mg mit Vardenafil bietet eine wirksame L\u00f6sung gegen erektile Dysfunktion. Bestellen Sie jetzt sicher und diskret online.","robots":{"index":"index","follow":"follow","max-snippet":"max-snippet:-1","max-image-preview":"max-image-preview:large","max-video-preview":"max-video-preview:-1"},"canonical":"https:\/\/kamagraeu.net\/de\/produkt\/vilitra-40mg\/","og_locale":"de_DE","og_type":"article","og_title":"Vilitra 40 mg","og_description":"Vilitra 40 mg mit Vardenafil bietet eine wirksame L\u00f6sung gegen erektile Dysfunktion. Bestellen Sie jetzt sicher und diskret online.","og_url":"https:\/\/kamagraeu.net\/de\/produkt\/vilitra-40mg\/","og_site_name":"Deutsch","article_modified_time":"2024-09-12T08:13:45+00:00","og_image":[{"width":1000,"height":1000,"url":"http:\/\/kamagraeu.net\/de\/wp-content\/uploads\/sites\/2\/2022\/10\/1000_vilitra_40_kak51.jpg","type":"image\/jpeg"}],"twitter_card":"summary_large_image","twitter_misc":{"Preis":"34.00&nbsp;&euro;","Verf\u00fcgbarkeit":"ausverkauft"},"schema":{"@context":"https:\/\/schema.org","@graph":[{"@type":"WebPage","@id":"https:\/\/kamagraeu.net\/de\/produkt\/vilitra-40mg\/","url":"https:\/\/kamagraeu.net\/de\/produkt\/vilitra-40mg\/","name":"Vilitra 40 mg - Zuverl\u00e4ssige ED-Behandlung","isPartOf":{"@id":"https:\/\/kamagraeu.net\/de\/#website"},"primaryImageOfPage":{"@id":"https:\/\/kamagraeu.net\/de\/produkt\/vilitra-40mg\/#primaryimage"},"image":{"@id":"https:\/\/kamagraeu.net\/de\/produkt\/vilitra-40mg\/#primaryimage"},"thumbnailUrl":"https:\/\/kamagraeu.net\/de\/wp-content\/uploads\/sites\/2\/2022\/10\/1000_vilitra_40_kak51.jpg","datePublished":"2022-09-08T13:46:41+00:00","dateModified":"2024-09-12T08:13:45+00:00","description":"Vilitra 40 mg mit Vardenafil bietet eine wirksame L\u00f6sung gegen erektile Dysfunktion. Bestellen Sie jetzt sicher und diskret online.","breadcrumb":{"@id":"https:\/\/kamagraeu.net\/de\/produkt\/vilitra-40mg\/#breadcrumb"},"inLanguage":"de","potentialAction":[{"@type":"ReadAction","target":["https:\/\/kamagraeu.net\/de\/produkt\/vilitra-40mg\/"]}]},{"@type":"ImageObject","inLanguage":"de","@id":"https:\/\/kamagraeu.net\/de\/produkt\/vilitra-40mg\/#primaryimage","url":"https:\/\/kamagraeu.net\/de\/wp-content\/uploads\/sites\/2\/2022\/10\/1000_vilitra_40_kak51.jpg","contentUrl":"https:\/\/kamagraeu.net\/de\/wp-content\/uploads\/sites\/2\/2022\/10\/1000_vilitra_40_kak51.jpg","width":1000,"height":1000},{"@type":"BreadcrumbList","@id":"https:\/\/kamagraeu.net\/de\/produkt\/vilitra-40mg\/#breadcrumb","itemListElement":[{"@type":"ListItem","position":1,"name":"Home","item":"https:\/\/kamagraeu.net\/de\/"},{"@type":"ListItem","position":2,"name":"E-SHOP","item":"https:\/\/kamagraeu.net\/de\/e-shop\/"},{"@type":"ListItem","position":3,"name":"Vilitra 40 mg"}]},{"@type":"WebSite","@id":"https:\/\/kamagraeu.net\/de\/#website","url":"https:\/\/kamagraeu.net\/de\/","name":"KamagraEU.net","description":"Kamagra kaufen","publisher":{"@id":"https:\/\/kamagraeu.net\/de\/#organization"},"alternateName":"KamagrEU","potentialAction":[{"@type":"SearchAction","target":{"@type":"EntryPoint","urlTemplate":"https:\/\/kamagraeu.net\/de\/?s={search_term_string}"},"query-input":{"@type":"PropertyValueSpecification","valueRequired":true,"valueName":"search_term_string"}}],"inLanguage":"de"},{"@type":"Organization","@id":"https:\/\/kamagraeu.net\/de\/#organization","name":"Kamagraeu.net","alternateName":"KamagrEU","url":"https:\/\/kamagraeu.net\/de\/","logo":{"@type":"ImageObject","inLanguage":"de","@id":"https:\/\/kamagraeu.net\/de\/#\/schema\/logo\/image\/","url":"https:\/\/kamagraeu.net\/de\/wp-content\/uploads\/sites\/2\/2020\/05\/cropped-logo.png","contentUrl":"https:\/\/kamagraeu.net\/de\/wp-content\/uploads\/sites\/2\/2020\/05\/cropped-logo.png","width":812,"height":192,"caption":"Kamagraeu.net"},"image":{"@id":"https:\/\/kamagraeu.net\/de\/#\/schema\/logo\/image\/"},"description":"Kamagra Verkauf - Medikamente zur Unterst\u00fctzung und Behandlung von Erektionsproblemen. \u00dcber 40 Produkte auf Lager. Wir helfen sowohl bei der Verz\u00f6gerung der Ejakulation als auch bei der Verbesserung der Erektion.","email":"info@kamagraeu.net","telephone":"+49 30 315144533","numberOfEmployees":{"@type":"QuantitativeValue","minValue":"11","maxValue":"50"}}]},"product_price_amount":"34.00","product_price_currency":"EUR","og_availability":"out of stock","product_availability":"out of stock","product_condition":"new"},"_links":{"self":[{"href":"https:\/\/kamagraeu.net\/de\/wp-json\/wp\/v2\/product\/4797"}],"collection":[{"href":"https:\/\/kamagraeu.net\/de\/wp-json\/wp\/v2\/product"}],"about":[{"href":"https:\/\/kamagraeu.net\/de\/wp-json\/wp\/v2\/types\/product"}],"replies":[{"embeddable":true,"href":"https:\/\/kamagraeu.net\/de\/wp-json\/wp\/v2\/comments?post=4797"}],"wp:featuredmedia":[{"embeddable":true,"href":"https:\/\/kamagraeu.net\/de\/wp-json\/wp\/v2\/media\/5371"}],"wp:attachment":[{"href":"https:\/\/kamagraeu.net\/de\/wp-json\/wp\/v2\/media?parent=4797"}],"wp:term":[{"taxonomy":"product_brand","embeddable":true,"href":"https:\/\/kamagraeu.net\/de\/wp-json\/wp\/v2\/product_brand?post=4797"},{"taxonomy":"product_cat","embeddable":true,"href":"https:\/\/kamagraeu.net\/de\/wp-json\/wp\/v2\/product_cat?post=4797"},{"taxonomy":"product_tag","embeddable":true,"href":"https:\/\/kamagraeu.net\/de\/wp-json\/wp\/v2\/product_tag?post=4797"}],"curies":[{"name":"wp","href":"https:\/\/api.w.org\/{rel}","templated":true}]}}