{"id":5408,"date":"2022-10-26T13:20:45","date_gmt":"2022-10-26T11:20:45","guid":{"rendered":"http:\/\/kamagraeu.net\/de\/?post_type=product&#038;p=5408"},"modified":"2024-05-31T00:22:34","modified_gmt":"2024-05-30T22:22:34","slug":"super-vidalista-80mg","status":"publish","type":"product","link":"https:\/\/kamagraeu.net\/de\/produkt\/super-vidalista-80mg\/","title":{"rendered":"Super Vidalista 80mg"},"content":{"rendered":"<p><strong>Super Vidalista<\/strong> &#8211; ein einzigartiges Potenzmittel, die zwei aktiven Komponenten hat: <em>Tadalafil und Dapoxetine<\/em>. Dapoxetine ist f\u00fcr die Verhinderung des vorzeitigen Samenergusses und der Verl\u00e4ngerung des Geschlechtsakts vorbestimmt.<\/p>\n<h4>Gibt es Kontraindikationen zur Anwendung des Pr\u00e4parates?<\/h4>\n<p>Super Vidalista ist nicht f\u00fcr Frauen oder Minderj\u00e4hrige bestimmt. Nur M\u00e4nner \u00fcber 18 Jahren d\u00fcrfen das Medikament einnehmen. \u00c4ltere Patienten, die das Medikament regelm\u00e4\u00dfig einnehmen, sollten sich j\u00e4hrlich einer \u00e4rztlichen Untersuchung unterziehen.<\/p>\n<p>Super VIdalista ist nicht sicher f\u00fcr M\u00e4nner mit folgenden Diagnosen:<\/p>\n<ul>\n<li>Herz-Kreislauf-Erkrankungen (Tachykardie, Arrhythmie, Funktionsst\u00f6rung der Herzklappen, frischer Herzinfarkt oder Schlaganfall);<\/li>\n<li>schwere Nieren- oder Leberinsuffizienz;<\/li>\n<li>\u00dcberempfindlichkeit gegen Vardenafil oder Dapoxetin;<\/li>\n<li>orthostatische Hypotonie;<\/li>\n<li>angeborene Missbildung des Penis oder Verletzung, die durch Erektion verschlimmert werden kann;<\/li>\n<li>Laktoseintoleranz, Glucose-Galactose-Malabsorptionssyndrom.<\/li>\n<\/ul>\n<h4>Wechselwirkungen von Super Vidalista mit anderen Medikamenten<\/h4>\n<p>Bei der Einnahme von Super Vidalista sollte man auf der Nutzung von bestimmte Arzneimittel verzichten. Super Vidalista kann nicht mit Arzneimitteln kombiniert werden, die Leberenzyme blockieren: Ketoconazol, Itroconazol, Atazanovir, Telithromycin und andere. Die Kombination von Medikamenten f\u00fchrt zu einer \u00dcberdosierung von Dapoxetin und Nebenwirkungen.<\/p>\n<p>Zwischen der Anwendung von Super VIdalista und Monoaminoxidase-Hemmern m\u00fcssen mindestens 14 Tage liegen. Es ist verboten, das\u00a0 Potenzmittel\u00a0 mit selektiven Serotonin-Wiederaufnahmehemmern und trizyklischen Antidepressiva zu kombinieren.<\/p>\n<p>Vardenafil sollte nicht zusammen mit Erythromycin, Betablockern und Calciumkanalblockern eingenommen werden. Patienten, die Super Vidalista mit Antikoagulanzien kombinieren, sollten sich regelm\u00e4\u00dfig von einem Arzt untersuchen lassen.<\/p>\n<h4>Hat Super Vidalista Nebenwirkungen?<\/h4>\n<p>Wie jedes noch so harmlose Medikament bringt auch Super Vidalista\u00a0 einige Nebenwirkungen mit sich.\u00a0 Schwindel, Kopfschmerzen und \u00dcbelkeit sind die h\u00e4ufigsten Nebenwirkungen von Super Vidalista. Etwa 16 % der M\u00e4nner sind mit diesen St\u00f6rungen konfrontiert. In 4% der F\u00e4lle verursacht das Medikament:<\/p>\n<ul>\n<li>Schlaflosigkeit, Schl\u00e4frigkeit, verminderte Konzentration;<\/li>\n<li>Ersch\u00f6pfung;<\/li>\n<li>Durchfall, Bauchschmerzen;<\/li>\n<li>Klingeln in den Ohren, verstopfte Nase;<\/li>\n<li>Hyper\u00e4mie der Haut.<\/li>\n<\/ul>\n<p>Die Nebenwirkungen (falls aufgetreten) vergehen meistens selbst\u00e4ndig. Falls erforderlich, kann eine symptomatische Behandlung angewendet werden.<\/p>\n<p>Wenn Sie sich l\u00e4nger als 6 Stunden nicht besser f\u00fchlen, suchen Sie Ihren Arzt auf. Wenn w\u00e4hrend der Anwendung von Super Vidalista h\u00e4ufiger als in 20% der F\u00e4lle Nebenwirkungen auftreten, sollte unverz\u00fcglich ein Arzt zu Rate gezogen werden.<\/p>\n<h4>Ob das Medikament die Fruchtbarkeit beeinflusst?<\/h4>\n<p>Die medizinischen Forschungen des Pr\u00e4parates haben vorgef\u00fchrt, dass seine Aufnahme die Qualit\u00e4t des Spermas nicht beeinflusst und kann der Empf\u00e4ngnis des Kindes nicht st\u00f6ren. Wenn die Probleme mit Fruchtbarkeit von schwache Erektion herbeigerufen waren, so wird Super Vidalista leicht helfen, dieses Problem zu l\u00f6sen.<\/p>\n<h4>\u00dcberdosierung<\/h4>\n<p>Nehmen Sie nicht mehr als 1 Tablette Super VIdalista pro Tag ein. Die Einnahme von 2-4 Tabletten des Arzneimittels verursacht keine ernsthaften Gesundheitsprobleme, erh\u00f6ht jedoch das Risiko von Nebenwirkungen. Die Einnahme von 5 oder mehr Tabletten in kurzer Zeit kann das Herz-Kreislauf- oder Nervensystem sch\u00e4digen.<\/p>\n<p>Bei leichter \u00dcberdosierung eine symptomatische Behandlung oder einen Arzt aufsuchen. Nebenwirkungen verschwinden normalerweise innerhalb von 6 Stunden. Wenn Sie sich \u00fcber einen l\u00e4ngeren Zeitraum nicht besser f\u00fchlen, wenden Sie sich an Ihren Arzt.<\/p>\n<h4>Darf man nach der Einnahme von Super Vidalista ein Auto fahren?<\/h4>\n<p>Es ist nicht verboten bei der Einnahme von Super Vidalista das Auto fahren. \u00c4u\u00dferst kann das Medikament Schwindel oder Sehst\u00f6rungen verursachen, was das Fahren erschwert. Wenn Sie Nebenwirkungen bemerken, verschieben Sie Ihre Reise um 1-2 Stunden.<\/p>\n<h4>Super Vidalista und Alkohol<\/h4>\n<p>Bez\u00fcglich der Einnahme ist zu sagen, dass Sie Potenzmittel\u00a0 keinesfalls nach Alkoholgenuss konsumieren sollten. Nach der Anwendung des Arzneimittels sollte man 12 Stunden lang keine starken Getr\u00e4nke trinken. Dapoxetin, das Bestandteil der Tabletten ist, kann nicht einmal mit kleinen Dosen Ethylalkohol kombiniert werden.<\/p>\n","protected":false},"excerpt":{"rendered":"<p>Super Vidalista &#8211; ein einzigartiges Potenzmittel, die zwei aktiven Komponenten hat: Tadalafil und Dapoxetine. Dapoxetine ist f\u00fcr die Verhinderung des vorzeitigen Samenergusses und der Verl\u00e4ngerung des Geschlechtsakts vorbestimmt. Gibt es Kontraindikationen zur Anwendung des Pr\u00e4parates? Super Vidalista ist nicht f\u00fcr Frauen oder Minderj\u00e4hrige bestimmt. Nur M\u00e4nner \u00fcber 18 Jahren d\u00fcrfen das Medikament einnehmen. \u00c4ltere Patienten, [&#8230;]\n","protected":false},"featured_media":5340,"comment_status":"closed","ping_status":"closed","template":"","meta":[],"product_brand":[],"product_cat":[18,17],"product_tag":[],"class_list":{"0":"post-5408","1":"product","2":"type-product","3":"status-publish","4":"has-post-thumbnail","6":"product_cat-cialis-generika","7":"product_cat-vorzeitige-ejakulation","9":"first","10":"outofstock","11":"shipping-taxable","12":"purchasable","13":"product-type-simple"},"yoast_head":"<!-- This site is optimized with the Yoast SEO Premium plugin v23.0 (Yoast SEO v25.6) - https:\/\/yoast.com\/wordpress\/plugins\/seo\/ -->\n<title>Super Vidalista 80mg | Deutsch<\/title>\n<meta name=\"robots\" content=\"index, follow, max-snippet:-1, max-image-preview:large, max-video-preview:-1\" \/>\n<link rel=\"canonical\" href=\"https:\/\/kamagraeu.net\/de\/produkt\/super-vidalista-80mg\/\" \/>\n<meta property=\"og:locale\" content=\"de_DE\" \/>\n<meta property=\"og:type\" content=\"article\" \/>\n<meta property=\"og:title\" content=\"Super Vidalista 80mg\" \/>\n<meta property=\"og:description\" content=\"Super Vidalista &#8211; ein einzigartiges Potenzmittel, die zwei aktiven Komponenten hat: Tadalafil und Dapoxetine. Dapoxetine ist f\u00fcr die Verhinderung des vorzeitigen Samenergusses und der Verl\u00e4ngerung des Geschlechtsakts vorbestimmt. Gibt es Kontraindikationen zur Anwendung des Pr\u00e4parates? Super Vidalista ist nicht f\u00fcr Frauen oder Minderj\u00e4hrige bestimmt. Nur M\u00e4nner \u00fcber 18 Jahren d\u00fcrfen das Medikament einnehmen. \u00c4ltere Patienten, [...]\" \/>\n<meta property=\"og:url\" content=\"https:\/\/kamagraeu.net\/de\/produkt\/super-vidalista-80mg\/\" \/>\n<meta property=\"og:site_name\" content=\"Deutsch\" \/>\n<meta property=\"article:modified_time\" content=\"2024-05-30T22:22:34+00:00\" \/>\n<meta property=\"og:image\" content=\"https:\/\/kamagraeu.net\/de\/wp-content\/uploads\/sites\/2\/2022\/10\/1000px-super-vidalista_2_govyw.jpg\" \/>\n\t<meta property=\"og:image:width\" content=\"1000\" \/>\n\t<meta property=\"og:image:height\" content=\"1000\" \/>\n\t<meta property=\"og:image:type\" content=\"image\/jpeg\" \/>\n<meta name=\"twitter:card\" content=\"summary_large_image\" \/>\n<meta name=\"twitter:label1\" content=\"Preis\" \/>\n\t<meta name=\"twitter:data1\" content=\"25.00&nbsp;&euro;\" \/>\n\t<meta name=\"twitter:label2\" content=\"Verf\u00fcgbarkeit\" \/>\n\t<meta name=\"twitter:data2\" content=\"ausverkauft\" \/>\n<script type=\"application\/ld+json\" class=\"yoast-schema-graph\">{\"@context\":\"https:\/\/schema.org\",\"@graph\":[{\"@type\":\"WebPage\",\"@id\":\"https:\/\/kamagraeu.net\/de\/produkt\/super-vidalista-80mg\/\",\"url\":\"https:\/\/kamagraeu.net\/de\/produkt\/super-vidalista-80mg\/\",\"name\":\"Super Vidalista 80mg | Deutsch\",\"isPartOf\":{\"@id\":\"https:\/\/kamagraeu.net\/de\/#website\"},\"primaryImageOfPage\":{\"@id\":\"https:\/\/kamagraeu.net\/de\/produkt\/super-vidalista-80mg\/#primaryimage\"},\"image\":{\"@id\":\"https:\/\/kamagraeu.net\/de\/produkt\/super-vidalista-80mg\/#primaryimage\"},\"thumbnailUrl\":\"https:\/\/kamagraeu.net\/de\/wp-content\/uploads\/sites\/2\/2022\/10\/1000px-super-vidalista_2_govyw.jpg\",\"datePublished\":\"2022-10-26T11:20:45+00:00\",\"dateModified\":\"2024-05-30T22:22:34+00:00\",\"breadcrumb\":{\"@id\":\"https:\/\/kamagraeu.net\/de\/produkt\/super-vidalista-80mg\/#breadcrumb\"},\"inLanguage\":\"de\",\"potentialAction\":[{\"@type\":\"ReadAction\",\"target\":[\"https:\/\/kamagraeu.net\/de\/produkt\/super-vidalista-80mg\/\"]}]},{\"@type\":\"ImageObject\",\"inLanguage\":\"de\",\"@id\":\"https:\/\/kamagraeu.net\/de\/produkt\/super-vidalista-80mg\/#primaryimage\",\"url\":\"https:\/\/kamagraeu.net\/de\/wp-content\/uploads\/sites\/2\/2022\/10\/1000px-super-vidalista_2_govyw.jpg\",\"contentUrl\":\"https:\/\/kamagraeu.net\/de\/wp-content\/uploads\/sites\/2\/2022\/10\/1000px-super-vidalista_2_govyw.jpg\",\"width\":1000,\"height\":1000},{\"@type\":\"BreadcrumbList\",\"@id\":\"https:\/\/kamagraeu.net\/de\/produkt\/super-vidalista-80mg\/#breadcrumb\",\"itemListElement\":[{\"@type\":\"ListItem\",\"position\":1,\"name\":\"Home\",\"item\":\"https:\/\/kamagraeu.net\/de\/\"},{\"@type\":\"ListItem\",\"position\":2,\"name\":\"E-SHOP\",\"item\":\"https:\/\/kamagraeu.net\/de\/e-shop\/\"},{\"@type\":\"ListItem\",\"position\":3,\"name\":\"Super Vidalista 80mg\"}]},{\"@type\":\"WebSite\",\"@id\":\"https:\/\/kamagraeu.net\/de\/#website\",\"url\":\"https:\/\/kamagraeu.net\/de\/\",\"name\":\"KamagraEU.net\",\"description\":\"Kamagra kaufen\",\"publisher\":{\"@id\":\"https:\/\/kamagraeu.net\/de\/#organization\"},\"alternateName\":\"KamagrEU\",\"potentialAction\":[{\"@type\":\"SearchAction\",\"target\":{\"@type\":\"EntryPoint\",\"urlTemplate\":\"https:\/\/kamagraeu.net\/de\/?s={search_term_string}\"},\"query-input\":{\"@type\":\"PropertyValueSpecification\",\"valueRequired\":true,\"valueName\":\"search_term_string\"}}],\"inLanguage\":\"de\"},{\"@type\":\"Organization\",\"@id\":\"https:\/\/kamagraeu.net\/de\/#organization\",\"name\":\"Kamagraeu.net\",\"alternateName\":\"KamagrEU\",\"url\":\"https:\/\/kamagraeu.net\/de\/\",\"logo\":{\"@type\":\"ImageObject\",\"inLanguage\":\"de\",\"@id\":\"https:\/\/kamagraeu.net\/de\/#\/schema\/logo\/image\/\",\"url\":\"https:\/\/kamagraeu.net\/de\/wp-content\/uploads\/sites\/2\/2020\/05\/cropped-logo.png\",\"contentUrl\":\"https:\/\/kamagraeu.net\/de\/wp-content\/uploads\/sites\/2\/2020\/05\/cropped-logo.png\",\"width\":812,\"height\":192,\"caption\":\"Kamagraeu.net\"},\"image\":{\"@id\":\"https:\/\/kamagraeu.net\/de\/#\/schema\/logo\/image\/\"},\"description\":\"Kamagra Verkauf - Medikamente zur Unterst\u00fctzung und Behandlung von Erektionsproblemen. \u00dcber 40 Produkte auf Lager. Wir helfen sowohl bei der Verz\u00f6gerung der Ejakulation als auch bei der Verbesserung der Erektion.\",\"email\":\"info@kamagraeu.net\",\"telephone\":\"+49 30 315144533\",\"numberOfEmployees\":{\"@type\":\"QuantitativeValue\",\"minValue\":\"11\",\"maxValue\":\"50\"}}]}<\/script>\n<meta property=\"product:price:amount\" content=\"25.00\" \/>\n<meta property=\"product:price:currency\" content=\"EUR\" \/>\n<meta property=\"og:availability\" content=\"out of stock\" \/>\n<meta property=\"product:availability\" content=\"out of stock\" \/>\n<meta property=\"product:condition\" content=\"new\" \/>\n<!-- \/ Yoast SEO Premium plugin. -->","yoast_head_json":{"title":"Super Vidalista 80mg | Deutsch","robots":{"index":"index","follow":"follow","max-snippet":"max-snippet:-1","max-image-preview":"max-image-preview:large","max-video-preview":"max-video-preview:-1"},"canonical":"https:\/\/kamagraeu.net\/de\/produkt\/super-vidalista-80mg\/","og_locale":"de_DE","og_type":"article","og_title":"Super Vidalista 80mg","og_description":"Super Vidalista &#8211; ein einzigartiges Potenzmittel, die zwei aktiven Komponenten hat: Tadalafil und Dapoxetine. Dapoxetine ist f\u00fcr die Verhinderung des vorzeitigen Samenergusses und der Verl\u00e4ngerung des Geschlechtsakts vorbestimmt. Gibt es Kontraindikationen zur Anwendung des Pr\u00e4parates? Super Vidalista ist nicht f\u00fcr Frauen oder Minderj\u00e4hrige bestimmt. Nur M\u00e4nner \u00fcber 18 Jahren d\u00fcrfen das Medikament einnehmen. \u00c4ltere Patienten, [...]","og_url":"https:\/\/kamagraeu.net\/de\/produkt\/super-vidalista-80mg\/","og_site_name":"Deutsch","article_modified_time":"2024-05-30T22:22:34+00:00","og_image":[{"width":1000,"height":1000,"url":"https:\/\/kamagraeu.net\/de\/wp-content\/uploads\/sites\/2\/2022\/10\/1000px-super-vidalista_2_govyw.jpg","type":"image\/jpeg"}],"twitter_card":"summary_large_image","twitter_misc":{"Preis":"25.00&nbsp;&euro;","Verf\u00fcgbarkeit":"ausverkauft"},"schema":{"@context":"https:\/\/schema.org","@graph":[{"@type":"WebPage","@id":"https:\/\/kamagraeu.net\/de\/produkt\/super-vidalista-80mg\/","url":"https:\/\/kamagraeu.net\/de\/produkt\/super-vidalista-80mg\/","name":"Super Vidalista 80mg | Deutsch","isPartOf":{"@id":"https:\/\/kamagraeu.net\/de\/#website"},"primaryImageOfPage":{"@id":"https:\/\/kamagraeu.net\/de\/produkt\/super-vidalista-80mg\/#primaryimage"},"image":{"@id":"https:\/\/kamagraeu.net\/de\/produkt\/super-vidalista-80mg\/#primaryimage"},"thumbnailUrl":"https:\/\/kamagraeu.net\/de\/wp-content\/uploads\/sites\/2\/2022\/10\/1000px-super-vidalista_2_govyw.jpg","datePublished":"2022-10-26T11:20:45+00:00","dateModified":"2024-05-30T22:22:34+00:00","breadcrumb":{"@id":"https:\/\/kamagraeu.net\/de\/produkt\/super-vidalista-80mg\/#breadcrumb"},"inLanguage":"de","potentialAction":[{"@type":"ReadAction","target":["https:\/\/kamagraeu.net\/de\/produkt\/super-vidalista-80mg\/"]}]},{"@type":"ImageObject","inLanguage":"de","@id":"https:\/\/kamagraeu.net\/de\/produkt\/super-vidalista-80mg\/#primaryimage","url":"https:\/\/kamagraeu.net\/de\/wp-content\/uploads\/sites\/2\/2022\/10\/1000px-super-vidalista_2_govyw.jpg","contentUrl":"https:\/\/kamagraeu.net\/de\/wp-content\/uploads\/sites\/2\/2022\/10\/1000px-super-vidalista_2_govyw.jpg","width":1000,"height":1000},{"@type":"BreadcrumbList","@id":"https:\/\/kamagraeu.net\/de\/produkt\/super-vidalista-80mg\/#breadcrumb","itemListElement":[{"@type":"ListItem","position":1,"name":"Home","item":"https:\/\/kamagraeu.net\/de\/"},{"@type":"ListItem","position":2,"name":"E-SHOP","item":"https:\/\/kamagraeu.net\/de\/e-shop\/"},{"@type":"ListItem","position":3,"name":"Super Vidalista 80mg"}]},{"@type":"WebSite","@id":"https:\/\/kamagraeu.net\/de\/#website","url":"https:\/\/kamagraeu.net\/de\/","name":"KamagraEU.net","description":"Kamagra kaufen","publisher":{"@id":"https:\/\/kamagraeu.net\/de\/#organization"},"alternateName":"KamagrEU","potentialAction":[{"@type":"SearchAction","target":{"@type":"EntryPoint","urlTemplate":"https:\/\/kamagraeu.net\/de\/?s={search_term_string}"},"query-input":{"@type":"PropertyValueSpecification","valueRequired":true,"valueName":"search_term_string"}}],"inLanguage":"de"},{"@type":"Organization","@id":"https:\/\/kamagraeu.net\/de\/#organization","name":"Kamagraeu.net","alternateName":"KamagrEU","url":"https:\/\/kamagraeu.net\/de\/","logo":{"@type":"ImageObject","inLanguage":"de","@id":"https:\/\/kamagraeu.net\/de\/#\/schema\/logo\/image\/","url":"https:\/\/kamagraeu.net\/de\/wp-content\/uploads\/sites\/2\/2020\/05\/cropped-logo.png","contentUrl":"https:\/\/kamagraeu.net\/de\/wp-content\/uploads\/sites\/2\/2020\/05\/cropped-logo.png","width":812,"height":192,"caption":"Kamagraeu.net"},"image":{"@id":"https:\/\/kamagraeu.net\/de\/#\/schema\/logo\/image\/"},"description":"Kamagra Verkauf - Medikamente zur Unterst\u00fctzung und Behandlung von Erektionsproblemen. \u00dcber 40 Produkte auf Lager. Wir helfen sowohl bei der Verz\u00f6gerung der Ejakulation als auch bei der Verbesserung der Erektion.","email":"info@kamagraeu.net","telephone":"+49 30 315144533","numberOfEmployees":{"@type":"QuantitativeValue","minValue":"11","maxValue":"50"}}]},"product_price_amount":"25.00","product_price_currency":"EUR","og_availability":"out of stock","product_availability":"out of stock","product_condition":"new"},"_links":{"self":[{"href":"https:\/\/kamagraeu.net\/de\/wp-json\/wp\/v2\/product\/5408"}],"collection":[{"href":"https:\/\/kamagraeu.net\/de\/wp-json\/wp\/v2\/product"}],"about":[{"href":"https:\/\/kamagraeu.net\/de\/wp-json\/wp\/v2\/types\/product"}],"replies":[{"embeddable":true,"href":"https:\/\/kamagraeu.net\/de\/wp-json\/wp\/v2\/comments?post=5408"}],"wp:featuredmedia":[{"embeddable":true,"href":"https:\/\/kamagraeu.net\/de\/wp-json\/wp\/v2\/media\/5340"}],"wp:attachment":[{"href":"https:\/\/kamagraeu.net\/de\/wp-json\/wp\/v2\/media?parent=5408"}],"wp:term":[{"taxonomy":"product_brand","embeddable":true,"href":"https:\/\/kamagraeu.net\/de\/wp-json\/wp\/v2\/product_brand?post=5408"},{"taxonomy":"product_cat","embeddable":true,"href":"https:\/\/kamagraeu.net\/de\/wp-json\/wp\/v2\/product_cat?post=5408"},{"taxonomy":"product_tag","embeddable":true,"href":"https:\/\/kamagraeu.net\/de\/wp-json\/wp\/v2\/product_tag?post=5408"}],"curies":[{"name":"wp","href":"https:\/\/api.w.org\/{rel}","templated":true}]}}