{"id":62,"date":"2020-05-05T11:40:03","date_gmt":"2020-05-05T09:40:03","guid":{"rendered":"http:\/\/kamagraeu.net\/de\/produkt\/import-placeholder-for-1319\/"},"modified":"2024-07-23T15:49:23","modified_gmt":"2024-07-23T13:49:23","slug":"cenforce-100mg","status":"publish","type":"product","link":"https:\/\/kamagraeu.net\/de\/produkt\/cenforce-100mg\/","title":{"rendered":"Cenforce 100 mg"},"content":{"rendered":"<h4>Mit Cenforce 100mg die Potenz steigen<\/h4>\n<p>Das Potenzmittel Cenforce 100mg kann als 100prozentiges Generikum von Viagra angesehen werden. Dank dieses Potenzmittels kann nicht nur der Potenzst\u00f6rung an sich entgegengewirkt werden, auch die negativen Begleiterscheinungen wie psychische Belastungen werden abnehmen. Mit Cenforce 100mg wird die Erektion m\u00f6glich, sie ist langanhaltend und qualitative, so dass M\u00e4nner wieder Freude am Sex haben k\u00f6nnen. Mit Hilfe dieser Potenzpille wird die Durchblutung des Gliedes gesteigert. Dadurch kann eine schnellere und l\u00e4ngere Erektion erzielt werden. Die Wirkung kann sich bereits 30 Minuten nach der Einnahme zeigen und h\u00e4lt rund 6 Stunden an. Bei Cenforce 100mg handelt es sich um ein sehr beliebtes Potenzmittel, da es nicht nur der Impotenz sondern auch der Erektionsst\u00f6rung entgegenwirkt. Vadhaman Lifecare hat diese Potenzpille vor einigen Jahren auf den Markt gebracht, und seither steht es Viagra auf keinen Fall nach.<\/p>\n<table style=\"border-collapse: collapse; width: 100%; height: 216px;\">\n<tbody>\n<tr style=\"height: 24px;\">\n<td style=\"width: 25%; text-align: center; height: 24px;\">Menge<\/td>\n<td style=\"width: 25%; height: 24px; text-align: center;\">Preis pro Packung<\/td>\n<td style=\"width: 25%; height: 24px; text-align: center;\">Preis<\/td>\n<\/tr>\n<tr style=\"height: 24px;\">\n<td style=\"width: 25%; height: 24px; text-align: center;\">2<\/td>\n<td style=\"width: 25%; height: 24px; text-align: center;\">18,00 \u20ac<\/td>\n<td style=\"width: 25%; height: 24px; text-align: center;\">36,00 \u20ac<\/td>\n<\/tr>\n<tr style=\"height: 24px;\">\n<td style=\"width: 25%; height: 24px; text-align: center;\">4<\/td>\n<td style=\"width: 25%; height: 24px; text-align: center;\">16,50 \u20ac<\/td>\n<td style=\"width: 25%; height: 24px; text-align: center;\">66,00 \u20ac<\/td>\n<\/tr>\n<tr style=\"height: 24px;\">\n<td style=\"width: 25%; height: 24px; text-align: center;\">6<\/td>\n<td style=\"width: 25%; height: 24px; text-align: center;\">15,50 \u20ac<\/td>\n<td style=\"width: 25%; height: 24px; text-align: center;\">93,00 \u20ac<\/td>\n<\/tr>\n<tr style=\"height: 24px;\">\n<td style=\"width: 25%; text-align: center; height: 24px;\">8<\/td>\n<td style=\"width: 25%; text-align: center; height: 24px;\">14,50 \u20ac<\/td>\n<td style=\"width: 25%; text-align: center; height: 24px;\">116,00 \u20ac<\/td>\n<\/tr>\n<tr style=\"height: 24px;\">\n<td style=\"width: 25%; text-align: center; height: 24px;\">10<\/td>\n<td style=\"width: 25%; text-align: center; height: 24px;\">13,40 \u20ac<\/td>\n<td style=\"width: 25%; text-align: center; height: 24px;\">134,00 \u20ac<\/td>\n<\/tr>\n<tr style=\"height: 24px;\">\n<td style=\"width: 25%; text-align: center; height: 24px;\">15<\/td>\n<td style=\"width: 25%; text-align: center; height: 24px;\">12,60 \u20ac<\/td>\n<td style=\"width: 25%; text-align: center; height: 24px;\">189,00 \u20ac<\/td>\n<\/tr>\n<tr style=\"height: 24px;\">\n<td style=\"width: 25%; text-align: center; height: 24px;\">20<\/td>\n<td style=\"width: 25%; text-align: center; height: 24px;\">11,90 \u20ac<\/td>\n<td style=\"width: 25%; text-align: center; height: 24px;\">238,00 \u20ac<\/td>\n<\/tr>\n<tr style=\"height: 24px;\">\n<td style=\"width: 25%; text-align: center; height: 24px;\">30<\/td>\n<td style=\"width: 25%; text-align: center; height: 24px;\">10,90 \u20ac<\/td>\n<td style=\"width: 25%; text-align: center; height: 24px;\">327,00 \u20ac<\/td>\n<\/tr>\n<\/tbody>\n<\/table>\n<h4>Welchen Wirkstoff weist Cenforce 100mg auf?<\/h4>\n<p>Jede Pille Cenforce 100mg weist 100mg Sildenafil auf. Dies ist der gleiche Wirkstoff, der auch in Viagra enthalten ist. Dadurch handelt es sich bei Cenforce 100mg um ein sogenanntes Generikum.<\/p>\n<h4>Welche Dosierung wird bei Cenforce 100mg empfohlen?<\/h4>\n<p>Die Tagesdosis von 100mg sollte auf keinen Fall \u00fcberschritten werden. Zudem sollte zu Beginn lediglich eine halbe Tablette Cenforce 100mg eingenommen werden. Sollte sich nach rund 30 bis 60 Minuten keine Wirkung zeigen, kann auch die andere H\u00e4lfte eingenommen werden. Damit Cenforce 100mg sich entfalten kann, muss ein sexueller Reiz gegeben sein. Da es sich nicht um ein Aphrodisiakum handelt, kann demnach nicht die sexuelle Lust gesteigert werden. Deswegen wird empfohlen, dass Cenforce 100mg bereits beim Vorspiel eingesetzt wird. Die Wirkung h\u00e4lt rund 6 Stunden an. Vor der Einnahme sollte auf fettreiche Speisen und Alkohol verzichtet werden, da es sonst zu einer Verminderung der Wirkung kommen kann.<\/p>\n<h4>Wer sollte Cenforce 100mg nicht einnehmen?<\/h4>\n<p>Wenn bereits ein Herzinfarkt oder andere Coronarerkrankungen erlitten wurde, sollte auf Cenforce 100mg weitgehend verzichtet werden. Ebenso sollte dieses Potenzmittel nicht bei niedrigem Blutdruck, bei Bluthochdruck oder bei einer St\u00f6rung der Blutgerinnung eingenommen werden. Patienten, die an einer Angina Pectoris leiden, sollten ebenfalls auf Cenforce 100mg verzichten. Es kann durch die Medikamente, die Nitrate und Stickstoffmonoxide enthalten zu sogenannten Wechselwirkungen kommen. Wer sich nicht sicher ist, ob Cenforce 100mg mit der eigenen Gesundheit vertr\u00e4glich ist, sollte vor der ersten Einnahme auf jeden Fall einen Arzt aufsuchen. Gleiches gilt auch bei Unsicherheit gegen\u00fcber verwendeter Dauermedikation.<\/p>\n<h4>Welche Nebenwirkungen k\u00f6nnen sich zeigen?<\/h4>\n<p>Grunds\u00e4tzlich z\u00e4hlt Cenforce 100mg zu jenen Potenzmitteln, die gut vertr\u00e4glich sind. Dennoch kann es wie bei jedem Medikament zu unerw\u00fcnschten Begleiterscheinungen kommen. Kopfschmerzen und tropfende Nase k\u00f6nnen ebenso in Erscheinung treten wie Schwindelgef\u00fchl, Gesichtsr\u00f6tung oder Sehst\u00f6rungen. Sollten sich diese oder andere Nebenwirkungen nach der Einnahme von Cenforce 100mg zeigen, sollte auf jeden Fall R\u00fccksprache mit einem Arzt gehalten werden. Zudem sollte bis zur \u00e4rztlichen Abkl\u00e4rung keine weitere Tablette Cenforce 100mg mehr eingenommen werden.<\/p>\n<h4>Wie sollte Cenforce 100mg gelagert werden?<\/h4>\n<p>Temperaturen \u00fcber 30 Grad sollten vermieden werden. Die Tabletten sollten bis kurz vor der Einnahme sowohl im Blister als auch in der Verpackung belassen werden, um sie vor Feuchtigkeit sch\u00fctzen zu k\u00f6nnen.<\/p>\n","protected":false},"excerpt":{"rendered":"<table>\n<tbody>\n<tr>\n<td>Packungsinhalt<\/td>\n<td><strong>10 \u00fcberzogene Tabletten<\/strong><\/td>\n<\/tr>\n<tr>\n<td>Wirkstoff<\/td>\n<td>Sildenafil<\/td>\n<\/tr>\n<tr>\n<td>Wirkstoff in einer Tablette<\/td>\n<td><strong>Sildenafil 100 mg<br \/>\n<\/strong><\/td>\n<\/tr>\n<tr>\n<td>Wirkungseintritt<\/td>\n<td>30\u201345 Minuten<\/td>\n<\/tr>\n<tr>\n<td>Wirkungsdauer<\/td>\n<td><strong>4\u20136 Stunden<\/strong><\/td>\n<\/tr>\n<tr>\n<td>Marke<\/td>\n<td>Centurion Laboratories Pvt.<\/td>\n<\/tr>\n<tr>\n<td>Form<\/td>\n<td><strong>Tabletten<\/strong><\/td>\n<\/tr>\n<\/tbody>\n<\/table>\n","protected":false},"featured_media":5267,"comment_status":"closed","ping_status":"closed","template":"","meta":[],"product_brand":[],"product_cat":[16],"product_tag":[],"class_list":{"0":"post-62","1":"product","2":"type-product","3":"status-publish","4":"has-post-thumbnail","6":"product_cat-viagra-generika","8":"first","9":"instock","10":"shipping-taxable","11":"purchasable","12":"product-type-simple"},"yoast_head":"<!-- This site is optimized with the Yoast SEO Premium plugin v23.0 (Yoast SEO v25.6) - https:\/\/yoast.com\/wordpress\/plugins\/seo\/ -->\n<title>Cenforce 100 mg - Zuverl\u00e4ssige ED-Behandlung | KamagraEU.net<\/title>\n<meta name=\"description\" content=\"Cenforce 100 mg bietet eine effektive L\u00f6sung gegen erektile Dysfunktion. Bestellen Sie jetzt sicher und diskret bei KamagraEU.net.\" \/>\n<meta name=\"robots\" content=\"index, follow, max-snippet:-1, max-image-preview:large, max-video-preview:-1\" \/>\n<link rel=\"canonical\" href=\"https:\/\/kamagraeu.net\/de\/produkt\/cenforce-100mg\/\" \/>\n<meta property=\"og:locale\" content=\"de_DE\" \/>\n<meta property=\"og:type\" content=\"article\" \/>\n<meta property=\"og:title\" content=\"Cenforce 100 mg\" \/>\n<meta property=\"og:description\" content=\"Cenforce 100 mg bietet eine effektive L\u00f6sung gegen erektile Dysfunktion. Bestellen Sie jetzt sicher und diskret bei KamagraEU.net.\" \/>\n<meta property=\"og:url\" content=\"https:\/\/kamagraeu.net\/de\/produkt\/cenforce-100mg\/\" \/>\n<meta property=\"og:site_name\" content=\"Deutsch\" \/>\n<meta property=\"article:modified_time\" content=\"2024-07-23T13:49:23+00:00\" \/>\n<meta property=\"og:image\" content=\"http:\/\/kamagraeu.net\/de\/wp-content\/uploads\/sites\/2\/2022\/10\/1-000px_cen_100_ywelr.jpg\" \/>\n\t<meta property=\"og:image:width\" content=\"1000\" \/>\n\t<meta property=\"og:image:height\" content=\"1000\" \/>\n\t<meta property=\"og:image:type\" content=\"image\/jpeg\" \/>\n<meta name=\"twitter:card\" content=\"summary_large_image\" \/>\n<meta name=\"twitter:label1\" content=\"Preis\" \/>\n\t<meta name=\"twitter:data1\" content=\"21.00&nbsp;&euro;\" \/>\n\t<meta name=\"twitter:label2\" content=\"Verf\u00fcgbarkeit\" \/>\n\t<meta name=\"twitter:data2\" content=\"Auf Lager\" \/>\n<script type=\"application\/ld+json\" class=\"yoast-schema-graph\">{\"@context\":\"https:\/\/schema.org\",\"@graph\":[{\"@type\":\"WebPage\",\"@id\":\"https:\/\/kamagraeu.net\/de\/produkt\/cenforce-100mg\/\",\"url\":\"https:\/\/kamagraeu.net\/de\/produkt\/cenforce-100mg\/\",\"name\":\"Cenforce 100 mg - Zuverl\u00e4ssige ED-Behandlung | KamagraEU.net\",\"isPartOf\":{\"@id\":\"https:\/\/kamagraeu.net\/de\/#website\"},\"primaryImageOfPage\":{\"@id\":\"https:\/\/kamagraeu.net\/de\/produkt\/cenforce-100mg\/#primaryimage\"},\"image\":{\"@id\":\"https:\/\/kamagraeu.net\/de\/produkt\/cenforce-100mg\/#primaryimage\"},\"thumbnailUrl\":\"https:\/\/kamagraeu.net\/de\/wp-content\/uploads\/sites\/2\/2022\/10\/1-000px_cen_100_ywelr.jpg\",\"datePublished\":\"2020-05-05T09:40:03+00:00\",\"dateModified\":\"2024-07-23T13:49:23+00:00\",\"description\":\"Cenforce 100 mg bietet eine effektive L\u00f6sung gegen erektile Dysfunktion. Bestellen Sie jetzt sicher und diskret bei KamagraEU.net.\",\"breadcrumb\":{\"@id\":\"https:\/\/kamagraeu.net\/de\/produkt\/cenforce-100mg\/#breadcrumb\"},\"inLanguage\":\"de\",\"potentialAction\":[{\"@type\":\"ReadAction\",\"target\":[\"https:\/\/kamagraeu.net\/de\/produkt\/cenforce-100mg\/\"]}]},{\"@type\":\"ImageObject\",\"inLanguage\":\"de\",\"@id\":\"https:\/\/kamagraeu.net\/de\/produkt\/cenforce-100mg\/#primaryimage\",\"url\":\"https:\/\/kamagraeu.net\/de\/wp-content\/uploads\/sites\/2\/2022\/10\/1-000px_cen_100_ywelr.jpg\",\"contentUrl\":\"https:\/\/kamagraeu.net\/de\/wp-content\/uploads\/sites\/2\/2022\/10\/1-000px_cen_100_ywelr.jpg\",\"width\":1000,\"height\":1000,\"caption\":\"Cenforce 100\"},{\"@type\":\"BreadcrumbList\",\"@id\":\"https:\/\/kamagraeu.net\/de\/produkt\/cenforce-100mg\/#breadcrumb\",\"itemListElement\":[{\"@type\":\"ListItem\",\"position\":1,\"name\":\"Home\",\"item\":\"https:\/\/kamagraeu.net\/de\/\"},{\"@type\":\"ListItem\",\"position\":2,\"name\":\"E-SHOP\",\"item\":\"https:\/\/kamagraeu.net\/de\/e-shop\/\"},{\"@type\":\"ListItem\",\"position\":3,\"name\":\"Cenforce 100 mg\"}]},{\"@type\":\"WebSite\",\"@id\":\"https:\/\/kamagraeu.net\/de\/#website\",\"url\":\"https:\/\/kamagraeu.net\/de\/\",\"name\":\"KamagraEU.net\",\"description\":\"Kamagra kaufen\",\"publisher\":{\"@id\":\"https:\/\/kamagraeu.net\/de\/#organization\"},\"alternateName\":\"KamagrEU\",\"potentialAction\":[{\"@type\":\"SearchAction\",\"target\":{\"@type\":\"EntryPoint\",\"urlTemplate\":\"https:\/\/kamagraeu.net\/de\/?s={search_term_string}\"},\"query-input\":{\"@type\":\"PropertyValueSpecification\",\"valueRequired\":true,\"valueName\":\"search_term_string\"}}],\"inLanguage\":\"de\"},{\"@type\":\"Organization\",\"@id\":\"https:\/\/kamagraeu.net\/de\/#organization\",\"name\":\"Kamagraeu.net\",\"alternateName\":\"KamagrEU\",\"url\":\"https:\/\/kamagraeu.net\/de\/\",\"logo\":{\"@type\":\"ImageObject\",\"inLanguage\":\"de\",\"@id\":\"https:\/\/kamagraeu.net\/de\/#\/schema\/logo\/image\/\",\"url\":\"https:\/\/kamagraeu.net\/de\/wp-content\/uploads\/sites\/2\/2020\/05\/cropped-logo.png\",\"contentUrl\":\"https:\/\/kamagraeu.net\/de\/wp-content\/uploads\/sites\/2\/2020\/05\/cropped-logo.png\",\"width\":812,\"height\":192,\"caption\":\"Kamagraeu.net\"},\"image\":{\"@id\":\"https:\/\/kamagraeu.net\/de\/#\/schema\/logo\/image\/\"},\"description\":\"Kamagra Verkauf - Medikamente zur Unterst\u00fctzung und Behandlung von Erektionsproblemen. \u00dcber 40 Produkte auf Lager. Wir helfen sowohl bei der Verz\u00f6gerung der Ejakulation als auch bei der Verbesserung der Erektion.\",\"email\":\"info@kamagraeu.net\",\"telephone\":\"+49 30 315144533\",\"numberOfEmployees\":{\"@type\":\"QuantitativeValue\",\"minValue\":\"11\",\"maxValue\":\"50\"}}]}<\/script>\n<meta property=\"product:price:amount\" content=\"21.00\" \/>\n<meta property=\"product:price:currency\" content=\"EUR\" \/>\n<meta property=\"og:availability\" content=\"instock\" \/>\n<meta property=\"product:availability\" content=\"instock\" \/>\n<meta property=\"product:condition\" content=\"new\" \/>\n<!-- \/ Yoast SEO Premium plugin. -->","yoast_head_json":{"title":"Cenforce 100 mg - Zuverl\u00e4ssige ED-Behandlung | KamagraEU.net","description":"Cenforce 100 mg bietet eine effektive L\u00f6sung gegen erektile Dysfunktion. Bestellen Sie jetzt sicher und diskret bei KamagraEU.net.","robots":{"index":"index","follow":"follow","max-snippet":"max-snippet:-1","max-image-preview":"max-image-preview:large","max-video-preview":"max-video-preview:-1"},"canonical":"https:\/\/kamagraeu.net\/de\/produkt\/cenforce-100mg\/","og_locale":"de_DE","og_type":"article","og_title":"Cenforce 100 mg","og_description":"Cenforce 100 mg bietet eine effektive L\u00f6sung gegen erektile Dysfunktion. Bestellen Sie jetzt sicher und diskret bei KamagraEU.net.","og_url":"https:\/\/kamagraeu.net\/de\/produkt\/cenforce-100mg\/","og_site_name":"Deutsch","article_modified_time":"2024-07-23T13:49:23+00:00","og_image":[{"width":1000,"height":1000,"url":"http:\/\/kamagraeu.net\/de\/wp-content\/uploads\/sites\/2\/2022\/10\/1-000px_cen_100_ywelr.jpg","type":"image\/jpeg"}],"twitter_card":"summary_large_image","twitter_misc":{"Preis":"21.00&nbsp;&euro;","Verf\u00fcgbarkeit":"Auf Lager"},"schema":{"@context":"https:\/\/schema.org","@graph":[{"@type":"WebPage","@id":"https:\/\/kamagraeu.net\/de\/produkt\/cenforce-100mg\/","url":"https:\/\/kamagraeu.net\/de\/produkt\/cenforce-100mg\/","name":"Cenforce 100 mg - Zuverl\u00e4ssige ED-Behandlung | KamagraEU.net","isPartOf":{"@id":"https:\/\/kamagraeu.net\/de\/#website"},"primaryImageOfPage":{"@id":"https:\/\/kamagraeu.net\/de\/produkt\/cenforce-100mg\/#primaryimage"},"image":{"@id":"https:\/\/kamagraeu.net\/de\/produkt\/cenforce-100mg\/#primaryimage"},"thumbnailUrl":"https:\/\/kamagraeu.net\/de\/wp-content\/uploads\/sites\/2\/2022\/10\/1-000px_cen_100_ywelr.jpg","datePublished":"2020-05-05T09:40:03+00:00","dateModified":"2024-07-23T13:49:23+00:00","description":"Cenforce 100 mg bietet eine effektive L\u00f6sung gegen erektile Dysfunktion. Bestellen Sie jetzt sicher und diskret bei KamagraEU.net.","breadcrumb":{"@id":"https:\/\/kamagraeu.net\/de\/produkt\/cenforce-100mg\/#breadcrumb"},"inLanguage":"de","potentialAction":[{"@type":"ReadAction","target":["https:\/\/kamagraeu.net\/de\/produkt\/cenforce-100mg\/"]}]},{"@type":"ImageObject","inLanguage":"de","@id":"https:\/\/kamagraeu.net\/de\/produkt\/cenforce-100mg\/#primaryimage","url":"https:\/\/kamagraeu.net\/de\/wp-content\/uploads\/sites\/2\/2022\/10\/1-000px_cen_100_ywelr.jpg","contentUrl":"https:\/\/kamagraeu.net\/de\/wp-content\/uploads\/sites\/2\/2022\/10\/1-000px_cen_100_ywelr.jpg","width":1000,"height":1000,"caption":"Cenforce 100"},{"@type":"BreadcrumbList","@id":"https:\/\/kamagraeu.net\/de\/produkt\/cenforce-100mg\/#breadcrumb","itemListElement":[{"@type":"ListItem","position":1,"name":"Home","item":"https:\/\/kamagraeu.net\/de\/"},{"@type":"ListItem","position":2,"name":"E-SHOP","item":"https:\/\/kamagraeu.net\/de\/e-shop\/"},{"@type":"ListItem","position":3,"name":"Cenforce 100 mg"}]},{"@type":"WebSite","@id":"https:\/\/kamagraeu.net\/de\/#website","url":"https:\/\/kamagraeu.net\/de\/","name":"KamagraEU.net","description":"Kamagra kaufen","publisher":{"@id":"https:\/\/kamagraeu.net\/de\/#organization"},"alternateName":"KamagrEU","potentialAction":[{"@type":"SearchAction","target":{"@type":"EntryPoint","urlTemplate":"https:\/\/kamagraeu.net\/de\/?s={search_term_string}"},"query-input":{"@type":"PropertyValueSpecification","valueRequired":true,"valueName":"search_term_string"}}],"inLanguage":"de"},{"@type":"Organization","@id":"https:\/\/kamagraeu.net\/de\/#organization","name":"Kamagraeu.net","alternateName":"KamagrEU","url":"https:\/\/kamagraeu.net\/de\/","logo":{"@type":"ImageObject","inLanguage":"de","@id":"https:\/\/kamagraeu.net\/de\/#\/schema\/logo\/image\/","url":"https:\/\/kamagraeu.net\/de\/wp-content\/uploads\/sites\/2\/2020\/05\/cropped-logo.png","contentUrl":"https:\/\/kamagraeu.net\/de\/wp-content\/uploads\/sites\/2\/2020\/05\/cropped-logo.png","width":812,"height":192,"caption":"Kamagraeu.net"},"image":{"@id":"https:\/\/kamagraeu.net\/de\/#\/schema\/logo\/image\/"},"description":"Kamagra Verkauf - Medikamente zur Unterst\u00fctzung und Behandlung von Erektionsproblemen. \u00dcber 40 Produkte auf Lager. Wir helfen sowohl bei der Verz\u00f6gerung der Ejakulation als auch bei der Verbesserung der Erektion.","email":"info@kamagraeu.net","telephone":"+49 30 315144533","numberOfEmployees":{"@type":"QuantitativeValue","minValue":"11","maxValue":"50"}}]},"product_price_amount":"21.00","product_price_currency":"EUR","og_availability":"instock","product_availability":"instock","product_condition":"new"},"_links":{"self":[{"href":"https:\/\/kamagraeu.net\/de\/wp-json\/wp\/v2\/product\/62"}],"collection":[{"href":"https:\/\/kamagraeu.net\/de\/wp-json\/wp\/v2\/product"}],"about":[{"href":"https:\/\/kamagraeu.net\/de\/wp-json\/wp\/v2\/types\/product"}],"replies":[{"embeddable":true,"href":"https:\/\/kamagraeu.net\/de\/wp-json\/wp\/v2\/comments?post=62"}],"wp:featuredmedia":[{"embeddable":true,"href":"https:\/\/kamagraeu.net\/de\/wp-json\/wp\/v2\/media\/5267"}],"wp:attachment":[{"href":"https:\/\/kamagraeu.net\/de\/wp-json\/wp\/v2\/media?parent=62"}],"wp:term":[{"taxonomy":"product_brand","embeddable":true,"href":"https:\/\/kamagraeu.net\/de\/wp-json\/wp\/v2\/product_brand?post=62"},{"taxonomy":"product_cat","embeddable":true,"href":"https:\/\/kamagraeu.net\/de\/wp-json\/wp\/v2\/product_cat?post=62"},{"taxonomy":"product_tag","embeddable":true,"href":"https:\/\/kamagraeu.net\/de\/wp-json\/wp\/v2\/product_tag?post=62"}],"curies":[{"name":"wp","href":"https:\/\/api.w.org\/{rel}","templated":true}]}}