{"id":7,"date":"2020-05-05T11:39:39","date_gmt":"2020-05-05T09:39:39","guid":{"rendered":"http:\/\/kamagraeu.net\/de\/produkt\/import-placeholder-for-1268\/"},"modified":"2024-07-26T16:11:17","modified_gmt":"2024-07-26T14:11:17","slug":"kamagra-oral-jelly","status":"publish","type":"product","link":"https:\/\/kamagraeu.net\/de\/produkt\/kamagra-oral-jelly\/","title":{"rendered":"Kamagra Oral Jelly 100 mg"},"content":{"rendered":"<h1>Kamagra Oral Jelly 100mg<\/h1>\n<p>Kamagra Oral Jelly 100mg ist ein bahnbrechendes Arzneimittel f\u00fcr M\u00e4nner, die nach einer schnellen und effektiven L\u00f6sung f\u00fcr ihre Erektionsprobleme suchen. Dieses Produkt bietet zahlreiche Vorteile, die es zu einer beliebten Wahl machen.<\/p>\n<table>\n<tbody>\n<tr>\n<th>Menge<\/th>\n<th>Preis pro Packung<\/th>\n<th>Preis<\/th>\n<\/tr>\n<tr>\n<td>2<\/td>\n<td>22,00 \u20ac<\/td>\n<td>44,00 \u20ac<\/td>\n<\/tr>\n<tr>\n<td>4<\/td>\n<td>19,75 \u20ac<\/td>\n<td>79,00 \u20ac<\/td>\n<\/tr>\n<tr>\n<td>6<\/td>\n<td>19,00 \u20ac<\/td>\n<td>114,00 \u20ac<\/td>\n<\/tr>\n<tr>\n<td>8<\/td>\n<td>17,38 \u20ac<\/td>\n<td>139,00 \u20ac<\/td>\n<\/tr>\n<tr>\n<td>10<\/td>\n<td>15,90 \u20ac<\/td>\n<td>159,00 \u20ac<\/td>\n<\/tr>\n<tr>\n<td>15<\/td>\n<td>14,93 \u20ac<\/td>\n<td>224,00 \u20ac<\/td>\n<\/tr>\n<tr>\n<td>20<\/td>\n<td>13,95 \u20ac<\/td>\n<td>279,00 \u20ac<\/td>\n<\/tr>\n<tr>\n<td>30<\/td>\n<td>13,13 \u20ac<\/td>\n<td>394,00 \u20ac<\/td>\n<\/tr>\n<\/tbody>\n<\/table>\n<h2>Eine schnellere Alternative zu Viagra<\/h2>\n<p>Sildenafil-haltiges Kamagra Oral Jelly z\u00e4hlt zu den Generika von Viagra und bietet eine vollwertige Alternative. Es ist wirksam bei der Behandlung von <strong>Erektionsst\u00f6rungen<\/strong>. Kamagra Oral Jelly ist nach <a href=\"https:\/\/www.kamagraeu.net\/de\/\/e-shop\/viagra-generika\/kamagra-100-mg\/\">Kamagra Original<\/a> das zweit meistverkaufte Produkt mit <a href=\"https:\/\/www.kamagraeu.net\/de\/\/blog\/sildenafil\/\"><strong>Sildenafil<\/strong><\/a> auf dem Markt. Das Mundgel besitzt einen angenehmen <strong>Fruchtgeschmack<\/strong> und erfordert keine Nachsp\u00fclung mit Wasser.<\/p>\n<p>Besonders hervorzuheben ist die schnelle Wirkung von <strong>Kamagra Oral Jelly<\/strong>. Ergebnisse k\u00f6nnen bereits nach 10-15 Minuten erwartet werden, im Vergleich zu Tabletten, deren Wirkung erst nach 30-60 Minuten eintritt.<\/p>\n<p>Die Tabletten werden unter Verwendung modernster Technologien in den Laboren des indischen <a href=\"https:\/\/www.ajantapharma.com\/\"><strong>Pharmaunternehmens Ajanta Pharma Limited<\/strong><\/a> hergestellt.<\/p>\n<h2>Kamagra oder Amagra? Gele oder Gel?<\/h2>\n<p>Ein Freund hat Ihnen Amagra oral jelly oder Kamagra gel empfohlen und Sie k\u00f6nnen es nirgends finden? Dann sind Sie hier genau richtig! <strong>Kamagra Oral Jelly<\/strong> ist genau das Produkt, nach dem Sie suchen. Unsere Kunden suchen es oft unter folgenden Namen: Amagra oral jelly, Kamara oral jelly, Kamagra jelly, Kamagra oral gelly, Kamara gel oder einfach <strong>Kamagra gel<\/strong>.<\/p>\n<h2>Wirkstoff<\/h2>\n<p>Der Wirkstoff Sildenafil citrate unterst\u00fctzt positiv die Durchblutung des Penis und hilft eine starke, gute und langanhaltende Erektion zu erreichen. Der Geschlechtsakt wird befriedigend und erfolgreich.<\/p>\n<p><strong>Vorteile von Kamagra Oral Jelly 100 mg:<\/strong><\/p>\n<ul>\n<li>hohe Qualit\u00e4t f\u00fcr niedrigeren Preis im Vergleich zu Original<\/li>\n<li>schnelle Wirkung, die Wirkstoffe werden durch Mundschleimhaut direkt absorbiert<\/li>\n<li>einfache Einnahme ohne Wassergebrauch<\/li>\n<li>verschiedene Fruchtaromen<\/li>\n<li>g\u00fcnstiger Preis bei mehreren Packungen<\/li>\n<\/ul>\n<h2>Dosierung und Gebrauchsweise<\/h2>\n<p>Die Einnahme von Kamagra Oral Jelly ist sehr einfach und angenehm dank Fruchtaromen. Man dr\u00fcckt den Inhalt des Beutels direkt in den Mund aus, alles ohne Wassergebrauch. Ein Beutel = 1 Dosis mit 100 mg von Sildenafil.<\/p>\n<p>Kamagra Oral Jelly wird 10-15 Minuten vor dem Geschlechtsverkehr eingenommen und die Wirkung dauert <strong>4-6 Stunden lang<\/strong>. Die Wirkung stellt sich allerdings erst bei sexueller Stimulation ein.<\/p>\n<p>Die \u00fcbliche Einzeldosis betr\u00e4gt zu Beginn 50 mg. Je nach Bedarf und Vertr\u00e4glichkeit kann die Einzeldosis auf 25 mg erniedrigt oder auf maximal 100 mg einmal t\u00e4glich erh\u00f6ht werden. <strong>\u00dcberschreiten Sie nicht die maximale Tagesdosis von 100 mg.<\/strong><\/p>\n<p>Das Pr\u00e4parat darf vor oder nach dem Essen eingenommen werden. Alkohol, fettreiche Speisen, Grapefruit und Grapefruitsaft k\u00f6nnen die Wirkung von Kamagra Gold allerdings negativ beeinflussen.<\/p>\n<h2>Kontraindikationen<\/h2>\n<p>Kamagra Oral Jelly darf nicht eingenommen werden, wenn:<\/p>\n<ul>\n<li><strong>man auf Sildenafil<\/strong> oder auf andere Wirkstoffe <strong>allergisch ist<\/strong><\/li>\n<li>man vor kurzem <strong>Herzinfarkt oder Schlaganfall<\/strong> durchgemacht hat, oder an andere Herzerkrankungen wie <strong>niedriger Blutdruck oder Bluthochdruck<\/strong> leidet<\/li>\n<li><strong>man die Nitrate einnimmt<\/strong> (zum Beispiel Nitroglycerin, Isosorbid dinitrat), Medikamente, die Stickoxid l\u00f6sen (z.B. Isoamyl-nitrit)<\/li>\n<li>man Medikamente gegen Angina Pectoris einnimmt (z.B. Nitraten oder Stickoxid)<\/li>\n<li><strong>man an andere seri\u00f6se Herzerkrankung oder Leberst\u00f6rung leidet<\/strong><\/li>\n<li>man an seltener Netzhautst\u00f6rung leidet (z.B. retinitis pigmentosa) oder man die Sehkraft durch (NAION) verloren hat<\/li>\n<li><strong>man Riociguat einnimmt<\/strong> (zur Heilung der arteriellen Lungenhypertonie und chronischer Lungen Hypertension)<\/li>\n<li><strong>man schon ein anderes Erektionsmittel einnimmt<\/strong><\/li>\n<\/ul>\n<h2>Warnung<\/h2>\n<p>Informieren Sie Ihren Arzt, bevor Sie den Wirkstoff Sildenafil einnehmen, im Falle Sie an:<\/p>\n<ul>\n<li>Herzprobleme<\/li>\n<li>Peyronie Erkrankung oder andere Penisdeformationen<\/li>\n<li>Geschw\u00fcr Erkrankung oder Bluterkrankheit (z.B. H\u00e4mophilie)<\/li>\n<li>Zucker Intoleranz (z.B. Laktose)<\/li>\n<li>Sichelzellkrankheit, Leuk\u00e4mie oder mehrfachen Myelom<\/li>\n<li>HIV leiden (besonders wenn mit Proteaseinhibitoren behandelt)<\/li>\n<\/ul>\n<p>Falls Sie an <strong>Nieren- oder Leberst\u00f6rung<\/strong> leiden, informieren Sie Ihren Arzt. Der wird Ihre Dosierung anpassen. Meistens f\u00e4ngt man mit 25 mg an.<\/p>\n<p>Die Einnahme von Kamagra Oral Jelly mit anderen Medikamenten soll Ihr Arzt genehmigen besonders wenn die Medikamente Erythromycin, Cimetidin oder Ketoconazol enthalten.<\/p>\n<h2>M\u00f6gliche Nebenwirkungen<\/h2>\n<p>Wie bei jedem anderen Medikament k\u00f6nnen sich auch bei diesem Arzneimittel mit Sildenafil Nebenwirkungen zeigen. Meistens geht es um <strong>milde Schwierigkeiten, die nicht lange dauern<\/strong>. In erster Linie sind es vor allem Kopfschmerzen, Gesichtsr\u00f6tung, Unwohlsein, Verdauungsprobleme, Hitzewallung, Sehst\u00f6rungen (verschwommenes oder sogenanntes blaues Sehen), Schnupfen oder Schwindelgef\u00fchle.<\/p>\n<h3>Wichtiger Hinweis<\/h3>\n<p>Falls Sie nach der Einnahme des Mittels eine Sehkraft- oder H\u00f6rst\u00f6rung f\u00fchlen, wenn Sie Blut im Urin sehen k\u00f6nnen oder er tr\u00fcb wird, wenn Sie eine <strong>Erektion l\u00e4nger als 4 Stunden<\/strong> haben, besonders ohne sexuelle Anregung und schmerzhaft, <strong>suchen Sie unverz\u00fcglich Ihren Arzt auf<\/strong>.<\/p>\n<p>Medizinische Hilfe suchen Sie unverz\u00fcglich <strong>bei allen ungew\u00f6hnlichen Reaktionen<\/strong> oder bei starken Verschlechterung Ihres Zustandes nach der Einnahme des Mittels. Besuchen Sie den Arzt auch, wenn die Nebenwirkungen von l\u00e4ngerer Dauer sind.<\/p>\n<h2>Lagerung<\/h2>\n<p>Lagern Sie bei Temperaturen bis 30\u00b0C. Behalten Sie in der Originalpackung. Sch\u00fctzen Sie vor Feuchtigkeit. Vermeiden Sie Kontakt mit Kindern.<\/p>\n<h2>F\u00fcr Interesse<\/h2>\n<p>An Erektionsst\u00f6rung leiden immer mehr M\u00e4nner, einige sogar im jungen Alter. Mehr \u00fcber dieses Problem finden Sie im Artikel <strong>Probleme mit Erektion mit 20<\/strong>. Wie erkennt man, ob die fehlende Erektion schon seri\u00f6se L\u00f6sung braucht, erfahren Sie im Artikel <a href=\"https:\/\/www.kamagraeu.net\/de\/\/blog\/symptome-von-erektiler-dysfunktion\/\"><strong>Symptome der erektilen Dysfunktion<\/strong>.<\/a><\/p>\n<p>Dieses Produkt wird ohne eine Packungsbeilage versendet.<\/p>\n","protected":false},"excerpt":{"rendered":"<table>\n<tbody>\n<tr>\n<td>Packungsinhalt<\/td>\n<td>7 fruchtige Gelbeutel<\/td>\n<\/tr>\n<tr>\n<td>Wirkstoff<\/td>\n<td>Sildenafil<\/td>\n<\/tr>\n<tr>\n<td>Wirkstoff in einer Tablette<\/td>\n<td>Sildenafil 100 mg<\/td>\n<\/tr>\n<tr>\n<td>Wirkungseintritt<\/td>\n<td>10\u201315 Minuten<\/td>\n<\/tr>\n<tr>\n<td>Wirkungsdauer<\/td>\n<td>4\u20136 Stunden<\/td>\n<\/tr>\n<tr>\n<td>Art<\/td>\n<td>Kamagra<\/td>\n<\/tr>\n<tr>\n<td>Marke<\/td>\n<td><a href=\"https:\/\/www.ajantapharma.com\/\">Ajanta Pharma Ltd.<\/a><\/td>\n<\/tr>\n<tr>\n<td>Form<\/td>\n<td>Oral Jelly<\/td>\n<\/tr>\n<\/tbody>\n<\/table>\n","protected":false},"featured_media":5287,"comment_status":"closed","ping_status":"closed","template":"","meta":[],"product_brand":[],"product_cat":[15,29,16],"product_tag":[57],"class_list":{"0":"post-7","1":"product","2":"type-product","3":"status-publish","4":"has-post-thumbnail","6":"product_cat-kamagra","7":"product_cat-bestsellers","8":"product_cat-viagra-generika","9":"product_tag-sildenafil-100-mg","11":"first","12":"instock","13":"shipping-taxable","14":"purchasable","15":"product-type-simple"},"yoast_head":"<!-- This site is optimized with the Yoast SEO Premium plugin v23.0 (Yoast SEO v25.6) - https:\/\/yoast.com\/wordpress\/plugins\/seo\/ -->\n<title>Kamagra Oral Jelly 100 mg | KamagraEU.net | Preis ab 13.13 \u20ac<\/title>\n<meta name=\"description\" content=\"Kamagra Oral Jelly ist ein Pr\u00e4parat das Patienten mit Erektionsst\u00f6rungen einnehmen k\u00f6nnen. Kamagra Oral Jelly ist in Gelform erh\u00e4ltlich.\" \/>\n<meta name=\"robots\" content=\"index, follow, max-snippet:-1, max-image-preview:large, max-video-preview:-1\" \/>\n<link rel=\"canonical\" href=\"https:\/\/kamagraeu.net\/de\/produkt\/kamagra-oral-jelly\/\" \/>\n<meta property=\"og:locale\" content=\"de_DE\" \/>\n<meta property=\"og:type\" content=\"article\" \/>\n<meta property=\"og:title\" content=\"Kamagra Oral Jelly 100 mg\" \/>\n<meta property=\"og:description\" content=\"Kamagra Oral Jelly ist ein Pr\u00e4parat das Patienten mit Erektionsst\u00f6rungen einnehmen k\u00f6nnen. Kamagra Oral Jelly ist in Gelform erh\u00e4ltlich.\" \/>\n<meta property=\"og:url\" content=\"https:\/\/kamagraeu.net\/de\/produkt\/kamagra-oral-jelly\/\" \/>\n<meta property=\"og:site_name\" content=\"Deutsch\" \/>\n<meta property=\"article:modified_time\" content=\"2024-07-26T14:11:17+00:00\" \/>\n<meta property=\"og:image\" content=\"http:\/\/kamagraeu.net\/de\/wp-content\/uploads\/sites\/2\/2022\/10\/1-000px_oral-jelly_t713h.jpg\" \/>\n\t<meta property=\"og:image:width\" content=\"1000\" \/>\n\t<meta property=\"og:image:height\" content=\"1000\" \/>\n\t<meta property=\"og:image:type\" content=\"image\/jpeg\" \/>\n<meta name=\"twitter:card\" content=\"summary_large_image\" \/>\n<meta name=\"twitter:label1\" content=\"Preis\" \/>\n\t<meta name=\"twitter:data1\" content=\"24.00&nbsp;&euro;\" \/>\n\t<meta name=\"twitter:label2\" content=\"Verf\u00fcgbarkeit\" \/>\n\t<meta name=\"twitter:data2\" content=\"Auf Lager\" \/>\n<script type=\"application\/ld+json\" class=\"yoast-schema-graph\">{\"@context\":\"https:\/\/schema.org\",\"@graph\":[{\"@type\":\"WebPage\",\"@id\":\"https:\/\/kamagraeu.net\/de\/produkt\/kamagra-oral-jelly\/\",\"url\":\"https:\/\/kamagraeu.net\/de\/produkt\/kamagra-oral-jelly\/\",\"name\":\"Kamagra Oral Jelly 100 mg | KamagraEU.net | Preis ab 13.13 \u20ac\",\"isPartOf\":{\"@id\":\"https:\/\/kamagraeu.net\/de\/#website\"},\"primaryImageOfPage\":{\"@id\":\"https:\/\/kamagraeu.net\/de\/produkt\/kamagra-oral-jelly\/#primaryimage\"},\"image\":{\"@id\":\"https:\/\/kamagraeu.net\/de\/produkt\/kamagra-oral-jelly\/#primaryimage\"},\"thumbnailUrl\":\"https:\/\/kamagraeu.net\/de\/wp-content\/uploads\/sites\/2\/2022\/10\/1-000px_oral-jelly_t713h.jpg\",\"datePublished\":\"2020-05-05T09:39:39+00:00\",\"dateModified\":\"2024-07-26T14:11:17+00:00\",\"description\":\"Kamagra Oral Jelly ist ein Pr\u00e4parat das Patienten mit Erektionsst\u00f6rungen einnehmen k\u00f6nnen. Kamagra Oral Jelly ist in Gelform erh\u00e4ltlich.\",\"breadcrumb\":{\"@id\":\"https:\/\/kamagraeu.net\/de\/produkt\/kamagra-oral-jelly\/#breadcrumb\"},\"inLanguage\":\"de\",\"potentialAction\":[{\"@type\":\"ReadAction\",\"target\":[\"https:\/\/kamagraeu.net\/de\/produkt\/kamagra-oral-jelly\/\"]}]},{\"@type\":\"ImageObject\",\"inLanguage\":\"de\",\"@id\":\"https:\/\/kamagraeu.net\/de\/produkt\/kamagra-oral-jelly\/#primaryimage\",\"url\":\"https:\/\/kamagraeu.net\/de\/wp-content\/uploads\/sites\/2\/2022\/10\/1-000px_oral-jelly_t713h.jpg\",\"contentUrl\":\"https:\/\/kamagraeu.net\/de\/wp-content\/uploads\/sites\/2\/2022\/10\/1-000px_oral-jelly_t713h.jpg\",\"width\":1000,\"height\":1000,\"caption\":\"kamagra oral jelly\"},{\"@type\":\"BreadcrumbList\",\"@id\":\"https:\/\/kamagraeu.net\/de\/produkt\/kamagra-oral-jelly\/#breadcrumb\",\"itemListElement\":[{\"@type\":\"ListItem\",\"position\":1,\"name\":\"Home\",\"item\":\"https:\/\/kamagraeu.net\/de\/\"},{\"@type\":\"ListItem\",\"position\":2,\"name\":\"E-SHOP\",\"item\":\"https:\/\/kamagraeu.net\/de\/e-shop\/\"},{\"@type\":\"ListItem\",\"position\":3,\"name\":\"Kamagra Oral Jelly 100 mg\"}]},{\"@type\":\"WebSite\",\"@id\":\"https:\/\/kamagraeu.net\/de\/#website\",\"url\":\"https:\/\/kamagraeu.net\/de\/\",\"name\":\"KamagraEU.net\",\"description\":\"Kamagra kaufen\",\"publisher\":{\"@id\":\"https:\/\/kamagraeu.net\/de\/#organization\"},\"alternateName\":\"KamagrEU\",\"potentialAction\":[{\"@type\":\"SearchAction\",\"target\":{\"@type\":\"EntryPoint\",\"urlTemplate\":\"https:\/\/kamagraeu.net\/de\/?s={search_term_string}\"},\"query-input\":{\"@type\":\"PropertyValueSpecification\",\"valueRequired\":true,\"valueName\":\"search_term_string\"}}],\"inLanguage\":\"de\"},{\"@type\":\"Organization\",\"@id\":\"https:\/\/kamagraeu.net\/de\/#organization\",\"name\":\"Kamagraeu.net\",\"alternateName\":\"KamagrEU\",\"url\":\"https:\/\/kamagraeu.net\/de\/\",\"logo\":{\"@type\":\"ImageObject\",\"inLanguage\":\"de\",\"@id\":\"https:\/\/kamagraeu.net\/de\/#\/schema\/logo\/image\/\",\"url\":\"https:\/\/kamagraeu.net\/de\/wp-content\/uploads\/sites\/2\/2020\/05\/cropped-logo.png\",\"contentUrl\":\"https:\/\/kamagraeu.net\/de\/wp-content\/uploads\/sites\/2\/2020\/05\/cropped-logo.png\",\"width\":812,\"height\":192,\"caption\":\"Kamagraeu.net\"},\"image\":{\"@id\":\"https:\/\/kamagraeu.net\/de\/#\/schema\/logo\/image\/\"},\"description\":\"Kamagra Verkauf - Medikamente zur Unterst\u00fctzung und Behandlung von Erektionsproblemen. \u00dcber 40 Produkte auf Lager. Wir helfen sowohl bei der Verz\u00f6gerung der Ejakulation als auch bei der Verbesserung der Erektion.\",\"email\":\"info@kamagraeu.net\",\"telephone\":\"+49 30 315144533\",\"numberOfEmployees\":{\"@type\":\"QuantitativeValue\",\"minValue\":\"11\",\"maxValue\":\"50\"}}]}<\/script>\n<meta property=\"product:price:amount\" content=\"24.00\" \/>\n<meta property=\"product:price:currency\" content=\"EUR\" \/>\n<meta property=\"og:availability\" content=\"instock\" \/>\n<meta property=\"product:availability\" content=\"instock\" \/>\n<meta property=\"product:condition\" content=\"new\" \/>\n<!-- \/ Yoast SEO Premium plugin. -->","yoast_head_json":{"title":"Kamagra Oral Jelly 100 mg | KamagraEU.net | Preis ab 13.13 \u20ac","description":"Kamagra Oral Jelly ist ein Pr\u00e4parat das Patienten mit Erektionsst\u00f6rungen einnehmen k\u00f6nnen. Kamagra Oral Jelly ist in Gelform erh\u00e4ltlich.","robots":{"index":"index","follow":"follow","max-snippet":"max-snippet:-1","max-image-preview":"max-image-preview:large","max-video-preview":"max-video-preview:-1"},"canonical":"https:\/\/kamagraeu.net\/de\/produkt\/kamagra-oral-jelly\/","og_locale":"de_DE","og_type":"article","og_title":"Kamagra Oral Jelly 100 mg","og_description":"Kamagra Oral Jelly ist ein Pr\u00e4parat das Patienten mit Erektionsst\u00f6rungen einnehmen k\u00f6nnen. Kamagra Oral Jelly ist in Gelform erh\u00e4ltlich.","og_url":"https:\/\/kamagraeu.net\/de\/produkt\/kamagra-oral-jelly\/","og_site_name":"Deutsch","article_modified_time":"2024-07-26T14:11:17+00:00","og_image":[{"width":1000,"height":1000,"url":"http:\/\/kamagraeu.net\/de\/wp-content\/uploads\/sites\/2\/2022\/10\/1-000px_oral-jelly_t713h.jpg","type":"image\/jpeg"}],"twitter_card":"summary_large_image","twitter_misc":{"Preis":"24.00&nbsp;&euro;","Verf\u00fcgbarkeit":"Auf Lager"},"schema":{"@context":"https:\/\/schema.org","@graph":[{"@type":"WebPage","@id":"https:\/\/kamagraeu.net\/de\/produkt\/kamagra-oral-jelly\/","url":"https:\/\/kamagraeu.net\/de\/produkt\/kamagra-oral-jelly\/","name":"Kamagra Oral Jelly 100 mg | KamagraEU.net | Preis ab 13.13 \u20ac","isPartOf":{"@id":"https:\/\/kamagraeu.net\/de\/#website"},"primaryImageOfPage":{"@id":"https:\/\/kamagraeu.net\/de\/produkt\/kamagra-oral-jelly\/#primaryimage"},"image":{"@id":"https:\/\/kamagraeu.net\/de\/produkt\/kamagra-oral-jelly\/#primaryimage"},"thumbnailUrl":"https:\/\/kamagraeu.net\/de\/wp-content\/uploads\/sites\/2\/2022\/10\/1-000px_oral-jelly_t713h.jpg","datePublished":"2020-05-05T09:39:39+00:00","dateModified":"2024-07-26T14:11:17+00:00","description":"Kamagra Oral Jelly ist ein Pr\u00e4parat das Patienten mit Erektionsst\u00f6rungen einnehmen k\u00f6nnen. Kamagra Oral Jelly ist in Gelform erh\u00e4ltlich.","breadcrumb":{"@id":"https:\/\/kamagraeu.net\/de\/produkt\/kamagra-oral-jelly\/#breadcrumb"},"inLanguage":"de","potentialAction":[{"@type":"ReadAction","target":["https:\/\/kamagraeu.net\/de\/produkt\/kamagra-oral-jelly\/"]}]},{"@type":"ImageObject","inLanguage":"de","@id":"https:\/\/kamagraeu.net\/de\/produkt\/kamagra-oral-jelly\/#primaryimage","url":"https:\/\/kamagraeu.net\/de\/wp-content\/uploads\/sites\/2\/2022\/10\/1-000px_oral-jelly_t713h.jpg","contentUrl":"https:\/\/kamagraeu.net\/de\/wp-content\/uploads\/sites\/2\/2022\/10\/1-000px_oral-jelly_t713h.jpg","width":1000,"height":1000,"caption":"kamagra oral jelly"},{"@type":"BreadcrumbList","@id":"https:\/\/kamagraeu.net\/de\/produkt\/kamagra-oral-jelly\/#breadcrumb","itemListElement":[{"@type":"ListItem","position":1,"name":"Home","item":"https:\/\/kamagraeu.net\/de\/"},{"@type":"ListItem","position":2,"name":"E-SHOP","item":"https:\/\/kamagraeu.net\/de\/e-shop\/"},{"@type":"ListItem","position":3,"name":"Kamagra Oral Jelly 100 mg"}]},{"@type":"WebSite","@id":"https:\/\/kamagraeu.net\/de\/#website","url":"https:\/\/kamagraeu.net\/de\/","name":"KamagraEU.net","description":"Kamagra kaufen","publisher":{"@id":"https:\/\/kamagraeu.net\/de\/#organization"},"alternateName":"KamagrEU","potentialAction":[{"@type":"SearchAction","target":{"@type":"EntryPoint","urlTemplate":"https:\/\/kamagraeu.net\/de\/?s={search_term_string}"},"query-input":{"@type":"PropertyValueSpecification","valueRequired":true,"valueName":"search_term_string"}}],"inLanguage":"de"},{"@type":"Organization","@id":"https:\/\/kamagraeu.net\/de\/#organization","name":"Kamagraeu.net","alternateName":"KamagrEU","url":"https:\/\/kamagraeu.net\/de\/","logo":{"@type":"ImageObject","inLanguage":"de","@id":"https:\/\/kamagraeu.net\/de\/#\/schema\/logo\/image\/","url":"https:\/\/kamagraeu.net\/de\/wp-content\/uploads\/sites\/2\/2020\/05\/cropped-logo.png","contentUrl":"https:\/\/kamagraeu.net\/de\/wp-content\/uploads\/sites\/2\/2020\/05\/cropped-logo.png","width":812,"height":192,"caption":"Kamagraeu.net"},"image":{"@id":"https:\/\/kamagraeu.net\/de\/#\/schema\/logo\/image\/"},"description":"Kamagra Verkauf - Medikamente zur Unterst\u00fctzung und Behandlung von Erektionsproblemen. \u00dcber 40 Produkte auf Lager. Wir helfen sowohl bei der Verz\u00f6gerung der Ejakulation als auch bei der Verbesserung der Erektion.","email":"info@kamagraeu.net","telephone":"+49 30 315144533","numberOfEmployees":{"@type":"QuantitativeValue","minValue":"11","maxValue":"50"}}]},"product_price_amount":"24.00","product_price_currency":"EUR","og_availability":"instock","product_availability":"instock","product_condition":"new"},"_links":{"self":[{"href":"https:\/\/kamagraeu.net\/de\/wp-json\/wp\/v2\/product\/7"}],"collection":[{"href":"https:\/\/kamagraeu.net\/de\/wp-json\/wp\/v2\/product"}],"about":[{"href":"https:\/\/kamagraeu.net\/de\/wp-json\/wp\/v2\/types\/product"}],"replies":[{"embeddable":true,"href":"https:\/\/kamagraeu.net\/de\/wp-json\/wp\/v2\/comments?post=7"}],"wp:featuredmedia":[{"embeddable":true,"href":"https:\/\/kamagraeu.net\/de\/wp-json\/wp\/v2\/media\/5287"}],"wp:attachment":[{"href":"https:\/\/kamagraeu.net\/de\/wp-json\/wp\/v2\/media?parent=7"}],"wp:term":[{"taxonomy":"product_brand","embeddable":true,"href":"https:\/\/kamagraeu.net\/de\/wp-json\/wp\/v2\/product_brand?post=7"},{"taxonomy":"product_cat","embeddable":true,"href":"https:\/\/kamagraeu.net\/de\/wp-json\/wp\/v2\/product_cat?post=7"},{"taxonomy":"product_tag","embeddable":true,"href":"https:\/\/kamagraeu.net\/de\/wp-json\/wp\/v2\/product_tag?post=7"}],"curies":[{"name":"wp","href":"https:\/\/api.w.org\/{rel}","templated":true}]}}