{"id":8,"date":"2020-05-05T11:39:39","date_gmt":"2020-05-05T09:39:39","guid":{"rendered":"http:\/\/kamagraeu.net\/de\/produkt\/import-placeholder-for-1269\/"},"modified":"2024-07-23T16:32:37","modified_gmt":"2024-07-23T14:32:37","slug":"kamagra-gold-100-mg","status":"publish","type":"product","link":"https:\/\/kamagraeu.net\/de\/produkt\/kamagra-gold-100-mg\/","title":{"rendered":"Kamagra Gold 100 mg"},"content":{"rendered":"<div class=\"prodtabs__item__content\">\n<div class=\"prodtabs__item__content__text\">\n<h4 style=\"font-weight: 500;\">Kamagra Gold beinhaltet Sildenafil<\/h4>\n<p style=\"font-weight: 400;\"><strong>Kamagra Gold<\/strong>\u00a0wird von Ajanta Pharm hergestellt und wird in den letzten Jahren beim Einsatz gegen Potenzst\u00f6rungen immer beliebter. Mit Hilfe von\u00a0<strong>Sildenafil<\/strong>\u00a0k\u00f6nnen Erektionsst\u00f6rungen sehr gut in den Griff bekommen werden, wodurch sich nicht nur die Intensit\u00e4t sondern auch die Qualit\u00e4t des Geschlechtsverkehrs verbessert. Mit Hilfe des Wirkstoffes Sildenafil citrate wird die Durchblutung des Penis positiv unterst\u00fctzt, was auch zur Folge hat, dass der Geschlechtsakt eine Steigerung erf\u00e4hrt.<\/p>\n<table style=\"border-collapse: collapse; width: 100%; height: 216px;\">\n<tbody>\n<tr style=\"height: 24px; background-color: #f2f2f2; text-align: center;\">\n<td style=\"width: 25%; font-weight: bold; text-align: center;\">Menge<\/td>\n<td style=\"width: 25%; font-weight: bold; text-align: center;\">Preis pro Packung<\/td>\n<td style=\"width: 25%; font-weight: bold; text-align: center;\">Preis<\/td>\n<\/tr>\n<tr style=\"height: 24px;\">\n<td style=\"width: 25%; text-align: center;\">2<\/td>\n<td style=\"width: 25%; text-align: center;\">14,50 \u20ac<\/td>\n<td style=\"width: 25%; text-align: center;\">29,00 \u20ac<\/td>\n<\/tr>\n<tr style=\"height: 24px;\">\n<td style=\"width: 25%; text-align: center;\">4<\/td>\n<td style=\"width: 25%; text-align: center;\">12,25 \u20ac<\/td>\n<td style=\"width: 25%; text-align: center;\">49,00 \u20ac<\/td>\n<\/tr>\n<tr style=\"height: 24px;\">\n<td style=\"width: 25%; text-align: center;\">6<\/td>\n<td style=\"width: 25%; text-align: center;\">10,67 \u20ac<\/td>\n<td style=\"width: 25%; text-align: center;\">64,00 \u20ac<\/td>\n<\/tr>\n<tr style=\"height: 24px;\">\n<td style=\"width: 25%; text-align: center;\">8<\/td>\n<td style=\"width: 25%; text-align: center;\">9,88 \u20ac<\/td>\n<td style=\"width: 25%; text-align: center;\">79,00 \u20ac<\/td>\n<\/tr>\n<tr style=\"height: 24px;\">\n<td style=\"width: 25%; text-align: center;\">10<\/td>\n<td style=\"width: 25%; text-align: center;\">9,90 \u20ac<\/td>\n<td style=\"width: 25%; text-align: center;\">99,00 \u20ac<\/td>\n<\/tr>\n<tr style=\"height: 24px;\">\n<td style=\"width: 25%; text-align: center;\">15<\/td>\n<td style=\"width: 25%; text-align: center;\">9,27 \u20ac<\/td>\n<td style=\"width: 25%; text-align: center;\">139,00 \u20ac<\/td>\n<\/tr>\n<tr style=\"height: 24px;\">\n<td style=\"width: 25%; text-align: center;\">20<\/td>\n<td style=\"width: 25%; text-align: center;\">8,45 \u20ac<\/td>\n<td style=\"width: 25%; text-align: center;\">169,00 \u20ac<\/td>\n<\/tr>\n<tr style=\"height: 24px;\">\n<td style=\"width: 25%; text-align: center;\">30<\/td>\n<td style=\"width: 25%; text-align: center;\">7,80 \u20ac<\/td>\n<td style=\"width: 25%; text-align: center;\">234,00 \u20ac<\/td>\n<\/tr>\n<\/tbody>\n<\/table>\n<h4 style=\"font-weight: 500;\">Welchen Wirkstoff enth\u00e4lt Kamagra Gold?<\/h4>\n<p style=\"font-weight: 400;\"><strong>Kamagra Gold<\/strong>\u00a0weist\u00a0<strong>100mg Sildenafil\u00a0<\/strong>auf.<\/p>\n<h4 style=\"font-weight: 500;\">Welche Dosierung wird bei Kamagra Gold empfohlen?<\/h4>\n<p style=\"font-weight: 400;\">Zu Beginn sollte lediglich eine halbe Tablette\u00a0<strong>Kamagra Gold 100mg<\/strong>\u00a0eingenommen werden. Die Tablette sollte zudem rund 30 bis 60 Minuten vor dem Geschlechtsakt geschluckt werden. Es wird darauf hingewiesen, dass nicht mehr als 1 Tablette Kamagra Gold 100mg t\u00e4glich eingenommen werden sollte. Die Wirkung stellt sich allerdings erst bei sexueller Stimulation ein, weswegen empfohlen wird, dass Kamagra Gold 100mg bereits zum Vorspiel geschluckt wird. Grunds\u00e4tzlich zeigt sich die Wirkung zwischen 4 und 6Stunden. Alkohol und fettreiche Speisen k\u00f6nnen die Wirkung von Kamagra Gold 100mg allerdings negativ beeinflussen.<\/p>\n<h4 style=\"font-weight: 500;\">Folgende Patienten sollten Kamagra Gold nicht einnehmen?<\/h4>\n<p style=\"font-weight: 400;\">Wer an Herzinfarkten leidet oder andere Herzerkrankungen wie beispielsweise niedrigen Blutdruck oder Bluthochdruck aufweist, sollte\u00a0<strong>Kamagra Gold 100mg\u00a0<\/strong>nicht einnehmen. Auch bei bekannter Angina Pectoris sollte vor der Einnahme mit dem behandelnden Arzt R\u00fccksprache gehalten werden. Da der Wirkstoff Sildenafil Wechselwirkungen mit Nitraten und Stickoxiden mit sich bringen kann, sollte immer der behandelnde Arzt vor der Einnahme konsultiert werden. Wer Erythromycin, Cimetidin oder Ketoconazol einnimmt, sollte sich auf jeden Fall die Genehmigung des Arztes einholen.<\/p>\n<h4 style=\"font-weight: 500;\">Welche Nebenwirkungen k\u00f6nnen sich zeigen?<\/h4>\n<p style=\"font-weight: 400;\"><strong>Kamagra Gold 100mg<\/strong>\u00a0ist ein Potenzmittel, welches generell sehr gut vertragen wird. Allerdings k\u00f6nnen sich wie bei jedem anderen Medikament auch hier Nebenwirkungen zeigen. In erster Linie sind vor allem Kopfschmerzen und eine Gesichtsr\u00f6tung Nebenwirkungen, die \u00f6fter mal beobachtet werden. Der gro\u00dfe Vorteil bei Kamagra Gold 100mg besteht allerdings darin, dass nach Abklingen der Wirkung auch die Nebenwirkungen wieder nachlassen. Seltene Nebenwirkungen zeigen sich in Form von Schwindelgef\u00fchlen, Sehst\u00f6rungen oder Verdauungsproblemen. Wenn die Erektion nach 4 Stunden nicht nachl\u00e4sst, sollte ein Arzt aufgesucht werden. Zeigen sich die Nebenwirkungen in starker Intensit\u00e4t oder kommt ein Unwohlsein auf, sollte ebenfalls der Arzt aufgesucht werden. Bis zur Abkl\u00e4rung sollte zudem keine weitere Tablette Kamagra Gold 100mg eingenommen werden.<\/p>\n<h4 style=\"font-weight: 500;\">Die richtige Lagerung<\/h4>\n<p style=\"font-weight: 400;\"><strong>Kamagra Gold 100mg<\/strong>\u00a0sollte nicht \u00fcber Temperaturen von 30 Grad gelagert werden. Die Tabletten sollten erst vor der Einnahme aus dem Blister entnommen werden, damit der Inhaltsstoff vor Feuchtigkeit gesch\u00fctzt werden kann.<\/p>\n<\/div>\n<\/div>\n","protected":false},"excerpt":{"rendered":"<table>\n<tbody>\n<tr>\n<td>Packungsinhalt<\/td>\n<td>4 \u00fcberzogene Tabletten<\/td>\n<\/tr>\n<tr>\n<td>Wirkstoff<\/td>\n<td>Sildenafil<\/td>\n<\/tr>\n<tr>\n<td>Wirkstoff in einer Tablette<\/td>\n<td>Sildenafil 100 mg<\/td>\n<\/tr>\n<tr>\n<td>Wirkungseintritt<\/td>\n<td>30\u201360 Minuten<\/td>\n<\/tr>\n<tr>\n<td>Wirkungsdauer<\/td>\n<td>4\u20136 Stunden<\/td>\n<\/tr>\n<tr>\n<td>Art<\/td>\n<td>Kamagra<\/td>\n<\/tr>\n<tr>\n<td>Marke<\/td>\n<td>Ajanta Pharma<\/td>\n<\/tr>\n<tr>\n<td>Form<\/td>\n<td>Tabletten<\/td>\n<\/tr>\n<\/tbody>\n<\/table>\n","protected":false},"featured_media":5283,"comment_status":"closed","ping_status":"closed","template":"","meta":[],"product_brand":[],"product_cat":[15,29,16],"product_tag":[],"class_list":{"0":"post-8","1":"product","2":"type-product","3":"status-publish","4":"has-post-thumbnail","6":"product_cat-kamagra","7":"product_cat-bestsellers","8":"product_cat-viagra-generika","10":"first","11":"instock","12":"shipping-taxable","13":"purchasable","14":"product-type-simple"},"yoast_head":"<!-- This site is optimized with the Yoast SEO Premium plugin v23.0 (Yoast SEO v25.6) - https:\/\/yoast.com\/wordpress\/plugins\/seo\/ -->\n<title>Kamagra Gold 100 mg \u2013 Effektive Hilfe bei Erektionsst\u00f6rungen<\/title>\n<meta name=\"description\" content=\"Kamagra Gold 100 mg bietet schnelle und zuverl\u00e4ssige Unterst\u00fctzung bei Erektionsst\u00f6rungen. Verbessern Sie Ihre sexuelle Leistung und Zufriedenheit.\" \/>\n<meta name=\"robots\" content=\"index, follow, max-snippet:-1, max-image-preview:large, max-video-preview:-1\" \/>\n<link rel=\"canonical\" href=\"https:\/\/kamagraeu.net\/de\/produkt\/kamagra-gold-100-mg\/\" \/>\n<meta property=\"og:locale\" content=\"de_DE\" \/>\n<meta property=\"og:type\" content=\"article\" \/>\n<meta property=\"og:title\" content=\"Kamagra Gold 100 mg\" \/>\n<meta property=\"og:description\" content=\"Kamagra Gold 100 mg bietet schnelle und zuverl\u00e4ssige Unterst\u00fctzung bei Erektionsst\u00f6rungen. Verbessern Sie Ihre sexuelle Leistung und Zufriedenheit.\" \/>\n<meta property=\"og:url\" content=\"https:\/\/kamagraeu.net\/de\/produkt\/kamagra-gold-100-mg\/\" \/>\n<meta property=\"og:site_name\" content=\"Deutsch\" \/>\n<meta property=\"article:modified_time\" content=\"2024-07-23T14:32:37+00:00\" \/>\n<meta property=\"og:image\" content=\"http:\/\/kamagraeu.net\/de\/wp-content\/uploads\/sites\/2\/2022\/10\/1-000px_gold_qyj4e.jpg\" \/>\n\t<meta property=\"og:image:width\" content=\"1000\" \/>\n\t<meta property=\"og:image:height\" content=\"1000\" \/>\n\t<meta property=\"og:image:type\" content=\"image\/jpeg\" \/>\n<meta name=\"twitter:card\" content=\"summary_large_image\" \/>\n<meta name=\"twitter:label1\" content=\"Preis\" \/>\n\t<meta name=\"twitter:data1\" content=\"16.50&nbsp;&euro;\" \/>\n\t<meta name=\"twitter:label2\" content=\"Verf\u00fcgbarkeit\" \/>\n\t<meta name=\"twitter:data2\" content=\"Auf Lager\" \/>\n<script type=\"application\/ld+json\" class=\"yoast-schema-graph\">{\"@context\":\"https:\/\/schema.org\",\"@graph\":[{\"@type\":\"WebPage\",\"@id\":\"https:\/\/kamagraeu.net\/de\/produkt\/kamagra-gold-100-mg\/\",\"url\":\"https:\/\/kamagraeu.net\/de\/produkt\/kamagra-gold-100-mg\/\",\"name\":\"Kamagra Gold 100 mg \u2013 Effektive Hilfe bei Erektionsst\u00f6rungen\",\"isPartOf\":{\"@id\":\"https:\/\/kamagraeu.net\/de\/#website\"},\"primaryImageOfPage\":{\"@id\":\"https:\/\/kamagraeu.net\/de\/produkt\/kamagra-gold-100-mg\/#primaryimage\"},\"image\":{\"@id\":\"https:\/\/kamagraeu.net\/de\/produkt\/kamagra-gold-100-mg\/#primaryimage\"},\"thumbnailUrl\":\"https:\/\/kamagraeu.net\/de\/wp-content\/uploads\/sites\/2\/2022\/10\/1-000px_gold_qyj4e.jpg\",\"datePublished\":\"2020-05-05T09:39:39+00:00\",\"dateModified\":\"2024-07-23T14:32:37+00:00\",\"description\":\"Kamagra Gold 100 mg bietet schnelle und zuverl\u00e4ssige Unterst\u00fctzung bei Erektionsst\u00f6rungen. Verbessern Sie Ihre sexuelle Leistung und Zufriedenheit.\",\"breadcrumb\":{\"@id\":\"https:\/\/kamagraeu.net\/de\/produkt\/kamagra-gold-100-mg\/#breadcrumb\"},\"inLanguage\":\"de\",\"potentialAction\":[{\"@type\":\"ReadAction\",\"target\":[\"https:\/\/kamagraeu.net\/de\/produkt\/kamagra-gold-100-mg\/\"]}]},{\"@type\":\"ImageObject\",\"inLanguage\":\"de\",\"@id\":\"https:\/\/kamagraeu.net\/de\/produkt\/kamagra-gold-100-mg\/#primaryimage\",\"url\":\"https:\/\/kamagraeu.net\/de\/wp-content\/uploads\/sites\/2\/2022\/10\/1-000px_gold_qyj4e.jpg\",\"contentUrl\":\"https:\/\/kamagraeu.net\/de\/wp-content\/uploads\/sites\/2\/2022\/10\/1-000px_gold_qyj4e.jpg\",\"width\":1000,\"height\":1000,\"caption\":\"Kamagra gold\"},{\"@type\":\"BreadcrumbList\",\"@id\":\"https:\/\/kamagraeu.net\/de\/produkt\/kamagra-gold-100-mg\/#breadcrumb\",\"itemListElement\":[{\"@type\":\"ListItem\",\"position\":1,\"name\":\"Home\",\"item\":\"https:\/\/kamagraeu.net\/de\/\"},{\"@type\":\"ListItem\",\"position\":2,\"name\":\"E-SHOP\",\"item\":\"https:\/\/kamagraeu.net\/de\/e-shop\/\"},{\"@type\":\"ListItem\",\"position\":3,\"name\":\"Kamagra Gold 100 mg\"}]},{\"@type\":\"WebSite\",\"@id\":\"https:\/\/kamagraeu.net\/de\/#website\",\"url\":\"https:\/\/kamagraeu.net\/de\/\",\"name\":\"KamagraEU.net\",\"description\":\"Kamagra kaufen\",\"publisher\":{\"@id\":\"https:\/\/kamagraeu.net\/de\/#organization\"},\"alternateName\":\"KamagrEU\",\"potentialAction\":[{\"@type\":\"SearchAction\",\"target\":{\"@type\":\"EntryPoint\",\"urlTemplate\":\"https:\/\/kamagraeu.net\/de\/?s={search_term_string}\"},\"query-input\":{\"@type\":\"PropertyValueSpecification\",\"valueRequired\":true,\"valueName\":\"search_term_string\"}}],\"inLanguage\":\"de\"},{\"@type\":\"Organization\",\"@id\":\"https:\/\/kamagraeu.net\/de\/#organization\",\"name\":\"Kamagraeu.net\",\"alternateName\":\"KamagrEU\",\"url\":\"https:\/\/kamagraeu.net\/de\/\",\"logo\":{\"@type\":\"ImageObject\",\"inLanguage\":\"de\",\"@id\":\"https:\/\/kamagraeu.net\/de\/#\/schema\/logo\/image\/\",\"url\":\"https:\/\/kamagraeu.net\/de\/wp-content\/uploads\/sites\/2\/2020\/05\/cropped-logo.png\",\"contentUrl\":\"https:\/\/kamagraeu.net\/de\/wp-content\/uploads\/sites\/2\/2020\/05\/cropped-logo.png\",\"width\":812,\"height\":192,\"caption\":\"Kamagraeu.net\"},\"image\":{\"@id\":\"https:\/\/kamagraeu.net\/de\/#\/schema\/logo\/image\/\"},\"description\":\"Kamagra Verkauf - Medikamente zur Unterst\u00fctzung und Behandlung von Erektionsproblemen. \u00dcber 40 Produkte auf Lager. Wir helfen sowohl bei der Verz\u00f6gerung der Ejakulation als auch bei der Verbesserung der Erektion.\",\"email\":\"info@kamagraeu.net\",\"telephone\":\"+49 30 315144533\",\"numberOfEmployees\":{\"@type\":\"QuantitativeValue\",\"minValue\":\"11\",\"maxValue\":\"50\"}}]}<\/script>\n<meta property=\"product:price:amount\" content=\"16.50\" \/>\n<meta property=\"product:price:currency\" content=\"EUR\" \/>\n<meta property=\"og:availability\" content=\"instock\" \/>\n<meta property=\"product:availability\" content=\"instock\" \/>\n<meta property=\"product:condition\" content=\"new\" \/>\n<!-- \/ Yoast SEO Premium plugin. -->","yoast_head_json":{"title":"Kamagra Gold 100 mg \u2013 Effektive Hilfe bei Erektionsst\u00f6rungen","description":"Kamagra Gold 100 mg bietet schnelle und zuverl\u00e4ssige Unterst\u00fctzung bei Erektionsst\u00f6rungen. Verbessern Sie Ihre sexuelle Leistung und Zufriedenheit.","robots":{"index":"index","follow":"follow","max-snippet":"max-snippet:-1","max-image-preview":"max-image-preview:large","max-video-preview":"max-video-preview:-1"},"canonical":"https:\/\/kamagraeu.net\/de\/produkt\/kamagra-gold-100-mg\/","og_locale":"de_DE","og_type":"article","og_title":"Kamagra Gold 100 mg","og_description":"Kamagra Gold 100 mg bietet schnelle und zuverl\u00e4ssige Unterst\u00fctzung bei Erektionsst\u00f6rungen. Verbessern Sie Ihre sexuelle Leistung und Zufriedenheit.","og_url":"https:\/\/kamagraeu.net\/de\/produkt\/kamagra-gold-100-mg\/","og_site_name":"Deutsch","article_modified_time":"2024-07-23T14:32:37+00:00","og_image":[{"width":1000,"height":1000,"url":"http:\/\/kamagraeu.net\/de\/wp-content\/uploads\/sites\/2\/2022\/10\/1-000px_gold_qyj4e.jpg","type":"image\/jpeg"}],"twitter_card":"summary_large_image","twitter_misc":{"Preis":"16.50&nbsp;&euro;","Verf\u00fcgbarkeit":"Auf Lager"},"schema":{"@context":"https:\/\/schema.org","@graph":[{"@type":"WebPage","@id":"https:\/\/kamagraeu.net\/de\/produkt\/kamagra-gold-100-mg\/","url":"https:\/\/kamagraeu.net\/de\/produkt\/kamagra-gold-100-mg\/","name":"Kamagra Gold 100 mg \u2013 Effektive Hilfe bei Erektionsst\u00f6rungen","isPartOf":{"@id":"https:\/\/kamagraeu.net\/de\/#website"},"primaryImageOfPage":{"@id":"https:\/\/kamagraeu.net\/de\/produkt\/kamagra-gold-100-mg\/#primaryimage"},"image":{"@id":"https:\/\/kamagraeu.net\/de\/produkt\/kamagra-gold-100-mg\/#primaryimage"},"thumbnailUrl":"https:\/\/kamagraeu.net\/de\/wp-content\/uploads\/sites\/2\/2022\/10\/1-000px_gold_qyj4e.jpg","datePublished":"2020-05-05T09:39:39+00:00","dateModified":"2024-07-23T14:32:37+00:00","description":"Kamagra Gold 100 mg bietet schnelle und zuverl\u00e4ssige Unterst\u00fctzung bei Erektionsst\u00f6rungen. Verbessern Sie Ihre sexuelle Leistung und Zufriedenheit.","breadcrumb":{"@id":"https:\/\/kamagraeu.net\/de\/produkt\/kamagra-gold-100-mg\/#breadcrumb"},"inLanguage":"de","potentialAction":[{"@type":"ReadAction","target":["https:\/\/kamagraeu.net\/de\/produkt\/kamagra-gold-100-mg\/"]}]},{"@type":"ImageObject","inLanguage":"de","@id":"https:\/\/kamagraeu.net\/de\/produkt\/kamagra-gold-100-mg\/#primaryimage","url":"https:\/\/kamagraeu.net\/de\/wp-content\/uploads\/sites\/2\/2022\/10\/1-000px_gold_qyj4e.jpg","contentUrl":"https:\/\/kamagraeu.net\/de\/wp-content\/uploads\/sites\/2\/2022\/10\/1-000px_gold_qyj4e.jpg","width":1000,"height":1000,"caption":"Kamagra gold"},{"@type":"BreadcrumbList","@id":"https:\/\/kamagraeu.net\/de\/produkt\/kamagra-gold-100-mg\/#breadcrumb","itemListElement":[{"@type":"ListItem","position":1,"name":"Home","item":"https:\/\/kamagraeu.net\/de\/"},{"@type":"ListItem","position":2,"name":"E-SHOP","item":"https:\/\/kamagraeu.net\/de\/e-shop\/"},{"@type":"ListItem","position":3,"name":"Kamagra Gold 100 mg"}]},{"@type":"WebSite","@id":"https:\/\/kamagraeu.net\/de\/#website","url":"https:\/\/kamagraeu.net\/de\/","name":"KamagraEU.net","description":"Kamagra kaufen","publisher":{"@id":"https:\/\/kamagraeu.net\/de\/#organization"},"alternateName":"KamagrEU","potentialAction":[{"@type":"SearchAction","target":{"@type":"EntryPoint","urlTemplate":"https:\/\/kamagraeu.net\/de\/?s={search_term_string}"},"query-input":{"@type":"PropertyValueSpecification","valueRequired":true,"valueName":"search_term_string"}}],"inLanguage":"de"},{"@type":"Organization","@id":"https:\/\/kamagraeu.net\/de\/#organization","name":"Kamagraeu.net","alternateName":"KamagrEU","url":"https:\/\/kamagraeu.net\/de\/","logo":{"@type":"ImageObject","inLanguage":"de","@id":"https:\/\/kamagraeu.net\/de\/#\/schema\/logo\/image\/","url":"https:\/\/kamagraeu.net\/de\/wp-content\/uploads\/sites\/2\/2020\/05\/cropped-logo.png","contentUrl":"https:\/\/kamagraeu.net\/de\/wp-content\/uploads\/sites\/2\/2020\/05\/cropped-logo.png","width":812,"height":192,"caption":"Kamagraeu.net"},"image":{"@id":"https:\/\/kamagraeu.net\/de\/#\/schema\/logo\/image\/"},"description":"Kamagra Verkauf - Medikamente zur Unterst\u00fctzung und Behandlung von Erektionsproblemen. \u00dcber 40 Produkte auf Lager. Wir helfen sowohl bei der Verz\u00f6gerung der Ejakulation als auch bei der Verbesserung der Erektion.","email":"info@kamagraeu.net","telephone":"+49 30 315144533","numberOfEmployees":{"@type":"QuantitativeValue","minValue":"11","maxValue":"50"}}]},"product_price_amount":"16.50","product_price_currency":"EUR","og_availability":"instock","product_availability":"instock","product_condition":"new"},"_links":{"self":[{"href":"https:\/\/kamagraeu.net\/de\/wp-json\/wp\/v2\/product\/8"}],"collection":[{"href":"https:\/\/kamagraeu.net\/de\/wp-json\/wp\/v2\/product"}],"about":[{"href":"https:\/\/kamagraeu.net\/de\/wp-json\/wp\/v2\/types\/product"}],"replies":[{"embeddable":true,"href":"https:\/\/kamagraeu.net\/de\/wp-json\/wp\/v2\/comments?post=8"}],"wp:featuredmedia":[{"embeddable":true,"href":"https:\/\/kamagraeu.net\/de\/wp-json\/wp\/v2\/media\/5283"}],"wp:attachment":[{"href":"https:\/\/kamagraeu.net\/de\/wp-json\/wp\/v2\/media?parent=8"}],"wp:term":[{"taxonomy":"product_brand","embeddable":true,"href":"https:\/\/kamagraeu.net\/de\/wp-json\/wp\/v2\/product_brand?post=8"},{"taxonomy":"product_cat","embeddable":true,"href":"https:\/\/kamagraeu.net\/de\/wp-json\/wp\/v2\/product_cat?post=8"},{"taxonomy":"product_tag","embeddable":true,"href":"https:\/\/kamagraeu.net\/de\/wp-json\/wp\/v2\/product_tag?post=8"}],"curies":[{"name":"wp","href":"https:\/\/api.w.org\/{rel}","templated":true}]}}