{"id":9,"date":"2020-05-05T11:39:39","date_gmt":"2020-05-05T09:39:39","guid":{"rendered":"http:\/\/kamagraeu.net\/de\/produkt\/import-placeholder-for-1270\/"},"modified":"2024-05-29T13:22:30","modified_gmt":"2024-05-29T11:22:30","slug":"super-kamagra-160mg","status":"publish","type":"product","link":"https:\/\/kamagraeu.net\/de\/produkt\/super-kamagra-160mg\/","title":{"rendered":"Super Kamagra 160mg"},"content":{"rendered":"<h4>Zwei Produkte in einem \u2013 Super Kamagra 160mg<\/h4>\n<table style=\"border-collapse: collapse; width: 100%; height: 216px;\">\n<tbody>\n<tr style=\"height: 24px;\">\n<td style=\"width: 25%; text-align: center; height: 24px;\">Menge<\/td>\n<td style=\"width: 25%; height: 24px; text-align: center;\">Preis pro Packung<\/td>\n<td style=\"width: 25%; height: 24px; text-align: center;\">Preis<\/td>\n<\/tr>\n<tr style=\"height: 24px;\">\n<td style=\"width: 25%; height: 24px; text-align: center;\">2<\/td>\n<td style=\"width: 25%; height: 24px; text-align: center;\">24,50 \u20ac<\/td>\n<td style=\"width: 25%; height: 24px; text-align: center;\">49,00 \u20ac<\/td>\n<\/tr>\n<tr style=\"height: 24px;\">\n<td style=\"width: 25%; height: 24px; text-align: center;\">4<\/td>\n<td style=\"width: 25%; height: 24px; text-align: center;\">21,00 \u20ac<\/td>\n<td style=\"width: 25%; height: 24px; text-align: center;\">84,00 \u20ac<\/td>\n<\/tr>\n<tr style=\"height: 24px;\">\n<td style=\"width: 25%; height: 24px; text-align: center;\">6<\/td>\n<td style=\"width: 25%; height: 24px; text-align: center;\">16,50 \u20ac<\/td>\n<td style=\"width: 25%; height: 24px; text-align: center;\">99,00 \u20ac<\/td>\n<\/tr>\n<tr style=\"height: 24px;\">\n<td style=\"width: 25%; text-align: center; height: 24px;\">8<\/td>\n<td style=\"width: 25%; text-align: center; height: 24px;\">15,50 \u20ac<\/td>\n<td style=\"width: 25%; text-align: center; height: 24px;\">15,50 \u20ac<\/td>\n<\/tr>\n<tr style=\"height: 24px;\">\n<td style=\"width: 25%; text-align: center; height: 24px;\">10<\/td>\n<td style=\"width: 25%; text-align: center; height: 24px;\">14,90 \u20ac<\/td>\n<td style=\"width: 25%; text-align: center; height: 24px;\">149,00 \u20ac<\/td>\n<\/tr>\n<tr style=\"height: 24px;\">\n<td style=\"width: 25%; text-align: center; height: 24px;\">15<\/td>\n<td style=\"width: 25%; text-align: center; height: 24px;\">13,93 \u20ac<\/td>\n<td style=\"width: 25%; text-align: center; height: 24px;\">209,00 \u20ac<\/td>\n<\/tr>\n<tr style=\"height: 24px;\">\n<td style=\"width: 25%; text-align: center; height: 24px;\">20<\/td>\n<td style=\"width: 25%; text-align: center; height: 24px;\">12,95 \u20ac<\/td>\n<td style=\"width: 25%; text-align: center; height: 24px;\">259,00 \u20ac<\/td>\n<\/tr>\n<tr style=\"height: 24px;\">\n<td style=\"width: 25%; text-align: center; height: 24px;\">30<\/td>\n<td style=\"width: 25%; text-align: center; height: 24px;\">12,30 \u20ac<\/td>\n<td style=\"width: 25%; text-align: center; height: 24px;\">539,00 \u20ac<\/td>\n<\/tr>\n<\/tbody>\n<\/table>\n<p>Bei\u00a0<strong>Super Kamagra<\/strong>\u00a0handelt sich um ein Medikament, das zwei Medikamente enth\u00e4lt. So wurde das herk\u00f6mmliche Kamagra Gold um den Wirkstoff\u00a0<strong>Dapoxetin<\/strong>\u00a0verbessert, welches vor allem einem fr\u00fchzeitigen Samenerguss entgegenwirkt. Super Kamagra wird demnach nicht nur bei Erektionsst\u00f6rungen eingesetzt, sondern auch zur besseren Kontrolle der Ejakulation. So werden zwei Probleme mit einem Medikament gel\u00f6st. Erstens k\u00f6nnen M\u00e4nner wieder eine langanhaltende und qualitative Erektion erleben, zweitens kann der Samenerguss nach hinten verlagert und besser kontrolliert werden. Aufgrund dieser Kombination wird Super Kamagra bei M\u00e4nnern mit Potenzst\u00f6rungen und fr\u00fchzeitigem Samenerguss immer beliebter.<\/p>\n<h4>Welchen Inhaltsstoff weist Super Kamagra auf?<\/h4>\n<p><strong>Super Kamagra<\/strong>\u00a0enth\u00e4lt 100mg Sildenafil und 60mg Dapoextin.<\/p>\n<h4>Welche Dosierung wird f\u00fcr Super Kamagra empfohlen?<\/h4>\n<p>Zu Beginn sollte lediglich eine halbe Tablette\u00a0<strong>Super Kamagra 160mg\u00a0<\/strong>eingenommen werden. Die Wirkung tritt nach rund 30 Minuten ein. Sollte die Wirkung nicht ausreichend sein, kann noch eine weitere halbe Tablette geschluckt werden. Allerdings sollte nicht mehr als eine ganze Tablette Super Kamagra 160mg t\u00e4glich eingenommen werden. Die Wirkungsdauer liegt bei 4 bis 6 Stunden, wobei innerhalb dieser Zeit auch mehrmaliger Geschlechtsverkehr vollzogen werden kann. Damit die Wirkung von Super Kamagra eintreten kann, muss allerdings ein sexueller Reiz gegeben sein, weswegen dieses Potenzmittel bereits beim Vorspiel geschluckt werden sollte. Durch Alkohol und fettreiche Speisen kann die Wirkungsintensit\u00e4t gemindert und der Wirkungseintritt verz\u00f6gert werden.<\/p>\n<h4>Welche Personen sollten Super Kamagra 160mg nicht schlucken?<\/h4>\n<p>Wer auf einen der beiden Inhaltsstoffe allergisch reagiert, sollte Super Kamagra auf keinen Fall schlucken. Personen, die bereits einen Herzinfarkt erlitten haben, oder an Hypertonie oder Hypotonie leiden, sollten ebenfalls nicht zu Super Kamagra greifen. Bei Angina Pectoris sollte vor der ersten Einnahme R\u00fccksprache mit dem behandelnden Arzt gehalten werden. Bei diesem Krankheitsbild werden h\u00e4ufig Medikamente mit Nitraten oder Stickoxiden verschrieben. Durch die gleichzeitige Einnahme von\u00a0<strong>Super Kamagra 160mg\u00a0<\/strong>kann es mit diesen beiden Inhaltsstoffen zu einer sogenannten Wechselwirkung kommen, wodurch die eigentliche Wirkung um ein Vielfaches gesteigert wird. Bei der Einnahme von Cemitidin, Erythrocytin oder Ketonconazol sollte vorab die Genehmigung eines Arztes eingeholt werden.<\/p>\n<h4>Wer an folgenden Erkrankungen leidet, sollte Super Kamagra nicht einnehmen<\/h4>\n<p>Manische Depression oder Manie Diabetes mellitus Erkrankungen der Leber Jegliche Art der Psychose Jegliche Art von Anf\u00e4llen Allergische Reaktionen auf Dapoxetin<\/p>\n<h4>Welche Nebenwirkungen k\u00f6nnen sich nach der Einnahme von Super Kamagra zeigen?<\/h4>\n<p><strong>Super Kamagra 160mg<\/strong>\u00a0wird grunds\u00e4tzlich von M\u00e4nnern sehr gut vertragen. Allerdings k\u00f6nnen sich wie bei jedem anderen Medikament auch hier nach der Einnahme Nebenwirkungen zeigen. Manchmal k\u00f6nnen Kopfschmerzen oder eine Gesichtsr\u00f6tung in Erscheinung treten, selten aber doch zeigen sich auch Verdauungsbeschwerden, eine verstopfte Nase oder Sehst\u00f6rungen. Sobald die Wirkung von Super Kamagra abnimmt, sollten auch die Nebenwirkungen nachlassen. Ist dies nicht der Fall, oder wenn die Intensit\u00e4t ein unangenehmes Ausma\u00df annimmt, dann sollte auf jeden Fall ein Arzt aufgesucht werden. Gleiches gilt auch dann wenn die Erektion auch 6 Stunden nach der eigentlichen Wirkung immer noch besteht.<\/p>\n<h4>Wie sollte Super Kamagra 160mg gelagert werden?<\/h4>\n<p><strong>Super Kamagra 160mg<\/strong>\u00a0sollte nicht bei Temperaturen \u00fcber 30 Grad gelagert werden. Zudem sollten die Tabletten erst vor der Einnahme aus dem Blister entnommen werden, damit der Inhaltsstoff nicht durch Feuchtigkeit beeintr\u00e4chtigt wird.<\/p>\n","protected":false},"excerpt":{"rendered":"<table>\n<tbody>\n<tr>\n<td>Packungsinhalt<\/td>\n<td><strong>4 \u00fcberzogene Tabletten<\/strong><\/td>\n<\/tr>\n<tr>\n<td>Wirkstoff<\/td>\n<td>Sildenafil, Dapoxetine<\/td>\n<\/tr>\n<tr>\n<td>Wirkstoff in einer Tablette<\/td>\n<td><strong>Dapoxetine 60 mg, Sildenafil 100 mg<br \/>\n<\/strong><\/td>\n<\/tr>\n<tr>\n<td>Wirkungseintritt<\/td>\n<td>30\u201360 Minuten<\/td>\n<\/tr>\n<tr>\n<td>Wirkungsdauer<\/td>\n<td><strong>4\u20136 Stunden<\/strong><\/td>\n<\/tr>\n<tr>\n<td>Marke<\/td>\n<td><a href=\"https:\/\/www.kamagra-premium.net\/ajanta-pharma\/\">Ajanta Pharma<\/a><\/td>\n<\/tr>\n<tr>\n<td>Form<\/td>\n<td><strong>Tabletten<\/strong><\/td>\n<\/tr>\n<\/tbody>\n<\/table>\n","protected":false},"featured_media":5291,"comment_status":"closed","ping_status":"closed","template":"","meta":[],"product_brand":[],"product_cat":[15,29,16,17],"product_tag":[],"class_list":{"0":"post-9","1":"product","2":"type-product","3":"status-publish","4":"has-post-thumbnail","6":"product_cat-kamagra","7":"product_cat-bestsellers","8":"product_cat-viagra-generika","9":"product_cat-vorzeitige-ejakulation","11":"first","12":"instock","13":"shipping-taxable","14":"purchasable","15":"product-type-simple"},"yoast_head":"<!-- This site is optimized with the Yoast SEO Premium plugin v23.0 (Yoast SEO v25.6) - https:\/\/yoast.com\/wordpress\/plugins\/seo\/ -->\n<title>Super Kamagra 160mg | Dosierung, Anwendung &amp; mehr \ud83d\ude80<\/title>\n<meta name=\"description\" content=\"Entdecken Sie die Wirksamkeit von Super Kamagra - einem bew\u00e4hrten Medikament zur Behandlung von Erektionsst\u00f6rungen und vorzeitiger Ejakulation. \ud83d\ude80\" \/>\n<meta name=\"robots\" content=\"index, follow, max-snippet:-1, max-image-preview:large, max-video-preview:-1\" \/>\n<link rel=\"canonical\" href=\"https:\/\/kamagraeu.net\/de\/produkt\/super-kamagra-160mg\/\" \/>\n<meta property=\"og:locale\" content=\"de_DE\" \/>\n<meta property=\"og:type\" content=\"article\" \/>\n<meta property=\"og:title\" content=\"Super Kamagra 160mg\" \/>\n<meta property=\"og:description\" content=\"Entdecken Sie die Wirksamkeit von Super Kamagra - einem bew\u00e4hrten Medikament zur Behandlung von Erektionsst\u00f6rungen und vorzeitiger Ejakulation. \ud83d\ude80\" \/>\n<meta property=\"og:url\" content=\"https:\/\/kamagraeu.net\/de\/produkt\/super-kamagra-160mg\/\" \/>\n<meta property=\"og:site_name\" content=\"Deutsch\" \/>\n<meta property=\"article:modified_time\" content=\"2024-05-29T11:22:30+00:00\" \/>\n<meta property=\"og:image\" content=\"https:\/\/kamagraeu.net\/de\/wp-content\/uploads\/sites\/2\/2022\/10\/1-000px-super-kamagra_q3ors.png\" \/>\n\t<meta property=\"og:image:width\" content=\"1000\" \/>\n\t<meta property=\"og:image:height\" content=\"1000\" \/>\n\t<meta property=\"og:image:type\" content=\"image\/png\" \/>\n<meta name=\"twitter:card\" content=\"summary_large_image\" \/>\n<meta name=\"twitter:label1\" content=\"Preis\" \/>\n\t<meta name=\"twitter:data1\" content=\"27.50&nbsp;&euro;\" \/>\n\t<meta name=\"twitter:label2\" content=\"Verf\u00fcgbarkeit\" \/>\n\t<meta name=\"twitter:data2\" content=\"Auf Lager\" \/>\n<script type=\"application\/ld+json\" class=\"yoast-schema-graph\">{\"@context\":\"https:\/\/schema.org\",\"@graph\":[{\"@type\":\"WebPage\",\"@id\":\"https:\/\/kamagraeu.net\/de\/produkt\/super-kamagra-160mg\/\",\"url\":\"https:\/\/kamagraeu.net\/de\/produkt\/super-kamagra-160mg\/\",\"name\":\"Super Kamagra 160mg | Dosierung, Anwendung & mehr \ud83d\ude80\",\"isPartOf\":{\"@id\":\"https:\/\/kamagraeu.net\/de\/#website\"},\"primaryImageOfPage\":{\"@id\":\"https:\/\/kamagraeu.net\/de\/produkt\/super-kamagra-160mg\/#primaryimage\"},\"image\":{\"@id\":\"https:\/\/kamagraeu.net\/de\/produkt\/super-kamagra-160mg\/#primaryimage\"},\"thumbnailUrl\":\"https:\/\/kamagraeu.net\/de\/wp-content\/uploads\/sites\/2\/2022\/10\/1-000px-super-kamagra_q3ors.png\",\"datePublished\":\"2020-05-05T09:39:39+00:00\",\"dateModified\":\"2024-05-29T11:22:30+00:00\",\"description\":\"Entdecken Sie die Wirksamkeit von Super Kamagra - einem bew\u00e4hrten Medikament zur Behandlung von Erektionsst\u00f6rungen und vorzeitiger Ejakulation. \ud83d\ude80\",\"breadcrumb\":{\"@id\":\"https:\/\/kamagraeu.net\/de\/produkt\/super-kamagra-160mg\/#breadcrumb\"},\"inLanguage\":\"de\",\"potentialAction\":[{\"@type\":\"ReadAction\",\"target\":[\"https:\/\/kamagraeu.net\/de\/produkt\/super-kamagra-160mg\/\"]}]},{\"@type\":\"ImageObject\",\"inLanguage\":\"de\",\"@id\":\"https:\/\/kamagraeu.net\/de\/produkt\/super-kamagra-160mg\/#primaryimage\",\"url\":\"https:\/\/kamagraeu.net\/de\/wp-content\/uploads\/sites\/2\/2022\/10\/1-000px-super-kamagra_q3ors.png\",\"contentUrl\":\"https:\/\/kamagraeu.net\/de\/wp-content\/uploads\/sites\/2\/2022\/10\/1-000px-super-kamagra_q3ors.png\",\"width\":1000,\"height\":1000,\"caption\":\"Super Kamagra\"},{\"@type\":\"BreadcrumbList\",\"@id\":\"https:\/\/kamagraeu.net\/de\/produkt\/super-kamagra-160mg\/#breadcrumb\",\"itemListElement\":[{\"@type\":\"ListItem\",\"position\":1,\"name\":\"Home\",\"item\":\"https:\/\/kamagraeu.net\/de\/\"},{\"@type\":\"ListItem\",\"position\":2,\"name\":\"E-SHOP\",\"item\":\"https:\/\/kamagraeu.net\/de\/e-shop\/\"},{\"@type\":\"ListItem\",\"position\":3,\"name\":\"Super Kamagra 160mg\"}]},{\"@type\":\"WebSite\",\"@id\":\"https:\/\/kamagraeu.net\/de\/#website\",\"url\":\"https:\/\/kamagraeu.net\/de\/\",\"name\":\"KamagraEU.net\",\"description\":\"Kamagra kaufen\",\"publisher\":{\"@id\":\"https:\/\/kamagraeu.net\/de\/#organization\"},\"alternateName\":\"KamagrEU\",\"potentialAction\":[{\"@type\":\"SearchAction\",\"target\":{\"@type\":\"EntryPoint\",\"urlTemplate\":\"https:\/\/kamagraeu.net\/de\/?s={search_term_string}\"},\"query-input\":{\"@type\":\"PropertyValueSpecification\",\"valueRequired\":true,\"valueName\":\"search_term_string\"}}],\"inLanguage\":\"de\"},{\"@type\":\"Organization\",\"@id\":\"https:\/\/kamagraeu.net\/de\/#organization\",\"name\":\"Kamagraeu.net\",\"alternateName\":\"KamagrEU\",\"url\":\"https:\/\/kamagraeu.net\/de\/\",\"logo\":{\"@type\":\"ImageObject\",\"inLanguage\":\"de\",\"@id\":\"https:\/\/kamagraeu.net\/de\/#\/schema\/logo\/image\/\",\"url\":\"https:\/\/kamagraeu.net\/de\/wp-content\/uploads\/sites\/2\/2020\/05\/cropped-logo.png\",\"contentUrl\":\"https:\/\/kamagraeu.net\/de\/wp-content\/uploads\/sites\/2\/2020\/05\/cropped-logo.png\",\"width\":812,\"height\":192,\"caption\":\"Kamagraeu.net\"},\"image\":{\"@id\":\"https:\/\/kamagraeu.net\/de\/#\/schema\/logo\/image\/\"},\"description\":\"Kamagra Verkauf - Medikamente zur Unterst\u00fctzung und Behandlung von Erektionsproblemen. \u00dcber 40 Produkte auf Lager. Wir helfen sowohl bei der Verz\u00f6gerung der Ejakulation als auch bei der Verbesserung der Erektion.\",\"email\":\"info@kamagraeu.net\",\"telephone\":\"+49 30 315144533\",\"numberOfEmployees\":{\"@type\":\"QuantitativeValue\",\"minValue\":\"11\",\"maxValue\":\"50\"}}]}<\/script>\n<meta property=\"product:price:amount\" content=\"27.50\" \/>\n<meta property=\"product:price:currency\" content=\"EUR\" \/>\n<meta property=\"og:availability\" content=\"instock\" \/>\n<meta property=\"product:availability\" content=\"instock\" \/>\n<meta property=\"product:condition\" content=\"new\" \/>\n<!-- \/ Yoast SEO Premium plugin. -->","yoast_head_json":{"title":"Super Kamagra 160mg | Dosierung, Anwendung & mehr \ud83d\ude80","description":"Entdecken Sie die Wirksamkeit von Super Kamagra - einem bew\u00e4hrten Medikament zur Behandlung von Erektionsst\u00f6rungen und vorzeitiger Ejakulation. \ud83d\ude80","robots":{"index":"index","follow":"follow","max-snippet":"max-snippet:-1","max-image-preview":"max-image-preview:large","max-video-preview":"max-video-preview:-1"},"canonical":"https:\/\/kamagraeu.net\/de\/produkt\/super-kamagra-160mg\/","og_locale":"de_DE","og_type":"article","og_title":"Super Kamagra 160mg","og_description":"Entdecken Sie die Wirksamkeit von Super Kamagra - einem bew\u00e4hrten Medikament zur Behandlung von Erektionsst\u00f6rungen und vorzeitiger Ejakulation. \ud83d\ude80","og_url":"https:\/\/kamagraeu.net\/de\/produkt\/super-kamagra-160mg\/","og_site_name":"Deutsch","article_modified_time":"2024-05-29T11:22:30+00:00","og_image":[{"width":1000,"height":1000,"url":"https:\/\/kamagraeu.net\/de\/wp-content\/uploads\/sites\/2\/2022\/10\/1-000px-super-kamagra_q3ors.png","type":"image\/png"}],"twitter_card":"summary_large_image","twitter_misc":{"Preis":"27.50&nbsp;&euro;","Verf\u00fcgbarkeit":"Auf Lager"},"schema":{"@context":"https:\/\/schema.org","@graph":[{"@type":"WebPage","@id":"https:\/\/kamagraeu.net\/de\/produkt\/super-kamagra-160mg\/","url":"https:\/\/kamagraeu.net\/de\/produkt\/super-kamagra-160mg\/","name":"Super Kamagra 160mg | Dosierung, Anwendung & mehr \ud83d\ude80","isPartOf":{"@id":"https:\/\/kamagraeu.net\/de\/#website"},"primaryImageOfPage":{"@id":"https:\/\/kamagraeu.net\/de\/produkt\/super-kamagra-160mg\/#primaryimage"},"image":{"@id":"https:\/\/kamagraeu.net\/de\/produkt\/super-kamagra-160mg\/#primaryimage"},"thumbnailUrl":"https:\/\/kamagraeu.net\/de\/wp-content\/uploads\/sites\/2\/2022\/10\/1-000px-super-kamagra_q3ors.png","datePublished":"2020-05-05T09:39:39+00:00","dateModified":"2024-05-29T11:22:30+00:00","description":"Entdecken Sie die Wirksamkeit von Super Kamagra - einem bew\u00e4hrten Medikament zur Behandlung von Erektionsst\u00f6rungen und vorzeitiger Ejakulation. \ud83d\ude80","breadcrumb":{"@id":"https:\/\/kamagraeu.net\/de\/produkt\/super-kamagra-160mg\/#breadcrumb"},"inLanguage":"de","potentialAction":[{"@type":"ReadAction","target":["https:\/\/kamagraeu.net\/de\/produkt\/super-kamagra-160mg\/"]}]},{"@type":"ImageObject","inLanguage":"de","@id":"https:\/\/kamagraeu.net\/de\/produkt\/super-kamagra-160mg\/#primaryimage","url":"https:\/\/kamagraeu.net\/de\/wp-content\/uploads\/sites\/2\/2022\/10\/1-000px-super-kamagra_q3ors.png","contentUrl":"https:\/\/kamagraeu.net\/de\/wp-content\/uploads\/sites\/2\/2022\/10\/1-000px-super-kamagra_q3ors.png","width":1000,"height":1000,"caption":"Super Kamagra"},{"@type":"BreadcrumbList","@id":"https:\/\/kamagraeu.net\/de\/produkt\/super-kamagra-160mg\/#breadcrumb","itemListElement":[{"@type":"ListItem","position":1,"name":"Home","item":"https:\/\/kamagraeu.net\/de\/"},{"@type":"ListItem","position":2,"name":"E-SHOP","item":"https:\/\/kamagraeu.net\/de\/e-shop\/"},{"@type":"ListItem","position":3,"name":"Super Kamagra 160mg"}]},{"@type":"WebSite","@id":"https:\/\/kamagraeu.net\/de\/#website","url":"https:\/\/kamagraeu.net\/de\/","name":"KamagraEU.net","description":"Kamagra kaufen","publisher":{"@id":"https:\/\/kamagraeu.net\/de\/#organization"},"alternateName":"KamagrEU","potentialAction":[{"@type":"SearchAction","target":{"@type":"EntryPoint","urlTemplate":"https:\/\/kamagraeu.net\/de\/?s={search_term_string}"},"query-input":{"@type":"PropertyValueSpecification","valueRequired":true,"valueName":"search_term_string"}}],"inLanguage":"de"},{"@type":"Organization","@id":"https:\/\/kamagraeu.net\/de\/#organization","name":"Kamagraeu.net","alternateName":"KamagrEU","url":"https:\/\/kamagraeu.net\/de\/","logo":{"@type":"ImageObject","inLanguage":"de","@id":"https:\/\/kamagraeu.net\/de\/#\/schema\/logo\/image\/","url":"https:\/\/kamagraeu.net\/de\/wp-content\/uploads\/sites\/2\/2020\/05\/cropped-logo.png","contentUrl":"https:\/\/kamagraeu.net\/de\/wp-content\/uploads\/sites\/2\/2020\/05\/cropped-logo.png","width":812,"height":192,"caption":"Kamagraeu.net"},"image":{"@id":"https:\/\/kamagraeu.net\/de\/#\/schema\/logo\/image\/"},"description":"Kamagra Verkauf - Medikamente zur Unterst\u00fctzung und Behandlung von Erektionsproblemen. \u00dcber 40 Produkte auf Lager. Wir helfen sowohl bei der Verz\u00f6gerung der Ejakulation als auch bei der Verbesserung der Erektion.","email":"info@kamagraeu.net","telephone":"+49 30 315144533","numberOfEmployees":{"@type":"QuantitativeValue","minValue":"11","maxValue":"50"}}]},"product_price_amount":"27.50","product_price_currency":"EUR","og_availability":"instock","product_availability":"instock","product_condition":"new"},"_links":{"self":[{"href":"https:\/\/kamagraeu.net\/de\/wp-json\/wp\/v2\/product\/9"}],"collection":[{"href":"https:\/\/kamagraeu.net\/de\/wp-json\/wp\/v2\/product"}],"about":[{"href":"https:\/\/kamagraeu.net\/de\/wp-json\/wp\/v2\/types\/product"}],"replies":[{"embeddable":true,"href":"https:\/\/kamagraeu.net\/de\/wp-json\/wp\/v2\/comments?post=9"}],"wp:featuredmedia":[{"embeddable":true,"href":"https:\/\/kamagraeu.net\/de\/wp-json\/wp\/v2\/media\/5291"}],"wp:attachment":[{"href":"https:\/\/kamagraeu.net\/de\/wp-json\/wp\/v2\/media?parent=9"}],"wp:term":[{"taxonomy":"product_brand","embeddable":true,"href":"https:\/\/kamagraeu.net\/de\/wp-json\/wp\/v2\/product_brand?post=9"},{"taxonomy":"product_cat","embeddable":true,"href":"https:\/\/kamagraeu.net\/de\/wp-json\/wp\/v2\/product_cat?post=9"},{"taxonomy":"product_tag","embeddable":true,"href":"https:\/\/kamagraeu.net\/de\/wp-json\/wp\/v2\/product_tag?post=9"}],"curies":[{"name":"wp","href":"https:\/\/api.w.org\/{rel}","templated":true}]}}